{"id":4847,"date":"2026-02-16T11:35:08","date_gmt":"2026-02-16T16:35:08","guid":{"rendered":"https:\/\/veho-lifestyle.ca\/product\/chargeur-de-miroir-cosmetique-haut-parleur-telephone-veho-sq-1\/"},"modified":"2026-02-16T11:35:08","modified_gmt":"2026-02-16T16:35:08","slug":"chargeur-de-miroir-cosmetique-haut-parleur-telephone-veho-sq-1","status":"publish","type":"product","link":"https:\/\/veho-lifestyle.ca\/fr\/product\/chargeur-de-miroir-cosmetique-haut-parleur-telephone-veho-sq-1\/","title":{"rendered":"Chargeur de miroir cosm\u00e9tique \/ haut-parleur \/ t\u00e9l\u00e9phone Veho SQ-1"},"content":{"rendered":"<div class=\"wp-content wp-content--product\"><p>Le Veho SQ-1 est un ajout essentiel \u00e0 votre pi\u00e8ce, avec un miroir ultra-haute d\u00e9finition et une charge sans fil Qi de 15W pour une charge rapide et facile. La base est \u00e9quip\u00e9e d\u2019un haut-parleur Bluetooth int\u00e9gr\u00e9 et d\u2019une radio FM avec recherche automatique de stations. Le SQ-1 est \u00e9quip\u00e9 d\u2019une lumi\u00e8re droite \u00e0 DEL avec 3 options de luminosit\u00e9. Accessoire parfait pour la chambre, le SQ-1 poss\u00e8de une fonction d\u2019alarme int\u00e9gr\u00e9e avec une horloge de 12h\/24h et une fonction de bruit blanc. Lorsqu\u2019il est loin d\u2019une source d\u2019alimentation, la batterie de 1200 mAh peut donner jusqu\u2019\u00e0 5 heures d\u2019utilisation.    <\/p>\n<p><strong>Apple<\/strong> &#8211; S\u00e9rie iPhone 17 \/ S\u00e9rie iPhone 16 \/ S\u00e9rie iPhone 15 \/ S\u00e9rie iPhone 14 \/ S\u00e9rie iPhone 13 \/ S\u00e9rie iPhone 12 \/ S\u00e9rie iPhone 11 \/ iPhone Xs\/Xs Max \/ iPhone Xr\/X \/ iPhone 8\/8 Plus.<br \/>\n<strong>Samsung<\/strong> &#8211; S\u00e9rie Z Fold \/ S\u00e9rie Z Flip \/ S\u00e9rie S25 \/ S\u00e9rie S24 \/ S\u00e9rie S23 \/ S\u00e9rie S22 \/ S\u00e9rie S20 \/ S\u00e9rie S10 \/ S\u00e9rie S9 \/ S\u00e9rie S8 \/ S\u00e9rie S7 \/ S\u00e9rie S6 \/ Note 20\/10\/9\/8\/5.<br \/>\n<strong>Huawei<\/strong> &#8211; S\u00e9rie HUAWEI P \/ s\u00e9rie HUAWEI Mate.<br \/>\n<strong>Google<\/strong> &#8211; Pixel 10 \/ 9 \/ 8 \/ 7 \/ 6 \/ 5 \/ 4 \/ 3 (pas s\u00e9rie \u00ab A \u00bb).<\/p>\n<p>Et tous les autres appareils compatibles Qi.<\/p>\n<p>*La recharge rapide n\u00e9cessite un chargeur secteur QC 3.0.<\/p>\n<\/div>","protected":false},"excerpt":{"rendered":"<ul>\n<li>Offre une recharge sans fil rapide Qi de 15W<\/li>\n<li>Miroir ultra-haute d\u00e9finition avec anneau lumineux \u00e0 DEL<\/li>\n<li>R\u00e9veil num\u00e9rique sans fil 12\/24h avec radio FM<\/li>\n<li>Haut-parleur Bluetooth 10W<\/li>\n<\/ul>\n","protected":false},"featured_media":4827,"comment_status":"closed","ping_status":"closed","template":"","meta":{"inline_featured_image":false},"product_brand":[],"product_cat":[128],"product_tag":[],"class_list":{"0":"post-4847","1":"product","2":"type-product","3":"status-publish","4":"has-post-thumbnail","6":"product_cat-hubs-chargers-fr","8":"first","9":"outofstock","10":"shipping-taxable","11":"purchasable","12":"product-type-simple"},"acf":[],"yoast_head":"<!-- This site is optimized with the Yoast SEO plugin v27.5 - https:\/\/yoast.com\/product\/yoast-seo-wordpress\/ -->\n<title>Chargeur de miroir cosm\u00e9tique \/ haut-parleur \/ t\u00e9l\u00e9phone Veho SQ-1<\/title>\n<meta name=\"description\" content=\"Le Veho SQ-1 est un ajout essentiel \u00e0 votre pi\u00e8ce, avec un miroir ultra-haute d\u00e9finition et une charge sans fil Qi de 15W pour une charge rapide et facile.\" \/>\n<meta name=\"robots\" content=\"index, follow, max-snippet:-1, max-image-preview:large, max-video-preview:-1\" \/>\n<link rel=\"canonical\" href=\"https:\/\/veho-lifestyle.ca\/fr\/product\/chargeur-de-miroir-cosmetique-haut-parleur-telephone-veho-sq-1\/\" \/>\n<meta property=\"og:locale\" content=\"fr_FR\" \/>\n<meta property=\"og:type\" content=\"article\" \/>\n<meta property=\"og:title\" content=\"Chargeur de miroir cosm\u00e9tique \/ haut-parleur \/ t\u00e9l\u00e9phone Veho SQ-1\" \/>\n<meta property=\"og:description\" content=\"Le Veho SQ-1 est un ajout essentiel \u00e0 votre pi\u00e8ce, avec un miroir ultra-haute d\u00e9finition et une charge sans fil Qi de 15W pour une charge rapide et facile.\" \/>\n<meta property=\"og:url\" content=\"https:\/\/veho-lifestyle.ca\/fr\/product\/chargeur-de-miroir-cosmetique-haut-parleur-telephone-veho-sq-1\/\" \/>\n<meta property=\"og:site_name\" content=\"Boutique Veho Lifestyle Canada\" \/>\n<meta property=\"og:image\" content=\"https:\/\/veho-lifestyle.ca\/wp-content\/uploads\/2026\/02\/image003-1.png\" \/>\n\t<meta property=\"og:image:width\" content=\"600\" \/>\n\t<meta property=\"og:image:height\" content=\"600\" \/>\n\t<meta property=\"og:image:type\" content=\"image\/png\" \/>\n<meta name=\"twitter:card\" content=\"summary_large_image\" \/>\n<meta name=\"twitter:label1\" content=\"Dur\u00e9e de lecture estim\u00e9e\" \/>\n\t<meta name=\"twitter:data1\" content=\"1 minute\" \/>\n<script type=\"application\/ld+json\" class=\"yoast-schema-graph\">{\"@context\":\"https:\\\/\\\/schema.org\",\"@graph\":[{\"@type\":\"WebPage\",\"@id\":\"https:\\\/\\\/veho-lifestyle.ca\\\/fr\\\/product\\\/chargeur-de-miroir-cosmetique-haut-parleur-telephone-veho-sq-1\\\/\",\"url\":\"https:\\\/\\\/veho-lifestyle.ca\\\/fr\\\/product\\\/chargeur-de-miroir-cosmetique-haut-parleur-telephone-veho-sq-1\\\/\",\"name\":\"Chargeur de miroir cosm\u00e9tique \\\/ haut-parleur \\\/ t\u00e9l\u00e9phone Veho SQ-1\",\"isPartOf\":{\"@id\":\"https:\\\/\\\/veho-lifestyle.ca\\\/fr\\\/#website\"},\"primaryImageOfPage\":{\"@id\":\"https:\\\/\\\/veho-lifestyle.ca\\\/fr\\\/product\\\/chargeur-de-miroir-cosmetique-haut-parleur-telephone-veho-sq-1\\\/#primaryimage\"},\"image\":{\"@id\":\"https:\\\/\\\/veho-lifestyle.ca\\\/fr\\\/product\\\/chargeur-de-miroir-cosmetique-haut-parleur-telephone-veho-sq-1\\\/#primaryimage\"},\"thumbnailUrl\":\"https:\\\/\\\/veho-lifestyle.ca\\\/wp-content\\\/uploads\\\/2026\\\/02\\\/image003-1.png\",\"datePublished\":\"2026-02-16T16:35:08+00:00\",\"description\":\"Le Veho SQ-1 est un ajout essentiel \u00e0 votre pi\u00e8ce, avec un miroir ultra-haute d\u00e9finition et une charge sans fil Qi de 15W pour une charge rapide et facile.\",\"breadcrumb\":{\"@id\":\"https:\\\/\\\/veho-lifestyle.ca\\\/fr\\\/product\\\/chargeur-de-miroir-cosmetique-haut-parleur-telephone-veho-sq-1\\\/#breadcrumb\"},\"inLanguage\":\"fr-FR\",\"potentialAction\":[{\"@type\":\"ReadAction\",\"target\":[\"https:\\\/\\\/veho-lifestyle.ca\\\/fr\\\/product\\\/chargeur-de-miroir-cosmetique-haut-parleur-telephone-veho-sq-1\\\/\"]}]},{\"@type\":\"ImageObject\",\"inLanguage\":\"fr-FR\",\"@id\":\"https:\\\/\\\/veho-lifestyle.ca\\\/fr\\\/product\\\/chargeur-de-miroir-cosmetique-haut-parleur-telephone-veho-sq-1\\\/#primaryimage\",\"url\":\"https:\\\/\\\/veho-lifestyle.ca\\\/wp-content\\\/uploads\\\/2026\\\/02\\\/image003-1.png\",\"contentUrl\":\"https:\\\/\\\/veho-lifestyle.ca\\\/wp-content\\\/uploads\\\/2026\\\/02\\\/image003-1.png\",\"width\":600,\"height\":600},{\"@type\":\"BreadcrumbList\",\"@id\":\"https:\\\/\\\/veho-lifestyle.ca\\\/fr\\\/product\\\/chargeur-de-miroir-cosmetique-haut-parleur-telephone-veho-sq-1\\\/#breadcrumb\",\"itemListElement\":[{\"@type\":\"ListItem\",\"position\":1,\"name\":\"Home\",\"item\":\"https:\\\/\\\/veho-lifestyle.ca\\\/fr\\\/\"},{\"@type\":\"ListItem\",\"position\":2,\"name\":\"Magasinez\",\"item\":\"https:\\\/\\\/veho-lifestyle.ca\\\/fr\\\/boutique\\\/\"},{\"@type\":\"ListItem\",\"position\":3,\"name\":\"Chargeur de miroir cosm\u00e9tique \\\/ haut-parleur \\\/ t\u00e9l\u00e9phone Veho SQ-1\"}]},{\"@type\":\"WebSite\",\"@id\":\"https:\\\/\\\/veho-lifestyle.ca\\\/fr\\\/#website\",\"url\":\"https:\\\/\\\/veho-lifestyle.ca\\\/fr\\\/\",\"name\":\"Boutique Veho Lifestyle Canada\",\"description\":\"\u00c9lectronique grand public con\u00e7ue au Royaume-Uni\",\"potentialAction\":[{\"@type\":\"SearchAction\",\"target\":{\"@type\":\"EntryPoint\",\"urlTemplate\":\"https:\\\/\\\/veho-lifestyle.ca\\\/fr\\\/?s={search_term_string}\"},\"query-input\":{\"@type\":\"PropertyValueSpecification\",\"valueRequired\":true,\"valueName\":\"search_term_string\"}}],\"inLanguage\":\"fr-FR\"}]}<\/script>\n<!-- \/ Yoast SEO plugin. -->","yoast_head_json":{"title":"Chargeur de miroir cosm\u00e9tique \/ haut-parleur \/ t\u00e9l\u00e9phone Veho SQ-1","description":"Le Veho SQ-1 est un ajout essentiel \u00e0 votre pi\u00e8ce, avec un miroir ultra-haute d\u00e9finition et une charge sans fil Qi de 15W pour une charge rapide et facile.","robots":{"index":"index","follow":"follow","max-snippet":"max-snippet:-1","max-image-preview":"max-image-preview:large","max-video-preview":"max-video-preview:-1"},"canonical":"https:\/\/veho-lifestyle.ca\/fr\/product\/chargeur-de-miroir-cosmetique-haut-parleur-telephone-veho-sq-1\/","og_locale":"fr_FR","og_type":"article","og_title":"Chargeur de miroir cosm\u00e9tique \/ haut-parleur \/ t\u00e9l\u00e9phone Veho SQ-1","og_description":"Le Veho SQ-1 est un ajout essentiel \u00e0 votre pi\u00e8ce, avec un miroir ultra-haute d\u00e9finition et une charge sans fil Qi de 15W pour une charge rapide et facile.","og_url":"https:\/\/veho-lifestyle.ca\/fr\/product\/chargeur-de-miroir-cosmetique-haut-parleur-telephone-veho-sq-1\/","og_site_name":"Boutique Veho Lifestyle Canada","og_image":[{"width":600,"height":600,"url":"https:\/\/veho-lifestyle.ca\/wp-content\/uploads\/2026\/02\/image003-1.png","type":"image\/png"}],"twitter_card":"summary_large_image","twitter_misc":{"Dur\u00e9e de lecture estim\u00e9e":"1 minute"},"schema":{"@context":"https:\/\/schema.org","@graph":[{"@type":"WebPage","@id":"https:\/\/veho-lifestyle.ca\/fr\/product\/chargeur-de-miroir-cosmetique-haut-parleur-telephone-veho-sq-1\/","url":"https:\/\/veho-lifestyle.ca\/fr\/product\/chargeur-de-miroir-cosmetique-haut-parleur-telephone-veho-sq-1\/","name":"Chargeur de miroir cosm\u00e9tique \/ haut-parleur \/ t\u00e9l\u00e9phone Veho SQ-1","isPartOf":{"@id":"https:\/\/veho-lifestyle.ca\/fr\/#website"},"primaryImageOfPage":{"@id":"https:\/\/veho-lifestyle.ca\/fr\/product\/chargeur-de-miroir-cosmetique-haut-parleur-telephone-veho-sq-1\/#primaryimage"},"image":{"@id":"https:\/\/veho-lifestyle.ca\/fr\/product\/chargeur-de-miroir-cosmetique-haut-parleur-telephone-veho-sq-1\/#primaryimage"},"thumbnailUrl":"https:\/\/veho-lifestyle.ca\/wp-content\/uploads\/2026\/02\/image003-1.png","datePublished":"2026-02-16T16:35:08+00:00","description":"Le Veho SQ-1 est un ajout essentiel \u00e0 votre pi\u00e8ce, avec un miroir ultra-haute d\u00e9finition et une charge sans fil Qi de 15W pour une charge rapide et facile.","breadcrumb":{"@id":"https:\/\/veho-lifestyle.ca\/fr\/product\/chargeur-de-miroir-cosmetique-haut-parleur-telephone-veho-sq-1\/#breadcrumb"},"inLanguage":"fr-FR","potentialAction":[{"@type":"ReadAction","target":["https:\/\/veho-lifestyle.ca\/fr\/product\/chargeur-de-miroir-cosmetique-haut-parleur-telephone-veho-sq-1\/"]}]},{"@type":"ImageObject","inLanguage":"fr-FR","@id":"https:\/\/veho-lifestyle.ca\/fr\/product\/chargeur-de-miroir-cosmetique-haut-parleur-telephone-veho-sq-1\/#primaryimage","url":"https:\/\/veho-lifestyle.ca\/wp-content\/uploads\/2026\/02\/image003-1.png","contentUrl":"https:\/\/veho-lifestyle.ca\/wp-content\/uploads\/2026\/02\/image003-1.png","width":600,"height":600},{"@type":"BreadcrumbList","@id":"https:\/\/veho-lifestyle.ca\/fr\/product\/chargeur-de-miroir-cosmetique-haut-parleur-telephone-veho-sq-1\/#breadcrumb","itemListElement":[{"@type":"ListItem","position":1,"name":"Home","item":"https:\/\/veho-lifestyle.ca\/fr\/"},{"@type":"ListItem","position":2,"name":"Magasinez","item":"https:\/\/veho-lifestyle.ca\/fr\/boutique\/"},{"@type":"ListItem","position":3,"name":"Chargeur de miroir cosm\u00e9tique \/ haut-parleur \/ t\u00e9l\u00e9phone Veho SQ-1"}]},{"@type":"WebSite","@id":"https:\/\/veho-lifestyle.ca\/fr\/#website","url":"https:\/\/veho-lifestyle.ca\/fr\/","name":"Boutique Veho Lifestyle Canada","description":"\u00c9lectronique grand public con\u00e7ue au Royaume-Uni","potentialAction":[{"@type":"SearchAction","target":{"@type":"EntryPoint","urlTemplate":"https:\/\/veho-lifestyle.ca\/fr\/?s={search_term_string}"},"query-input":{"@type":"PropertyValueSpecification","valueRequired":true,"valueName":"search_term_string"}}],"inLanguage":"fr-FR"}]}},"jetpack_sharing_enabled":true,"_links":{"self":[{"href":"https:\/\/veho-lifestyle.ca\/fr\/wp-json\/wp\/v2\/product\/4847","targetHints":{"allow":["GET"]}}],"collection":[{"href":"https:\/\/veho-lifestyle.ca\/fr\/wp-json\/wp\/v2\/product"}],"about":[{"href":"https:\/\/veho-lifestyle.ca\/fr\/wp-json\/wp\/v2\/types\/product"}],"replies":[{"embeddable":true,"href":"https:\/\/veho-lifestyle.ca\/fr\/wp-json\/wp\/v2\/comments?post=4847"}],"wp:featuredmedia":[{"embeddable":true,"href":"https:\/\/veho-lifestyle.ca\/fr\/wp-json\/wp\/v2\/media\/4827"}],"wp:attachment":[{"href":"https:\/\/veho-lifestyle.ca\/fr\/wp-json\/wp\/v2\/media?parent=4847"}],"wp:term":[{"taxonomy":"product_brand","embeddable":true,"href":"https:\/\/veho-lifestyle.ca\/fr\/wp-json\/wp\/v2\/product_brand?post=4847"},{"taxonomy":"product_cat","embeddable":true,"href":"https:\/\/veho-lifestyle.ca\/fr\/wp-json\/wp\/v2\/product_cat?post=4847"},{"taxonomy":"product_tag","embeddable":true,"href":"https:\/\/veho-lifestyle.ca\/fr\/wp-json\/wp\/v2\/product_tag?post=4847"}],"curies":[{"name":"wp","href":"https:\/\/api.w.org\/{rel}","templated":true}]}}