{"id":4773,"date":"2026-02-02T06:38:11","date_gmt":"2026-02-02T11:38:11","guid":{"rendered":"https:\/\/veho-lifestyle.ca\/product\/banque-dalimentation-numerique-sans-fil-pebble-pq22-20-000-mah\/"},"modified":"2026-02-02T06:38:11","modified_gmt":"2026-02-02T11:38:11","slug":"banque-dalimentation-numerique-sans-fil-pebble-pq22-20-000-mah","status":"publish","type":"product","link":"https:\/\/veho-lifestyle.ca\/fr\/product\/banque-dalimentation-numerique-sans-fil-pebble-pq22-20-000-mah\/","title":{"rendered":"Banque d\u2019alimentation num\u00e9rique sans fil Pebble PQ22 &#8211; 20 000 mAh"},"content":{"rendered":"<div class=\"wp-content wp-content--product\"><p>La banque d\u2019alimentation num\u00e9rique sans fil Pebble PQ22 pour les appareils compatibles avec la charge rapide avec deux ports USB et un tapis de recharge sans fil, charge plusieurs appareils avec une sortie allant jusqu\u2019\u00e0 100W. Le port de charge universel USB-C (PD) recharge rapidement la plupart des appareils portables avec une sortie allant jusqu\u2019\u00e0 20 V (t\u00e9l\u00e9phones intelligents, tablettes, mini-ordinateurs portables et portables). Propose un \u00e9tat intelligent en temps r\u00e9el qui vous donne un contr\u00f4le total avec les donn\u00e9es provenant des ports de charge et de l\u2019alimentation restante. Con\u00e7u et fini dans un bo\u00eetier en m\u00e9tal bross\u00e9 \u00e9l\u00e9gant, pour les affaires et les voyages.   <\/p>\n<\/div>","protected":false},"excerpt":{"rendered":"<ul>\n<li>Capacit\u00e9 de 20000mAh<\/li>\n<li>Tapis de recharge sans fil haute vitesse<\/li>\n<li>Charge les t\u00e9l\u00e9phones intelligents \/ tablettes \/ mini-ordinateurs portables \/ ordinateurs portables<\/li>\n<li>statut intelligent en temps r\u00e9el pour les ports de charge et l\u2019alimentation restante<\/li>\n<li>Port de charge USB-C universel (PD)<\/li>\n<li>Charge rapide de 100W<\/li>\n<\/ul>\n","protected":false},"featured_media":4723,"comment_status":"closed","ping_status":"closed","template":"","meta":{"inline_featured_image":false},"product_brand":[],"product_cat":[177,140],"product_tag":[],"class_list":{"0":"post-4773","1":"product","2":"type-product","3":"status-publish","4":"has-post-thumbnail","6":"product_cat-batterie-externe-pour-ordinateur-portable-ordinateur-portable","7":"product_cat-travel-power-banks-fr","9":"first","10":"outofstock","11":"shipping-taxable","12":"purchasable","13":"product-type-simple"},"acf":[],"yoast_head":"<!-- This site is optimized with the Yoast SEO plugin v27.5 - https:\/\/yoast.com\/product\/yoast-seo-wordpress\/ -->\n<title>Banque d\u2019alimentation num\u00e9rique sans fil Pebble PQ22 - 20 000 mAh<\/title>\n<meta name=\"description\" content=\"La banque d\u2019alimentation num\u00e9rique sans fil Pebble PQ22 destin\u00e9e \u00e0 la charge rapide des appareils compatibles avec deux ports USB et un tapis de recharge sans fil, recharge plusieurs appareils.\" \/>\n<meta name=\"robots\" content=\"index, follow, max-snippet:-1, max-image-preview:large, max-video-preview:-1\" \/>\n<link rel=\"canonical\" href=\"https:\/\/veho-lifestyle.ca\/fr\/product\/banque-dalimentation-numerique-sans-fil-pebble-pq22-20-000-mah\/\" \/>\n<meta property=\"og:locale\" content=\"fr_FR\" \/>\n<meta property=\"og:type\" content=\"article\" \/>\n<meta property=\"og:title\" content=\"Banque d\u2019alimentation num\u00e9rique sans fil Pebble PQ22 - 20 000 mAh\" \/>\n<meta property=\"og:description\" content=\"La banque d\u2019alimentation num\u00e9rique sans fil Pebble PQ22 destin\u00e9e \u00e0 la charge rapide des appareils compatibles avec deux ports USB et un tapis de recharge sans fil, recharge plusieurs appareils.\" \/>\n<meta property=\"og:url\" content=\"https:\/\/veho-lifestyle.ca\/fr\/product\/banque-dalimentation-numerique-sans-fil-pebble-pq22-20-000-mah\/\" \/>\n<meta property=\"og:site_name\" content=\"Boutique Veho Lifestyle Canada\" \/>\n<meta property=\"og:image\" content=\"https:\/\/veho-lifestyle.ca\/wp-content\/uploads\/2026\/02\/pq22_hero.png\" \/>\n\t<meta property=\"og:image:width\" content=\"600\" \/>\n\t<meta property=\"og:image:height\" content=\"600\" \/>\n\t<meta property=\"og:image:type\" content=\"image\/png\" \/>\n<meta name=\"twitter:card\" content=\"summary_large_image\" \/>\n<meta name=\"twitter:label1\" content=\"Dur\u00e9e de lecture estim\u00e9e\" \/>\n\t<meta name=\"twitter:data1\" content=\"1 minute\" \/>\n<script type=\"application\/ld+json\" class=\"yoast-schema-graph\">{\"@context\":\"https:\\\/\\\/schema.org\",\"@graph\":[{\"@type\":\"WebPage\",\"@id\":\"https:\\\/\\\/veho-lifestyle.ca\\\/fr\\\/product\\\/banque-dalimentation-numerique-sans-fil-pebble-pq22-20-000-mah\\\/\",\"url\":\"https:\\\/\\\/veho-lifestyle.ca\\\/fr\\\/product\\\/banque-dalimentation-numerique-sans-fil-pebble-pq22-20-000-mah\\\/\",\"name\":\"Banque d\u2019alimentation num\u00e9rique sans fil Pebble PQ22 - 20 000 mAh\",\"isPartOf\":{\"@id\":\"https:\\\/\\\/veho-lifestyle.ca\\\/fr\\\/#website\"},\"primaryImageOfPage\":{\"@id\":\"https:\\\/\\\/veho-lifestyle.ca\\\/fr\\\/product\\\/banque-dalimentation-numerique-sans-fil-pebble-pq22-20-000-mah\\\/#primaryimage\"},\"image\":{\"@id\":\"https:\\\/\\\/veho-lifestyle.ca\\\/fr\\\/product\\\/banque-dalimentation-numerique-sans-fil-pebble-pq22-20-000-mah\\\/#primaryimage\"},\"thumbnailUrl\":\"https:\\\/\\\/veho-lifestyle.ca\\\/wp-content\\\/uploads\\\/2026\\\/02\\\/pq22_hero.png\",\"datePublished\":\"2026-02-02T11:38:11+00:00\",\"description\":\"La banque d\u2019alimentation num\u00e9rique sans fil Pebble PQ22 destin\u00e9e \u00e0 la charge rapide des appareils compatibles avec deux ports USB et un tapis de recharge sans fil, recharge plusieurs appareils.\",\"breadcrumb\":{\"@id\":\"https:\\\/\\\/veho-lifestyle.ca\\\/fr\\\/product\\\/banque-dalimentation-numerique-sans-fil-pebble-pq22-20-000-mah\\\/#breadcrumb\"},\"inLanguage\":\"fr-FR\",\"potentialAction\":[{\"@type\":\"ReadAction\",\"target\":[\"https:\\\/\\\/veho-lifestyle.ca\\\/fr\\\/product\\\/banque-dalimentation-numerique-sans-fil-pebble-pq22-20-000-mah\\\/\"]}]},{\"@type\":\"ImageObject\",\"inLanguage\":\"fr-FR\",\"@id\":\"https:\\\/\\\/veho-lifestyle.ca\\\/fr\\\/product\\\/banque-dalimentation-numerique-sans-fil-pebble-pq22-20-000-mah\\\/#primaryimage\",\"url\":\"https:\\\/\\\/veho-lifestyle.ca\\\/wp-content\\\/uploads\\\/2026\\\/02\\\/pq22_hero.png\",\"contentUrl\":\"https:\\\/\\\/veho-lifestyle.ca\\\/wp-content\\\/uploads\\\/2026\\\/02\\\/pq22_hero.png\",\"width\":600,\"height\":600},{\"@type\":\"BreadcrumbList\",\"@id\":\"https:\\\/\\\/veho-lifestyle.ca\\\/fr\\\/product\\\/banque-dalimentation-numerique-sans-fil-pebble-pq22-20-000-mah\\\/#breadcrumb\",\"itemListElement\":[{\"@type\":\"ListItem\",\"position\":1,\"name\":\"Home\",\"item\":\"https:\\\/\\\/veho-lifestyle.ca\\\/fr\\\/\"},{\"@type\":\"ListItem\",\"position\":2,\"name\":\"Magasinez\",\"item\":\"https:\\\/\\\/veho-lifestyle.ca\\\/fr\\\/boutique\\\/\"},{\"@type\":\"ListItem\",\"position\":3,\"name\":\"Banque d\u2019alimentation num\u00e9rique sans fil Pebble PQ22 &#8211; 20 000 mAh\"}]},{\"@type\":\"WebSite\",\"@id\":\"https:\\\/\\\/veho-lifestyle.ca\\\/fr\\\/#website\",\"url\":\"https:\\\/\\\/veho-lifestyle.ca\\\/fr\\\/\",\"name\":\"Boutique Veho Lifestyle Canada\",\"description\":\"\u00c9lectronique grand public con\u00e7ue au Royaume-Uni\",\"potentialAction\":[{\"@type\":\"SearchAction\",\"target\":{\"@type\":\"EntryPoint\",\"urlTemplate\":\"https:\\\/\\\/veho-lifestyle.ca\\\/fr\\\/?s={search_term_string}\"},\"query-input\":{\"@type\":\"PropertyValueSpecification\",\"valueRequired\":true,\"valueName\":\"search_term_string\"}}],\"inLanguage\":\"fr-FR\"}]}<\/script>\n<!-- \/ Yoast SEO plugin. -->","yoast_head_json":{"title":"Banque d\u2019alimentation num\u00e9rique sans fil Pebble PQ22 - 20 000 mAh","description":"La banque d\u2019alimentation num\u00e9rique sans fil Pebble PQ22 destin\u00e9e \u00e0 la charge rapide des appareils compatibles avec deux ports USB et un tapis de recharge sans fil, recharge plusieurs appareils.","robots":{"index":"index","follow":"follow","max-snippet":"max-snippet:-1","max-image-preview":"max-image-preview:large","max-video-preview":"max-video-preview:-1"},"canonical":"https:\/\/veho-lifestyle.ca\/fr\/product\/banque-dalimentation-numerique-sans-fil-pebble-pq22-20-000-mah\/","og_locale":"fr_FR","og_type":"article","og_title":"Banque d\u2019alimentation num\u00e9rique sans fil Pebble PQ22 - 20 000 mAh","og_description":"La banque d\u2019alimentation num\u00e9rique sans fil Pebble PQ22 destin\u00e9e \u00e0 la charge rapide des appareils compatibles avec deux ports USB et un tapis de recharge sans fil, recharge plusieurs appareils.","og_url":"https:\/\/veho-lifestyle.ca\/fr\/product\/banque-dalimentation-numerique-sans-fil-pebble-pq22-20-000-mah\/","og_site_name":"Boutique Veho Lifestyle Canada","og_image":[{"width":600,"height":600,"url":"https:\/\/veho-lifestyle.ca\/wp-content\/uploads\/2026\/02\/pq22_hero.png","type":"image\/png"}],"twitter_card":"summary_large_image","twitter_misc":{"Dur\u00e9e de lecture estim\u00e9e":"1 minute"},"schema":{"@context":"https:\/\/schema.org","@graph":[{"@type":"WebPage","@id":"https:\/\/veho-lifestyle.ca\/fr\/product\/banque-dalimentation-numerique-sans-fil-pebble-pq22-20-000-mah\/","url":"https:\/\/veho-lifestyle.ca\/fr\/product\/banque-dalimentation-numerique-sans-fil-pebble-pq22-20-000-mah\/","name":"Banque d\u2019alimentation num\u00e9rique sans fil Pebble PQ22 - 20 000 mAh","isPartOf":{"@id":"https:\/\/veho-lifestyle.ca\/fr\/#website"},"primaryImageOfPage":{"@id":"https:\/\/veho-lifestyle.ca\/fr\/product\/banque-dalimentation-numerique-sans-fil-pebble-pq22-20-000-mah\/#primaryimage"},"image":{"@id":"https:\/\/veho-lifestyle.ca\/fr\/product\/banque-dalimentation-numerique-sans-fil-pebble-pq22-20-000-mah\/#primaryimage"},"thumbnailUrl":"https:\/\/veho-lifestyle.ca\/wp-content\/uploads\/2026\/02\/pq22_hero.png","datePublished":"2026-02-02T11:38:11+00:00","description":"La banque d\u2019alimentation num\u00e9rique sans fil Pebble PQ22 destin\u00e9e \u00e0 la charge rapide des appareils compatibles avec deux ports USB et un tapis de recharge sans fil, recharge plusieurs appareils.","breadcrumb":{"@id":"https:\/\/veho-lifestyle.ca\/fr\/product\/banque-dalimentation-numerique-sans-fil-pebble-pq22-20-000-mah\/#breadcrumb"},"inLanguage":"fr-FR","potentialAction":[{"@type":"ReadAction","target":["https:\/\/veho-lifestyle.ca\/fr\/product\/banque-dalimentation-numerique-sans-fil-pebble-pq22-20-000-mah\/"]}]},{"@type":"ImageObject","inLanguage":"fr-FR","@id":"https:\/\/veho-lifestyle.ca\/fr\/product\/banque-dalimentation-numerique-sans-fil-pebble-pq22-20-000-mah\/#primaryimage","url":"https:\/\/veho-lifestyle.ca\/wp-content\/uploads\/2026\/02\/pq22_hero.png","contentUrl":"https:\/\/veho-lifestyle.ca\/wp-content\/uploads\/2026\/02\/pq22_hero.png","width":600,"height":600},{"@type":"BreadcrumbList","@id":"https:\/\/veho-lifestyle.ca\/fr\/product\/banque-dalimentation-numerique-sans-fil-pebble-pq22-20-000-mah\/#breadcrumb","itemListElement":[{"@type":"ListItem","position":1,"name":"Home","item":"https:\/\/veho-lifestyle.ca\/fr\/"},{"@type":"ListItem","position":2,"name":"Magasinez","item":"https:\/\/veho-lifestyle.ca\/fr\/boutique\/"},{"@type":"ListItem","position":3,"name":"Banque d\u2019alimentation num\u00e9rique sans fil Pebble PQ22 &#8211; 20 000 mAh"}]},{"@type":"WebSite","@id":"https:\/\/veho-lifestyle.ca\/fr\/#website","url":"https:\/\/veho-lifestyle.ca\/fr\/","name":"Boutique Veho Lifestyle Canada","description":"\u00c9lectronique grand public con\u00e7ue au Royaume-Uni","potentialAction":[{"@type":"SearchAction","target":{"@type":"EntryPoint","urlTemplate":"https:\/\/veho-lifestyle.ca\/fr\/?s={search_term_string}"},"query-input":{"@type":"PropertyValueSpecification","valueRequired":true,"valueName":"search_term_string"}}],"inLanguage":"fr-FR"}]}},"jetpack_sharing_enabled":true,"_links":{"self":[{"href":"https:\/\/veho-lifestyle.ca\/fr\/wp-json\/wp\/v2\/product\/4773","targetHints":{"allow":["GET"]}}],"collection":[{"href":"https:\/\/veho-lifestyle.ca\/fr\/wp-json\/wp\/v2\/product"}],"about":[{"href":"https:\/\/veho-lifestyle.ca\/fr\/wp-json\/wp\/v2\/types\/product"}],"replies":[{"embeddable":true,"href":"https:\/\/veho-lifestyle.ca\/fr\/wp-json\/wp\/v2\/comments?post=4773"}],"wp:featuredmedia":[{"embeddable":true,"href":"https:\/\/veho-lifestyle.ca\/fr\/wp-json\/wp\/v2\/media\/4723"}],"wp:attachment":[{"href":"https:\/\/veho-lifestyle.ca\/fr\/wp-json\/wp\/v2\/media?parent=4773"}],"wp:term":[{"taxonomy":"product_brand","embeddable":true,"href":"https:\/\/veho-lifestyle.ca\/fr\/wp-json\/wp\/v2\/product_brand?post=4773"},{"taxonomy":"product_cat","embeddable":true,"href":"https:\/\/veho-lifestyle.ca\/fr\/wp-json\/wp\/v2\/product_cat?post=4773"},{"taxonomy":"product_tag","embeddable":true,"href":"https:\/\/veho-lifestyle.ca\/fr\/wp-json\/wp\/v2\/product_tag?post=4773"}],"curies":[{"name":"wp","href":"https:\/\/api.w.org\/{rel}","templated":true}]}}