{"id":4746,"date":"2026-02-02T04:07:38","date_gmt":"2026-02-02T09:07:38","guid":{"rendered":"https:\/\/veho-lifestyle.ca\/product\/bracelet-de-montre-en-silicone-kuzo-piment\/"},"modified":"2026-02-02T04:07:38","modified_gmt":"2026-02-02T09:07:38","slug":"bracelet-de-montre-en-silicone-kuzo-piment","status":"publish","type":"product","link":"https:\/\/veho-lifestyle.ca\/fr\/product\/bracelet-de-montre-en-silicone-kuzo-piment\/","title":{"rendered":"Bracelet de montre en silicone Kuzo &#8211; Piment"},"content":{"rendered":"<div class=\"wp-content wp-content--product\"><p>Sangle en silicone flexible et durable pour la gamme de montres sportives Kuzo (Kuzo F1S\/Kuzo II\/Kuzo Pro). Le silicone est r\u00e9sistant \u00e0 l\u2019eau et facile \u00e0 nettoyer, ce qui le rend parfait pour le mode de vie et les activit\u00e9s en plein air, le sport et le gym. <\/p>\n<\/div>","protected":false},"excerpt":{"rendered":"<ul>\n<li>Id\u00e9al pour les activit\u00e9s ext\u00e9rieures et sportives<\/li>\n<li>R\u00e9sistant \u00e0 l\u2019eau<\/li>\n<li>22 mm de largeur<\/li>\n<\/ul>\n","protected":false},"featured_media":4664,"comment_status":"open","ping_status":"closed","template":"","meta":{"inline_featured_image":false},"product_brand":[],"product_cat":[175],"product_tag":[],"class_list":{"0":"post-4746","1":"product","2":"type-product","3":"status-publish","4":"has-post-thumbnail","6":"product_cat-bracelets-de-montre-kuzo","8":"first","9":"outofstock","10":"shipping-taxable","11":"purchasable","12":"product-type-simple"},"acf":[],"yoast_head":"<!-- This site is optimized with the Yoast SEO plugin v27.5 - https:\/\/yoast.com\/product\/yoast-seo-wordpress\/ -->\n<title>Bracelet de montre en silicone Kuzo - Piment - Boutique Veho Lifestyle Canada<\/title>\n<meta name=\"robots\" content=\"index, follow, max-snippet:-1, max-image-preview:large, max-video-preview:-1\" \/>\n<link rel=\"canonical\" href=\"https:\/\/veho-lifestyle.ca\/fr\/product\/bracelet-de-montre-en-silicone-kuzo-piment\/\" \/>\n<meta property=\"og:locale\" content=\"fr_FR\" \/>\n<meta property=\"og:type\" content=\"article\" \/>\n<meta property=\"og:title\" content=\"Bracelet de montre en silicone Kuzo - Piment - Boutique Veho Lifestyle Canada\" \/>\n<meta property=\"og:description\" content=\"Id\u00e9al pour les activit\u00e9s ext\u00e9rieures et sportives  R\u00e9sistant \u00e0 l\u2019eau  22 mm de largeur\" \/>\n<meta property=\"og:url\" content=\"https:\/\/veho-lifestyle.ca\/fr\/product\/bracelet-de-montre-en-silicone-kuzo-piment\/\" \/>\n<meta property=\"og:site_name\" content=\"Boutique Veho Lifestyle Canada\" \/>\n<meta property=\"og:image\" content=\"https:\/\/veho-lifestyle.ca\/wp-content\/uploads\/2026\/02\/red_silicone_hero.png\" \/>\n\t<meta property=\"og:image:width\" content=\"600\" \/>\n\t<meta property=\"og:image:height\" content=\"600\" \/>\n\t<meta property=\"og:image:type\" content=\"image\/png\" \/>\n<meta name=\"twitter:card\" content=\"summary_large_image\" \/>\n<script type=\"application\/ld+json\" class=\"yoast-schema-graph\">{\"@context\":\"https:\\\/\\\/schema.org\",\"@graph\":[{\"@type\":\"WebPage\",\"@id\":\"https:\\\/\\\/veho-lifestyle.ca\\\/fr\\\/product\\\/bracelet-de-montre-en-silicone-kuzo-piment\\\/\",\"url\":\"https:\\\/\\\/veho-lifestyle.ca\\\/fr\\\/product\\\/bracelet-de-montre-en-silicone-kuzo-piment\\\/\",\"name\":\"Bracelet de montre en silicone Kuzo - Piment - Boutique Veho Lifestyle Canada\",\"isPartOf\":{\"@id\":\"https:\\\/\\\/veho-lifestyle.ca\\\/fr\\\/#website\"},\"primaryImageOfPage\":{\"@id\":\"https:\\\/\\\/veho-lifestyle.ca\\\/fr\\\/product\\\/bracelet-de-montre-en-silicone-kuzo-piment\\\/#primaryimage\"},\"image\":{\"@id\":\"https:\\\/\\\/veho-lifestyle.ca\\\/fr\\\/product\\\/bracelet-de-montre-en-silicone-kuzo-piment\\\/#primaryimage\"},\"thumbnailUrl\":\"https:\\\/\\\/veho-lifestyle.ca\\\/wp-content\\\/uploads\\\/2026\\\/02\\\/red_silicone_hero.png\",\"datePublished\":\"2026-02-02T09:07:38+00:00\",\"breadcrumb\":{\"@id\":\"https:\\\/\\\/veho-lifestyle.ca\\\/fr\\\/product\\\/bracelet-de-montre-en-silicone-kuzo-piment\\\/#breadcrumb\"},\"inLanguage\":\"fr-FR\",\"potentialAction\":[{\"@type\":\"ReadAction\",\"target\":[\"https:\\\/\\\/veho-lifestyle.ca\\\/fr\\\/product\\\/bracelet-de-montre-en-silicone-kuzo-piment\\\/\"]}]},{\"@type\":\"ImageObject\",\"inLanguage\":\"fr-FR\",\"@id\":\"https:\\\/\\\/veho-lifestyle.ca\\\/fr\\\/product\\\/bracelet-de-montre-en-silicone-kuzo-piment\\\/#primaryimage\",\"url\":\"https:\\\/\\\/veho-lifestyle.ca\\\/wp-content\\\/uploads\\\/2026\\\/02\\\/red_silicone_hero.png\",\"contentUrl\":\"https:\\\/\\\/veho-lifestyle.ca\\\/wp-content\\\/uploads\\\/2026\\\/02\\\/red_silicone_hero.png\",\"width\":600,\"height\":600},{\"@type\":\"BreadcrumbList\",\"@id\":\"https:\\\/\\\/veho-lifestyle.ca\\\/fr\\\/product\\\/bracelet-de-montre-en-silicone-kuzo-piment\\\/#breadcrumb\",\"itemListElement\":[{\"@type\":\"ListItem\",\"position\":1,\"name\":\"Home\",\"item\":\"https:\\\/\\\/veho-lifestyle.ca\\\/fr\\\/\"},{\"@type\":\"ListItem\",\"position\":2,\"name\":\"Magasinez\",\"item\":\"https:\\\/\\\/veho-lifestyle.ca\\\/fr\\\/boutique\\\/\"},{\"@type\":\"ListItem\",\"position\":3,\"name\":\"Bracelet de montre en silicone Kuzo &#8211; Piment\"}]},{\"@type\":\"WebSite\",\"@id\":\"https:\\\/\\\/veho-lifestyle.ca\\\/fr\\\/#website\",\"url\":\"https:\\\/\\\/veho-lifestyle.ca\\\/fr\\\/\",\"name\":\"Boutique Veho Lifestyle Canada\",\"description\":\"\u00c9lectronique grand public con\u00e7ue au Royaume-Uni\",\"potentialAction\":[{\"@type\":\"SearchAction\",\"target\":{\"@type\":\"EntryPoint\",\"urlTemplate\":\"https:\\\/\\\/veho-lifestyle.ca\\\/fr\\\/?s={search_term_string}\"},\"query-input\":{\"@type\":\"PropertyValueSpecification\",\"valueRequired\":true,\"valueName\":\"search_term_string\"}}],\"inLanguage\":\"fr-FR\"}]}<\/script>\n<!-- \/ Yoast SEO plugin. -->","yoast_head_json":{"title":"Bracelet de montre en silicone Kuzo - Piment - Boutique Veho Lifestyle Canada","robots":{"index":"index","follow":"follow","max-snippet":"max-snippet:-1","max-image-preview":"max-image-preview:large","max-video-preview":"max-video-preview:-1"},"canonical":"https:\/\/veho-lifestyle.ca\/fr\/product\/bracelet-de-montre-en-silicone-kuzo-piment\/","og_locale":"fr_FR","og_type":"article","og_title":"Bracelet de montre en silicone Kuzo - Piment - Boutique Veho Lifestyle Canada","og_description":"Id\u00e9al pour les activit\u00e9s ext\u00e9rieures et sportives  R\u00e9sistant \u00e0 l\u2019eau  22 mm de largeur","og_url":"https:\/\/veho-lifestyle.ca\/fr\/product\/bracelet-de-montre-en-silicone-kuzo-piment\/","og_site_name":"Boutique Veho Lifestyle Canada","og_image":[{"width":600,"height":600,"url":"https:\/\/veho-lifestyle.ca\/wp-content\/uploads\/2026\/02\/red_silicone_hero.png","type":"image\/png"}],"twitter_card":"summary_large_image","schema":{"@context":"https:\/\/schema.org","@graph":[{"@type":"WebPage","@id":"https:\/\/veho-lifestyle.ca\/fr\/product\/bracelet-de-montre-en-silicone-kuzo-piment\/","url":"https:\/\/veho-lifestyle.ca\/fr\/product\/bracelet-de-montre-en-silicone-kuzo-piment\/","name":"Bracelet de montre en silicone Kuzo - Piment - Boutique Veho Lifestyle Canada","isPartOf":{"@id":"https:\/\/veho-lifestyle.ca\/fr\/#website"},"primaryImageOfPage":{"@id":"https:\/\/veho-lifestyle.ca\/fr\/product\/bracelet-de-montre-en-silicone-kuzo-piment\/#primaryimage"},"image":{"@id":"https:\/\/veho-lifestyle.ca\/fr\/product\/bracelet-de-montre-en-silicone-kuzo-piment\/#primaryimage"},"thumbnailUrl":"https:\/\/veho-lifestyle.ca\/wp-content\/uploads\/2026\/02\/red_silicone_hero.png","datePublished":"2026-02-02T09:07:38+00:00","breadcrumb":{"@id":"https:\/\/veho-lifestyle.ca\/fr\/product\/bracelet-de-montre-en-silicone-kuzo-piment\/#breadcrumb"},"inLanguage":"fr-FR","potentialAction":[{"@type":"ReadAction","target":["https:\/\/veho-lifestyle.ca\/fr\/product\/bracelet-de-montre-en-silicone-kuzo-piment\/"]}]},{"@type":"ImageObject","inLanguage":"fr-FR","@id":"https:\/\/veho-lifestyle.ca\/fr\/product\/bracelet-de-montre-en-silicone-kuzo-piment\/#primaryimage","url":"https:\/\/veho-lifestyle.ca\/wp-content\/uploads\/2026\/02\/red_silicone_hero.png","contentUrl":"https:\/\/veho-lifestyle.ca\/wp-content\/uploads\/2026\/02\/red_silicone_hero.png","width":600,"height":600},{"@type":"BreadcrumbList","@id":"https:\/\/veho-lifestyle.ca\/fr\/product\/bracelet-de-montre-en-silicone-kuzo-piment\/#breadcrumb","itemListElement":[{"@type":"ListItem","position":1,"name":"Home","item":"https:\/\/veho-lifestyle.ca\/fr\/"},{"@type":"ListItem","position":2,"name":"Magasinez","item":"https:\/\/veho-lifestyle.ca\/fr\/boutique\/"},{"@type":"ListItem","position":3,"name":"Bracelet de montre en silicone Kuzo &#8211; Piment"}]},{"@type":"WebSite","@id":"https:\/\/veho-lifestyle.ca\/fr\/#website","url":"https:\/\/veho-lifestyle.ca\/fr\/","name":"Boutique Veho Lifestyle Canada","description":"\u00c9lectronique grand public con\u00e7ue au Royaume-Uni","potentialAction":[{"@type":"SearchAction","target":{"@type":"EntryPoint","urlTemplate":"https:\/\/veho-lifestyle.ca\/fr\/?s={search_term_string}"},"query-input":{"@type":"PropertyValueSpecification","valueRequired":true,"valueName":"search_term_string"}}],"inLanguage":"fr-FR"}]}},"jetpack_sharing_enabled":true,"_links":{"self":[{"href":"https:\/\/veho-lifestyle.ca\/fr\/wp-json\/wp\/v2\/product\/4746","targetHints":{"allow":["GET"]}}],"collection":[{"href":"https:\/\/veho-lifestyle.ca\/fr\/wp-json\/wp\/v2\/product"}],"about":[{"href":"https:\/\/veho-lifestyle.ca\/fr\/wp-json\/wp\/v2\/types\/product"}],"replies":[{"embeddable":true,"href":"https:\/\/veho-lifestyle.ca\/fr\/wp-json\/wp\/v2\/comments?post=4746"}],"wp:featuredmedia":[{"embeddable":true,"href":"https:\/\/veho-lifestyle.ca\/fr\/wp-json\/wp\/v2\/media\/4664"}],"wp:attachment":[{"href":"https:\/\/veho-lifestyle.ca\/fr\/wp-json\/wp\/v2\/media?parent=4746"}],"wp:term":[{"taxonomy":"product_brand","embeddable":true,"href":"https:\/\/veho-lifestyle.ca\/fr\/wp-json\/wp\/v2\/product_brand?post=4746"},{"taxonomy":"product_cat","embeddable":true,"href":"https:\/\/veho-lifestyle.ca\/fr\/wp-json\/wp\/v2\/product_cat?post=4746"},{"taxonomy":"product_tag","embeddable":true,"href":"https:\/\/veho-lifestyle.ca\/fr\/wp-json\/wp\/v2\/product_tag?post=4746"}],"curies":[{"name":"wp","href":"https:\/\/api.w.org\/{rel}","templated":true}]}}