{"id":4711,"date":"2026-02-02T04:07:35","date_gmt":"2026-02-02T09:07:35","guid":{"rendered":"https:\/\/veho-lifestyle.ca\/product\/bracelet-de-montre-en-acier-inoxydable-kuzo\/"},"modified":"2026-02-02T04:07:35","modified_gmt":"2026-02-02T09:07:35","slug":"bracelet-de-montre-en-acier-inoxydable-kuzo","status":"publish","type":"product","link":"https:\/\/veho-lifestyle.ca\/fr\/product\/bracelet-de-montre-en-acier-inoxydable-kuzo\/","title":{"rendered":"Bracelet de montre en acier inoxydable Kuzo"},"content":{"rendered":"<div class=\"wp-content wp-content--product\"><p>La sangle en acier inoxydable \u00e0 surface bross\u00e9e incarne style et classe. Des maillons finement finis et usin\u00e9s offrent des ann\u00e9es d\u2019utilisation et de confort. La sangle est facile \u00e0 ajuster pour assurer un ajustement assez serr\u00e9 afin que les capteurs de la montre restent en contact avec votre peau. Convient \u00e0 la gamme de montres sportives Kuzo (Kuzo F1S\/Kuzo II\/Kuzo Pro).   <\/p>\n<\/div>","protected":false},"excerpt":{"rendered":"<ul>\n<li>Acier inoxydable<\/li>\n<li>Finis finement et usin\u00e9s<\/li>\n<li>22 mm de largeur<\/li>\n<\/ul>\n","protected":false},"featured_media":4672,"comment_status":"open","ping_status":"closed","template":"","meta":{"inline_featured_image":false},"product_brand":[],"product_cat":[175],"product_tag":[],"class_list":{"0":"post-4711","1":"product","2":"type-product","3":"status-publish","4":"has-post-thumbnail","6":"product_cat-bracelets-de-montre-kuzo","8":"first","9":"outofstock","10":"shipping-taxable","11":"purchasable","12":"product-type-simple"},"acf":[],"yoast_head":"<!-- This site is optimized with the Yoast SEO plugin v27.5 - https:\/\/yoast.com\/product\/yoast-seo-wordpress\/ -->\n<title>Bracelet de montre en acier inoxydable Kuzo - Boutique Veho Lifestyle Canada<\/title>\n<meta name=\"robots\" content=\"index, follow, max-snippet:-1, max-image-preview:large, max-video-preview:-1\" \/>\n<link rel=\"canonical\" href=\"https:\/\/veho-lifestyle.ca\/fr\/product\/bracelet-de-montre-en-acier-inoxydable-kuzo\/\" \/>\n<meta property=\"og:locale\" content=\"fr_FR\" \/>\n<meta property=\"og:type\" content=\"article\" \/>\n<meta property=\"og:title\" content=\"Bracelet de montre en acier inoxydable Kuzo - Boutique Veho Lifestyle Canada\" \/>\n<meta property=\"og:description\" content=\"Acier inoxydable  Finis finement et usin\u00e9s  22 mm de largeur\" \/>\n<meta property=\"og:url\" content=\"https:\/\/veho-lifestyle.ca\/fr\/product\/bracelet-de-montre-en-acier-inoxydable-kuzo\/\" \/>\n<meta property=\"og:site_name\" content=\"Boutique Veho Lifestyle Canada\" \/>\n<meta property=\"og:image\" content=\"https:\/\/veho-lifestyle.ca\/wp-content\/uploads\/2026\/02\/stainless_steel_hero.png\" \/>\n\t<meta property=\"og:image:width\" content=\"600\" \/>\n\t<meta property=\"og:image:height\" content=\"600\" \/>\n\t<meta property=\"og:image:type\" content=\"image\/png\" \/>\n<meta name=\"twitter:card\" content=\"summary_large_image\" \/>\n<script type=\"application\/ld+json\" class=\"yoast-schema-graph\">{\"@context\":\"https:\\\/\\\/schema.org\",\"@graph\":[{\"@type\":\"WebPage\",\"@id\":\"https:\\\/\\\/veho-lifestyle.ca\\\/fr\\\/product\\\/bracelet-de-montre-en-acier-inoxydable-kuzo\\\/\",\"url\":\"https:\\\/\\\/veho-lifestyle.ca\\\/fr\\\/product\\\/bracelet-de-montre-en-acier-inoxydable-kuzo\\\/\",\"name\":\"Bracelet de montre en acier inoxydable Kuzo - Boutique Veho Lifestyle Canada\",\"isPartOf\":{\"@id\":\"https:\\\/\\\/veho-lifestyle.ca\\\/fr\\\/#website\"},\"primaryImageOfPage\":{\"@id\":\"https:\\\/\\\/veho-lifestyle.ca\\\/fr\\\/product\\\/bracelet-de-montre-en-acier-inoxydable-kuzo\\\/#primaryimage\"},\"image\":{\"@id\":\"https:\\\/\\\/veho-lifestyle.ca\\\/fr\\\/product\\\/bracelet-de-montre-en-acier-inoxydable-kuzo\\\/#primaryimage\"},\"thumbnailUrl\":\"https:\\\/\\\/veho-lifestyle.ca\\\/wp-content\\\/uploads\\\/2026\\\/02\\\/stainless_steel_hero.png\",\"datePublished\":\"2026-02-02T09:07:35+00:00\",\"breadcrumb\":{\"@id\":\"https:\\\/\\\/veho-lifestyle.ca\\\/fr\\\/product\\\/bracelet-de-montre-en-acier-inoxydable-kuzo\\\/#breadcrumb\"},\"inLanguage\":\"fr-FR\",\"potentialAction\":[{\"@type\":\"ReadAction\",\"target\":[\"https:\\\/\\\/veho-lifestyle.ca\\\/fr\\\/product\\\/bracelet-de-montre-en-acier-inoxydable-kuzo\\\/\"]}]},{\"@type\":\"ImageObject\",\"inLanguage\":\"fr-FR\",\"@id\":\"https:\\\/\\\/veho-lifestyle.ca\\\/fr\\\/product\\\/bracelet-de-montre-en-acier-inoxydable-kuzo\\\/#primaryimage\",\"url\":\"https:\\\/\\\/veho-lifestyle.ca\\\/wp-content\\\/uploads\\\/2026\\\/02\\\/stainless_steel_hero.png\",\"contentUrl\":\"https:\\\/\\\/veho-lifestyle.ca\\\/wp-content\\\/uploads\\\/2026\\\/02\\\/stainless_steel_hero.png\",\"width\":600,\"height\":600},{\"@type\":\"BreadcrumbList\",\"@id\":\"https:\\\/\\\/veho-lifestyle.ca\\\/fr\\\/product\\\/bracelet-de-montre-en-acier-inoxydable-kuzo\\\/#breadcrumb\",\"itemListElement\":[{\"@type\":\"ListItem\",\"position\":1,\"name\":\"Home\",\"item\":\"https:\\\/\\\/veho-lifestyle.ca\\\/fr\\\/\"},{\"@type\":\"ListItem\",\"position\":2,\"name\":\"Magasinez\",\"item\":\"https:\\\/\\\/veho-lifestyle.ca\\\/fr\\\/boutique\\\/\"},{\"@type\":\"ListItem\",\"position\":3,\"name\":\"Bracelet de montre en acier inoxydable Kuzo\"}]},{\"@type\":\"WebSite\",\"@id\":\"https:\\\/\\\/veho-lifestyle.ca\\\/fr\\\/#website\",\"url\":\"https:\\\/\\\/veho-lifestyle.ca\\\/fr\\\/\",\"name\":\"Boutique Veho Lifestyle Canada\",\"description\":\"\u00c9lectronique grand public con\u00e7ue au Royaume-Uni\",\"potentialAction\":[{\"@type\":\"SearchAction\",\"target\":{\"@type\":\"EntryPoint\",\"urlTemplate\":\"https:\\\/\\\/veho-lifestyle.ca\\\/fr\\\/?s={search_term_string}\"},\"query-input\":{\"@type\":\"PropertyValueSpecification\",\"valueRequired\":true,\"valueName\":\"search_term_string\"}}],\"inLanguage\":\"fr-FR\"}]}<\/script>\n<!-- \/ Yoast SEO plugin. -->","yoast_head_json":{"title":"Bracelet de montre en acier inoxydable Kuzo - Boutique Veho Lifestyle Canada","robots":{"index":"index","follow":"follow","max-snippet":"max-snippet:-1","max-image-preview":"max-image-preview:large","max-video-preview":"max-video-preview:-1"},"canonical":"https:\/\/veho-lifestyle.ca\/fr\/product\/bracelet-de-montre-en-acier-inoxydable-kuzo\/","og_locale":"fr_FR","og_type":"article","og_title":"Bracelet de montre en acier inoxydable Kuzo - Boutique Veho Lifestyle Canada","og_description":"Acier inoxydable  Finis finement et usin\u00e9s  22 mm de largeur","og_url":"https:\/\/veho-lifestyle.ca\/fr\/product\/bracelet-de-montre-en-acier-inoxydable-kuzo\/","og_site_name":"Boutique Veho Lifestyle Canada","og_image":[{"width":600,"height":600,"url":"https:\/\/veho-lifestyle.ca\/wp-content\/uploads\/2026\/02\/stainless_steel_hero.png","type":"image\/png"}],"twitter_card":"summary_large_image","schema":{"@context":"https:\/\/schema.org","@graph":[{"@type":"WebPage","@id":"https:\/\/veho-lifestyle.ca\/fr\/product\/bracelet-de-montre-en-acier-inoxydable-kuzo\/","url":"https:\/\/veho-lifestyle.ca\/fr\/product\/bracelet-de-montre-en-acier-inoxydable-kuzo\/","name":"Bracelet de montre en acier inoxydable Kuzo - Boutique Veho Lifestyle Canada","isPartOf":{"@id":"https:\/\/veho-lifestyle.ca\/fr\/#website"},"primaryImageOfPage":{"@id":"https:\/\/veho-lifestyle.ca\/fr\/product\/bracelet-de-montre-en-acier-inoxydable-kuzo\/#primaryimage"},"image":{"@id":"https:\/\/veho-lifestyle.ca\/fr\/product\/bracelet-de-montre-en-acier-inoxydable-kuzo\/#primaryimage"},"thumbnailUrl":"https:\/\/veho-lifestyle.ca\/wp-content\/uploads\/2026\/02\/stainless_steel_hero.png","datePublished":"2026-02-02T09:07:35+00:00","breadcrumb":{"@id":"https:\/\/veho-lifestyle.ca\/fr\/product\/bracelet-de-montre-en-acier-inoxydable-kuzo\/#breadcrumb"},"inLanguage":"fr-FR","potentialAction":[{"@type":"ReadAction","target":["https:\/\/veho-lifestyle.ca\/fr\/product\/bracelet-de-montre-en-acier-inoxydable-kuzo\/"]}]},{"@type":"ImageObject","inLanguage":"fr-FR","@id":"https:\/\/veho-lifestyle.ca\/fr\/product\/bracelet-de-montre-en-acier-inoxydable-kuzo\/#primaryimage","url":"https:\/\/veho-lifestyle.ca\/wp-content\/uploads\/2026\/02\/stainless_steel_hero.png","contentUrl":"https:\/\/veho-lifestyle.ca\/wp-content\/uploads\/2026\/02\/stainless_steel_hero.png","width":600,"height":600},{"@type":"BreadcrumbList","@id":"https:\/\/veho-lifestyle.ca\/fr\/product\/bracelet-de-montre-en-acier-inoxydable-kuzo\/#breadcrumb","itemListElement":[{"@type":"ListItem","position":1,"name":"Home","item":"https:\/\/veho-lifestyle.ca\/fr\/"},{"@type":"ListItem","position":2,"name":"Magasinez","item":"https:\/\/veho-lifestyle.ca\/fr\/boutique\/"},{"@type":"ListItem","position":3,"name":"Bracelet de montre en acier inoxydable Kuzo"}]},{"@type":"WebSite","@id":"https:\/\/veho-lifestyle.ca\/fr\/#website","url":"https:\/\/veho-lifestyle.ca\/fr\/","name":"Boutique Veho Lifestyle Canada","description":"\u00c9lectronique grand public con\u00e7ue au Royaume-Uni","potentialAction":[{"@type":"SearchAction","target":{"@type":"EntryPoint","urlTemplate":"https:\/\/veho-lifestyle.ca\/fr\/?s={search_term_string}"},"query-input":{"@type":"PropertyValueSpecification","valueRequired":true,"valueName":"search_term_string"}}],"inLanguage":"fr-FR"}]}},"jetpack_sharing_enabled":true,"_links":{"self":[{"href":"https:\/\/veho-lifestyle.ca\/fr\/wp-json\/wp\/v2\/product\/4711","targetHints":{"allow":["GET"]}}],"collection":[{"href":"https:\/\/veho-lifestyle.ca\/fr\/wp-json\/wp\/v2\/product"}],"about":[{"href":"https:\/\/veho-lifestyle.ca\/fr\/wp-json\/wp\/v2\/types\/product"}],"replies":[{"embeddable":true,"href":"https:\/\/veho-lifestyle.ca\/fr\/wp-json\/wp\/v2\/comments?post=4711"}],"wp:featuredmedia":[{"embeddable":true,"href":"https:\/\/veho-lifestyle.ca\/fr\/wp-json\/wp\/v2\/media\/4672"}],"wp:attachment":[{"href":"https:\/\/veho-lifestyle.ca\/fr\/wp-json\/wp\/v2\/media?parent=4711"}],"wp:term":[{"taxonomy":"product_brand","embeddable":true,"href":"https:\/\/veho-lifestyle.ca\/fr\/wp-json\/wp\/v2\/product_brand?post=4711"},{"taxonomy":"product_cat","embeddable":true,"href":"https:\/\/veho-lifestyle.ca\/fr\/wp-json\/wp\/v2\/product_cat?post=4711"},{"taxonomy":"product_tag","embeddable":true,"href":"https:\/\/veho-lifestyle.ca\/fr\/wp-json\/wp\/v2\/product_tag?post=4711"}],"curies":[{"name":"wp","href":"https:\/\/api.w.org\/{rel}","templated":true}]}}