{"id":4709,"date":"2026-02-02T04:07:31","date_gmt":"2026-02-02T09:07:31","guid":{"rendered":"https:\/\/veho-lifestyle.ca\/product\/sangle-de-montre-en-cuir-kuzo-vintage\/"},"modified":"2026-02-02T04:07:31","modified_gmt":"2026-02-02T09:07:31","slug":"sangle-de-montre-en-cuir-kuzo-vintage","status":"publish","type":"product","link":"https:\/\/veho-lifestyle.ca\/fr\/product\/sangle-de-montre-en-cuir-kuzo-vintage\/","title":{"rendered":"Sangle de montre en cuir Kuzo &#8211; Vintage"},"content":{"rendered":"<div class=\"wp-content wp-content--product\"><p>La sangle en cuir vintage est un classique intemporel, combinant une finition naturelle qui s\u2019am\u00e9liore avec le temps, et un style qui convient aux occasions formelles ou au quotidien. Le cuir travaill\u00e9 est souple et confortable, renforc\u00e9 par des coutures contrastantes pour r\u00e9sister \u00e0 l\u2019\u00e9preuve du temps. Une boucle m\u00e9tallique de marque Kuzo compl\u00e8te le look classique. Convient \u00e0 la gamme de montres sportives Kuzo (Kuzo F1S\/Kuzo II\/Kuzo Pro).   <\/p>\n<\/div>","protected":false},"excerpt":{"rendered":"<ul>\n<li>Cuir vintage<\/li>\n<li>Boucle m\u00e9tallique<\/li>\n<li>22 mm de largeur<\/li>\n<\/ul>\n","protected":false},"featured_media":4669,"comment_status":"open","ping_status":"closed","template":"","meta":{"inline_featured_image":false},"product_brand":[],"product_cat":[175],"product_tag":[],"class_list":{"0":"post-4709","1":"product","2":"type-product","3":"status-publish","4":"has-post-thumbnail","6":"product_cat-bracelets-de-montre-kuzo","8":"first","9":"outofstock","10":"shipping-taxable","11":"purchasable","12":"product-type-simple"},"acf":[],"yoast_head":"<!-- This site is optimized with the Yoast SEO plugin v27.5 - https:\/\/yoast.com\/product\/yoast-seo-wordpress\/ -->\n<title>Sangle de montre en cuir Kuzo - Vintage - Boutique Veho Lifestyle Canada<\/title>\n<meta name=\"robots\" content=\"index, follow, max-snippet:-1, max-image-preview:large, max-video-preview:-1\" \/>\n<link rel=\"canonical\" href=\"https:\/\/veho-lifestyle.ca\/fr\/product\/sangle-de-montre-en-cuir-kuzo-vintage\/\" \/>\n<meta property=\"og:locale\" content=\"fr_FR\" \/>\n<meta property=\"og:type\" content=\"article\" \/>\n<meta property=\"og:title\" content=\"Sangle de montre en cuir Kuzo - Vintage - Boutique Veho Lifestyle Canada\" \/>\n<meta property=\"og:description\" content=\"Cuir vintage  Boucle m\u00e9tallique  22 mm de largeur\" \/>\n<meta property=\"og:url\" content=\"https:\/\/veho-lifestyle.ca\/fr\/product\/sangle-de-montre-en-cuir-kuzo-vintage\/\" \/>\n<meta property=\"og:site_name\" content=\"Boutique Veho Lifestyle Canada\" \/>\n<meta property=\"og:image\" content=\"https:\/\/veho-lifestyle.ca\/wp-content\/uploads\/2026\/02\/tan_leather_hero.png\" \/>\n\t<meta property=\"og:image:width\" content=\"600\" \/>\n\t<meta property=\"og:image:height\" content=\"600\" \/>\n\t<meta property=\"og:image:type\" content=\"image\/png\" \/>\n<meta name=\"twitter:card\" content=\"summary_large_image\" \/>\n<script type=\"application\/ld+json\" class=\"yoast-schema-graph\">{\"@context\":\"https:\\\/\\\/schema.org\",\"@graph\":[{\"@type\":\"WebPage\",\"@id\":\"https:\\\/\\\/veho-lifestyle.ca\\\/fr\\\/product\\\/sangle-de-montre-en-cuir-kuzo-vintage\\\/\",\"url\":\"https:\\\/\\\/veho-lifestyle.ca\\\/fr\\\/product\\\/sangle-de-montre-en-cuir-kuzo-vintage\\\/\",\"name\":\"Sangle de montre en cuir Kuzo - Vintage - Boutique Veho Lifestyle Canada\",\"isPartOf\":{\"@id\":\"https:\\\/\\\/veho-lifestyle.ca\\\/fr\\\/#website\"},\"primaryImageOfPage\":{\"@id\":\"https:\\\/\\\/veho-lifestyle.ca\\\/fr\\\/product\\\/sangle-de-montre-en-cuir-kuzo-vintage\\\/#primaryimage\"},\"image\":{\"@id\":\"https:\\\/\\\/veho-lifestyle.ca\\\/fr\\\/product\\\/sangle-de-montre-en-cuir-kuzo-vintage\\\/#primaryimage\"},\"thumbnailUrl\":\"https:\\\/\\\/veho-lifestyle.ca\\\/wp-content\\\/uploads\\\/2026\\\/02\\\/tan_leather_hero.png\",\"datePublished\":\"2026-02-02T09:07:31+00:00\",\"breadcrumb\":{\"@id\":\"https:\\\/\\\/veho-lifestyle.ca\\\/fr\\\/product\\\/sangle-de-montre-en-cuir-kuzo-vintage\\\/#breadcrumb\"},\"inLanguage\":\"fr-FR\",\"potentialAction\":[{\"@type\":\"ReadAction\",\"target\":[\"https:\\\/\\\/veho-lifestyle.ca\\\/fr\\\/product\\\/sangle-de-montre-en-cuir-kuzo-vintage\\\/\"]}]},{\"@type\":\"ImageObject\",\"inLanguage\":\"fr-FR\",\"@id\":\"https:\\\/\\\/veho-lifestyle.ca\\\/fr\\\/product\\\/sangle-de-montre-en-cuir-kuzo-vintage\\\/#primaryimage\",\"url\":\"https:\\\/\\\/veho-lifestyle.ca\\\/wp-content\\\/uploads\\\/2026\\\/02\\\/tan_leather_hero.png\",\"contentUrl\":\"https:\\\/\\\/veho-lifestyle.ca\\\/wp-content\\\/uploads\\\/2026\\\/02\\\/tan_leather_hero.png\",\"width\":600,\"height\":600},{\"@type\":\"BreadcrumbList\",\"@id\":\"https:\\\/\\\/veho-lifestyle.ca\\\/fr\\\/product\\\/sangle-de-montre-en-cuir-kuzo-vintage\\\/#breadcrumb\",\"itemListElement\":[{\"@type\":\"ListItem\",\"position\":1,\"name\":\"Home\",\"item\":\"https:\\\/\\\/veho-lifestyle.ca\\\/fr\\\/\"},{\"@type\":\"ListItem\",\"position\":2,\"name\":\"Magasinez\",\"item\":\"https:\\\/\\\/veho-lifestyle.ca\\\/fr\\\/boutique\\\/\"},{\"@type\":\"ListItem\",\"position\":3,\"name\":\"Sangle de montre en cuir Kuzo &#8211; Vintage\"}]},{\"@type\":\"WebSite\",\"@id\":\"https:\\\/\\\/veho-lifestyle.ca\\\/fr\\\/#website\",\"url\":\"https:\\\/\\\/veho-lifestyle.ca\\\/fr\\\/\",\"name\":\"Boutique Veho Lifestyle Canada\",\"description\":\"\u00c9lectronique grand public con\u00e7ue au Royaume-Uni\",\"potentialAction\":[{\"@type\":\"SearchAction\",\"target\":{\"@type\":\"EntryPoint\",\"urlTemplate\":\"https:\\\/\\\/veho-lifestyle.ca\\\/fr\\\/?s={search_term_string}\"},\"query-input\":{\"@type\":\"PropertyValueSpecification\",\"valueRequired\":true,\"valueName\":\"search_term_string\"}}],\"inLanguage\":\"fr-FR\"}]}<\/script>\n<!-- \/ Yoast SEO plugin. -->","yoast_head_json":{"title":"Sangle de montre en cuir Kuzo - Vintage - Boutique Veho Lifestyle Canada","robots":{"index":"index","follow":"follow","max-snippet":"max-snippet:-1","max-image-preview":"max-image-preview:large","max-video-preview":"max-video-preview:-1"},"canonical":"https:\/\/veho-lifestyle.ca\/fr\/product\/sangle-de-montre-en-cuir-kuzo-vintage\/","og_locale":"fr_FR","og_type":"article","og_title":"Sangle de montre en cuir Kuzo - Vintage - Boutique Veho Lifestyle Canada","og_description":"Cuir vintage  Boucle m\u00e9tallique  22 mm de largeur","og_url":"https:\/\/veho-lifestyle.ca\/fr\/product\/sangle-de-montre-en-cuir-kuzo-vintage\/","og_site_name":"Boutique Veho Lifestyle Canada","og_image":[{"width":600,"height":600,"url":"https:\/\/veho-lifestyle.ca\/wp-content\/uploads\/2026\/02\/tan_leather_hero.png","type":"image\/png"}],"twitter_card":"summary_large_image","schema":{"@context":"https:\/\/schema.org","@graph":[{"@type":"WebPage","@id":"https:\/\/veho-lifestyle.ca\/fr\/product\/sangle-de-montre-en-cuir-kuzo-vintage\/","url":"https:\/\/veho-lifestyle.ca\/fr\/product\/sangle-de-montre-en-cuir-kuzo-vintage\/","name":"Sangle de montre en cuir Kuzo - Vintage - Boutique Veho Lifestyle Canada","isPartOf":{"@id":"https:\/\/veho-lifestyle.ca\/fr\/#website"},"primaryImageOfPage":{"@id":"https:\/\/veho-lifestyle.ca\/fr\/product\/sangle-de-montre-en-cuir-kuzo-vintage\/#primaryimage"},"image":{"@id":"https:\/\/veho-lifestyle.ca\/fr\/product\/sangle-de-montre-en-cuir-kuzo-vintage\/#primaryimage"},"thumbnailUrl":"https:\/\/veho-lifestyle.ca\/wp-content\/uploads\/2026\/02\/tan_leather_hero.png","datePublished":"2026-02-02T09:07:31+00:00","breadcrumb":{"@id":"https:\/\/veho-lifestyle.ca\/fr\/product\/sangle-de-montre-en-cuir-kuzo-vintage\/#breadcrumb"},"inLanguage":"fr-FR","potentialAction":[{"@type":"ReadAction","target":["https:\/\/veho-lifestyle.ca\/fr\/product\/sangle-de-montre-en-cuir-kuzo-vintage\/"]}]},{"@type":"ImageObject","inLanguage":"fr-FR","@id":"https:\/\/veho-lifestyle.ca\/fr\/product\/sangle-de-montre-en-cuir-kuzo-vintage\/#primaryimage","url":"https:\/\/veho-lifestyle.ca\/wp-content\/uploads\/2026\/02\/tan_leather_hero.png","contentUrl":"https:\/\/veho-lifestyle.ca\/wp-content\/uploads\/2026\/02\/tan_leather_hero.png","width":600,"height":600},{"@type":"BreadcrumbList","@id":"https:\/\/veho-lifestyle.ca\/fr\/product\/sangle-de-montre-en-cuir-kuzo-vintage\/#breadcrumb","itemListElement":[{"@type":"ListItem","position":1,"name":"Home","item":"https:\/\/veho-lifestyle.ca\/fr\/"},{"@type":"ListItem","position":2,"name":"Magasinez","item":"https:\/\/veho-lifestyle.ca\/fr\/boutique\/"},{"@type":"ListItem","position":3,"name":"Sangle de montre en cuir Kuzo &#8211; Vintage"}]},{"@type":"WebSite","@id":"https:\/\/veho-lifestyle.ca\/fr\/#website","url":"https:\/\/veho-lifestyle.ca\/fr\/","name":"Boutique Veho Lifestyle Canada","description":"\u00c9lectronique grand public con\u00e7ue au Royaume-Uni","potentialAction":[{"@type":"SearchAction","target":{"@type":"EntryPoint","urlTemplate":"https:\/\/veho-lifestyle.ca\/fr\/?s={search_term_string}"},"query-input":{"@type":"PropertyValueSpecification","valueRequired":true,"valueName":"search_term_string"}}],"inLanguage":"fr-FR"}]}},"jetpack_sharing_enabled":true,"_links":{"self":[{"href":"https:\/\/veho-lifestyle.ca\/fr\/wp-json\/wp\/v2\/product\/4709","targetHints":{"allow":["GET"]}}],"collection":[{"href":"https:\/\/veho-lifestyle.ca\/fr\/wp-json\/wp\/v2\/product"}],"about":[{"href":"https:\/\/veho-lifestyle.ca\/fr\/wp-json\/wp\/v2\/types\/product"}],"replies":[{"embeddable":true,"href":"https:\/\/veho-lifestyle.ca\/fr\/wp-json\/wp\/v2\/comments?post=4709"}],"wp:featuredmedia":[{"embeddable":true,"href":"https:\/\/veho-lifestyle.ca\/fr\/wp-json\/wp\/v2\/media\/4669"}],"wp:attachment":[{"href":"https:\/\/veho-lifestyle.ca\/fr\/wp-json\/wp\/v2\/media?parent=4709"}],"wp:term":[{"taxonomy":"product_brand","embeddable":true,"href":"https:\/\/veho-lifestyle.ca\/fr\/wp-json\/wp\/v2\/product_brand?post=4709"},{"taxonomy":"product_cat","embeddable":true,"href":"https:\/\/veho-lifestyle.ca\/fr\/wp-json\/wp\/v2\/product_cat?post=4709"},{"taxonomy":"product_tag","embeddable":true,"href":"https:\/\/veho-lifestyle.ca\/fr\/wp-json\/wp\/v2\/product_tag?post=4709"}],"curies":[{"name":"wp","href":"https:\/\/api.w.org\/{rel}","templated":true}]}}