{"id":4549,"date":"2025-09-23T06:00:55","date_gmt":"2025-09-23T10:00:55","guid":{"rendered":"https:\/\/veho-lifestyle.ca\/?post_type=product&#038;p=4549"},"modified":"2026-03-13T09:22:35","modified_gmt":"2026-03-13T13:22:35","slug":"kuzo-ii-fs-2-sports-smart-watch-avec-gps-noir-copy","status":"publish","type":"product","link":"https:\/\/veho-lifestyle.ca\/fr\/product\/kuzo-ii-fs-2-sports-smart-watch-avec-gps-noir-copy\/","title":{"rendered":"Montre intelligente Kuzo Pro Sports avec GPS &#8211; Noir"},"content":{"rendered":"<div class=\"wp-content wp-content--product\"><p>La Veho Kuzo Pro est une montre intelligente robuste et durable con\u00e7ue pour l\u2019aventure, le sport et la nature, avec un \u00e9cran tactile AMOLED de 1,43&Prime; et un impressionnant GPS en 5 modes (GPS+BEIDOU+GLONASS+GALILEO+QZSS). Le Kuzo Pro est aussi \u00e9quip\u00e9 de microphones int\u00e9gr\u00e9s pour les appels Bluetooth avec BLE 5.3, contr\u00f4lant tous vos appels d\u2019un simple tapotement. L\u2019\u00e9cran Pro AMOLED offre les m\u00eames couleurs vives mais avec un grand \u00e9cran de 466 x 466 pixels. Le Pro est livr\u00e9 avec une sangle en m\u00e9tal et en caoutchouc pour choisir entre l\u2019un ou l\u2019autre. Avec des capacit\u00e9s compl\u00e8tes de suivi de la sant\u00e9, incluant la surveillance du rythme cardiaque, le taux d\u2019oxyg\u00e8ne sanguin et l\u2019analyse du sommeil, le Kuzo Pro vous aide \u00e0 faire des choix de vie \u00e9clair\u00e9s.    Restez connect\u00e9 avec des notifications intelligentes pour les appels, les messages et les alertes sur les r\u00e9seaux sociaux. L\u2019interface intuitive de la montre vous permet de contr\u00f4ler la lecture de musique et de g\u00e9rer les alertes. Avec une cote IP67 de r\u00e9sistance \u00e0 l\u2019eau et \u00e0 la poussi\u00e8re, il est parfait pour les entra\u00eenements et les aventures en plein air.<\/p>\n<\/div>","protected":false},"excerpt":{"rendered":"<ul>\n<li>\u00c9cran tactile AMOLED couleur 1,43&Prime;<\/li>\n<li>Appel Bluetooth BLE5.3<\/li>\n<li>Surveillance de la sant\u00e9 24\/7 et suivi de la condition physique<\/li>\n<li>GPS+BEIDOU+GLONASS+GALILEO+QZSS<\/li>\n<li>2 choix de sangles : m\u00e9tal\/caoutchouc<\/li>\n<\/ul>\n","protected":false},"featured_media":4561,"comment_status":"closed","ping_status":"closed","template":"","meta":{"inline_featured_image":false},"product_brand":[],"product_cat":[142],"product_tag":[],"class_list":{"0":"post-4549","1":"product","2":"type-product","3":"status-publish","4":"has-post-thumbnail","6":"product_cat-kuzo-sport-smartwatch-fr","8":"first","9":"instock","10":"shipping-taxable","11":"purchasable","12":"product-type-simple"},"acf":[],"yoast_head":"<!-- This site is optimized with the Yoast SEO plugin v27.5 - https:\/\/yoast.com\/product\/yoast-seo-wordpress\/ -->\n<title>Montre intelligente Kuzo Pro Sports avec GPS - Noir - Boutique Veho Lifestyle Canada<\/title>\n<meta name=\"description\" content=\"La Veho Kuzo Pro est une montre connect\u00e9e robuste et durable con\u00e7ue pour l&#039;aventure avec un \u00e9cran tactile AMOLED de 1,43&quot; et un impressionnant GPS \u00e0 5 modes.\" \/>\n<meta name=\"robots\" content=\"index, follow, max-snippet:-1, max-image-preview:large, max-video-preview:-1\" \/>\n<link rel=\"canonical\" href=\"https:\/\/veho-lifestyle.ca\/fr\/product\/kuzo-ii-fs-2-sports-smart-watch-avec-gps-noir-copy\/\" \/>\n<meta property=\"og:locale\" content=\"fr_FR\" \/>\n<meta property=\"og:type\" content=\"article\" \/>\n<meta property=\"og:title\" content=\"Montre intelligente Kuzo Pro Sports avec GPS - Noir - Boutique Veho Lifestyle Canada\" \/>\n<meta property=\"og:description\" content=\"La Veho Kuzo Pro est une montre connect\u00e9e robuste et durable con\u00e7ue pour l&#039;aventure avec un \u00e9cran tactile AMOLED de 1,43&quot; et un impressionnant GPS \u00e0 5 modes.\" \/>\n<meta property=\"og:url\" content=\"https:\/\/veho-lifestyle.ca\/fr\/product\/kuzo-ii-fs-2-sports-smart-watch-avec-gps-noir-copy\/\" \/>\n<meta property=\"og:site_name\" content=\"Boutique Veho Lifestyle Canada\" \/>\n<meta property=\"article:modified_time\" content=\"2026-03-13T13:22:35+00:00\" \/>\n<meta property=\"og:image\" content=\"https:\/\/veho-lifestyle.ca\/wp-content\/uploads\/2025\/09\/kuzo_pro_hero3.png\" \/>\n\t<meta property=\"og:image:width\" content=\"600\" \/>\n\t<meta property=\"og:image:height\" content=\"600\" \/>\n\t<meta property=\"og:image:type\" content=\"image\/png\" \/>\n<meta name=\"twitter:card\" content=\"summary_large_image\" \/>\n<meta name=\"twitter:label1\" content=\"Dur\u00e9e de lecture estim\u00e9e\" \/>\n\t<meta name=\"twitter:data1\" content=\"2 minutes\" \/>\n<script type=\"application\/ld+json\" class=\"yoast-schema-graph\">{\"@context\":\"https:\\\/\\\/schema.org\",\"@graph\":[{\"@type\":\"WebPage\",\"@id\":\"https:\\\/\\\/veho-lifestyle.ca\\\/fr\\\/product\\\/kuzo-ii-fs-2-sports-smart-watch-avec-gps-noir-copy\\\/\",\"url\":\"https:\\\/\\\/veho-lifestyle.ca\\\/fr\\\/product\\\/kuzo-ii-fs-2-sports-smart-watch-avec-gps-noir-copy\\\/\",\"name\":\"Montre intelligente Kuzo Pro Sports avec GPS - Noir - Boutique Veho Lifestyle Canada\",\"isPartOf\":{\"@id\":\"https:\\\/\\\/veho-lifestyle.ca\\\/fr\\\/#website\"},\"primaryImageOfPage\":{\"@id\":\"https:\\\/\\\/veho-lifestyle.ca\\\/fr\\\/product\\\/kuzo-ii-fs-2-sports-smart-watch-avec-gps-noir-copy\\\/#primaryimage\"},\"image\":{\"@id\":\"https:\\\/\\\/veho-lifestyle.ca\\\/fr\\\/product\\\/kuzo-ii-fs-2-sports-smart-watch-avec-gps-noir-copy\\\/#primaryimage\"},\"thumbnailUrl\":\"https:\\\/\\\/veho-lifestyle.ca\\\/wp-content\\\/uploads\\\/2025\\\/09\\\/kuzo_pro_hero3.png\",\"datePublished\":\"2025-09-23T10:00:55+00:00\",\"dateModified\":\"2026-03-13T13:22:35+00:00\",\"description\":\"La Veho Kuzo Pro est une montre connect\u00e9e robuste et durable con\u00e7ue pour l'aventure avec un \u00e9cran tactile AMOLED de 1,43\\\" et un impressionnant GPS \u00e0 5 modes.\",\"breadcrumb\":{\"@id\":\"https:\\\/\\\/veho-lifestyle.ca\\\/fr\\\/product\\\/kuzo-ii-fs-2-sports-smart-watch-avec-gps-noir-copy\\\/#breadcrumb\"},\"inLanguage\":\"fr-FR\",\"potentialAction\":[{\"@type\":\"ReadAction\",\"target\":[\"https:\\\/\\\/veho-lifestyle.ca\\\/fr\\\/product\\\/kuzo-ii-fs-2-sports-smart-watch-avec-gps-noir-copy\\\/\"]}]},{\"@type\":\"ImageObject\",\"inLanguage\":\"fr-FR\",\"@id\":\"https:\\\/\\\/veho-lifestyle.ca\\\/fr\\\/product\\\/kuzo-ii-fs-2-sports-smart-watch-avec-gps-noir-copy\\\/#primaryimage\",\"url\":\"https:\\\/\\\/veho-lifestyle.ca\\\/wp-content\\\/uploads\\\/2025\\\/09\\\/kuzo_pro_hero3.png\",\"contentUrl\":\"https:\\\/\\\/veho-lifestyle.ca\\\/wp-content\\\/uploads\\\/2025\\\/09\\\/kuzo_pro_hero3.png\",\"width\":600,\"height\":600},{\"@type\":\"BreadcrumbList\",\"@id\":\"https:\\\/\\\/veho-lifestyle.ca\\\/fr\\\/product\\\/kuzo-ii-fs-2-sports-smart-watch-avec-gps-noir-copy\\\/#breadcrumb\",\"itemListElement\":[{\"@type\":\"ListItem\",\"position\":1,\"name\":\"Home\",\"item\":\"https:\\\/\\\/veho-lifestyle.ca\\\/fr\\\/\"},{\"@type\":\"ListItem\",\"position\":2,\"name\":\"Magasinez\",\"item\":\"https:\\\/\\\/veho-lifestyle.ca\\\/fr\\\/boutique\\\/\"},{\"@type\":\"ListItem\",\"position\":3,\"name\":\"Montre intelligente Kuzo Pro Sports avec GPS &#8211; Noir\"}]},{\"@type\":\"WebSite\",\"@id\":\"https:\\\/\\\/veho-lifestyle.ca\\\/fr\\\/#website\",\"url\":\"https:\\\/\\\/veho-lifestyle.ca\\\/fr\\\/\",\"name\":\"Boutique Veho Lifestyle Canada\",\"description\":\"\u00c9lectronique grand public con\u00e7ue au Royaume-Uni\",\"potentialAction\":[{\"@type\":\"SearchAction\",\"target\":{\"@type\":\"EntryPoint\",\"urlTemplate\":\"https:\\\/\\\/veho-lifestyle.ca\\\/fr\\\/?s={search_term_string}\"},\"query-input\":{\"@type\":\"PropertyValueSpecification\",\"valueRequired\":true,\"valueName\":\"search_term_string\"}}],\"inLanguage\":\"fr-FR\"}]}<\/script>\n<!-- \/ Yoast SEO plugin. -->","yoast_head_json":{"title":"Montre intelligente Kuzo Pro Sports avec GPS - Noir - Boutique Veho Lifestyle Canada","description":"La Veho Kuzo Pro est une montre connect\u00e9e robuste et durable con\u00e7ue pour l'aventure avec un \u00e9cran tactile AMOLED de 1,43\" et un impressionnant GPS \u00e0 5 modes.","robots":{"index":"index","follow":"follow","max-snippet":"max-snippet:-1","max-image-preview":"max-image-preview:large","max-video-preview":"max-video-preview:-1"},"canonical":"https:\/\/veho-lifestyle.ca\/fr\/product\/kuzo-ii-fs-2-sports-smart-watch-avec-gps-noir-copy\/","og_locale":"fr_FR","og_type":"article","og_title":"Montre intelligente Kuzo Pro Sports avec GPS - Noir - Boutique Veho Lifestyle Canada","og_description":"La Veho Kuzo Pro est une montre connect\u00e9e robuste et durable con\u00e7ue pour l'aventure avec un \u00e9cran tactile AMOLED de 1,43\" et un impressionnant GPS \u00e0 5 modes.","og_url":"https:\/\/veho-lifestyle.ca\/fr\/product\/kuzo-ii-fs-2-sports-smart-watch-avec-gps-noir-copy\/","og_site_name":"Boutique Veho Lifestyle Canada","article_modified_time":"2026-03-13T13:22:35+00:00","og_image":[{"width":600,"height":600,"url":"https:\/\/veho-lifestyle.ca\/wp-content\/uploads\/2025\/09\/kuzo_pro_hero3.png","type":"image\/png"}],"twitter_card":"summary_large_image","twitter_misc":{"Dur\u00e9e de lecture estim\u00e9e":"2 minutes"},"schema":{"@context":"https:\/\/schema.org","@graph":[{"@type":"WebPage","@id":"https:\/\/veho-lifestyle.ca\/fr\/product\/kuzo-ii-fs-2-sports-smart-watch-avec-gps-noir-copy\/","url":"https:\/\/veho-lifestyle.ca\/fr\/product\/kuzo-ii-fs-2-sports-smart-watch-avec-gps-noir-copy\/","name":"Montre intelligente Kuzo Pro Sports avec GPS - Noir - Boutique Veho Lifestyle Canada","isPartOf":{"@id":"https:\/\/veho-lifestyle.ca\/fr\/#website"},"primaryImageOfPage":{"@id":"https:\/\/veho-lifestyle.ca\/fr\/product\/kuzo-ii-fs-2-sports-smart-watch-avec-gps-noir-copy\/#primaryimage"},"image":{"@id":"https:\/\/veho-lifestyle.ca\/fr\/product\/kuzo-ii-fs-2-sports-smart-watch-avec-gps-noir-copy\/#primaryimage"},"thumbnailUrl":"https:\/\/veho-lifestyle.ca\/wp-content\/uploads\/2025\/09\/kuzo_pro_hero3.png","datePublished":"2025-09-23T10:00:55+00:00","dateModified":"2026-03-13T13:22:35+00:00","description":"La Veho Kuzo Pro est une montre connect\u00e9e robuste et durable con\u00e7ue pour l'aventure avec un \u00e9cran tactile AMOLED de 1,43\" et un impressionnant GPS \u00e0 5 modes.","breadcrumb":{"@id":"https:\/\/veho-lifestyle.ca\/fr\/product\/kuzo-ii-fs-2-sports-smart-watch-avec-gps-noir-copy\/#breadcrumb"},"inLanguage":"fr-FR","potentialAction":[{"@type":"ReadAction","target":["https:\/\/veho-lifestyle.ca\/fr\/product\/kuzo-ii-fs-2-sports-smart-watch-avec-gps-noir-copy\/"]}]},{"@type":"ImageObject","inLanguage":"fr-FR","@id":"https:\/\/veho-lifestyle.ca\/fr\/product\/kuzo-ii-fs-2-sports-smart-watch-avec-gps-noir-copy\/#primaryimage","url":"https:\/\/veho-lifestyle.ca\/wp-content\/uploads\/2025\/09\/kuzo_pro_hero3.png","contentUrl":"https:\/\/veho-lifestyle.ca\/wp-content\/uploads\/2025\/09\/kuzo_pro_hero3.png","width":600,"height":600},{"@type":"BreadcrumbList","@id":"https:\/\/veho-lifestyle.ca\/fr\/product\/kuzo-ii-fs-2-sports-smart-watch-avec-gps-noir-copy\/#breadcrumb","itemListElement":[{"@type":"ListItem","position":1,"name":"Home","item":"https:\/\/veho-lifestyle.ca\/fr\/"},{"@type":"ListItem","position":2,"name":"Magasinez","item":"https:\/\/veho-lifestyle.ca\/fr\/boutique\/"},{"@type":"ListItem","position":3,"name":"Montre intelligente Kuzo Pro Sports avec GPS &#8211; Noir"}]},{"@type":"WebSite","@id":"https:\/\/veho-lifestyle.ca\/fr\/#website","url":"https:\/\/veho-lifestyle.ca\/fr\/","name":"Boutique Veho Lifestyle Canada","description":"\u00c9lectronique grand public con\u00e7ue au Royaume-Uni","potentialAction":[{"@type":"SearchAction","target":{"@type":"EntryPoint","urlTemplate":"https:\/\/veho-lifestyle.ca\/fr\/?s={search_term_string}"},"query-input":{"@type":"PropertyValueSpecification","valueRequired":true,"valueName":"search_term_string"}}],"inLanguage":"fr-FR"}]}},"jetpack_sharing_enabled":true,"_links":{"self":[{"href":"https:\/\/veho-lifestyle.ca\/fr\/wp-json\/wp\/v2\/product\/4549","targetHints":{"allow":["GET"]}}],"collection":[{"href":"https:\/\/veho-lifestyle.ca\/fr\/wp-json\/wp\/v2\/product"}],"about":[{"href":"https:\/\/veho-lifestyle.ca\/fr\/wp-json\/wp\/v2\/types\/product"}],"replies":[{"embeddable":true,"href":"https:\/\/veho-lifestyle.ca\/fr\/wp-json\/wp\/v2\/comments?post=4549"}],"wp:featuredmedia":[{"embeddable":true,"href":"https:\/\/veho-lifestyle.ca\/fr\/wp-json\/wp\/v2\/media\/4561"}],"wp:attachment":[{"href":"https:\/\/veho-lifestyle.ca\/fr\/wp-json\/wp\/v2\/media?parent=4549"}],"wp:term":[{"taxonomy":"product_brand","embeddable":true,"href":"https:\/\/veho-lifestyle.ca\/fr\/wp-json\/wp\/v2\/product_brand?post=4549"},{"taxonomy":"product_cat","embeddable":true,"href":"https:\/\/veho-lifestyle.ca\/fr\/wp-json\/wp\/v2\/product_cat?post=4549"},{"taxonomy":"product_tag","embeddable":true,"href":"https:\/\/veho-lifestyle.ca\/fr\/wp-json\/wp\/v2\/product_tag?post=4549"}],"curies":[{"name":"wp","href":"https:\/\/api.w.org\/{rel}","templated":true}]}}