{"id":4535,"date":"2025-09-22T02:45:20","date_gmt":"2025-09-22T06:45:20","guid":{"rendered":"https:\/\/veho-lifestyle.ca\/?post_type=product&#038;p=4535"},"modified":"2025-09-22T07:24:12","modified_gmt":"2025-09-22T11:24:12","slug":"haut-parleur-sans-fil-fortify-m-series-mz-9-copy","status":"publish","type":"product","link":"https:\/\/veho-lifestyle.ca\/fr\/product\/haut-parleur-sans-fil-fortify-m-series-mz-9-copy\/","title":{"rendered":"Haut-parleur sans fil M-12 Auroqa s\u00e9rie M"},"content":{"rendered":"<div class=\"wp-content wp-content--product\"><p>Le haut-parleur sans fil Bluetooth Veho M-12 Auroqa comprend deux caissons de basses de 3&nbsp;\u00bb + quatre haut-parleurs de tweeter m\u00e9dium de 1,5&nbsp;\u00bb + deux radiateurs passifs IS95. Audio \u00e0 plage compl\u00e8te avec une puissance RMS de 60 W (puissance maximale de 120 W), offrant des basses riches, des m\u00e9diums \u00e9quilibr\u00e9s et des aigus clairs pour une exp\u00e9rience sonore immersive. Facile \u00e0 retirer de la base en bois du tr\u00e9pied pour que le M-12 soit \u00e0 l\u2019aise dans les environnements int\u00e9rieurs et ext\u00e9rieurs, et dispose d\u2019une paire jumelle TWS, permettant de jouer deux haut-parleurs M-12 simultan\u00e9ment. <\/p>\n<\/div>","protected":false},"excerpt":{"rendered":"<ul>\n<li>Bluetooth\u00ae 5.4<\/li>\n<li>Puissance de 60 W RMS  <\/li>\n<li>120W Puissance de pointe  <\/li>\n<li>\u00c9clairage d\u2019ambiance int\u00e9gr\u00e9<\/li>\n<li>Appariement TWS<\/li>\n<\/ul>\n","protected":false},"featured_media":4541,"comment_status":"closed","ping_status":"closed","template":"","meta":{"inline_featured_image":false},"product_brand":[],"product_cat":[123],"product_tag":[160,165],"class_list":{"0":"post-4535","1":"product","2":"type-product","3":"status-publish","4":"has-post-thumbnail","6":"product_cat-bluetooth-speakers-fr","7":"product_tag-bluetooth-en","8":"product_tag-fonction-dappariement-tws","10":"first","11":"outofstock","12":"shipping-taxable","13":"purchasable","14":"product-type-simple"},"acf":[],"yoast_head":"<!-- This site is optimized with the Yoast SEO plugin v27.5 - https:\/\/yoast.com\/product\/yoast-seo-wordpress\/ -->\n<title>Haut-parleur sans fil M-12 Auroqa s\u00e9rie M<\/title>\n<meta name=\"description\" content=\"Le haut-parleur sans fil Bluetooth Veho M-12 Auroqa comprend deux caissons de basses de 3\u00a0\u00bb + quatre haut-parleurs de tweeter m\u00e9dium de 1,5\u00a0\u00bb + deux radiateurs passifs IS95.\" \/>\n<meta name=\"robots\" content=\"index, follow, max-snippet:-1, max-image-preview:large, max-video-preview:-1\" \/>\n<link rel=\"canonical\" href=\"https:\/\/veho-lifestyle.ca\/fr\/product\/haut-parleur-sans-fil-fortify-m-series-mz-9-copy\/\" \/>\n<meta property=\"og:locale\" content=\"fr_FR\" \/>\n<meta property=\"og:type\" content=\"article\" \/>\n<meta property=\"og:title\" content=\"Haut-parleur sans fil M-12 Auroqa s\u00e9rie M\" \/>\n<meta property=\"og:description\" content=\"Le haut-parleur sans fil Bluetooth Veho M-12 Auroqa comprend deux caissons de basses de 3\u00a0\u00bb + quatre haut-parleurs de tweeter m\u00e9dium de 1,5\u00a0\u00bb + deux radiateurs passifs IS95.\" \/>\n<meta property=\"og:url\" content=\"https:\/\/veho-lifestyle.ca\/fr\/product\/haut-parleur-sans-fil-fortify-m-series-mz-9-copy\/\" \/>\n<meta property=\"og:site_name\" content=\"Boutique Veho Lifestyle Canada\" \/>\n<meta property=\"article:modified_time\" content=\"2025-09-22T11:24:12+00:00\" \/>\n<meta property=\"og:image\" content=\"https:\/\/veho-lifestyle.ca\/wp-content\/uploads\/2025\/09\/mz12_hero.png\" \/>\n\t<meta property=\"og:image:width\" content=\"620\" \/>\n\t<meta property=\"og:image:height\" content=\"620\" \/>\n\t<meta property=\"og:image:type\" content=\"image\/png\" \/>\n<meta name=\"twitter:card\" content=\"summary_large_image\" \/>\n<meta name=\"twitter:label1\" content=\"Dur\u00e9e de lecture estim\u00e9e\" \/>\n\t<meta name=\"twitter:data1\" content=\"1 minute\" \/>\n<script type=\"application\/ld+json\" class=\"yoast-schema-graph\">{\"@context\":\"https:\\\/\\\/schema.org\",\"@graph\":[{\"@type\":\"WebPage\",\"@id\":\"https:\\\/\\\/veho-lifestyle.ca\\\/fr\\\/product\\\/haut-parleur-sans-fil-fortify-m-series-mz-9-copy\\\/\",\"url\":\"https:\\\/\\\/veho-lifestyle.ca\\\/fr\\\/product\\\/haut-parleur-sans-fil-fortify-m-series-mz-9-copy\\\/\",\"name\":\"Haut-parleur sans fil M-12 Auroqa s\u00e9rie M\",\"isPartOf\":{\"@id\":\"https:\\\/\\\/veho-lifestyle.ca\\\/fr\\\/#website\"},\"primaryImageOfPage\":{\"@id\":\"https:\\\/\\\/veho-lifestyle.ca\\\/fr\\\/product\\\/haut-parleur-sans-fil-fortify-m-series-mz-9-copy\\\/#primaryimage\"},\"image\":{\"@id\":\"https:\\\/\\\/veho-lifestyle.ca\\\/fr\\\/product\\\/haut-parleur-sans-fil-fortify-m-series-mz-9-copy\\\/#primaryimage\"},\"thumbnailUrl\":\"https:\\\/\\\/veho-lifestyle.ca\\\/wp-content\\\/uploads\\\/2025\\\/09\\\/mz12_hero.png\",\"datePublished\":\"2025-09-22T06:45:20+00:00\",\"dateModified\":\"2025-09-22T11:24:12+00:00\",\"description\":\"Le haut-parleur sans fil Bluetooth Veho M-12 Auroqa comprend deux caissons de basses de 3\u00a0\u00bb + quatre haut-parleurs de tweeter m\u00e9dium de 1,5\u00a0\u00bb + deux radiateurs passifs IS95.\",\"breadcrumb\":{\"@id\":\"https:\\\/\\\/veho-lifestyle.ca\\\/fr\\\/product\\\/haut-parleur-sans-fil-fortify-m-series-mz-9-copy\\\/#breadcrumb\"},\"inLanguage\":\"fr-FR\",\"potentialAction\":[{\"@type\":\"ReadAction\",\"target\":[\"https:\\\/\\\/veho-lifestyle.ca\\\/fr\\\/product\\\/haut-parleur-sans-fil-fortify-m-series-mz-9-copy\\\/\"]}]},{\"@type\":\"ImageObject\",\"inLanguage\":\"fr-FR\",\"@id\":\"https:\\\/\\\/veho-lifestyle.ca\\\/fr\\\/product\\\/haut-parleur-sans-fil-fortify-m-series-mz-9-copy\\\/#primaryimage\",\"url\":\"https:\\\/\\\/veho-lifestyle.ca\\\/wp-content\\\/uploads\\\/2025\\\/09\\\/mz12_hero.png\",\"contentUrl\":\"https:\\\/\\\/veho-lifestyle.ca\\\/wp-content\\\/uploads\\\/2025\\\/09\\\/mz12_hero.png\",\"width\":620,\"height\":620},{\"@type\":\"BreadcrumbList\",\"@id\":\"https:\\\/\\\/veho-lifestyle.ca\\\/fr\\\/product\\\/haut-parleur-sans-fil-fortify-m-series-mz-9-copy\\\/#breadcrumb\",\"itemListElement\":[{\"@type\":\"ListItem\",\"position\":1,\"name\":\"Home\",\"item\":\"https:\\\/\\\/veho-lifestyle.ca\\\/fr\\\/\"},{\"@type\":\"ListItem\",\"position\":2,\"name\":\"Magasinez\",\"item\":\"https:\\\/\\\/veho-lifestyle.ca\\\/fr\\\/boutique\\\/\"},{\"@type\":\"ListItem\",\"position\":3,\"name\":\"Haut-parleur sans fil M-12 Auroqa s\u00e9rie M\"}]},{\"@type\":\"WebSite\",\"@id\":\"https:\\\/\\\/veho-lifestyle.ca\\\/fr\\\/#website\",\"url\":\"https:\\\/\\\/veho-lifestyle.ca\\\/fr\\\/\",\"name\":\"Boutique Veho Lifestyle Canada\",\"description\":\"\u00c9lectronique grand public con\u00e7ue au Royaume-Uni\",\"potentialAction\":[{\"@type\":\"SearchAction\",\"target\":{\"@type\":\"EntryPoint\",\"urlTemplate\":\"https:\\\/\\\/veho-lifestyle.ca\\\/fr\\\/?s={search_term_string}\"},\"query-input\":{\"@type\":\"PropertyValueSpecification\",\"valueRequired\":true,\"valueName\":\"search_term_string\"}}],\"inLanguage\":\"fr-FR\"}]}<\/script>\n<!-- \/ Yoast SEO plugin. -->","yoast_head_json":{"title":"Haut-parleur sans fil M-12 Auroqa s\u00e9rie M","description":"Le haut-parleur sans fil Bluetooth Veho M-12 Auroqa comprend deux caissons de basses de 3\u00a0\u00bb + quatre haut-parleurs de tweeter m\u00e9dium de 1,5\u00a0\u00bb + deux radiateurs passifs IS95.","robots":{"index":"index","follow":"follow","max-snippet":"max-snippet:-1","max-image-preview":"max-image-preview:large","max-video-preview":"max-video-preview:-1"},"canonical":"https:\/\/veho-lifestyle.ca\/fr\/product\/haut-parleur-sans-fil-fortify-m-series-mz-9-copy\/","og_locale":"fr_FR","og_type":"article","og_title":"Haut-parleur sans fil M-12 Auroqa s\u00e9rie M","og_description":"Le haut-parleur sans fil Bluetooth Veho M-12 Auroqa comprend deux caissons de basses de 3\u00a0\u00bb + quatre haut-parleurs de tweeter m\u00e9dium de 1,5\u00a0\u00bb + deux radiateurs passifs IS95.","og_url":"https:\/\/veho-lifestyle.ca\/fr\/product\/haut-parleur-sans-fil-fortify-m-series-mz-9-copy\/","og_site_name":"Boutique Veho Lifestyle Canada","article_modified_time":"2025-09-22T11:24:12+00:00","og_image":[{"width":620,"height":620,"url":"https:\/\/veho-lifestyle.ca\/wp-content\/uploads\/2025\/09\/mz12_hero.png","type":"image\/png"}],"twitter_card":"summary_large_image","twitter_misc":{"Dur\u00e9e de lecture estim\u00e9e":"1 minute"},"schema":{"@context":"https:\/\/schema.org","@graph":[{"@type":"WebPage","@id":"https:\/\/veho-lifestyle.ca\/fr\/product\/haut-parleur-sans-fil-fortify-m-series-mz-9-copy\/","url":"https:\/\/veho-lifestyle.ca\/fr\/product\/haut-parleur-sans-fil-fortify-m-series-mz-9-copy\/","name":"Haut-parleur sans fil M-12 Auroqa s\u00e9rie M","isPartOf":{"@id":"https:\/\/veho-lifestyle.ca\/fr\/#website"},"primaryImageOfPage":{"@id":"https:\/\/veho-lifestyle.ca\/fr\/product\/haut-parleur-sans-fil-fortify-m-series-mz-9-copy\/#primaryimage"},"image":{"@id":"https:\/\/veho-lifestyle.ca\/fr\/product\/haut-parleur-sans-fil-fortify-m-series-mz-9-copy\/#primaryimage"},"thumbnailUrl":"https:\/\/veho-lifestyle.ca\/wp-content\/uploads\/2025\/09\/mz12_hero.png","datePublished":"2025-09-22T06:45:20+00:00","dateModified":"2025-09-22T11:24:12+00:00","description":"Le haut-parleur sans fil Bluetooth Veho M-12 Auroqa comprend deux caissons de basses de 3\u00a0\u00bb + quatre haut-parleurs de tweeter m\u00e9dium de 1,5\u00a0\u00bb + deux radiateurs passifs IS95.","breadcrumb":{"@id":"https:\/\/veho-lifestyle.ca\/fr\/product\/haut-parleur-sans-fil-fortify-m-series-mz-9-copy\/#breadcrumb"},"inLanguage":"fr-FR","potentialAction":[{"@type":"ReadAction","target":["https:\/\/veho-lifestyle.ca\/fr\/product\/haut-parleur-sans-fil-fortify-m-series-mz-9-copy\/"]}]},{"@type":"ImageObject","inLanguage":"fr-FR","@id":"https:\/\/veho-lifestyle.ca\/fr\/product\/haut-parleur-sans-fil-fortify-m-series-mz-9-copy\/#primaryimage","url":"https:\/\/veho-lifestyle.ca\/wp-content\/uploads\/2025\/09\/mz12_hero.png","contentUrl":"https:\/\/veho-lifestyle.ca\/wp-content\/uploads\/2025\/09\/mz12_hero.png","width":620,"height":620},{"@type":"BreadcrumbList","@id":"https:\/\/veho-lifestyle.ca\/fr\/product\/haut-parleur-sans-fil-fortify-m-series-mz-9-copy\/#breadcrumb","itemListElement":[{"@type":"ListItem","position":1,"name":"Home","item":"https:\/\/veho-lifestyle.ca\/fr\/"},{"@type":"ListItem","position":2,"name":"Magasinez","item":"https:\/\/veho-lifestyle.ca\/fr\/boutique\/"},{"@type":"ListItem","position":3,"name":"Haut-parleur sans fil M-12 Auroqa s\u00e9rie M"}]},{"@type":"WebSite","@id":"https:\/\/veho-lifestyle.ca\/fr\/#website","url":"https:\/\/veho-lifestyle.ca\/fr\/","name":"Boutique Veho Lifestyle Canada","description":"\u00c9lectronique grand public con\u00e7ue au Royaume-Uni","potentialAction":[{"@type":"SearchAction","target":{"@type":"EntryPoint","urlTemplate":"https:\/\/veho-lifestyle.ca\/fr\/?s={search_term_string}"},"query-input":{"@type":"PropertyValueSpecification","valueRequired":true,"valueName":"search_term_string"}}],"inLanguage":"fr-FR"}]}},"jetpack_sharing_enabled":true,"_links":{"self":[{"href":"https:\/\/veho-lifestyle.ca\/fr\/wp-json\/wp\/v2\/product\/4535","targetHints":{"allow":["GET"]}}],"collection":[{"href":"https:\/\/veho-lifestyle.ca\/fr\/wp-json\/wp\/v2\/product"}],"about":[{"href":"https:\/\/veho-lifestyle.ca\/fr\/wp-json\/wp\/v2\/types\/product"}],"replies":[{"embeddable":true,"href":"https:\/\/veho-lifestyle.ca\/fr\/wp-json\/wp\/v2\/comments?post=4535"}],"wp:featuredmedia":[{"embeddable":true,"href":"https:\/\/veho-lifestyle.ca\/fr\/wp-json\/wp\/v2\/media\/4541"}],"wp:attachment":[{"href":"https:\/\/veho-lifestyle.ca\/fr\/wp-json\/wp\/v2\/media?parent=4535"}],"wp:term":[{"taxonomy":"product_brand","embeddable":true,"href":"https:\/\/veho-lifestyle.ca\/fr\/wp-json\/wp\/v2\/product_brand?post=4535"},{"taxonomy":"product_cat","embeddable":true,"href":"https:\/\/veho-lifestyle.ca\/fr\/wp-json\/wp\/v2\/product_cat?post=4535"},{"taxonomy":"product_tag","embeddable":true,"href":"https:\/\/veho-lifestyle.ca\/fr\/wp-json\/wp\/v2\/product_tag?post=4535"}],"curies":[{"name":"wp","href":"https:\/\/api.w.org\/{rel}","templated":true}]}}