{"id":4506,"date":"2025-08-27T11:39:23","date_gmt":"2025-08-27T15:39:23","guid":{"rendered":"https:\/\/veho-lifestyle.ca\/?post_type=product&#038;p=4506"},"modified":"2025-08-27T12:04:31","modified_gmt":"2025-08-27T16:04:31","slug":"casque-sans-fil-zb-4-neb-avec-microphone-copy","status":"publish","type":"product","link":"https:\/\/veho-lifestyle.ca\/fr\/product\/casque-sans-fil-zb-4-neb-avec-microphone-copy\/","title":{"rendered":"Casque d\u2019\u00e9coute sans fil ZB-8"},"content":{"rendered":"<div class=\"wp-content wp-content--product\"><p>Les \u00e9couteurs sans fil ZB-8 de Veho offrent un son de haute qualit\u00e9 avec des aigus, des graves et des m\u00e9diums d\u00e9taill\u00e9s avec des haut-parleurs de 44 mm. Bluetooth v5.3 avanc\u00e9 offrant une connexion \u00e0 vos appareils pour profiter de la libert\u00e9 sans fil. Longue lecture jusqu\u2019\u00e0 36 heures sur une seule charge, vous gardant immerg\u00e9 dans votre musique et les coussinets d\u2019oreille rembourr\u00e9s profonds sont parfaits pour les longues sessions d\u2019\u00e9coute ou les voyages multiples. Conception pliable \u00e0 plat pour un rangement et un transport faciles.   <\/p>\n<\/div>","protected":false},"excerpt":{"rendered":"<ul>\n<li>Jusqu\u2019\u00e0 36 heures de temps de jeu continu<\/li>\n<li>Temps de charge de 3 heures<\/li>\n<li>Bluetooth v5.3<\/li>\n<li>Charge rapide<\/li>\n<\/ul>\n","protected":false},"featured_media":4508,"comment_status":"open","ping_status":"closed","template":"","meta":{"inline_featured_image":false},"product_brand":[],"product_cat":[157],"product_tag":[],"class_list":{"0":"post-4506","1":"product","2":"type-product","3":"status-publish","4":"has-post-thumbnail","6":"product_cat-over-ear-wireless-fr","8":"first","9":"outofstock","10":"shipping-taxable","11":"purchasable","12":"product-type-simple"},"acf":[],"yoast_head":"<!-- This site is optimized with the Yoast SEO plugin v27.5 - https:\/\/yoast.com\/product\/yoast-seo-wordpress\/ -->\n<title>Casque d\u2019\u00e9coute sans fil ZB-8<\/title>\n<meta name=\"description\" content=\"Les \u00e9couteurs sans fil ZB-8 de Veho offrent un son de haute qualit\u00e9 avec des aigus, des graves et des m\u00e9diums d\u00e9taill\u00e9s. Bluetooth avanc\u00e9 v5.3 et lecture jusqu\u2019\u00e0 36 heures.\" \/>\n<meta name=\"robots\" content=\"index, follow, max-snippet:-1, max-image-preview:large, max-video-preview:-1\" \/>\n<link rel=\"canonical\" href=\"https:\/\/veho-lifestyle.ca\/fr\/product\/casque-sans-fil-zb-4-neb-avec-microphone-copy\/\" \/>\n<meta property=\"og:locale\" content=\"fr_FR\" \/>\n<meta property=\"og:type\" content=\"article\" \/>\n<meta property=\"og:title\" content=\"Casque d\u2019\u00e9coute sans fil ZB-8\" \/>\n<meta property=\"og:description\" content=\"Les \u00e9couteurs sans fil ZB-8 de Veho offrent un son de haute qualit\u00e9 avec des aigus, des graves et des m\u00e9diums d\u00e9taill\u00e9s. Bluetooth avanc\u00e9 v5.3 et lecture jusqu\u2019\u00e0 36 heures.\" \/>\n<meta property=\"og:url\" content=\"https:\/\/veho-lifestyle.ca\/fr\/product\/casque-sans-fil-zb-4-neb-avec-microphone-copy\/\" \/>\n<meta property=\"og:site_name\" content=\"Boutique Veho Lifestyle Canada\" \/>\n<meta property=\"article:modified_time\" content=\"2025-08-27T16:04:31+00:00\" \/>\n<meta property=\"og:image\" content=\"https:\/\/veho-lifestyle.ca\/wp-content\/uploads\/2025\/08\/zb8_4.png\" \/>\n\t<meta property=\"og:image:width\" content=\"620\" \/>\n\t<meta property=\"og:image:height\" content=\"620\" \/>\n\t<meta property=\"og:image:type\" content=\"image\/png\" \/>\n<meta name=\"twitter:card\" content=\"summary_large_image\" \/>\n<script type=\"application\/ld+json\" class=\"yoast-schema-graph\">{\"@context\":\"https:\\\/\\\/schema.org\",\"@graph\":[{\"@type\":\"WebPage\",\"@id\":\"https:\\\/\\\/veho-lifestyle.ca\\\/fr\\\/product\\\/casque-sans-fil-zb-4-neb-avec-microphone-copy\\\/\",\"url\":\"https:\\\/\\\/veho-lifestyle.ca\\\/fr\\\/product\\\/casque-sans-fil-zb-4-neb-avec-microphone-copy\\\/\",\"name\":\"Casque d\u2019\u00e9coute sans fil ZB-8\",\"isPartOf\":{\"@id\":\"https:\\\/\\\/veho-lifestyle.ca\\\/fr\\\/#website\"},\"primaryImageOfPage\":{\"@id\":\"https:\\\/\\\/veho-lifestyle.ca\\\/fr\\\/product\\\/casque-sans-fil-zb-4-neb-avec-microphone-copy\\\/#primaryimage\"},\"image\":{\"@id\":\"https:\\\/\\\/veho-lifestyle.ca\\\/fr\\\/product\\\/casque-sans-fil-zb-4-neb-avec-microphone-copy\\\/#primaryimage\"},\"thumbnailUrl\":\"https:\\\/\\\/veho-lifestyle.ca\\\/wp-content\\\/uploads\\\/2025\\\/08\\\/zb8_4.png\",\"datePublished\":\"2025-08-27T15:39:23+00:00\",\"dateModified\":\"2025-08-27T16:04:31+00:00\",\"description\":\"Les \u00e9couteurs sans fil ZB-8 de Veho offrent un son de haute qualit\u00e9 avec des aigus, des graves et des m\u00e9diums d\u00e9taill\u00e9s. Bluetooth avanc\u00e9 v5.3 et lecture jusqu\u2019\u00e0 36 heures.\",\"breadcrumb\":{\"@id\":\"https:\\\/\\\/veho-lifestyle.ca\\\/fr\\\/product\\\/casque-sans-fil-zb-4-neb-avec-microphone-copy\\\/#breadcrumb\"},\"inLanguage\":\"fr-FR\",\"potentialAction\":[{\"@type\":\"ReadAction\",\"target\":[\"https:\\\/\\\/veho-lifestyle.ca\\\/fr\\\/product\\\/casque-sans-fil-zb-4-neb-avec-microphone-copy\\\/\"]}]},{\"@type\":\"ImageObject\",\"inLanguage\":\"fr-FR\",\"@id\":\"https:\\\/\\\/veho-lifestyle.ca\\\/fr\\\/product\\\/casque-sans-fil-zb-4-neb-avec-microphone-copy\\\/#primaryimage\",\"url\":\"https:\\\/\\\/veho-lifestyle.ca\\\/wp-content\\\/uploads\\\/2025\\\/08\\\/zb8_4.png\",\"contentUrl\":\"https:\\\/\\\/veho-lifestyle.ca\\\/wp-content\\\/uploads\\\/2025\\\/08\\\/zb8_4.png\",\"width\":620,\"height\":620},{\"@type\":\"BreadcrumbList\",\"@id\":\"https:\\\/\\\/veho-lifestyle.ca\\\/fr\\\/product\\\/casque-sans-fil-zb-4-neb-avec-microphone-copy\\\/#breadcrumb\",\"itemListElement\":[{\"@type\":\"ListItem\",\"position\":1,\"name\":\"Home\",\"item\":\"https:\\\/\\\/veho-lifestyle.ca\\\/fr\\\/\"},{\"@type\":\"ListItem\",\"position\":2,\"name\":\"Magasinez\",\"item\":\"https:\\\/\\\/veho-lifestyle.ca\\\/fr\\\/boutique\\\/\"},{\"@type\":\"ListItem\",\"position\":3,\"name\":\"Casque d\u2019\u00e9coute sans fil ZB-8\"}]},{\"@type\":\"WebSite\",\"@id\":\"https:\\\/\\\/veho-lifestyle.ca\\\/fr\\\/#website\",\"url\":\"https:\\\/\\\/veho-lifestyle.ca\\\/fr\\\/\",\"name\":\"Boutique Veho Lifestyle Canada\",\"description\":\"\u00c9lectronique grand public con\u00e7ue au Royaume-Uni\",\"potentialAction\":[{\"@type\":\"SearchAction\",\"target\":{\"@type\":\"EntryPoint\",\"urlTemplate\":\"https:\\\/\\\/veho-lifestyle.ca\\\/fr\\\/?s={search_term_string}\"},\"query-input\":{\"@type\":\"PropertyValueSpecification\",\"valueRequired\":true,\"valueName\":\"search_term_string\"}}],\"inLanguage\":\"fr-FR\"}]}<\/script>\n<!-- \/ Yoast SEO plugin. -->","yoast_head_json":{"title":"Casque d\u2019\u00e9coute sans fil ZB-8","description":"Les \u00e9couteurs sans fil ZB-8 de Veho offrent un son de haute qualit\u00e9 avec des aigus, des graves et des m\u00e9diums d\u00e9taill\u00e9s. Bluetooth avanc\u00e9 v5.3 et lecture jusqu\u2019\u00e0 36 heures.","robots":{"index":"index","follow":"follow","max-snippet":"max-snippet:-1","max-image-preview":"max-image-preview:large","max-video-preview":"max-video-preview:-1"},"canonical":"https:\/\/veho-lifestyle.ca\/fr\/product\/casque-sans-fil-zb-4-neb-avec-microphone-copy\/","og_locale":"fr_FR","og_type":"article","og_title":"Casque d\u2019\u00e9coute sans fil ZB-8","og_description":"Les \u00e9couteurs sans fil ZB-8 de Veho offrent un son de haute qualit\u00e9 avec des aigus, des graves et des m\u00e9diums d\u00e9taill\u00e9s. Bluetooth avanc\u00e9 v5.3 et lecture jusqu\u2019\u00e0 36 heures.","og_url":"https:\/\/veho-lifestyle.ca\/fr\/product\/casque-sans-fil-zb-4-neb-avec-microphone-copy\/","og_site_name":"Boutique Veho Lifestyle Canada","article_modified_time":"2025-08-27T16:04:31+00:00","og_image":[{"width":620,"height":620,"url":"https:\/\/veho-lifestyle.ca\/wp-content\/uploads\/2025\/08\/zb8_4.png","type":"image\/png"}],"twitter_card":"summary_large_image","schema":{"@context":"https:\/\/schema.org","@graph":[{"@type":"WebPage","@id":"https:\/\/veho-lifestyle.ca\/fr\/product\/casque-sans-fil-zb-4-neb-avec-microphone-copy\/","url":"https:\/\/veho-lifestyle.ca\/fr\/product\/casque-sans-fil-zb-4-neb-avec-microphone-copy\/","name":"Casque d\u2019\u00e9coute sans fil ZB-8","isPartOf":{"@id":"https:\/\/veho-lifestyle.ca\/fr\/#website"},"primaryImageOfPage":{"@id":"https:\/\/veho-lifestyle.ca\/fr\/product\/casque-sans-fil-zb-4-neb-avec-microphone-copy\/#primaryimage"},"image":{"@id":"https:\/\/veho-lifestyle.ca\/fr\/product\/casque-sans-fil-zb-4-neb-avec-microphone-copy\/#primaryimage"},"thumbnailUrl":"https:\/\/veho-lifestyle.ca\/wp-content\/uploads\/2025\/08\/zb8_4.png","datePublished":"2025-08-27T15:39:23+00:00","dateModified":"2025-08-27T16:04:31+00:00","description":"Les \u00e9couteurs sans fil ZB-8 de Veho offrent un son de haute qualit\u00e9 avec des aigus, des graves et des m\u00e9diums d\u00e9taill\u00e9s. Bluetooth avanc\u00e9 v5.3 et lecture jusqu\u2019\u00e0 36 heures.","breadcrumb":{"@id":"https:\/\/veho-lifestyle.ca\/fr\/product\/casque-sans-fil-zb-4-neb-avec-microphone-copy\/#breadcrumb"},"inLanguage":"fr-FR","potentialAction":[{"@type":"ReadAction","target":["https:\/\/veho-lifestyle.ca\/fr\/product\/casque-sans-fil-zb-4-neb-avec-microphone-copy\/"]}]},{"@type":"ImageObject","inLanguage":"fr-FR","@id":"https:\/\/veho-lifestyle.ca\/fr\/product\/casque-sans-fil-zb-4-neb-avec-microphone-copy\/#primaryimage","url":"https:\/\/veho-lifestyle.ca\/wp-content\/uploads\/2025\/08\/zb8_4.png","contentUrl":"https:\/\/veho-lifestyle.ca\/wp-content\/uploads\/2025\/08\/zb8_4.png","width":620,"height":620},{"@type":"BreadcrumbList","@id":"https:\/\/veho-lifestyle.ca\/fr\/product\/casque-sans-fil-zb-4-neb-avec-microphone-copy\/#breadcrumb","itemListElement":[{"@type":"ListItem","position":1,"name":"Home","item":"https:\/\/veho-lifestyle.ca\/fr\/"},{"@type":"ListItem","position":2,"name":"Magasinez","item":"https:\/\/veho-lifestyle.ca\/fr\/boutique\/"},{"@type":"ListItem","position":3,"name":"Casque d\u2019\u00e9coute sans fil ZB-8"}]},{"@type":"WebSite","@id":"https:\/\/veho-lifestyle.ca\/fr\/#website","url":"https:\/\/veho-lifestyle.ca\/fr\/","name":"Boutique Veho Lifestyle Canada","description":"\u00c9lectronique grand public con\u00e7ue au Royaume-Uni","potentialAction":[{"@type":"SearchAction","target":{"@type":"EntryPoint","urlTemplate":"https:\/\/veho-lifestyle.ca\/fr\/?s={search_term_string}"},"query-input":{"@type":"PropertyValueSpecification","valueRequired":true,"valueName":"search_term_string"}}],"inLanguage":"fr-FR"}]}},"jetpack_sharing_enabled":true,"_links":{"self":[{"href":"https:\/\/veho-lifestyle.ca\/fr\/wp-json\/wp\/v2\/product\/4506","targetHints":{"allow":["GET"]}}],"collection":[{"href":"https:\/\/veho-lifestyle.ca\/fr\/wp-json\/wp\/v2\/product"}],"about":[{"href":"https:\/\/veho-lifestyle.ca\/fr\/wp-json\/wp\/v2\/types\/product"}],"replies":[{"embeddable":true,"href":"https:\/\/veho-lifestyle.ca\/fr\/wp-json\/wp\/v2\/comments?post=4506"}],"wp:featuredmedia":[{"embeddable":true,"href":"https:\/\/veho-lifestyle.ca\/fr\/wp-json\/wp\/v2\/media\/4508"}],"wp:attachment":[{"href":"https:\/\/veho-lifestyle.ca\/fr\/wp-json\/wp\/v2\/media?parent=4506"}],"wp:term":[{"taxonomy":"product_brand","embeddable":true,"href":"https:\/\/veho-lifestyle.ca\/fr\/wp-json\/wp\/v2\/product_brand?post=4506"},{"taxonomy":"product_cat","embeddable":true,"href":"https:\/\/veho-lifestyle.ca\/fr\/wp-json\/wp\/v2\/product_cat?post=4506"},{"taxonomy":"product_tag","embeddable":true,"href":"https:\/\/veho-lifestyle.ca\/fr\/wp-json\/wp\/v2\/product_tag?post=4506"}],"curies":[{"name":"wp","href":"https:\/\/api.w.org\/{rel}","templated":true}]}}