{"id":4446,"date":"2025-04-23T12:26:45","date_gmt":"2025-04-23T16:26:45","guid":{"rendered":"https:\/\/veho-lifestyle.ca\/?post_type=product&#038;p=4446"},"modified":"2025-09-22T03:09:12","modified_gmt":"2025-09-22T07:09:12","slug":"pebble-pz-6-banque-dalimentation-portable-robuste-5000mah-copy","status":"publish","type":"product","link":"https:\/\/veho-lifestyle.ca\/fr\/product\/pebble-pz-6-banque-dalimentation-portable-robuste-5000mah-copy\/","title":{"rendered":"Batterie externe Pebble MG-5 MagSafe 5000mAh"},"content":{"rendered":"<div class=\"wp-content wp-content--product\"><p>La batterie externe Veho Pebble MG-5 MagSafe est une batterie externe haute performance. Elle vous permet de rester charg\u00e9(e) lors de vos d\u00e9placements. \u00c9l\u00e9gante et l\u00e9g\u00e8re, elle est con\u00e7ue pour les appareils compatibles MagSafe. Sa finition grise fine s&rsquo;adapte \u00e0 tous les styles. Elle se fixe magn\u00e9tiquement \u00e0 l&rsquo;arri\u00e8re de votre t\u00e9l\u00e9phone, offrant un maintien s\u00fbr et une recharge sans fil fluide. <\/p>\n<\/div>","protected":false},"excerpt":{"rendered":"<ul>\n<li>Design fin, seulement 8,3 mm d&rsquo;\u00e9paisseur, id\u00e9al pour les voyages<\/li>\n<li>Snap &amp; Charge avec une puissante connexion magn\u00e9tique<\/li>\n<li>USB-C PD int\u00e9gr\u00e9 qui charge jusqu&rsquo;\u00e0 20W<\/li>\n<li>Sortie de charge sans fil 5W\/7,5W\/10W\/15W<\/li>\n<\/ul>\n","protected":false},"featured_media":4458,"comment_status":"open","ping_status":"closed","template":"","meta":{"inline_featured_image":false},"product_brand":[],"product_cat":[140],"product_tag":[],"class_list":{"0":"post-4446","1":"product","2":"type-product","3":"status-publish","4":"has-post-thumbnail","6":"product_cat-travel-power-banks-fr","8":"first","9":"outofstock","10":"shipping-taxable","11":"purchasable","12":"product-type-simple"},"acf":[],"yoast_head":"<!-- This site is optimized with the Yoast SEO plugin v27.5 - https:\/\/yoast.com\/product\/yoast-seo-wordpress\/ -->\n<title>Batterie externe Pebble MG-5 MagSafe 5000mAh<\/title>\n<meta name=\"description\" content=\"La batterie externe Veho Pebble MG-5 MagSafe est une batterie externe MagSafe hautes performances. Elle vous permet de rester charg\u00e9(e) o\u00f9 que vous soyez.\" \/>\n<meta name=\"robots\" content=\"index, follow, max-snippet:-1, max-image-preview:large, max-video-preview:-1\" \/>\n<link rel=\"canonical\" href=\"https:\/\/veho-lifestyle.ca\/fr\/product\/pebble-pz-6-banque-dalimentation-portable-robuste-5000mah-copy\/\" \/>\n<meta property=\"og:locale\" content=\"fr_FR\" \/>\n<meta property=\"og:type\" content=\"article\" \/>\n<meta property=\"og:title\" content=\"Batterie externe Pebble MG-5 MagSafe 5000mAh\" \/>\n<meta property=\"og:description\" content=\"La batterie externe Veho Pebble MG-5 MagSafe est une batterie externe MagSafe hautes performances. Elle vous permet de rester charg\u00e9(e) o\u00f9 que vous soyez.\" \/>\n<meta property=\"og:url\" content=\"https:\/\/veho-lifestyle.ca\/fr\/product\/pebble-pz-6-banque-dalimentation-portable-robuste-5000mah-copy\/\" \/>\n<meta property=\"og:site_name\" content=\"Boutique Veho Lifestyle Canada\" \/>\n<meta property=\"article:modified_time\" content=\"2025-09-22T07:09:12+00:00\" \/>\n<meta property=\"og:image\" content=\"https:\/\/veho-lifestyle.ca\/wp-content\/uploads\/2025\/04\/mg5_hero.png\" \/>\n\t<meta property=\"og:image:width\" content=\"620\" \/>\n\t<meta property=\"og:image:height\" content=\"620\" \/>\n\t<meta property=\"og:image:type\" content=\"image\/png\" \/>\n<meta name=\"twitter:card\" content=\"summary_large_image\" \/>\n<script type=\"application\/ld+json\" class=\"yoast-schema-graph\">{\"@context\":\"https:\\\/\\\/schema.org\",\"@graph\":[{\"@type\":\"WebPage\",\"@id\":\"https:\\\/\\\/veho-lifestyle.ca\\\/fr\\\/product\\\/pebble-pz-6-banque-dalimentation-portable-robuste-5000mah-copy\\\/\",\"url\":\"https:\\\/\\\/veho-lifestyle.ca\\\/fr\\\/product\\\/pebble-pz-6-banque-dalimentation-portable-robuste-5000mah-copy\\\/\",\"name\":\"Batterie externe Pebble MG-5 MagSafe 5000mAh\",\"isPartOf\":{\"@id\":\"https:\\\/\\\/veho-lifestyle.ca\\\/fr\\\/#website\"},\"primaryImageOfPage\":{\"@id\":\"https:\\\/\\\/veho-lifestyle.ca\\\/fr\\\/product\\\/pebble-pz-6-banque-dalimentation-portable-robuste-5000mah-copy\\\/#primaryimage\"},\"image\":{\"@id\":\"https:\\\/\\\/veho-lifestyle.ca\\\/fr\\\/product\\\/pebble-pz-6-banque-dalimentation-portable-robuste-5000mah-copy\\\/#primaryimage\"},\"thumbnailUrl\":\"https:\\\/\\\/veho-lifestyle.ca\\\/wp-content\\\/uploads\\\/2025\\\/04\\\/mg5_hero.png\",\"datePublished\":\"2025-04-23T16:26:45+00:00\",\"dateModified\":\"2025-09-22T07:09:12+00:00\",\"description\":\"La batterie externe Veho Pebble MG-5 MagSafe est une batterie externe MagSafe hautes performances. Elle vous permet de rester charg\u00e9(e) o\u00f9 que vous soyez.\",\"breadcrumb\":{\"@id\":\"https:\\\/\\\/veho-lifestyle.ca\\\/fr\\\/product\\\/pebble-pz-6-banque-dalimentation-portable-robuste-5000mah-copy\\\/#breadcrumb\"},\"inLanguage\":\"fr-FR\",\"potentialAction\":[{\"@type\":\"ReadAction\",\"target\":[\"https:\\\/\\\/veho-lifestyle.ca\\\/fr\\\/product\\\/pebble-pz-6-banque-dalimentation-portable-robuste-5000mah-copy\\\/\"]}]},{\"@type\":\"ImageObject\",\"inLanguage\":\"fr-FR\",\"@id\":\"https:\\\/\\\/veho-lifestyle.ca\\\/fr\\\/product\\\/pebble-pz-6-banque-dalimentation-portable-robuste-5000mah-copy\\\/#primaryimage\",\"url\":\"https:\\\/\\\/veho-lifestyle.ca\\\/wp-content\\\/uploads\\\/2025\\\/04\\\/mg5_hero.png\",\"contentUrl\":\"https:\\\/\\\/veho-lifestyle.ca\\\/wp-content\\\/uploads\\\/2025\\\/04\\\/mg5_hero.png\",\"width\":620,\"height\":620},{\"@type\":\"BreadcrumbList\",\"@id\":\"https:\\\/\\\/veho-lifestyle.ca\\\/fr\\\/product\\\/pebble-pz-6-banque-dalimentation-portable-robuste-5000mah-copy\\\/#breadcrumb\",\"itemListElement\":[{\"@type\":\"ListItem\",\"position\":1,\"name\":\"Home\",\"item\":\"https:\\\/\\\/veho-lifestyle.ca\\\/fr\\\/\"},{\"@type\":\"ListItem\",\"position\":2,\"name\":\"Magasinez\",\"item\":\"https:\\\/\\\/veho-lifestyle.ca\\\/fr\\\/boutique\\\/\"},{\"@type\":\"ListItem\",\"position\":3,\"name\":\"Batterie externe Pebble MG-5 MagSafe 5000mAh\"}]},{\"@type\":\"WebSite\",\"@id\":\"https:\\\/\\\/veho-lifestyle.ca\\\/fr\\\/#website\",\"url\":\"https:\\\/\\\/veho-lifestyle.ca\\\/fr\\\/\",\"name\":\"Boutique Veho Lifestyle Canada\",\"description\":\"\u00c9lectronique grand public con\u00e7ue au Royaume-Uni\",\"potentialAction\":[{\"@type\":\"SearchAction\",\"target\":{\"@type\":\"EntryPoint\",\"urlTemplate\":\"https:\\\/\\\/veho-lifestyle.ca\\\/fr\\\/?s={search_term_string}\"},\"query-input\":{\"@type\":\"PropertyValueSpecification\",\"valueRequired\":true,\"valueName\":\"search_term_string\"}}],\"inLanguage\":\"fr-FR\"}]}<\/script>\n<!-- \/ Yoast SEO plugin. -->","yoast_head_json":{"title":"Batterie externe Pebble MG-5 MagSafe 5000mAh","description":"La batterie externe Veho Pebble MG-5 MagSafe est une batterie externe MagSafe hautes performances. Elle vous permet de rester charg\u00e9(e) o\u00f9 que vous soyez.","robots":{"index":"index","follow":"follow","max-snippet":"max-snippet:-1","max-image-preview":"max-image-preview:large","max-video-preview":"max-video-preview:-1"},"canonical":"https:\/\/veho-lifestyle.ca\/fr\/product\/pebble-pz-6-banque-dalimentation-portable-robuste-5000mah-copy\/","og_locale":"fr_FR","og_type":"article","og_title":"Batterie externe Pebble MG-5 MagSafe 5000mAh","og_description":"La batterie externe Veho Pebble MG-5 MagSafe est une batterie externe MagSafe hautes performances. Elle vous permet de rester charg\u00e9(e) o\u00f9 que vous soyez.","og_url":"https:\/\/veho-lifestyle.ca\/fr\/product\/pebble-pz-6-banque-dalimentation-portable-robuste-5000mah-copy\/","og_site_name":"Boutique Veho Lifestyle Canada","article_modified_time":"2025-09-22T07:09:12+00:00","og_image":[{"width":620,"height":620,"url":"https:\/\/veho-lifestyle.ca\/wp-content\/uploads\/2025\/04\/mg5_hero.png","type":"image\/png"}],"twitter_card":"summary_large_image","schema":{"@context":"https:\/\/schema.org","@graph":[{"@type":"WebPage","@id":"https:\/\/veho-lifestyle.ca\/fr\/product\/pebble-pz-6-banque-dalimentation-portable-robuste-5000mah-copy\/","url":"https:\/\/veho-lifestyle.ca\/fr\/product\/pebble-pz-6-banque-dalimentation-portable-robuste-5000mah-copy\/","name":"Batterie externe Pebble MG-5 MagSafe 5000mAh","isPartOf":{"@id":"https:\/\/veho-lifestyle.ca\/fr\/#website"},"primaryImageOfPage":{"@id":"https:\/\/veho-lifestyle.ca\/fr\/product\/pebble-pz-6-banque-dalimentation-portable-robuste-5000mah-copy\/#primaryimage"},"image":{"@id":"https:\/\/veho-lifestyle.ca\/fr\/product\/pebble-pz-6-banque-dalimentation-portable-robuste-5000mah-copy\/#primaryimage"},"thumbnailUrl":"https:\/\/veho-lifestyle.ca\/wp-content\/uploads\/2025\/04\/mg5_hero.png","datePublished":"2025-04-23T16:26:45+00:00","dateModified":"2025-09-22T07:09:12+00:00","description":"La batterie externe Veho Pebble MG-5 MagSafe est une batterie externe MagSafe hautes performances. Elle vous permet de rester charg\u00e9(e) o\u00f9 que vous soyez.","breadcrumb":{"@id":"https:\/\/veho-lifestyle.ca\/fr\/product\/pebble-pz-6-banque-dalimentation-portable-robuste-5000mah-copy\/#breadcrumb"},"inLanguage":"fr-FR","potentialAction":[{"@type":"ReadAction","target":["https:\/\/veho-lifestyle.ca\/fr\/product\/pebble-pz-6-banque-dalimentation-portable-robuste-5000mah-copy\/"]}]},{"@type":"ImageObject","inLanguage":"fr-FR","@id":"https:\/\/veho-lifestyle.ca\/fr\/product\/pebble-pz-6-banque-dalimentation-portable-robuste-5000mah-copy\/#primaryimage","url":"https:\/\/veho-lifestyle.ca\/wp-content\/uploads\/2025\/04\/mg5_hero.png","contentUrl":"https:\/\/veho-lifestyle.ca\/wp-content\/uploads\/2025\/04\/mg5_hero.png","width":620,"height":620},{"@type":"BreadcrumbList","@id":"https:\/\/veho-lifestyle.ca\/fr\/product\/pebble-pz-6-banque-dalimentation-portable-robuste-5000mah-copy\/#breadcrumb","itemListElement":[{"@type":"ListItem","position":1,"name":"Home","item":"https:\/\/veho-lifestyle.ca\/fr\/"},{"@type":"ListItem","position":2,"name":"Magasinez","item":"https:\/\/veho-lifestyle.ca\/fr\/boutique\/"},{"@type":"ListItem","position":3,"name":"Batterie externe Pebble MG-5 MagSafe 5000mAh"}]},{"@type":"WebSite","@id":"https:\/\/veho-lifestyle.ca\/fr\/#website","url":"https:\/\/veho-lifestyle.ca\/fr\/","name":"Boutique Veho Lifestyle Canada","description":"\u00c9lectronique grand public con\u00e7ue au Royaume-Uni","potentialAction":[{"@type":"SearchAction","target":{"@type":"EntryPoint","urlTemplate":"https:\/\/veho-lifestyle.ca\/fr\/?s={search_term_string}"},"query-input":{"@type":"PropertyValueSpecification","valueRequired":true,"valueName":"search_term_string"}}],"inLanguage":"fr-FR"}]}},"jetpack_sharing_enabled":true,"_links":{"self":[{"href":"https:\/\/veho-lifestyle.ca\/fr\/wp-json\/wp\/v2\/product\/4446","targetHints":{"allow":["GET"]}}],"collection":[{"href":"https:\/\/veho-lifestyle.ca\/fr\/wp-json\/wp\/v2\/product"}],"about":[{"href":"https:\/\/veho-lifestyle.ca\/fr\/wp-json\/wp\/v2\/types\/product"}],"replies":[{"embeddable":true,"href":"https:\/\/veho-lifestyle.ca\/fr\/wp-json\/wp\/v2\/comments?post=4446"}],"wp:featuredmedia":[{"embeddable":true,"href":"https:\/\/veho-lifestyle.ca\/fr\/wp-json\/wp\/v2\/media\/4458"}],"wp:attachment":[{"href":"https:\/\/veho-lifestyle.ca\/fr\/wp-json\/wp\/v2\/media?parent=4446"}],"wp:term":[{"taxonomy":"product_brand","embeddable":true,"href":"https:\/\/veho-lifestyle.ca\/fr\/wp-json\/wp\/v2\/product_brand?post=4446"},{"taxonomy":"product_cat","embeddable":true,"href":"https:\/\/veho-lifestyle.ca\/fr\/wp-json\/wp\/v2\/product_cat?post=4446"},{"taxonomy":"product_tag","embeddable":true,"href":"https:\/\/veho-lifestyle.ca\/fr\/wp-json\/wp\/v2\/product_tag?post=4446"}],"curies":[{"name":"wp","href":"https:\/\/api.w.org\/{rel}","templated":true}]}}