{"id":4377,"date":"2022-02-07T10:41:25","date_gmt":"2022-02-07T15:41:25","guid":{"rendered":"https:\/\/veho-lifestyle.ca\/product\/clavier-de-jeu-usb-alpha-bravo-gk1-mise-en-page-americaine\/"},"modified":"2025-02-05T12:04:35","modified_gmt":"2025-02-05T17:04:35","slug":"clavier-de-jeu-usb-alpha-bravo-gk1-mise-en-page-americaine","status":"publish","type":"product","link":"https:\/\/veho-lifestyle.ca\/fr\/product\/clavier-de-jeu-usb-alpha-bravo-gk1-mise-en-page-americaine\/","title":{"rendered":"Clavier de jeu USB Alpha Bravo GK1 &#8211; Mise en page am\u00e9ricaine"},"content":{"rendered":"<div class=\"wp-content wp-content--product\"><p>Alpha Bravo GK-1 USB Gaming Keyboard US Layout. Les touches minces et \u00e0 profil bas permettent une frappe douce et silencieuse et un confort ergonomique. Les touches r\u00e9tro\u00e9clair\u00e9es illumin\u00e9es sont dot\u00e9es d\u2019un effet d\u2019\u00e9clairage vert, bleu, violet et rouge modifiable en appuyant sur un bouton. 104 cl\u00e9 de la mise en page am\u00e9ricaine.   <\/p>\n<\/div>","protected":false},"excerpt":{"rendered":"<ul>\n<li>Touches r\u00e9tro\u00e9clair\u00e9es en vert, bleu, violet et rouge<\/li>\n<li>Touches minces et \u00e0 profil bas<\/li>\n<li>Disposition du clavier am\u00e9ricain<\/li>\n<\/ul>\n","protected":false},"featured_media":4372,"comment_status":"closed","ping_status":"closed","template":"","meta":{"inline_featured_image":false},"product_brand":[],"product_cat":[113],"product_tag":[],"class_list":{"0":"post-4377","1":"product","2":"type-product","3":"status-publish","4":"has-post-thumbnail","6":"product_cat-gaming-keyboards-fr","8":"first","9":"outofstock","10":"shipping-taxable","11":"purchasable","12":"product-type-simple"},"acf":[],"yoast_head":"<!-- This site is optimized with the Yoast SEO plugin v27.5 - https:\/\/yoast.com\/product\/yoast-seo-wordpress\/ -->\n<title>Clavier de jeu USB Alpha Bravo GK-1<\/title>\n<meta name=\"description\" content=\"Alpha Bravo GK-1 USB Gaming Keyboard UK Layout. Les touches minces et \u00e0 profil bas permettent une frappe douce et silencieuse et un confort ergonomique.\" \/>\n<meta name=\"robots\" content=\"index, follow, max-snippet:-1, max-image-preview:large, max-video-preview:-1\" \/>\n<link rel=\"canonical\" href=\"https:\/\/veho-lifestyle.ca\/fr\/product\/clavier-de-jeu-usb-alpha-bravo-gk1-mise-en-page-americaine\/\" \/>\n<meta property=\"og:locale\" content=\"fr_FR\" \/>\n<meta property=\"og:type\" content=\"article\" \/>\n<meta property=\"og:title\" content=\"Clavier de jeu USB Alpha Bravo GK-1\" \/>\n<meta property=\"og:description\" content=\"Alpha Bravo GK-1 USB Gaming Keyboard UK Layout. Les touches minces et \u00e0 profil bas permettent une frappe douce et silencieuse et un confort ergonomique.\" \/>\n<meta property=\"og:url\" content=\"https:\/\/veho-lifestyle.ca\/fr\/product\/clavier-de-jeu-usb-alpha-bravo-gk1-mise-en-page-americaine\/\" \/>\n<meta property=\"og:site_name\" content=\"Boutique Veho Lifestyle Canada\" \/>\n<meta property=\"article:modified_time\" content=\"2025-02-05T17:04:35+00:00\" \/>\n<meta property=\"og:image\" content=\"https:\/\/veho-lifestyle.ca\/wp-content\/uploads\/2022\/02\/VAB-301-GK1-US_1-1.png\" \/>\n\t<meta property=\"og:image:width\" content=\"620\" \/>\n\t<meta property=\"og:image:height\" content=\"620\" \/>\n\t<meta property=\"og:image:type\" content=\"image\/png\" \/>\n<meta name=\"twitter:card\" content=\"summary_large_image\" \/>\n<script type=\"application\/ld+json\" class=\"yoast-schema-graph\">{\"@context\":\"https:\\\/\\\/schema.org\",\"@graph\":[{\"@type\":\"WebPage\",\"@id\":\"https:\\\/\\\/veho-lifestyle.ca\\\/fr\\\/product\\\/clavier-de-jeu-usb-alpha-bravo-gk1-mise-en-page-americaine\\\/\",\"url\":\"https:\\\/\\\/veho-lifestyle.ca\\\/fr\\\/product\\\/clavier-de-jeu-usb-alpha-bravo-gk1-mise-en-page-americaine\\\/\",\"name\":\"Clavier de jeu USB Alpha Bravo GK-1\",\"isPartOf\":{\"@id\":\"https:\\\/\\\/veho-lifestyle.ca\\\/fr\\\/#website\"},\"primaryImageOfPage\":{\"@id\":\"https:\\\/\\\/veho-lifestyle.ca\\\/fr\\\/product\\\/clavier-de-jeu-usb-alpha-bravo-gk1-mise-en-page-americaine\\\/#primaryimage\"},\"image\":{\"@id\":\"https:\\\/\\\/veho-lifestyle.ca\\\/fr\\\/product\\\/clavier-de-jeu-usb-alpha-bravo-gk1-mise-en-page-americaine\\\/#primaryimage\"},\"thumbnailUrl\":\"https:\\\/\\\/veho-lifestyle.ca\\\/wp-content\\\/uploads\\\/2022\\\/02\\\/VAB-301-GK1-US_1-1.png\",\"datePublished\":\"2022-02-07T15:41:25+00:00\",\"dateModified\":\"2025-02-05T17:04:35+00:00\",\"description\":\"Alpha Bravo GK-1 USB Gaming Keyboard UK Layout. Les touches minces et \u00e0 profil bas permettent une frappe douce et silencieuse et un confort ergonomique.\",\"breadcrumb\":{\"@id\":\"https:\\\/\\\/veho-lifestyle.ca\\\/fr\\\/product\\\/clavier-de-jeu-usb-alpha-bravo-gk1-mise-en-page-americaine\\\/#breadcrumb\"},\"inLanguage\":\"fr-FR\",\"potentialAction\":[{\"@type\":\"ReadAction\",\"target\":[\"https:\\\/\\\/veho-lifestyle.ca\\\/fr\\\/product\\\/clavier-de-jeu-usb-alpha-bravo-gk1-mise-en-page-americaine\\\/\"]}]},{\"@type\":\"ImageObject\",\"inLanguage\":\"fr-FR\",\"@id\":\"https:\\\/\\\/veho-lifestyle.ca\\\/fr\\\/product\\\/clavier-de-jeu-usb-alpha-bravo-gk1-mise-en-page-americaine\\\/#primaryimage\",\"url\":\"https:\\\/\\\/veho-lifestyle.ca\\\/wp-content\\\/uploads\\\/2022\\\/02\\\/VAB-301-GK1-US_1-1.png\",\"contentUrl\":\"https:\\\/\\\/veho-lifestyle.ca\\\/wp-content\\\/uploads\\\/2022\\\/02\\\/VAB-301-GK1-US_1-1.png\",\"width\":620,\"height\":620},{\"@type\":\"BreadcrumbList\",\"@id\":\"https:\\\/\\\/veho-lifestyle.ca\\\/fr\\\/product\\\/clavier-de-jeu-usb-alpha-bravo-gk1-mise-en-page-americaine\\\/#breadcrumb\",\"itemListElement\":[{\"@type\":\"ListItem\",\"position\":1,\"name\":\"Home\",\"item\":\"https:\\\/\\\/veho-lifestyle.ca\\\/fr\\\/\"},{\"@type\":\"ListItem\",\"position\":2,\"name\":\"Magasinez\",\"item\":\"https:\\\/\\\/veho-lifestyle.ca\\\/fr\\\/boutique\\\/\"},{\"@type\":\"ListItem\",\"position\":3,\"name\":\"Clavier de jeu USB Alpha Bravo GK1 &#8211; Mise en page am\u00e9ricaine\"}]},{\"@type\":\"WebSite\",\"@id\":\"https:\\\/\\\/veho-lifestyle.ca\\\/fr\\\/#website\",\"url\":\"https:\\\/\\\/veho-lifestyle.ca\\\/fr\\\/\",\"name\":\"Boutique Veho Lifestyle Canada\",\"description\":\"\u00c9lectronique grand public con\u00e7ue au Royaume-Uni\",\"potentialAction\":[{\"@type\":\"SearchAction\",\"target\":{\"@type\":\"EntryPoint\",\"urlTemplate\":\"https:\\\/\\\/veho-lifestyle.ca\\\/fr\\\/?s={search_term_string}\"},\"query-input\":{\"@type\":\"PropertyValueSpecification\",\"valueRequired\":true,\"valueName\":\"search_term_string\"}}],\"inLanguage\":\"fr-FR\"}]}<\/script>\n<!-- \/ Yoast SEO plugin. -->","yoast_head_json":{"title":"Clavier de jeu USB Alpha Bravo GK-1","description":"Alpha Bravo GK-1 USB Gaming Keyboard UK Layout. Les touches minces et \u00e0 profil bas permettent une frappe douce et silencieuse et un confort ergonomique.","robots":{"index":"index","follow":"follow","max-snippet":"max-snippet:-1","max-image-preview":"max-image-preview:large","max-video-preview":"max-video-preview:-1"},"canonical":"https:\/\/veho-lifestyle.ca\/fr\/product\/clavier-de-jeu-usb-alpha-bravo-gk1-mise-en-page-americaine\/","og_locale":"fr_FR","og_type":"article","og_title":"Clavier de jeu USB Alpha Bravo GK-1","og_description":"Alpha Bravo GK-1 USB Gaming Keyboard UK Layout. Les touches minces et \u00e0 profil bas permettent une frappe douce et silencieuse et un confort ergonomique.","og_url":"https:\/\/veho-lifestyle.ca\/fr\/product\/clavier-de-jeu-usb-alpha-bravo-gk1-mise-en-page-americaine\/","og_site_name":"Boutique Veho Lifestyle Canada","article_modified_time":"2025-02-05T17:04:35+00:00","og_image":[{"width":620,"height":620,"url":"https:\/\/veho-lifestyle.ca\/wp-content\/uploads\/2022\/02\/VAB-301-GK1-US_1-1.png","type":"image\/png"}],"twitter_card":"summary_large_image","schema":{"@context":"https:\/\/schema.org","@graph":[{"@type":"WebPage","@id":"https:\/\/veho-lifestyle.ca\/fr\/product\/clavier-de-jeu-usb-alpha-bravo-gk1-mise-en-page-americaine\/","url":"https:\/\/veho-lifestyle.ca\/fr\/product\/clavier-de-jeu-usb-alpha-bravo-gk1-mise-en-page-americaine\/","name":"Clavier de jeu USB Alpha Bravo GK-1","isPartOf":{"@id":"https:\/\/veho-lifestyle.ca\/fr\/#website"},"primaryImageOfPage":{"@id":"https:\/\/veho-lifestyle.ca\/fr\/product\/clavier-de-jeu-usb-alpha-bravo-gk1-mise-en-page-americaine\/#primaryimage"},"image":{"@id":"https:\/\/veho-lifestyle.ca\/fr\/product\/clavier-de-jeu-usb-alpha-bravo-gk1-mise-en-page-americaine\/#primaryimage"},"thumbnailUrl":"https:\/\/veho-lifestyle.ca\/wp-content\/uploads\/2022\/02\/VAB-301-GK1-US_1-1.png","datePublished":"2022-02-07T15:41:25+00:00","dateModified":"2025-02-05T17:04:35+00:00","description":"Alpha Bravo GK-1 USB Gaming Keyboard UK Layout. Les touches minces et \u00e0 profil bas permettent une frappe douce et silencieuse et un confort ergonomique.","breadcrumb":{"@id":"https:\/\/veho-lifestyle.ca\/fr\/product\/clavier-de-jeu-usb-alpha-bravo-gk1-mise-en-page-americaine\/#breadcrumb"},"inLanguage":"fr-FR","potentialAction":[{"@type":"ReadAction","target":["https:\/\/veho-lifestyle.ca\/fr\/product\/clavier-de-jeu-usb-alpha-bravo-gk1-mise-en-page-americaine\/"]}]},{"@type":"ImageObject","inLanguage":"fr-FR","@id":"https:\/\/veho-lifestyle.ca\/fr\/product\/clavier-de-jeu-usb-alpha-bravo-gk1-mise-en-page-americaine\/#primaryimage","url":"https:\/\/veho-lifestyle.ca\/wp-content\/uploads\/2022\/02\/VAB-301-GK1-US_1-1.png","contentUrl":"https:\/\/veho-lifestyle.ca\/wp-content\/uploads\/2022\/02\/VAB-301-GK1-US_1-1.png","width":620,"height":620},{"@type":"BreadcrumbList","@id":"https:\/\/veho-lifestyle.ca\/fr\/product\/clavier-de-jeu-usb-alpha-bravo-gk1-mise-en-page-americaine\/#breadcrumb","itemListElement":[{"@type":"ListItem","position":1,"name":"Home","item":"https:\/\/veho-lifestyle.ca\/fr\/"},{"@type":"ListItem","position":2,"name":"Magasinez","item":"https:\/\/veho-lifestyle.ca\/fr\/boutique\/"},{"@type":"ListItem","position":3,"name":"Clavier de jeu USB Alpha Bravo GK1 &#8211; Mise en page am\u00e9ricaine"}]},{"@type":"WebSite","@id":"https:\/\/veho-lifestyle.ca\/fr\/#website","url":"https:\/\/veho-lifestyle.ca\/fr\/","name":"Boutique Veho Lifestyle Canada","description":"\u00c9lectronique grand public con\u00e7ue au Royaume-Uni","potentialAction":[{"@type":"SearchAction","target":{"@type":"EntryPoint","urlTemplate":"https:\/\/veho-lifestyle.ca\/fr\/?s={search_term_string}"},"query-input":{"@type":"PropertyValueSpecification","valueRequired":true,"valueName":"search_term_string"}}],"inLanguage":"fr-FR"}]}},"jetpack_sharing_enabled":true,"_links":{"self":[{"href":"https:\/\/veho-lifestyle.ca\/fr\/wp-json\/wp\/v2\/product\/4377","targetHints":{"allow":["GET"]}}],"collection":[{"href":"https:\/\/veho-lifestyle.ca\/fr\/wp-json\/wp\/v2\/product"}],"about":[{"href":"https:\/\/veho-lifestyle.ca\/fr\/wp-json\/wp\/v2\/types\/product"}],"replies":[{"embeddable":true,"href":"https:\/\/veho-lifestyle.ca\/fr\/wp-json\/wp\/v2\/comments?post=4377"}],"wp:featuredmedia":[{"embeddable":true,"href":"https:\/\/veho-lifestyle.ca\/fr\/wp-json\/wp\/v2\/media\/4372"}],"wp:attachment":[{"href":"https:\/\/veho-lifestyle.ca\/fr\/wp-json\/wp\/v2\/media?parent=4377"}],"wp:term":[{"taxonomy":"product_brand","embeddable":true,"href":"https:\/\/veho-lifestyle.ca\/fr\/wp-json\/wp\/v2\/product_brand?post=4377"},{"taxonomy":"product_cat","embeddable":true,"href":"https:\/\/veho-lifestyle.ca\/fr\/wp-json\/wp\/v2\/product_cat?post=4377"},{"taxonomy":"product_tag","embeddable":true,"href":"https:\/\/veho-lifestyle.ca\/fr\/wp-json\/wp\/v2\/product_tag?post=4377"}],"curies":[{"name":"wp","href":"https:\/\/api.w.org\/{rel}","templated":true}]}}