{"id":4370,"date":"2022-02-07T10:33:45","date_gmt":"2022-02-07T15:33:45","guid":{"rendered":"https:\/\/veho-lifestyle.ca\/product\/muvi-hd-pro-3-titan-bodyworn-camera\/"},"modified":"2025-02-05T11:35:26","modified_gmt":"2025-02-05T16:35:26","slug":"muvi-hd-pro-3-titan-bodyworn-camera","status":"publish","type":"product","link":"https:\/\/veho-lifestyle.ca\/fr\/product\/muvi-hd-pro-3-titan-bodyworn-camera\/","title":{"rendered":"MUVI HD Pro 3 Titan Bodyworn Cam\u00e9ra"},"content":{"rendered":"<div class=\"wp-content wp-content--product\"><p>La cam\u00e9ra Muvi HD Pro 3 Titan Bodyworn Pour l\u2019application de la loi et la s\u00e9curit\u00e9. La conception robuste et robuste est sp\u00e9cifiquement destin\u00e9e aux agents de s\u00e9curit\u00e9 et d\u2019application de la loi. Capture la vid\u00e9o Full HD 1080p avec jusqu\u2019\u00e0 15 heures d\u2019autonomie record continue de la batterie. Les caract\u00e9ristiques incluent une m\u00e9moire int\u00e9gr\u00e9e de 64 Go, une r\u00e9sistance \u00e0 l\u2019eau et \u00e0 la poussi\u00e8re IP67, un enregistrement de nuit infrarouge, un microphone int\u00e9gr\u00e9 et un \u00e9cran de panneau de commande LED TFT.   <\/p>\n<\/div>","protected":false},"excerpt":{"rendered":"<ul>\n<li>Capture en Full HD 1080P@30fps<\/li>\n<li>Jusqu\u2019\u00e0 15 heures de vie record continue de la batterie<\/li>\n<li>Bo\u00eetier r\u00e9sistant \u00e0 l\u2019eau robuste IP67<\/li>\n<\/ul>\n","protected":false},"featured_media":2799,"comment_status":"closed","ping_status":"closed","template":"","meta":{"inline_featured_image":false},"product_brand":[],"product_cat":[134],"product_tag":[171,159],"class_list":{"0":"post-4370","1":"product","2":"type-product","3":"status-publish","4":"has-post-thumbnail","6":"product_cat-hd-bodyworn-handsfree-cameras-fr","7":"product_tag-hd-1080p-fr","8":"product_tag-resistant-a-leau","10":"first","11":"instock","12":"shipping-taxable","13":"purchasable","14":"product-type-simple"},"acf":[],"yoast_head":"<!-- This site is optimized with the Yoast SEO plugin v27.5 - https:\/\/yoast.com\/product\/yoast-seo-wordpress\/ -->\n<title>MUVI HD Pro 3 Titan Bodyworn Cam\u00e9ra<\/title>\n<meta name=\"description\" content=\"La cam\u00e9ra Muvi HD Pro 3 Titan Bodyworn Pour l\u2019application de la loi et la s\u00e9curit\u00e9. Capture full HD 1080p pour un maximum de 15 heures d\u2019enregistrement continu.\" \/>\n<meta name=\"robots\" content=\"index, follow, max-snippet:-1, max-image-preview:large, max-video-preview:-1\" \/>\n<link rel=\"canonical\" href=\"https:\/\/veho-lifestyle.ca\/fr\/product\/muvi-hd-pro-3-titan-bodyworn-camera\/\" \/>\n<meta property=\"og:locale\" content=\"fr_FR\" \/>\n<meta property=\"og:type\" content=\"article\" \/>\n<meta property=\"og:title\" content=\"MUVI HD Pro 3 Titan Bodyworn Cam\u00e9ra\" \/>\n<meta property=\"og:description\" content=\"La cam\u00e9ra Muvi HD Pro 3 Titan Bodyworn Pour l\u2019application de la loi et la s\u00e9curit\u00e9. Capture full HD 1080p pour un maximum de 15 heures d\u2019enregistrement continu.\" \/>\n<meta property=\"og:url\" content=\"https:\/\/veho-lifestyle.ca\/fr\/product\/muvi-hd-pro-3-titan-bodyworn-camera\/\" \/>\n<meta property=\"og:site_name\" content=\"Boutique Veho Lifestyle Canada\" \/>\n<meta property=\"article:modified_time\" content=\"2025-02-05T16:35:26+00:00\" \/>\n<meta property=\"og:image\" content=\"https:\/\/veho-lifestyle.ca\/wp-content\/uploads\/2022\/02\/titan_hero.png\" \/>\n\t<meta property=\"og:image:width\" content=\"620\" \/>\n\t<meta property=\"og:image:height\" content=\"620\" \/>\n\t<meta property=\"og:image:type\" content=\"image\/png\" \/>\n<meta name=\"twitter:card\" content=\"summary_large_image\" \/>\n<script type=\"application\/ld+json\" class=\"yoast-schema-graph\">{\"@context\":\"https:\\\/\\\/schema.org\",\"@graph\":[{\"@type\":\"WebPage\",\"@id\":\"https:\\\/\\\/veho-lifestyle.ca\\\/fr\\\/product\\\/muvi-hd-pro-3-titan-bodyworn-camera\\\/\",\"url\":\"https:\\\/\\\/veho-lifestyle.ca\\\/fr\\\/product\\\/muvi-hd-pro-3-titan-bodyworn-camera\\\/\",\"name\":\"MUVI HD Pro 3 Titan Bodyworn Cam\u00e9ra\",\"isPartOf\":{\"@id\":\"https:\\\/\\\/veho-lifestyle.ca\\\/fr\\\/#website\"},\"primaryImageOfPage\":{\"@id\":\"https:\\\/\\\/veho-lifestyle.ca\\\/fr\\\/product\\\/muvi-hd-pro-3-titan-bodyworn-camera\\\/#primaryimage\"},\"image\":{\"@id\":\"https:\\\/\\\/veho-lifestyle.ca\\\/fr\\\/product\\\/muvi-hd-pro-3-titan-bodyworn-camera\\\/#primaryimage\"},\"thumbnailUrl\":\"https:\\\/\\\/veho-lifestyle.ca\\\/wp-content\\\/uploads\\\/2022\\\/02\\\/titan_hero.png\",\"datePublished\":\"2022-02-07T15:33:45+00:00\",\"dateModified\":\"2025-02-05T16:35:26+00:00\",\"description\":\"La cam\u00e9ra Muvi HD Pro 3 Titan Bodyworn Pour l\u2019application de la loi et la s\u00e9curit\u00e9. Capture full HD 1080p pour un maximum de 15 heures d\u2019enregistrement continu.\",\"breadcrumb\":{\"@id\":\"https:\\\/\\\/veho-lifestyle.ca\\\/fr\\\/product\\\/muvi-hd-pro-3-titan-bodyworn-camera\\\/#breadcrumb\"},\"inLanguage\":\"fr-FR\",\"potentialAction\":[{\"@type\":\"ReadAction\",\"target\":[\"https:\\\/\\\/veho-lifestyle.ca\\\/fr\\\/product\\\/muvi-hd-pro-3-titan-bodyworn-camera\\\/\"]}]},{\"@type\":\"ImageObject\",\"inLanguage\":\"fr-FR\",\"@id\":\"https:\\\/\\\/veho-lifestyle.ca\\\/fr\\\/product\\\/muvi-hd-pro-3-titan-bodyworn-camera\\\/#primaryimage\",\"url\":\"https:\\\/\\\/veho-lifestyle.ca\\\/wp-content\\\/uploads\\\/2022\\\/02\\\/titan_hero.png\",\"contentUrl\":\"https:\\\/\\\/veho-lifestyle.ca\\\/wp-content\\\/uploads\\\/2022\\\/02\\\/titan_hero.png\",\"width\":620,\"height\":620},{\"@type\":\"BreadcrumbList\",\"@id\":\"https:\\\/\\\/veho-lifestyle.ca\\\/fr\\\/product\\\/muvi-hd-pro-3-titan-bodyworn-camera\\\/#breadcrumb\",\"itemListElement\":[{\"@type\":\"ListItem\",\"position\":1,\"name\":\"Home\",\"item\":\"https:\\\/\\\/veho-lifestyle.ca\\\/fr\\\/\"},{\"@type\":\"ListItem\",\"position\":2,\"name\":\"Magasinez\",\"item\":\"https:\\\/\\\/veho-lifestyle.ca\\\/fr\\\/boutique\\\/\"},{\"@type\":\"ListItem\",\"position\":3,\"name\":\"MUVI HD Pro 3 Titan Bodyworn Cam\u00e9ra\"}]},{\"@type\":\"WebSite\",\"@id\":\"https:\\\/\\\/veho-lifestyle.ca\\\/fr\\\/#website\",\"url\":\"https:\\\/\\\/veho-lifestyle.ca\\\/fr\\\/\",\"name\":\"Boutique Veho Lifestyle Canada\",\"description\":\"\u00c9lectronique grand public con\u00e7ue au Royaume-Uni\",\"potentialAction\":[{\"@type\":\"SearchAction\",\"target\":{\"@type\":\"EntryPoint\",\"urlTemplate\":\"https:\\\/\\\/veho-lifestyle.ca\\\/fr\\\/?s={search_term_string}\"},\"query-input\":{\"@type\":\"PropertyValueSpecification\",\"valueRequired\":true,\"valueName\":\"search_term_string\"}}],\"inLanguage\":\"fr-FR\"}]}<\/script>\n<!-- \/ Yoast SEO plugin. -->","yoast_head_json":{"title":"MUVI HD Pro 3 Titan Bodyworn Cam\u00e9ra","description":"La cam\u00e9ra Muvi HD Pro 3 Titan Bodyworn Pour l\u2019application de la loi et la s\u00e9curit\u00e9. Capture full HD 1080p pour un maximum de 15 heures d\u2019enregistrement continu.","robots":{"index":"index","follow":"follow","max-snippet":"max-snippet:-1","max-image-preview":"max-image-preview:large","max-video-preview":"max-video-preview:-1"},"canonical":"https:\/\/veho-lifestyle.ca\/fr\/product\/muvi-hd-pro-3-titan-bodyworn-camera\/","og_locale":"fr_FR","og_type":"article","og_title":"MUVI HD Pro 3 Titan Bodyworn Cam\u00e9ra","og_description":"La cam\u00e9ra Muvi HD Pro 3 Titan Bodyworn Pour l\u2019application de la loi et la s\u00e9curit\u00e9. Capture full HD 1080p pour un maximum de 15 heures d\u2019enregistrement continu.","og_url":"https:\/\/veho-lifestyle.ca\/fr\/product\/muvi-hd-pro-3-titan-bodyworn-camera\/","og_site_name":"Boutique Veho Lifestyle Canada","article_modified_time":"2025-02-05T16:35:26+00:00","og_image":[{"width":620,"height":620,"url":"https:\/\/veho-lifestyle.ca\/wp-content\/uploads\/2022\/02\/titan_hero.png","type":"image\/png"}],"twitter_card":"summary_large_image","schema":{"@context":"https:\/\/schema.org","@graph":[{"@type":"WebPage","@id":"https:\/\/veho-lifestyle.ca\/fr\/product\/muvi-hd-pro-3-titan-bodyworn-camera\/","url":"https:\/\/veho-lifestyle.ca\/fr\/product\/muvi-hd-pro-3-titan-bodyworn-camera\/","name":"MUVI HD Pro 3 Titan Bodyworn Cam\u00e9ra","isPartOf":{"@id":"https:\/\/veho-lifestyle.ca\/fr\/#website"},"primaryImageOfPage":{"@id":"https:\/\/veho-lifestyle.ca\/fr\/product\/muvi-hd-pro-3-titan-bodyworn-camera\/#primaryimage"},"image":{"@id":"https:\/\/veho-lifestyle.ca\/fr\/product\/muvi-hd-pro-3-titan-bodyworn-camera\/#primaryimage"},"thumbnailUrl":"https:\/\/veho-lifestyle.ca\/wp-content\/uploads\/2022\/02\/titan_hero.png","datePublished":"2022-02-07T15:33:45+00:00","dateModified":"2025-02-05T16:35:26+00:00","description":"La cam\u00e9ra Muvi HD Pro 3 Titan Bodyworn Pour l\u2019application de la loi et la s\u00e9curit\u00e9. Capture full HD 1080p pour un maximum de 15 heures d\u2019enregistrement continu.","breadcrumb":{"@id":"https:\/\/veho-lifestyle.ca\/fr\/product\/muvi-hd-pro-3-titan-bodyworn-camera\/#breadcrumb"},"inLanguage":"fr-FR","potentialAction":[{"@type":"ReadAction","target":["https:\/\/veho-lifestyle.ca\/fr\/product\/muvi-hd-pro-3-titan-bodyworn-camera\/"]}]},{"@type":"ImageObject","inLanguage":"fr-FR","@id":"https:\/\/veho-lifestyle.ca\/fr\/product\/muvi-hd-pro-3-titan-bodyworn-camera\/#primaryimage","url":"https:\/\/veho-lifestyle.ca\/wp-content\/uploads\/2022\/02\/titan_hero.png","contentUrl":"https:\/\/veho-lifestyle.ca\/wp-content\/uploads\/2022\/02\/titan_hero.png","width":620,"height":620},{"@type":"BreadcrumbList","@id":"https:\/\/veho-lifestyle.ca\/fr\/product\/muvi-hd-pro-3-titan-bodyworn-camera\/#breadcrumb","itemListElement":[{"@type":"ListItem","position":1,"name":"Home","item":"https:\/\/veho-lifestyle.ca\/fr\/"},{"@type":"ListItem","position":2,"name":"Magasinez","item":"https:\/\/veho-lifestyle.ca\/fr\/boutique\/"},{"@type":"ListItem","position":3,"name":"MUVI HD Pro 3 Titan Bodyworn Cam\u00e9ra"}]},{"@type":"WebSite","@id":"https:\/\/veho-lifestyle.ca\/fr\/#website","url":"https:\/\/veho-lifestyle.ca\/fr\/","name":"Boutique Veho Lifestyle Canada","description":"\u00c9lectronique grand public con\u00e7ue au Royaume-Uni","potentialAction":[{"@type":"SearchAction","target":{"@type":"EntryPoint","urlTemplate":"https:\/\/veho-lifestyle.ca\/fr\/?s={search_term_string}"},"query-input":{"@type":"PropertyValueSpecification","valueRequired":true,"valueName":"search_term_string"}}],"inLanguage":"fr-FR"}]}},"jetpack_sharing_enabled":true,"_links":{"self":[{"href":"https:\/\/veho-lifestyle.ca\/fr\/wp-json\/wp\/v2\/product\/4370","targetHints":{"allow":["GET"]}}],"collection":[{"href":"https:\/\/veho-lifestyle.ca\/fr\/wp-json\/wp\/v2\/product"}],"about":[{"href":"https:\/\/veho-lifestyle.ca\/fr\/wp-json\/wp\/v2\/types\/product"}],"replies":[{"embeddable":true,"href":"https:\/\/veho-lifestyle.ca\/fr\/wp-json\/wp\/v2\/comments?post=4370"}],"wp:featuredmedia":[{"embeddable":true,"href":"https:\/\/veho-lifestyle.ca\/fr\/wp-json\/wp\/v2\/media\/2799"}],"wp:attachment":[{"href":"https:\/\/veho-lifestyle.ca\/fr\/wp-json\/wp\/v2\/media?parent=4370"}],"wp:term":[{"taxonomy":"product_brand","embeddable":true,"href":"https:\/\/veho-lifestyle.ca\/fr\/wp-json\/wp\/v2\/product_brand?post=4370"},{"taxonomy":"product_cat","embeddable":true,"href":"https:\/\/veho-lifestyle.ca\/fr\/wp-json\/wp\/v2\/product_cat?post=4370"},{"taxonomy":"product_tag","embeddable":true,"href":"https:\/\/veho-lifestyle.ca\/fr\/wp-json\/wp\/v2\/product_tag?post=4370"}],"curies":[{"name":"wp","href":"https:\/\/api.w.org\/{rel}","templated":true}]}}