{"id":4369,"date":"2022-02-07T10:37:38","date_gmt":"2022-02-07T15:37:38","guid":{"rendered":"https:\/\/veho-lifestyle.ca\/product\/telecommande-sans-fil-cave\/"},"modified":"2025-01-28T11:16:11","modified_gmt":"2025-01-28T16:16:11","slug":"telecommande-sans-fil-cave","status":"publish","type":"product","link":"https:\/\/veho-lifestyle.ca\/fr\/product\/telecommande-sans-fil-cave\/","title":{"rendered":"T\u00e9l\u00e9commande sans fil Cave"},"content":{"rendered":"<div class=\"wp-content wp-content--product\"><p>La t\u00e9l\u00e9commande sans fil Cave est con\u00e7ue pour \u00eatre utilis\u00e9e avec le syst\u00e8me Cave Smart Home. Ajoutez une t\u00e9l\u00e9commande suppl\u00e9mentaire, via le code QR s\u00e9curis\u00e9, \u00e0 votre syst\u00e8me Cave existant \u00e0 l\u2019aide de l\u2019application Cave. <\/p>\n<\/div>","protected":false},"excerpt":{"rendered":"<ul>\n<li>Facilement jumel\u00e9 et configur\u00e9 dans votre syst\u00e8me Cave existant<\/li>\n<li>Connexion s\u00e9curis\u00e9e \u00e0 l\u2019aide de QRCode<\/li>\n<li>Application pour iOS et Android<\/li>\n<\/ul>\n","protected":false},"featured_media":2983,"comment_status":"closed","ping_status":"closed","template":"","meta":{"inline_featured_image":false},"product_brand":[],"product_cat":[115,149],"product_tag":[],"class_list":{"0":"post-4369","1":"product","2":"type-product","3":"status-publish","4":"has-post-thumbnail","6":"product_cat-cave-smart-home-fr","7":"product_cat-top-deals-fr","9":"first","10":"instock","11":"shipping-taxable","12":"purchasable","13":"product-type-simple"},"acf":[],"yoast_head":"<!-- This site is optimized with the Yoast SEO plugin v27.5 - https:\/\/yoast.com\/product\/yoast-seo-wordpress\/ -->\n<title>T\u00e9l\u00e9commande sans fil Cave - Boutique Veho Lifestyle Canada<\/title>\n<meta name=\"description\" content=\"La t\u00e9l\u00e9commande sans fil Cave est con\u00e7ue pour \u00eatre utilis\u00e9e avec le syst\u00e8me Cave Smart Home. Ajoutez une ou plusieurs t\u00e9l\u00e9commandes \u00e0 votre syst\u00e8me Cave.\" \/>\n<meta name=\"robots\" content=\"index, follow, max-snippet:-1, max-image-preview:large, max-video-preview:-1\" \/>\n<link rel=\"canonical\" href=\"https:\/\/veho-lifestyle.ca\/fr\/product\/telecommande-sans-fil-cave\/\" \/>\n<meta property=\"og:locale\" content=\"fr_FR\" \/>\n<meta property=\"og:type\" content=\"article\" \/>\n<meta property=\"og:title\" content=\"T\u00e9l\u00e9commande sans fil Cave - Boutique Veho Lifestyle Canada\" \/>\n<meta property=\"og:description\" content=\"La t\u00e9l\u00e9commande sans fil Cave est con\u00e7ue pour \u00eatre utilis\u00e9e avec le syst\u00e8me Cave Smart Home. Ajoutez une ou plusieurs t\u00e9l\u00e9commandes \u00e0 votre syst\u00e8me Cave.\" \/>\n<meta property=\"og:url\" content=\"https:\/\/veho-lifestyle.ca\/fr\/product\/telecommande-sans-fil-cave\/\" \/>\n<meta property=\"og:site_name\" content=\"Boutique Veho Lifestyle Canada\" \/>\n<meta property=\"article:modified_time\" content=\"2025-01-28T16:16:11+00:00\" \/>\n<meta property=\"og:image\" content=\"https:\/\/veho-lifestyle.ca\/wp-content\/uploads\/2022\/02\/VHS-005-RC-1.png\" \/>\n\t<meta property=\"og:image:width\" content=\"620\" \/>\n\t<meta property=\"og:image:height\" content=\"620\" \/>\n\t<meta property=\"og:image:type\" content=\"image\/png\" \/>\n<meta name=\"twitter:card\" content=\"summary_large_image\" \/>\n<script type=\"application\/ld+json\" class=\"yoast-schema-graph\">{\"@context\":\"https:\\\/\\\/schema.org\",\"@graph\":[{\"@type\":\"WebPage\",\"@id\":\"https:\\\/\\\/veho-lifestyle.ca\\\/fr\\\/product\\\/telecommande-sans-fil-cave\\\/\",\"url\":\"https:\\\/\\\/veho-lifestyle.ca\\\/fr\\\/product\\\/telecommande-sans-fil-cave\\\/\",\"name\":\"T\u00e9l\u00e9commande sans fil Cave - Boutique Veho Lifestyle Canada\",\"isPartOf\":{\"@id\":\"https:\\\/\\\/veho-lifestyle.ca\\\/fr\\\/#website\"},\"primaryImageOfPage\":{\"@id\":\"https:\\\/\\\/veho-lifestyle.ca\\\/fr\\\/product\\\/telecommande-sans-fil-cave\\\/#primaryimage\"},\"image\":{\"@id\":\"https:\\\/\\\/veho-lifestyle.ca\\\/fr\\\/product\\\/telecommande-sans-fil-cave\\\/#primaryimage\"},\"thumbnailUrl\":\"https:\\\/\\\/veho-lifestyle.ca\\\/wp-content\\\/uploads\\\/2022\\\/02\\\/VHS-005-RC-1.png\",\"datePublished\":\"2022-02-07T15:37:38+00:00\",\"dateModified\":\"2025-01-28T16:16:11+00:00\",\"description\":\"La t\u00e9l\u00e9commande sans fil Cave est con\u00e7ue pour \u00eatre utilis\u00e9e avec le syst\u00e8me Cave Smart Home. Ajoutez une ou plusieurs t\u00e9l\u00e9commandes \u00e0 votre syst\u00e8me Cave.\",\"breadcrumb\":{\"@id\":\"https:\\\/\\\/veho-lifestyle.ca\\\/fr\\\/product\\\/telecommande-sans-fil-cave\\\/#breadcrumb\"},\"inLanguage\":\"fr-FR\",\"potentialAction\":[{\"@type\":\"ReadAction\",\"target\":[\"https:\\\/\\\/veho-lifestyle.ca\\\/fr\\\/product\\\/telecommande-sans-fil-cave\\\/\"]}]},{\"@type\":\"ImageObject\",\"inLanguage\":\"fr-FR\",\"@id\":\"https:\\\/\\\/veho-lifestyle.ca\\\/fr\\\/product\\\/telecommande-sans-fil-cave\\\/#primaryimage\",\"url\":\"https:\\\/\\\/veho-lifestyle.ca\\\/wp-content\\\/uploads\\\/2022\\\/02\\\/VHS-005-RC-1.png\",\"contentUrl\":\"https:\\\/\\\/veho-lifestyle.ca\\\/wp-content\\\/uploads\\\/2022\\\/02\\\/VHS-005-RC-1.png\",\"width\":620,\"height\":620},{\"@type\":\"BreadcrumbList\",\"@id\":\"https:\\\/\\\/veho-lifestyle.ca\\\/fr\\\/product\\\/telecommande-sans-fil-cave\\\/#breadcrumb\",\"itemListElement\":[{\"@type\":\"ListItem\",\"position\":1,\"name\":\"Home\",\"item\":\"https:\\\/\\\/veho-lifestyle.ca\\\/fr\\\/\"},{\"@type\":\"ListItem\",\"position\":2,\"name\":\"Magasinez\",\"item\":\"https:\\\/\\\/veho-lifestyle.ca\\\/fr\\\/boutique\\\/\"},{\"@type\":\"ListItem\",\"position\":3,\"name\":\"T\u00e9l\u00e9commande sans fil Cave\"}]},{\"@type\":\"WebSite\",\"@id\":\"https:\\\/\\\/veho-lifestyle.ca\\\/fr\\\/#website\",\"url\":\"https:\\\/\\\/veho-lifestyle.ca\\\/fr\\\/\",\"name\":\"Boutique Veho Lifestyle Canada\",\"description\":\"\u00c9lectronique grand public con\u00e7ue au Royaume-Uni\",\"potentialAction\":[{\"@type\":\"SearchAction\",\"target\":{\"@type\":\"EntryPoint\",\"urlTemplate\":\"https:\\\/\\\/veho-lifestyle.ca\\\/fr\\\/?s={search_term_string}\"},\"query-input\":{\"@type\":\"PropertyValueSpecification\",\"valueRequired\":true,\"valueName\":\"search_term_string\"}}],\"inLanguage\":\"fr-FR\"}]}<\/script>\n<!-- \/ Yoast SEO plugin. -->","yoast_head_json":{"title":"T\u00e9l\u00e9commande sans fil Cave - Boutique Veho Lifestyle Canada","description":"La t\u00e9l\u00e9commande sans fil Cave est con\u00e7ue pour \u00eatre utilis\u00e9e avec le syst\u00e8me Cave Smart Home. Ajoutez une ou plusieurs t\u00e9l\u00e9commandes \u00e0 votre syst\u00e8me Cave.","robots":{"index":"index","follow":"follow","max-snippet":"max-snippet:-1","max-image-preview":"max-image-preview:large","max-video-preview":"max-video-preview:-1"},"canonical":"https:\/\/veho-lifestyle.ca\/fr\/product\/telecommande-sans-fil-cave\/","og_locale":"fr_FR","og_type":"article","og_title":"T\u00e9l\u00e9commande sans fil Cave - Boutique Veho Lifestyle Canada","og_description":"La t\u00e9l\u00e9commande sans fil Cave est con\u00e7ue pour \u00eatre utilis\u00e9e avec le syst\u00e8me Cave Smart Home. Ajoutez une ou plusieurs t\u00e9l\u00e9commandes \u00e0 votre syst\u00e8me Cave.","og_url":"https:\/\/veho-lifestyle.ca\/fr\/product\/telecommande-sans-fil-cave\/","og_site_name":"Boutique Veho Lifestyle Canada","article_modified_time":"2025-01-28T16:16:11+00:00","og_image":[{"width":620,"height":620,"url":"https:\/\/veho-lifestyle.ca\/wp-content\/uploads\/2022\/02\/VHS-005-RC-1.png","type":"image\/png"}],"twitter_card":"summary_large_image","schema":{"@context":"https:\/\/schema.org","@graph":[{"@type":"WebPage","@id":"https:\/\/veho-lifestyle.ca\/fr\/product\/telecommande-sans-fil-cave\/","url":"https:\/\/veho-lifestyle.ca\/fr\/product\/telecommande-sans-fil-cave\/","name":"T\u00e9l\u00e9commande sans fil Cave - Boutique Veho Lifestyle Canada","isPartOf":{"@id":"https:\/\/veho-lifestyle.ca\/fr\/#website"},"primaryImageOfPage":{"@id":"https:\/\/veho-lifestyle.ca\/fr\/product\/telecommande-sans-fil-cave\/#primaryimage"},"image":{"@id":"https:\/\/veho-lifestyle.ca\/fr\/product\/telecommande-sans-fil-cave\/#primaryimage"},"thumbnailUrl":"https:\/\/veho-lifestyle.ca\/wp-content\/uploads\/2022\/02\/VHS-005-RC-1.png","datePublished":"2022-02-07T15:37:38+00:00","dateModified":"2025-01-28T16:16:11+00:00","description":"La t\u00e9l\u00e9commande sans fil Cave est con\u00e7ue pour \u00eatre utilis\u00e9e avec le syst\u00e8me Cave Smart Home. Ajoutez une ou plusieurs t\u00e9l\u00e9commandes \u00e0 votre syst\u00e8me Cave.","breadcrumb":{"@id":"https:\/\/veho-lifestyle.ca\/fr\/product\/telecommande-sans-fil-cave\/#breadcrumb"},"inLanguage":"fr-FR","potentialAction":[{"@type":"ReadAction","target":["https:\/\/veho-lifestyle.ca\/fr\/product\/telecommande-sans-fil-cave\/"]}]},{"@type":"ImageObject","inLanguage":"fr-FR","@id":"https:\/\/veho-lifestyle.ca\/fr\/product\/telecommande-sans-fil-cave\/#primaryimage","url":"https:\/\/veho-lifestyle.ca\/wp-content\/uploads\/2022\/02\/VHS-005-RC-1.png","contentUrl":"https:\/\/veho-lifestyle.ca\/wp-content\/uploads\/2022\/02\/VHS-005-RC-1.png","width":620,"height":620},{"@type":"BreadcrumbList","@id":"https:\/\/veho-lifestyle.ca\/fr\/product\/telecommande-sans-fil-cave\/#breadcrumb","itemListElement":[{"@type":"ListItem","position":1,"name":"Home","item":"https:\/\/veho-lifestyle.ca\/fr\/"},{"@type":"ListItem","position":2,"name":"Magasinez","item":"https:\/\/veho-lifestyle.ca\/fr\/boutique\/"},{"@type":"ListItem","position":3,"name":"T\u00e9l\u00e9commande sans fil Cave"}]},{"@type":"WebSite","@id":"https:\/\/veho-lifestyle.ca\/fr\/#website","url":"https:\/\/veho-lifestyle.ca\/fr\/","name":"Boutique Veho Lifestyle Canada","description":"\u00c9lectronique grand public con\u00e7ue au Royaume-Uni","potentialAction":[{"@type":"SearchAction","target":{"@type":"EntryPoint","urlTemplate":"https:\/\/veho-lifestyle.ca\/fr\/?s={search_term_string}"},"query-input":{"@type":"PropertyValueSpecification","valueRequired":true,"valueName":"search_term_string"}}],"inLanguage":"fr-FR"}]}},"jetpack_sharing_enabled":true,"_links":{"self":[{"href":"https:\/\/veho-lifestyle.ca\/fr\/wp-json\/wp\/v2\/product\/4369","targetHints":{"allow":["GET"]}}],"collection":[{"href":"https:\/\/veho-lifestyle.ca\/fr\/wp-json\/wp\/v2\/product"}],"about":[{"href":"https:\/\/veho-lifestyle.ca\/fr\/wp-json\/wp\/v2\/types\/product"}],"replies":[{"embeddable":true,"href":"https:\/\/veho-lifestyle.ca\/fr\/wp-json\/wp\/v2\/comments?post=4369"}],"wp:featuredmedia":[{"embeddable":true,"href":"https:\/\/veho-lifestyle.ca\/fr\/wp-json\/wp\/v2\/media\/2983"}],"wp:attachment":[{"href":"https:\/\/veho-lifestyle.ca\/fr\/wp-json\/wp\/v2\/media?parent=4369"}],"wp:term":[{"taxonomy":"product_brand","embeddable":true,"href":"https:\/\/veho-lifestyle.ca\/fr\/wp-json\/wp\/v2\/product_brand?post=4369"},{"taxonomy":"product_cat","embeddable":true,"href":"https:\/\/veho-lifestyle.ca\/fr\/wp-json\/wp\/v2\/product_cat?post=4369"},{"taxonomy":"product_tag","embeddable":true,"href":"https:\/\/veho-lifestyle.ca\/fr\/wp-json\/wp\/v2\/product_tag?post=4369"}],"curies":[{"name":"wp","href":"https:\/\/api.w.org\/{rel}","templated":true}]}}