{"id":4363,"date":"2022-02-07T10:33:47","date_gmt":"2022-02-07T15:33:47","guid":{"rendered":"https:\/\/veho-lifestyle.ca\/product\/muvi-kz-2-pro-drivecam-4k-dashcam\/"},"modified":"2025-02-05T11:36:44","modified_gmt":"2025-02-05T16:36:44","slug":"muvi-kz-2-pro-drivecam-4k-dashcam","status":"publish","type":"product","link":"https:\/\/veho-lifestyle.ca\/fr\/product\/muvi-kz-2-pro-drivecam-4k-dashcam\/","title":{"rendered":"Muvi KZ-2 Pro Drivecam 4K Dashcam"},"content":{"rendered":"<div class=\"wp-content wp-content--product\"><p>Capturez chaque instant de votre voyage avec la dashcam Muvi KZ-2 Pro Drivecam 4K. L\u2019objectif 6G et l\u2019angle de vision large de 140 \u00b0 garantissent que vous \u00eates couvert. \u00c9quip\u00e9 d\u2019un capteur G-Force, donc si votre voiture est impliqu\u00e9e dans une collision, les images seront automatiquement enregistr\u00e9es et prot\u00e9g\u00e9es. La conduite de nuit n\u2019est pas un probl\u00e8me non plus avec une vision nocturne sup\u00e9rieure int\u00e9gr\u00e9e.   <\/p>\n<\/div>","protected":false},"excerpt":{"rendered":"<ul>\n<li>Qualit\u00e9 vid\u00e9o 4K avec vision nocturne sup\u00e9rieure<\/li>\n<li>\u00c9cran LCD de 3,0 pouces pour une visualisation facile de s\u00e9quences en direct<\/li>\n<li>D\u00e9marrage\/arr\u00eat automatique de l\u2019enregistrement<\/li>\n<\/ul>\n","protected":false},"featured_media":2827,"comment_status":"closed","ping_status":"closed","template":"","meta":{"inline_featured_image":false},"product_brand":[],"product_cat":[133],"product_tag":[],"class_list":{"0":"post-4363","1":"product","2":"type-product","3":"status-publish","4":"has-post-thumbnail","6":"product_cat-drivecam-dash-cameras-fr","8":"first","9":"instock","10":"shipping-taxable","11":"purchasable","12":"product-type-simple"},"acf":[],"yoast_head":"<!-- This site is optimized with the Yoast SEO plugin v27.5 - https:\/\/yoast.com\/product\/yoast-seo-wordpress\/ -->\n<title>Muvi KZ-2 Pro Drivecam 4K Dashcam<\/title>\n<meta name=\"description\" content=\"Capturez chaque instant de votre voyage avec la dashcam Muvi KZ-2 Pro Drivecam 4K. L\u2019objectif 6G et l\u2019angle de vision large de 140 \u00b0 garantissent que vous \u00eates couvert.\" \/>\n<meta name=\"robots\" content=\"index, follow, max-snippet:-1, max-image-preview:large, max-video-preview:-1\" \/>\n<link rel=\"canonical\" href=\"https:\/\/veho-lifestyle.ca\/fr\/product\/muvi-kz-2-pro-drivecam-4k-dashcam\/\" \/>\n<meta property=\"og:locale\" content=\"fr_FR\" \/>\n<meta property=\"og:type\" content=\"article\" \/>\n<meta property=\"og:title\" content=\"Muvi KZ-2 Pro Drivecam 4K Dashcam\" \/>\n<meta property=\"og:description\" content=\"Capturez chaque instant de votre voyage avec la dashcam Muvi KZ-2 Pro Drivecam 4K. L\u2019objectif 6G et l\u2019angle de vision large de 140 \u00b0 garantissent que vous \u00eates couvert.\" \/>\n<meta property=\"og:url\" content=\"https:\/\/veho-lifestyle.ca\/fr\/product\/muvi-kz-2-pro-drivecam-4k-dashcam\/\" \/>\n<meta property=\"og:site_name\" content=\"Boutique Veho Lifestyle Canada\" \/>\n<meta property=\"article:modified_time\" content=\"2025-02-05T16:36:44+00:00\" \/>\n<meta property=\"og:image\" content=\"https:\/\/veho-lifestyle.ca\/wp-content\/uploads\/2022\/02\/VDC-003-KZ2_1.png\" \/>\n\t<meta property=\"og:image:width\" content=\"620\" \/>\n\t<meta property=\"og:image:height\" content=\"620\" \/>\n\t<meta property=\"og:image:type\" content=\"image\/png\" \/>\n<meta name=\"twitter:card\" content=\"summary_large_image\" \/>\n<script type=\"application\/ld+json\" class=\"yoast-schema-graph\">{\"@context\":\"https:\\\/\\\/schema.org\",\"@graph\":[{\"@type\":\"WebPage\",\"@id\":\"https:\\\/\\\/veho-lifestyle.ca\\\/fr\\\/product\\\/muvi-kz-2-pro-drivecam-4k-dashcam\\\/\",\"url\":\"https:\\\/\\\/veho-lifestyle.ca\\\/fr\\\/product\\\/muvi-kz-2-pro-drivecam-4k-dashcam\\\/\",\"name\":\"Muvi KZ-2 Pro Drivecam 4K Dashcam\",\"isPartOf\":{\"@id\":\"https:\\\/\\\/veho-lifestyle.ca\\\/fr\\\/#website\"},\"primaryImageOfPage\":{\"@id\":\"https:\\\/\\\/veho-lifestyle.ca\\\/fr\\\/product\\\/muvi-kz-2-pro-drivecam-4k-dashcam\\\/#primaryimage\"},\"image\":{\"@id\":\"https:\\\/\\\/veho-lifestyle.ca\\\/fr\\\/product\\\/muvi-kz-2-pro-drivecam-4k-dashcam\\\/#primaryimage\"},\"thumbnailUrl\":\"https:\\\/\\\/veho-lifestyle.ca\\\/wp-content\\\/uploads\\\/2022\\\/02\\\/VDC-003-KZ2_1.png\",\"datePublished\":\"2022-02-07T15:33:47+00:00\",\"dateModified\":\"2025-02-05T16:36:44+00:00\",\"description\":\"Capturez chaque instant de votre voyage avec la dashcam Muvi KZ-2 Pro Drivecam 4K. L\u2019objectif 6G et l\u2019angle de vision large de 140 \u00b0 garantissent que vous \u00eates couvert.\",\"breadcrumb\":{\"@id\":\"https:\\\/\\\/veho-lifestyle.ca\\\/fr\\\/product\\\/muvi-kz-2-pro-drivecam-4k-dashcam\\\/#breadcrumb\"},\"inLanguage\":\"fr-FR\",\"potentialAction\":[{\"@type\":\"ReadAction\",\"target\":[\"https:\\\/\\\/veho-lifestyle.ca\\\/fr\\\/product\\\/muvi-kz-2-pro-drivecam-4k-dashcam\\\/\"]}]},{\"@type\":\"ImageObject\",\"inLanguage\":\"fr-FR\",\"@id\":\"https:\\\/\\\/veho-lifestyle.ca\\\/fr\\\/product\\\/muvi-kz-2-pro-drivecam-4k-dashcam\\\/#primaryimage\",\"url\":\"https:\\\/\\\/veho-lifestyle.ca\\\/wp-content\\\/uploads\\\/2022\\\/02\\\/VDC-003-KZ2_1.png\",\"contentUrl\":\"https:\\\/\\\/veho-lifestyle.ca\\\/wp-content\\\/uploads\\\/2022\\\/02\\\/VDC-003-KZ2_1.png\",\"width\":620,\"height\":620},{\"@type\":\"BreadcrumbList\",\"@id\":\"https:\\\/\\\/veho-lifestyle.ca\\\/fr\\\/product\\\/muvi-kz-2-pro-drivecam-4k-dashcam\\\/#breadcrumb\",\"itemListElement\":[{\"@type\":\"ListItem\",\"position\":1,\"name\":\"Home\",\"item\":\"https:\\\/\\\/veho-lifestyle.ca\\\/fr\\\/\"},{\"@type\":\"ListItem\",\"position\":2,\"name\":\"Magasinez\",\"item\":\"https:\\\/\\\/veho-lifestyle.ca\\\/fr\\\/boutique\\\/\"},{\"@type\":\"ListItem\",\"position\":3,\"name\":\"Muvi KZ-2 Pro Drivecam 4K Dashcam\"}]},{\"@type\":\"WebSite\",\"@id\":\"https:\\\/\\\/veho-lifestyle.ca\\\/fr\\\/#website\",\"url\":\"https:\\\/\\\/veho-lifestyle.ca\\\/fr\\\/\",\"name\":\"Boutique Veho Lifestyle Canada\",\"description\":\"\u00c9lectronique grand public con\u00e7ue au Royaume-Uni\",\"potentialAction\":[{\"@type\":\"SearchAction\",\"target\":{\"@type\":\"EntryPoint\",\"urlTemplate\":\"https:\\\/\\\/veho-lifestyle.ca\\\/fr\\\/?s={search_term_string}\"},\"query-input\":{\"@type\":\"PropertyValueSpecification\",\"valueRequired\":true,\"valueName\":\"search_term_string\"}}],\"inLanguage\":\"fr-FR\"}]}<\/script>\n<!-- \/ Yoast SEO plugin. -->","yoast_head_json":{"title":"Muvi KZ-2 Pro Drivecam 4K Dashcam","description":"Capturez chaque instant de votre voyage avec la dashcam Muvi KZ-2 Pro Drivecam 4K. L\u2019objectif 6G et l\u2019angle de vision large de 140 \u00b0 garantissent que vous \u00eates couvert.","robots":{"index":"index","follow":"follow","max-snippet":"max-snippet:-1","max-image-preview":"max-image-preview:large","max-video-preview":"max-video-preview:-1"},"canonical":"https:\/\/veho-lifestyle.ca\/fr\/product\/muvi-kz-2-pro-drivecam-4k-dashcam\/","og_locale":"fr_FR","og_type":"article","og_title":"Muvi KZ-2 Pro Drivecam 4K Dashcam","og_description":"Capturez chaque instant de votre voyage avec la dashcam Muvi KZ-2 Pro Drivecam 4K. L\u2019objectif 6G et l\u2019angle de vision large de 140 \u00b0 garantissent que vous \u00eates couvert.","og_url":"https:\/\/veho-lifestyle.ca\/fr\/product\/muvi-kz-2-pro-drivecam-4k-dashcam\/","og_site_name":"Boutique Veho Lifestyle Canada","article_modified_time":"2025-02-05T16:36:44+00:00","og_image":[{"width":620,"height":620,"url":"https:\/\/veho-lifestyle.ca\/wp-content\/uploads\/2022\/02\/VDC-003-KZ2_1.png","type":"image\/png"}],"twitter_card":"summary_large_image","schema":{"@context":"https:\/\/schema.org","@graph":[{"@type":"WebPage","@id":"https:\/\/veho-lifestyle.ca\/fr\/product\/muvi-kz-2-pro-drivecam-4k-dashcam\/","url":"https:\/\/veho-lifestyle.ca\/fr\/product\/muvi-kz-2-pro-drivecam-4k-dashcam\/","name":"Muvi KZ-2 Pro Drivecam 4K Dashcam","isPartOf":{"@id":"https:\/\/veho-lifestyle.ca\/fr\/#website"},"primaryImageOfPage":{"@id":"https:\/\/veho-lifestyle.ca\/fr\/product\/muvi-kz-2-pro-drivecam-4k-dashcam\/#primaryimage"},"image":{"@id":"https:\/\/veho-lifestyle.ca\/fr\/product\/muvi-kz-2-pro-drivecam-4k-dashcam\/#primaryimage"},"thumbnailUrl":"https:\/\/veho-lifestyle.ca\/wp-content\/uploads\/2022\/02\/VDC-003-KZ2_1.png","datePublished":"2022-02-07T15:33:47+00:00","dateModified":"2025-02-05T16:36:44+00:00","description":"Capturez chaque instant de votre voyage avec la dashcam Muvi KZ-2 Pro Drivecam 4K. L\u2019objectif 6G et l\u2019angle de vision large de 140 \u00b0 garantissent que vous \u00eates couvert.","breadcrumb":{"@id":"https:\/\/veho-lifestyle.ca\/fr\/product\/muvi-kz-2-pro-drivecam-4k-dashcam\/#breadcrumb"},"inLanguage":"fr-FR","potentialAction":[{"@type":"ReadAction","target":["https:\/\/veho-lifestyle.ca\/fr\/product\/muvi-kz-2-pro-drivecam-4k-dashcam\/"]}]},{"@type":"ImageObject","inLanguage":"fr-FR","@id":"https:\/\/veho-lifestyle.ca\/fr\/product\/muvi-kz-2-pro-drivecam-4k-dashcam\/#primaryimage","url":"https:\/\/veho-lifestyle.ca\/wp-content\/uploads\/2022\/02\/VDC-003-KZ2_1.png","contentUrl":"https:\/\/veho-lifestyle.ca\/wp-content\/uploads\/2022\/02\/VDC-003-KZ2_1.png","width":620,"height":620},{"@type":"BreadcrumbList","@id":"https:\/\/veho-lifestyle.ca\/fr\/product\/muvi-kz-2-pro-drivecam-4k-dashcam\/#breadcrumb","itemListElement":[{"@type":"ListItem","position":1,"name":"Home","item":"https:\/\/veho-lifestyle.ca\/fr\/"},{"@type":"ListItem","position":2,"name":"Magasinez","item":"https:\/\/veho-lifestyle.ca\/fr\/boutique\/"},{"@type":"ListItem","position":3,"name":"Muvi KZ-2 Pro Drivecam 4K Dashcam"}]},{"@type":"WebSite","@id":"https:\/\/veho-lifestyle.ca\/fr\/#website","url":"https:\/\/veho-lifestyle.ca\/fr\/","name":"Boutique Veho Lifestyle Canada","description":"\u00c9lectronique grand public con\u00e7ue au Royaume-Uni","potentialAction":[{"@type":"SearchAction","target":{"@type":"EntryPoint","urlTemplate":"https:\/\/veho-lifestyle.ca\/fr\/?s={search_term_string}"},"query-input":{"@type":"PropertyValueSpecification","valueRequired":true,"valueName":"search_term_string"}}],"inLanguage":"fr-FR"}]}},"jetpack_sharing_enabled":true,"_links":{"self":[{"href":"https:\/\/veho-lifestyle.ca\/fr\/wp-json\/wp\/v2\/product\/4363","targetHints":{"allow":["GET"]}}],"collection":[{"href":"https:\/\/veho-lifestyle.ca\/fr\/wp-json\/wp\/v2\/product"}],"about":[{"href":"https:\/\/veho-lifestyle.ca\/fr\/wp-json\/wp\/v2\/types\/product"}],"replies":[{"embeddable":true,"href":"https:\/\/veho-lifestyle.ca\/fr\/wp-json\/wp\/v2\/comments?post=4363"}],"wp:featuredmedia":[{"embeddable":true,"href":"https:\/\/veho-lifestyle.ca\/fr\/wp-json\/wp\/v2\/media\/2827"}],"wp:attachment":[{"href":"https:\/\/veho-lifestyle.ca\/fr\/wp-json\/wp\/v2\/media?parent=4363"}],"wp:term":[{"taxonomy":"product_brand","embeddable":true,"href":"https:\/\/veho-lifestyle.ca\/fr\/wp-json\/wp\/v2\/product_brand?post=4363"},{"taxonomy":"product_cat","embeddable":true,"href":"https:\/\/veho-lifestyle.ca\/fr\/wp-json\/wp\/v2\/product_cat?post=4363"},{"taxonomy":"product_tag","embeddable":true,"href":"https:\/\/veho-lifestyle.ca\/fr\/wp-json\/wp\/v2\/product_tag?post=4363"}],"curies":[{"name":"wp","href":"https:\/\/api.w.org\/{rel}","templated":true}]}}