{"id":4362,"date":"2022-02-07T10:43:08","date_gmt":"2022-02-07T15:43:08","guid":{"rendered":"https:\/\/veho-lifestyle.ca\/product\/tapis-de-souris-alpha-bravo-gm-1-pro-gaming\/"},"modified":"2025-02-05T12:30:34","modified_gmt":"2025-02-05T17:30:34","slug":"tapis-de-souris-alpha-bravo-gm-1-pro-gaming","status":"publish","type":"product","link":"https:\/\/veho-lifestyle.ca\/fr\/product\/tapis-de-souris-alpha-bravo-gm-1-pro-gaming\/","title":{"rendered":"Tapis de souris Alpha Bravo GM-1 Pro Gaming"},"content":{"rendered":"<div class=\"wp-content wp-content--product\"><p>Le tapis de souris de jeu Alpha Bravo offre une adh\u00e9rence ultime pour le contr\u00f4le et la vitesse. La surface en r\u00e9sine polym\u00e8re \u00e0 double couche et \u00e0 profil \u00e9lev\u00e9 assure des performances optimales de la souris. Une base textur\u00e9e g\u00e9om\u00e9trique offre une excellente adh\u00e9rence pour maintenir le tapis bien en place.  <\/p>\n<\/div>","protected":false},"excerpt":{"rendered":"<ul>\n<li>2 couches de surface de r\u00e9sine polym\u00e8re fine \u00e0 profil \u00e9lev\u00e9 pour des performances optimales<\/li>\n<li>Fond textur\u00e9 g\u00e9om\u00e9trique pour une adh\u00e9rence ultime<\/li>\n<\/ul>\n","protected":false},"featured_media":3167,"comment_status":"closed","ping_status":"closed","template":"","meta":{"inline_featured_image":false},"product_brand":[],"product_cat":[111],"product_tag":[],"class_list":{"0":"post-4362","1":"product","2":"type-product","3":"status-publish","4":"has-post-thumbnail","6":"product_cat-gaming-accessories-fr","8":"first","9":"outofstock","10":"shipping-taxable","11":"purchasable","12":"product-type-simple"},"acf":[],"yoast_head":"<!-- This site is optimized with the Yoast SEO plugin v27.5 - https:\/\/yoast.com\/product\/yoast-seo-wordpress\/ -->\n<title>Tapis de souris Alpha Bravo GM-1 Pro Gaming<\/title>\n<meta name=\"description\" content=\"Le tapis de souris de jeu Alpha Bravo offre l\u2019adh\u00e9rence ultime pour le contr\u00f4le et la vitesse. le rendement. Une base textur\u00e9e g\u00e9om\u00e9trique donne une grande adh\u00e9rence.\" \/>\n<meta name=\"robots\" content=\"index, follow, max-snippet:-1, max-image-preview:large, max-video-preview:-1\" \/>\n<link rel=\"canonical\" href=\"https:\/\/veho-lifestyle.ca\/fr\/product\/tapis-de-souris-alpha-bravo-gm-1-pro-gaming\/\" \/>\n<meta property=\"og:locale\" content=\"fr_FR\" \/>\n<meta property=\"og:type\" content=\"article\" \/>\n<meta property=\"og:title\" content=\"Tapis de souris Alpha Bravo GM-1 Pro Gaming\" \/>\n<meta property=\"og:description\" content=\"Le tapis de souris de jeu Alpha Bravo offre l\u2019adh\u00e9rence ultime pour le contr\u00f4le et la vitesse. le rendement. Une base textur\u00e9e g\u00e9om\u00e9trique donne une grande adh\u00e9rence.\" \/>\n<meta property=\"og:url\" content=\"https:\/\/veho-lifestyle.ca\/fr\/product\/tapis-de-souris-alpha-bravo-gm-1-pro-gaming\/\" \/>\n<meta property=\"og:site_name\" content=\"Boutique Veho Lifestyle Canada\" \/>\n<meta property=\"article:modified_time\" content=\"2025-02-05T17:30:34+00:00\" \/>\n<meta property=\"og:image\" content=\"https:\/\/veho-lifestyle.ca\/wp-content\/uploads\/2022\/02\/ab_mouse_mat.png\" \/>\n\t<meta property=\"og:image:width\" content=\"620\" \/>\n\t<meta property=\"og:image:height\" content=\"620\" \/>\n\t<meta property=\"og:image:type\" content=\"image\/png\" \/>\n<meta name=\"twitter:card\" content=\"summary_large_image\" \/>\n<script type=\"application\/ld+json\" class=\"yoast-schema-graph\">{\"@context\":\"https:\\\/\\\/schema.org\",\"@graph\":[{\"@type\":\"WebPage\",\"@id\":\"https:\\\/\\\/veho-lifestyle.ca\\\/fr\\\/product\\\/tapis-de-souris-alpha-bravo-gm-1-pro-gaming\\\/\",\"url\":\"https:\\\/\\\/veho-lifestyle.ca\\\/fr\\\/product\\\/tapis-de-souris-alpha-bravo-gm-1-pro-gaming\\\/\",\"name\":\"Tapis de souris Alpha Bravo GM-1 Pro Gaming\",\"isPartOf\":{\"@id\":\"https:\\\/\\\/veho-lifestyle.ca\\\/fr\\\/#website\"},\"primaryImageOfPage\":{\"@id\":\"https:\\\/\\\/veho-lifestyle.ca\\\/fr\\\/product\\\/tapis-de-souris-alpha-bravo-gm-1-pro-gaming\\\/#primaryimage\"},\"image\":{\"@id\":\"https:\\\/\\\/veho-lifestyle.ca\\\/fr\\\/product\\\/tapis-de-souris-alpha-bravo-gm-1-pro-gaming\\\/#primaryimage\"},\"thumbnailUrl\":\"https:\\\/\\\/veho-lifestyle.ca\\\/wp-content\\\/uploads\\\/2022\\\/02\\\/ab_mouse_mat.png\",\"datePublished\":\"2022-02-07T15:43:08+00:00\",\"dateModified\":\"2025-02-05T17:30:34+00:00\",\"description\":\"Le tapis de souris de jeu Alpha Bravo offre l\u2019adh\u00e9rence ultime pour le contr\u00f4le et la vitesse. le rendement. Une base textur\u00e9e g\u00e9om\u00e9trique donne une grande adh\u00e9rence.\",\"breadcrumb\":{\"@id\":\"https:\\\/\\\/veho-lifestyle.ca\\\/fr\\\/product\\\/tapis-de-souris-alpha-bravo-gm-1-pro-gaming\\\/#breadcrumb\"},\"inLanguage\":\"fr-FR\",\"potentialAction\":[{\"@type\":\"ReadAction\",\"target\":[\"https:\\\/\\\/veho-lifestyle.ca\\\/fr\\\/product\\\/tapis-de-souris-alpha-bravo-gm-1-pro-gaming\\\/\"]}]},{\"@type\":\"ImageObject\",\"inLanguage\":\"fr-FR\",\"@id\":\"https:\\\/\\\/veho-lifestyle.ca\\\/fr\\\/product\\\/tapis-de-souris-alpha-bravo-gm-1-pro-gaming\\\/#primaryimage\",\"url\":\"https:\\\/\\\/veho-lifestyle.ca\\\/wp-content\\\/uploads\\\/2022\\\/02\\\/ab_mouse_mat.png\",\"contentUrl\":\"https:\\\/\\\/veho-lifestyle.ca\\\/wp-content\\\/uploads\\\/2022\\\/02\\\/ab_mouse_mat.png\",\"width\":620,\"height\":620},{\"@type\":\"BreadcrumbList\",\"@id\":\"https:\\\/\\\/veho-lifestyle.ca\\\/fr\\\/product\\\/tapis-de-souris-alpha-bravo-gm-1-pro-gaming\\\/#breadcrumb\",\"itemListElement\":[{\"@type\":\"ListItem\",\"position\":1,\"name\":\"Home\",\"item\":\"https:\\\/\\\/veho-lifestyle.ca\\\/fr\\\/\"},{\"@type\":\"ListItem\",\"position\":2,\"name\":\"Magasinez\",\"item\":\"https:\\\/\\\/veho-lifestyle.ca\\\/fr\\\/boutique\\\/\"},{\"@type\":\"ListItem\",\"position\":3,\"name\":\"Tapis de souris Alpha Bravo GM-1 Pro Gaming\"}]},{\"@type\":\"WebSite\",\"@id\":\"https:\\\/\\\/veho-lifestyle.ca\\\/fr\\\/#website\",\"url\":\"https:\\\/\\\/veho-lifestyle.ca\\\/fr\\\/\",\"name\":\"Boutique Veho Lifestyle Canada\",\"description\":\"\u00c9lectronique grand public con\u00e7ue au Royaume-Uni\",\"potentialAction\":[{\"@type\":\"SearchAction\",\"target\":{\"@type\":\"EntryPoint\",\"urlTemplate\":\"https:\\\/\\\/veho-lifestyle.ca\\\/fr\\\/?s={search_term_string}\"},\"query-input\":{\"@type\":\"PropertyValueSpecification\",\"valueRequired\":true,\"valueName\":\"search_term_string\"}}],\"inLanguage\":\"fr-FR\"}]}<\/script>\n<!-- \/ Yoast SEO plugin. -->","yoast_head_json":{"title":"Tapis de souris Alpha Bravo GM-1 Pro Gaming","description":"Le tapis de souris de jeu Alpha Bravo offre l\u2019adh\u00e9rence ultime pour le contr\u00f4le et la vitesse. le rendement. Une base textur\u00e9e g\u00e9om\u00e9trique donne une grande adh\u00e9rence.","robots":{"index":"index","follow":"follow","max-snippet":"max-snippet:-1","max-image-preview":"max-image-preview:large","max-video-preview":"max-video-preview:-1"},"canonical":"https:\/\/veho-lifestyle.ca\/fr\/product\/tapis-de-souris-alpha-bravo-gm-1-pro-gaming\/","og_locale":"fr_FR","og_type":"article","og_title":"Tapis de souris Alpha Bravo GM-1 Pro Gaming","og_description":"Le tapis de souris de jeu Alpha Bravo offre l\u2019adh\u00e9rence ultime pour le contr\u00f4le et la vitesse. le rendement. Une base textur\u00e9e g\u00e9om\u00e9trique donne une grande adh\u00e9rence.","og_url":"https:\/\/veho-lifestyle.ca\/fr\/product\/tapis-de-souris-alpha-bravo-gm-1-pro-gaming\/","og_site_name":"Boutique Veho Lifestyle Canada","article_modified_time":"2025-02-05T17:30:34+00:00","og_image":[{"width":620,"height":620,"url":"https:\/\/veho-lifestyle.ca\/wp-content\/uploads\/2022\/02\/ab_mouse_mat.png","type":"image\/png"}],"twitter_card":"summary_large_image","schema":{"@context":"https:\/\/schema.org","@graph":[{"@type":"WebPage","@id":"https:\/\/veho-lifestyle.ca\/fr\/product\/tapis-de-souris-alpha-bravo-gm-1-pro-gaming\/","url":"https:\/\/veho-lifestyle.ca\/fr\/product\/tapis-de-souris-alpha-bravo-gm-1-pro-gaming\/","name":"Tapis de souris Alpha Bravo GM-1 Pro Gaming","isPartOf":{"@id":"https:\/\/veho-lifestyle.ca\/fr\/#website"},"primaryImageOfPage":{"@id":"https:\/\/veho-lifestyle.ca\/fr\/product\/tapis-de-souris-alpha-bravo-gm-1-pro-gaming\/#primaryimage"},"image":{"@id":"https:\/\/veho-lifestyle.ca\/fr\/product\/tapis-de-souris-alpha-bravo-gm-1-pro-gaming\/#primaryimage"},"thumbnailUrl":"https:\/\/veho-lifestyle.ca\/wp-content\/uploads\/2022\/02\/ab_mouse_mat.png","datePublished":"2022-02-07T15:43:08+00:00","dateModified":"2025-02-05T17:30:34+00:00","description":"Le tapis de souris de jeu Alpha Bravo offre l\u2019adh\u00e9rence ultime pour le contr\u00f4le et la vitesse. le rendement. Une base textur\u00e9e g\u00e9om\u00e9trique donne une grande adh\u00e9rence.","breadcrumb":{"@id":"https:\/\/veho-lifestyle.ca\/fr\/product\/tapis-de-souris-alpha-bravo-gm-1-pro-gaming\/#breadcrumb"},"inLanguage":"fr-FR","potentialAction":[{"@type":"ReadAction","target":["https:\/\/veho-lifestyle.ca\/fr\/product\/tapis-de-souris-alpha-bravo-gm-1-pro-gaming\/"]}]},{"@type":"ImageObject","inLanguage":"fr-FR","@id":"https:\/\/veho-lifestyle.ca\/fr\/product\/tapis-de-souris-alpha-bravo-gm-1-pro-gaming\/#primaryimage","url":"https:\/\/veho-lifestyle.ca\/wp-content\/uploads\/2022\/02\/ab_mouse_mat.png","contentUrl":"https:\/\/veho-lifestyle.ca\/wp-content\/uploads\/2022\/02\/ab_mouse_mat.png","width":620,"height":620},{"@type":"BreadcrumbList","@id":"https:\/\/veho-lifestyle.ca\/fr\/product\/tapis-de-souris-alpha-bravo-gm-1-pro-gaming\/#breadcrumb","itemListElement":[{"@type":"ListItem","position":1,"name":"Home","item":"https:\/\/veho-lifestyle.ca\/fr\/"},{"@type":"ListItem","position":2,"name":"Magasinez","item":"https:\/\/veho-lifestyle.ca\/fr\/boutique\/"},{"@type":"ListItem","position":3,"name":"Tapis de souris Alpha Bravo GM-1 Pro Gaming"}]},{"@type":"WebSite","@id":"https:\/\/veho-lifestyle.ca\/fr\/#website","url":"https:\/\/veho-lifestyle.ca\/fr\/","name":"Boutique Veho Lifestyle Canada","description":"\u00c9lectronique grand public con\u00e7ue au Royaume-Uni","potentialAction":[{"@type":"SearchAction","target":{"@type":"EntryPoint","urlTemplate":"https:\/\/veho-lifestyle.ca\/fr\/?s={search_term_string}"},"query-input":{"@type":"PropertyValueSpecification","valueRequired":true,"valueName":"search_term_string"}}],"inLanguage":"fr-FR"}]}},"jetpack_sharing_enabled":true,"_links":{"self":[{"href":"https:\/\/veho-lifestyle.ca\/fr\/wp-json\/wp\/v2\/product\/4362","targetHints":{"allow":["GET"]}}],"collection":[{"href":"https:\/\/veho-lifestyle.ca\/fr\/wp-json\/wp\/v2\/product"}],"about":[{"href":"https:\/\/veho-lifestyle.ca\/fr\/wp-json\/wp\/v2\/types\/product"}],"replies":[{"embeddable":true,"href":"https:\/\/veho-lifestyle.ca\/fr\/wp-json\/wp\/v2\/comments?post=4362"}],"wp:featuredmedia":[{"embeddable":true,"href":"https:\/\/veho-lifestyle.ca\/fr\/wp-json\/wp\/v2\/media\/3167"}],"wp:attachment":[{"href":"https:\/\/veho-lifestyle.ca\/fr\/wp-json\/wp\/v2\/media?parent=4362"}],"wp:term":[{"taxonomy":"product_brand","embeddable":true,"href":"https:\/\/veho-lifestyle.ca\/fr\/wp-json\/wp\/v2\/product_brand?post=4362"},{"taxonomy":"product_cat","embeddable":true,"href":"https:\/\/veho-lifestyle.ca\/fr\/wp-json\/wp\/v2\/product_cat?post=4362"},{"taxonomy":"product_tag","embeddable":true,"href":"https:\/\/veho-lifestyle.ca\/fr\/wp-json\/wp\/v2\/product_tag?post=4362"}],"curies":[{"name":"wp","href":"https:\/\/api.w.org\/{rel}","templated":true}]}}