{"id":4361,"date":"2022-02-07T10:43:09","date_gmt":"2022-02-07T15:43:09","guid":{"rendered":"https:\/\/veho-lifestyle.ca\/product\/veho-smartfix-14-megapixels-film-negatif-scanner-de-diapositives\/"},"modified":"2025-02-05T12:28:30","modified_gmt":"2025-02-05T17:28:30","slug":"veho-smartfix-14-megapixels-film-negatif-scanner-de-diapositives","status":"publish","type":"product","link":"https:\/\/veho-lifestyle.ca\/fr\/product\/veho-smartfix-14-megapixels-film-negatif-scanner-de-diapositives\/","title":{"rendered":"Veho Smartfix 14 M\u00e9gapixels Film n\u00e9gatif &amp; Scanner de diapositives"},"content":{"rendered":"<div class=\"wp-content wp-content--product\"><p>Le scanner Veho Smartfix de 14 m\u00e9gapixels facilite le transfert de vos n\u00e9gatifs, films et diapositives. Le scanner SmartFix peut num\u00e9riser l\u2019int\u00e9gralit\u00e9 de vos archives pour les partager avec votre famille et vos amis. L\u2019aper\u00e7u en direct et le bouton rapide d\u2019une seule touche signifient que la num\u00e9risation ne pourrait pas \u00eatre plus facile. Le SmartFix fonctionne comme une unit\u00e9 autonome, de sorte que vous pouvez num\u00e9riser vos diapositives et vos n\u00e9gatifs pratiquement n\u2019importe o\u00f9, pas seulement au bureau de votre ordinateur. Pour simplifier davantage l\u2019analyse, le scanner SmartFix corrige automatiquement l\u2019exposition et l\u2019\u00e9quilibre des couleurs pour obtenir des r\u00e9sultats d\u2019image parfaits.    <\/p>\n<\/div>","protected":false},"excerpt":{"rendered":"<ul>\n<li>Convertir 135 diapositives et 135\/110\/126 n\u00e9gatifs en images num\u00e9riques<\/li>\n<li>Conception portable autonome sans ordinateur ou logiciel requis<\/li>\n<li>Comprend un c\u00e2ble de sortie AV pour afficher les diapositives sur l\u2019\u00e9cran du t\u00e9l\u00e9viseur<\/li>\n<\/ul>\n","protected":false},"featured_media":3173,"comment_status":"closed","ping_status":"closed","template":"","meta":{"inline_featured_image":false},"product_brand":[],"product_cat":[146],"product_tag":[],"class_list":{"0":"post-4361","1":"product","2":"type-product","3":"status-publish","4":"has-post-thumbnail","6":"product_cat-scanners-fr","8":"first","9":"instock","10":"shipping-taxable","11":"purchasable","12":"product-type-simple"},"acf":[],"yoast_head":"<!-- This site is optimized with the Yoast SEO plugin v27.5 - https:\/\/yoast.com\/product\/yoast-seo-wordpress\/ -->\n<title>Veho Smartfix 14 M\u00e9gapixels Film n\u00e9gatif &amp; Scanner de diapositives<\/title>\n<meta name=\"description\" content=\"Le scanner Veho Smartfix de 14 m\u00e9gapixels facilite le transfert de vos n\u00e9gatifs, films et diapositives. Fonctionne comme un scanner autonome.\" \/>\n<meta name=\"robots\" content=\"index, follow, max-snippet:-1, max-image-preview:large, max-video-preview:-1\" \/>\n<link rel=\"canonical\" href=\"https:\/\/veho-lifestyle.ca\/fr\/product\/veho-smartfix-14-megapixels-film-negatif-scanner-de-diapositives\/\" \/>\n<meta property=\"og:locale\" content=\"fr_FR\" \/>\n<meta property=\"og:type\" content=\"article\" \/>\n<meta property=\"og:title\" content=\"Veho Smartfix 14 M\u00e9gapixels Film n\u00e9gatif &amp; Scanner de diapositives\" \/>\n<meta property=\"og:description\" content=\"Le scanner Veho Smartfix de 14 m\u00e9gapixels facilite le transfert de vos n\u00e9gatifs, films et diapositives. Fonctionne comme un scanner autonome.\" \/>\n<meta property=\"og:url\" content=\"https:\/\/veho-lifestyle.ca\/fr\/product\/veho-smartfix-14-megapixels-film-negatif-scanner-de-diapositives\/\" \/>\n<meta property=\"og:site_name\" content=\"Boutique Veho Lifestyle Canada\" \/>\n<meta property=\"article:modified_time\" content=\"2025-02-05T17:28:30+00:00\" \/>\n<meta property=\"og:image\" content=\"https:\/\/veho-lifestyle.ca\/wp-content\/uploads\/2022\/02\/VFS-014-SF-1.png\" \/>\n\t<meta property=\"og:image:width\" content=\"620\" \/>\n\t<meta property=\"og:image:height\" content=\"620\" \/>\n\t<meta property=\"og:image:type\" content=\"image\/png\" \/>\n<meta name=\"twitter:card\" content=\"summary_large_image\" \/>\n<meta name=\"twitter:label1\" content=\"Dur\u00e9e de lecture estim\u00e9e\" \/>\n\t<meta name=\"twitter:data1\" content=\"1 minute\" \/>\n<script type=\"application\/ld+json\" class=\"yoast-schema-graph\">{\"@context\":\"https:\\\/\\\/schema.org\",\"@graph\":[{\"@type\":\"WebPage\",\"@id\":\"https:\\\/\\\/veho-lifestyle.ca\\\/fr\\\/product\\\/veho-smartfix-14-megapixels-film-negatif-scanner-de-diapositives\\\/\",\"url\":\"https:\\\/\\\/veho-lifestyle.ca\\\/fr\\\/product\\\/veho-smartfix-14-megapixels-film-negatif-scanner-de-diapositives\\\/\",\"name\":\"Veho Smartfix 14 M\u00e9gapixels Film n\u00e9gatif &amp; Scanner de diapositives\",\"isPartOf\":{\"@id\":\"https:\\\/\\\/veho-lifestyle.ca\\\/fr\\\/#website\"},\"primaryImageOfPage\":{\"@id\":\"https:\\\/\\\/veho-lifestyle.ca\\\/fr\\\/product\\\/veho-smartfix-14-megapixels-film-negatif-scanner-de-diapositives\\\/#primaryimage\"},\"image\":{\"@id\":\"https:\\\/\\\/veho-lifestyle.ca\\\/fr\\\/product\\\/veho-smartfix-14-megapixels-film-negatif-scanner-de-diapositives\\\/#primaryimage\"},\"thumbnailUrl\":\"https:\\\/\\\/veho-lifestyle.ca\\\/wp-content\\\/uploads\\\/2022\\\/02\\\/VFS-014-SF-1.png\",\"datePublished\":\"2022-02-07T15:43:09+00:00\",\"dateModified\":\"2025-02-05T17:28:30+00:00\",\"description\":\"Le scanner Veho Smartfix de 14 m\u00e9gapixels facilite le transfert de vos n\u00e9gatifs, films et diapositives. Fonctionne comme un scanner autonome.\",\"breadcrumb\":{\"@id\":\"https:\\\/\\\/veho-lifestyle.ca\\\/fr\\\/product\\\/veho-smartfix-14-megapixels-film-negatif-scanner-de-diapositives\\\/#breadcrumb\"},\"inLanguage\":\"fr-FR\",\"potentialAction\":[{\"@type\":\"ReadAction\",\"target\":[\"https:\\\/\\\/veho-lifestyle.ca\\\/fr\\\/product\\\/veho-smartfix-14-megapixels-film-negatif-scanner-de-diapositives\\\/\"]}]},{\"@type\":\"ImageObject\",\"inLanguage\":\"fr-FR\",\"@id\":\"https:\\\/\\\/veho-lifestyle.ca\\\/fr\\\/product\\\/veho-smartfix-14-megapixels-film-negatif-scanner-de-diapositives\\\/#primaryimage\",\"url\":\"https:\\\/\\\/veho-lifestyle.ca\\\/wp-content\\\/uploads\\\/2022\\\/02\\\/VFS-014-SF-1.png\",\"contentUrl\":\"https:\\\/\\\/veho-lifestyle.ca\\\/wp-content\\\/uploads\\\/2022\\\/02\\\/VFS-014-SF-1.png\",\"width\":620,\"height\":620},{\"@type\":\"BreadcrumbList\",\"@id\":\"https:\\\/\\\/veho-lifestyle.ca\\\/fr\\\/product\\\/veho-smartfix-14-megapixels-film-negatif-scanner-de-diapositives\\\/#breadcrumb\",\"itemListElement\":[{\"@type\":\"ListItem\",\"position\":1,\"name\":\"Home\",\"item\":\"https:\\\/\\\/veho-lifestyle.ca\\\/fr\\\/\"},{\"@type\":\"ListItem\",\"position\":2,\"name\":\"Magasinez\",\"item\":\"https:\\\/\\\/veho-lifestyle.ca\\\/fr\\\/boutique\\\/\"},{\"@type\":\"ListItem\",\"position\":3,\"name\":\"Veho Smartfix 14 M\u00e9gapixels Film n\u00e9gatif &amp; Scanner de diapositives\"}]},{\"@type\":\"WebSite\",\"@id\":\"https:\\\/\\\/veho-lifestyle.ca\\\/fr\\\/#website\",\"url\":\"https:\\\/\\\/veho-lifestyle.ca\\\/fr\\\/\",\"name\":\"Boutique Veho Lifestyle Canada\",\"description\":\"\u00c9lectronique grand public con\u00e7ue au Royaume-Uni\",\"potentialAction\":[{\"@type\":\"SearchAction\",\"target\":{\"@type\":\"EntryPoint\",\"urlTemplate\":\"https:\\\/\\\/veho-lifestyle.ca\\\/fr\\\/?s={search_term_string}\"},\"query-input\":{\"@type\":\"PropertyValueSpecification\",\"valueRequired\":true,\"valueName\":\"search_term_string\"}}],\"inLanguage\":\"fr-FR\"}]}<\/script>\n<!-- \/ Yoast SEO plugin. -->","yoast_head_json":{"title":"Veho Smartfix 14 M\u00e9gapixels Film n\u00e9gatif &amp; Scanner de diapositives","description":"Le scanner Veho Smartfix de 14 m\u00e9gapixels facilite le transfert de vos n\u00e9gatifs, films et diapositives. Fonctionne comme un scanner autonome.","robots":{"index":"index","follow":"follow","max-snippet":"max-snippet:-1","max-image-preview":"max-image-preview:large","max-video-preview":"max-video-preview:-1"},"canonical":"https:\/\/veho-lifestyle.ca\/fr\/product\/veho-smartfix-14-megapixels-film-negatif-scanner-de-diapositives\/","og_locale":"fr_FR","og_type":"article","og_title":"Veho Smartfix 14 M\u00e9gapixels Film n\u00e9gatif &amp; Scanner de diapositives","og_description":"Le scanner Veho Smartfix de 14 m\u00e9gapixels facilite le transfert de vos n\u00e9gatifs, films et diapositives. Fonctionne comme un scanner autonome.","og_url":"https:\/\/veho-lifestyle.ca\/fr\/product\/veho-smartfix-14-megapixels-film-negatif-scanner-de-diapositives\/","og_site_name":"Boutique Veho Lifestyle Canada","article_modified_time":"2025-02-05T17:28:30+00:00","og_image":[{"width":620,"height":620,"url":"https:\/\/veho-lifestyle.ca\/wp-content\/uploads\/2022\/02\/VFS-014-SF-1.png","type":"image\/png"}],"twitter_card":"summary_large_image","twitter_misc":{"Dur\u00e9e de lecture estim\u00e9e":"1 minute"},"schema":{"@context":"https:\/\/schema.org","@graph":[{"@type":"WebPage","@id":"https:\/\/veho-lifestyle.ca\/fr\/product\/veho-smartfix-14-megapixels-film-negatif-scanner-de-diapositives\/","url":"https:\/\/veho-lifestyle.ca\/fr\/product\/veho-smartfix-14-megapixels-film-negatif-scanner-de-diapositives\/","name":"Veho Smartfix 14 M\u00e9gapixels Film n\u00e9gatif &amp; Scanner de diapositives","isPartOf":{"@id":"https:\/\/veho-lifestyle.ca\/fr\/#website"},"primaryImageOfPage":{"@id":"https:\/\/veho-lifestyle.ca\/fr\/product\/veho-smartfix-14-megapixels-film-negatif-scanner-de-diapositives\/#primaryimage"},"image":{"@id":"https:\/\/veho-lifestyle.ca\/fr\/product\/veho-smartfix-14-megapixels-film-negatif-scanner-de-diapositives\/#primaryimage"},"thumbnailUrl":"https:\/\/veho-lifestyle.ca\/wp-content\/uploads\/2022\/02\/VFS-014-SF-1.png","datePublished":"2022-02-07T15:43:09+00:00","dateModified":"2025-02-05T17:28:30+00:00","description":"Le scanner Veho Smartfix de 14 m\u00e9gapixels facilite le transfert de vos n\u00e9gatifs, films et diapositives. Fonctionne comme un scanner autonome.","breadcrumb":{"@id":"https:\/\/veho-lifestyle.ca\/fr\/product\/veho-smartfix-14-megapixels-film-negatif-scanner-de-diapositives\/#breadcrumb"},"inLanguage":"fr-FR","potentialAction":[{"@type":"ReadAction","target":["https:\/\/veho-lifestyle.ca\/fr\/product\/veho-smartfix-14-megapixels-film-negatif-scanner-de-diapositives\/"]}]},{"@type":"ImageObject","inLanguage":"fr-FR","@id":"https:\/\/veho-lifestyle.ca\/fr\/product\/veho-smartfix-14-megapixels-film-negatif-scanner-de-diapositives\/#primaryimage","url":"https:\/\/veho-lifestyle.ca\/wp-content\/uploads\/2022\/02\/VFS-014-SF-1.png","contentUrl":"https:\/\/veho-lifestyle.ca\/wp-content\/uploads\/2022\/02\/VFS-014-SF-1.png","width":620,"height":620},{"@type":"BreadcrumbList","@id":"https:\/\/veho-lifestyle.ca\/fr\/product\/veho-smartfix-14-megapixels-film-negatif-scanner-de-diapositives\/#breadcrumb","itemListElement":[{"@type":"ListItem","position":1,"name":"Home","item":"https:\/\/veho-lifestyle.ca\/fr\/"},{"@type":"ListItem","position":2,"name":"Magasinez","item":"https:\/\/veho-lifestyle.ca\/fr\/boutique\/"},{"@type":"ListItem","position":3,"name":"Veho Smartfix 14 M\u00e9gapixels Film n\u00e9gatif &amp; Scanner de diapositives"}]},{"@type":"WebSite","@id":"https:\/\/veho-lifestyle.ca\/fr\/#website","url":"https:\/\/veho-lifestyle.ca\/fr\/","name":"Boutique Veho Lifestyle Canada","description":"\u00c9lectronique grand public con\u00e7ue au Royaume-Uni","potentialAction":[{"@type":"SearchAction","target":{"@type":"EntryPoint","urlTemplate":"https:\/\/veho-lifestyle.ca\/fr\/?s={search_term_string}"},"query-input":{"@type":"PropertyValueSpecification","valueRequired":true,"valueName":"search_term_string"}}],"inLanguage":"fr-FR"}]}},"jetpack_sharing_enabled":true,"_links":{"self":[{"href":"https:\/\/veho-lifestyle.ca\/fr\/wp-json\/wp\/v2\/product\/4361","targetHints":{"allow":["GET"]}}],"collection":[{"href":"https:\/\/veho-lifestyle.ca\/fr\/wp-json\/wp\/v2\/product"}],"about":[{"href":"https:\/\/veho-lifestyle.ca\/fr\/wp-json\/wp\/v2\/types\/product"}],"replies":[{"embeddable":true,"href":"https:\/\/veho-lifestyle.ca\/fr\/wp-json\/wp\/v2\/comments?post=4361"}],"wp:featuredmedia":[{"embeddable":true,"href":"https:\/\/veho-lifestyle.ca\/fr\/wp-json\/wp\/v2\/media\/3173"}],"wp:attachment":[{"href":"https:\/\/veho-lifestyle.ca\/fr\/wp-json\/wp\/v2\/media?parent=4361"}],"wp:term":[{"taxonomy":"product_brand","embeddable":true,"href":"https:\/\/veho-lifestyle.ca\/fr\/wp-json\/wp\/v2\/product_brand?post=4361"},{"taxonomy":"product_cat","embeddable":true,"href":"https:\/\/veho-lifestyle.ca\/fr\/wp-json\/wp\/v2\/product_cat?post=4361"},{"taxonomy":"product_tag","embeddable":true,"href":"https:\/\/veho-lifestyle.ca\/fr\/wp-json\/wp\/v2\/product_tag?post=4361"}],"curies":[{"name":"wp","href":"https:\/\/api.w.org\/{rel}","templated":true}]}}