{"id":4360,"date":"2022-02-07T10:42:46","date_gmt":"2022-02-07T15:42:46","guid":{"rendered":"https:\/\/veho-lifestyle.ca\/product\/souris-de-jeu-filaire-usb-alpha-bravo-gz1\/"},"modified":"2025-02-05T12:08:24","modified_gmt":"2025-02-05T17:08:24","slug":"souris-de-jeu-filaire-usb-alpha-bravo-gz1","status":"publish","type":"product","link":"https:\/\/veho-lifestyle.ca\/fr\/product\/souris-de-jeu-filaire-usb-alpha-bravo-gz1\/","title":{"rendered":"Souris de jeu filaire USB Alpha Bravo GZ1"},"content":{"rendered":"<div class=\"wp-content wp-content--product\"><p>La souris de jeu filaire USB Alpha Bravo GZ1 est con\u00e7ue pour le confort de jeu. Effectuez des man\u0153uvres plus rapides et plus pr\u00e9cises en passant par les quatre param\u00e8tres DPI (800\/1600\/3200\/6400) de la pr\u00e9cision au pixel pr\u00e8s \u00e0 la rapidit\u00e9 de l&rsquo;\u00e9clair. Le GZ-1 comprend un contrepoids qui permet d&rsquo;ajuster le poids de la souris de jeu pour une sensation personnalis\u00e9e.  <\/p>\n<p>Compatible avec Windows\u00ae XP\/7\/8\/10.<\/p>\n<\/div>","protected":false},"excerpt":{"rendered":"<ul>\n<li>Conception ergonomique avec pour une utilisation gauche ou droite<\/li>\n<li>Contr\u00f4le de pr\u00e9cision de 800 dpi \u00e0 6400 dpi pour des man\u0153uvres pr\u00e9cises et plus rapides<\/li>\n<li>\u00c9clairage chromatique avec 16,8 millions de couleurs<\/li>\n<\/ul>\n","protected":false},"featured_media":3162,"comment_status":"closed","ping_status":"closed","template":"","meta":{"inline_featured_image":false},"product_brand":[],"product_cat":[114,149],"product_tag":[],"class_list":{"0":"post-4360","1":"product","2":"type-product","3":"status-publish","4":"has-post-thumbnail","6":"product_cat-gaming-mouse-fr","7":"product_cat-top-deals-fr","9":"first","10":"instock","11":"shipping-taxable","12":"purchasable","13":"product-type-simple"},"acf":[],"yoast_head":"<!-- This site is optimized with the Yoast SEO plugin v27.5 - https:\/\/yoast.com\/product\/yoast-seo-wordpress\/ -->\n<title>Souris de jeu filaire USB Alpha Bravo GZ1<\/title>\n<meta name=\"description\" content=\"La souris de jeu filaire USB Alpha Bravo GZ1 est con\u00e7ue pour le confort de jeu. Effectuez des man\u0153uvres plus rapides et plus pr\u00e9cises avec quatre param\u00e8tres DPI.\" \/>\n<meta name=\"robots\" content=\"index, follow, max-snippet:-1, max-image-preview:large, max-video-preview:-1\" \/>\n<link rel=\"canonical\" href=\"https:\/\/veho-lifestyle.ca\/fr\/product\/souris-de-jeu-filaire-usb-alpha-bravo-gz1\/\" \/>\n<meta property=\"og:locale\" content=\"fr_FR\" \/>\n<meta property=\"og:type\" content=\"article\" \/>\n<meta property=\"og:title\" content=\"Souris de jeu filaire USB Alpha Bravo GZ1\" \/>\n<meta property=\"og:description\" content=\"La souris de jeu filaire USB Alpha Bravo GZ1 est con\u00e7ue pour le confort de jeu. Effectuez des man\u0153uvres plus rapides et plus pr\u00e9cises avec quatre param\u00e8tres DPI.\" \/>\n<meta property=\"og:url\" content=\"https:\/\/veho-lifestyle.ca\/fr\/product\/souris-de-jeu-filaire-usb-alpha-bravo-gz1\/\" \/>\n<meta property=\"og:site_name\" content=\"Boutique Veho Lifestyle Canada\" \/>\n<meta property=\"article:modified_time\" content=\"2025-02-05T17:08:24+00:00\" \/>\n<meta property=\"og:image\" content=\"https:\/\/veho-lifestyle.ca\/wp-content\/uploads\/2022\/02\/gm1_pro_mouse_.png\" \/>\n\t<meta property=\"og:image:width\" content=\"620\" \/>\n\t<meta property=\"og:image:height\" content=\"620\" \/>\n\t<meta property=\"og:image:type\" content=\"image\/png\" \/>\n<meta name=\"twitter:card\" content=\"summary_large_image\" \/>\n<script type=\"application\/ld+json\" class=\"yoast-schema-graph\">{\"@context\":\"https:\\\/\\\/schema.org\",\"@graph\":[{\"@type\":\"WebPage\",\"@id\":\"https:\\\/\\\/veho-lifestyle.ca\\\/fr\\\/product\\\/souris-de-jeu-filaire-usb-alpha-bravo-gz1\\\/\",\"url\":\"https:\\\/\\\/veho-lifestyle.ca\\\/fr\\\/product\\\/souris-de-jeu-filaire-usb-alpha-bravo-gz1\\\/\",\"name\":\"Souris de jeu filaire USB Alpha Bravo GZ1\",\"isPartOf\":{\"@id\":\"https:\\\/\\\/veho-lifestyle.ca\\\/fr\\\/#website\"},\"primaryImageOfPage\":{\"@id\":\"https:\\\/\\\/veho-lifestyle.ca\\\/fr\\\/product\\\/souris-de-jeu-filaire-usb-alpha-bravo-gz1\\\/#primaryimage\"},\"image\":{\"@id\":\"https:\\\/\\\/veho-lifestyle.ca\\\/fr\\\/product\\\/souris-de-jeu-filaire-usb-alpha-bravo-gz1\\\/#primaryimage\"},\"thumbnailUrl\":\"https:\\\/\\\/veho-lifestyle.ca\\\/wp-content\\\/uploads\\\/2022\\\/02\\\/gm1_pro_mouse_.png\",\"datePublished\":\"2022-02-07T15:42:46+00:00\",\"dateModified\":\"2025-02-05T17:08:24+00:00\",\"description\":\"La souris de jeu filaire USB Alpha Bravo GZ1 est con\u00e7ue pour le confort de jeu. Effectuez des man\u0153uvres plus rapides et plus pr\u00e9cises avec quatre param\u00e8tres DPI.\",\"breadcrumb\":{\"@id\":\"https:\\\/\\\/veho-lifestyle.ca\\\/fr\\\/product\\\/souris-de-jeu-filaire-usb-alpha-bravo-gz1\\\/#breadcrumb\"},\"inLanguage\":\"fr-FR\",\"potentialAction\":[{\"@type\":\"ReadAction\",\"target\":[\"https:\\\/\\\/veho-lifestyle.ca\\\/fr\\\/product\\\/souris-de-jeu-filaire-usb-alpha-bravo-gz1\\\/\"]}]},{\"@type\":\"ImageObject\",\"inLanguage\":\"fr-FR\",\"@id\":\"https:\\\/\\\/veho-lifestyle.ca\\\/fr\\\/product\\\/souris-de-jeu-filaire-usb-alpha-bravo-gz1\\\/#primaryimage\",\"url\":\"https:\\\/\\\/veho-lifestyle.ca\\\/wp-content\\\/uploads\\\/2022\\\/02\\\/gm1_pro_mouse_.png\",\"contentUrl\":\"https:\\\/\\\/veho-lifestyle.ca\\\/wp-content\\\/uploads\\\/2022\\\/02\\\/gm1_pro_mouse_.png\",\"width\":620,\"height\":620},{\"@type\":\"BreadcrumbList\",\"@id\":\"https:\\\/\\\/veho-lifestyle.ca\\\/fr\\\/product\\\/souris-de-jeu-filaire-usb-alpha-bravo-gz1\\\/#breadcrumb\",\"itemListElement\":[{\"@type\":\"ListItem\",\"position\":1,\"name\":\"Home\",\"item\":\"https:\\\/\\\/veho-lifestyle.ca\\\/fr\\\/\"},{\"@type\":\"ListItem\",\"position\":2,\"name\":\"Magasinez\",\"item\":\"https:\\\/\\\/veho-lifestyle.ca\\\/fr\\\/boutique\\\/\"},{\"@type\":\"ListItem\",\"position\":3,\"name\":\"Souris de jeu filaire USB Alpha Bravo GZ1\"}]},{\"@type\":\"WebSite\",\"@id\":\"https:\\\/\\\/veho-lifestyle.ca\\\/fr\\\/#website\",\"url\":\"https:\\\/\\\/veho-lifestyle.ca\\\/fr\\\/\",\"name\":\"Boutique Veho Lifestyle Canada\",\"description\":\"\u00c9lectronique grand public con\u00e7ue au Royaume-Uni\",\"potentialAction\":[{\"@type\":\"SearchAction\",\"target\":{\"@type\":\"EntryPoint\",\"urlTemplate\":\"https:\\\/\\\/veho-lifestyle.ca\\\/fr\\\/?s={search_term_string}\"},\"query-input\":{\"@type\":\"PropertyValueSpecification\",\"valueRequired\":true,\"valueName\":\"search_term_string\"}}],\"inLanguage\":\"fr-FR\"}]}<\/script>\n<!-- \/ Yoast SEO plugin. -->","yoast_head_json":{"title":"Souris de jeu filaire USB Alpha Bravo GZ1","description":"La souris de jeu filaire USB Alpha Bravo GZ1 est con\u00e7ue pour le confort de jeu. Effectuez des man\u0153uvres plus rapides et plus pr\u00e9cises avec quatre param\u00e8tres DPI.","robots":{"index":"index","follow":"follow","max-snippet":"max-snippet:-1","max-image-preview":"max-image-preview:large","max-video-preview":"max-video-preview:-1"},"canonical":"https:\/\/veho-lifestyle.ca\/fr\/product\/souris-de-jeu-filaire-usb-alpha-bravo-gz1\/","og_locale":"fr_FR","og_type":"article","og_title":"Souris de jeu filaire USB Alpha Bravo GZ1","og_description":"La souris de jeu filaire USB Alpha Bravo GZ1 est con\u00e7ue pour le confort de jeu. Effectuez des man\u0153uvres plus rapides et plus pr\u00e9cises avec quatre param\u00e8tres DPI.","og_url":"https:\/\/veho-lifestyle.ca\/fr\/product\/souris-de-jeu-filaire-usb-alpha-bravo-gz1\/","og_site_name":"Boutique Veho Lifestyle Canada","article_modified_time":"2025-02-05T17:08:24+00:00","og_image":[{"width":620,"height":620,"url":"https:\/\/veho-lifestyle.ca\/wp-content\/uploads\/2022\/02\/gm1_pro_mouse_.png","type":"image\/png"}],"twitter_card":"summary_large_image","schema":{"@context":"https:\/\/schema.org","@graph":[{"@type":"WebPage","@id":"https:\/\/veho-lifestyle.ca\/fr\/product\/souris-de-jeu-filaire-usb-alpha-bravo-gz1\/","url":"https:\/\/veho-lifestyle.ca\/fr\/product\/souris-de-jeu-filaire-usb-alpha-bravo-gz1\/","name":"Souris de jeu filaire USB Alpha Bravo GZ1","isPartOf":{"@id":"https:\/\/veho-lifestyle.ca\/fr\/#website"},"primaryImageOfPage":{"@id":"https:\/\/veho-lifestyle.ca\/fr\/product\/souris-de-jeu-filaire-usb-alpha-bravo-gz1\/#primaryimage"},"image":{"@id":"https:\/\/veho-lifestyle.ca\/fr\/product\/souris-de-jeu-filaire-usb-alpha-bravo-gz1\/#primaryimage"},"thumbnailUrl":"https:\/\/veho-lifestyle.ca\/wp-content\/uploads\/2022\/02\/gm1_pro_mouse_.png","datePublished":"2022-02-07T15:42:46+00:00","dateModified":"2025-02-05T17:08:24+00:00","description":"La souris de jeu filaire USB Alpha Bravo GZ1 est con\u00e7ue pour le confort de jeu. Effectuez des man\u0153uvres plus rapides et plus pr\u00e9cises avec quatre param\u00e8tres DPI.","breadcrumb":{"@id":"https:\/\/veho-lifestyle.ca\/fr\/product\/souris-de-jeu-filaire-usb-alpha-bravo-gz1\/#breadcrumb"},"inLanguage":"fr-FR","potentialAction":[{"@type":"ReadAction","target":["https:\/\/veho-lifestyle.ca\/fr\/product\/souris-de-jeu-filaire-usb-alpha-bravo-gz1\/"]}]},{"@type":"ImageObject","inLanguage":"fr-FR","@id":"https:\/\/veho-lifestyle.ca\/fr\/product\/souris-de-jeu-filaire-usb-alpha-bravo-gz1\/#primaryimage","url":"https:\/\/veho-lifestyle.ca\/wp-content\/uploads\/2022\/02\/gm1_pro_mouse_.png","contentUrl":"https:\/\/veho-lifestyle.ca\/wp-content\/uploads\/2022\/02\/gm1_pro_mouse_.png","width":620,"height":620},{"@type":"BreadcrumbList","@id":"https:\/\/veho-lifestyle.ca\/fr\/product\/souris-de-jeu-filaire-usb-alpha-bravo-gz1\/#breadcrumb","itemListElement":[{"@type":"ListItem","position":1,"name":"Home","item":"https:\/\/veho-lifestyle.ca\/fr\/"},{"@type":"ListItem","position":2,"name":"Magasinez","item":"https:\/\/veho-lifestyle.ca\/fr\/boutique\/"},{"@type":"ListItem","position":3,"name":"Souris de jeu filaire USB Alpha Bravo GZ1"}]},{"@type":"WebSite","@id":"https:\/\/veho-lifestyle.ca\/fr\/#website","url":"https:\/\/veho-lifestyle.ca\/fr\/","name":"Boutique Veho Lifestyle Canada","description":"\u00c9lectronique grand public con\u00e7ue au Royaume-Uni","potentialAction":[{"@type":"SearchAction","target":{"@type":"EntryPoint","urlTemplate":"https:\/\/veho-lifestyle.ca\/fr\/?s={search_term_string}"},"query-input":{"@type":"PropertyValueSpecification","valueRequired":true,"valueName":"search_term_string"}}],"inLanguage":"fr-FR"}]}},"jetpack_sharing_enabled":true,"_links":{"self":[{"href":"https:\/\/veho-lifestyle.ca\/fr\/wp-json\/wp\/v2\/product\/4360","targetHints":{"allow":["GET"]}}],"collection":[{"href":"https:\/\/veho-lifestyle.ca\/fr\/wp-json\/wp\/v2\/product"}],"about":[{"href":"https:\/\/veho-lifestyle.ca\/fr\/wp-json\/wp\/v2\/types\/product"}],"replies":[{"embeddable":true,"href":"https:\/\/veho-lifestyle.ca\/fr\/wp-json\/wp\/v2\/comments?post=4360"}],"wp:featuredmedia":[{"embeddable":true,"href":"https:\/\/veho-lifestyle.ca\/fr\/wp-json\/wp\/v2\/media\/3162"}],"wp:attachment":[{"href":"https:\/\/veho-lifestyle.ca\/fr\/wp-json\/wp\/v2\/media?parent=4360"}],"wp:term":[{"taxonomy":"product_brand","embeddable":true,"href":"https:\/\/veho-lifestyle.ca\/fr\/wp-json\/wp\/v2\/product_brand?post=4360"},{"taxonomy":"product_cat","embeddable":true,"href":"https:\/\/veho-lifestyle.ca\/fr\/wp-json\/wp\/v2\/product_cat?post=4360"},{"taxonomy":"product_tag","embeddable":true,"href":"https:\/\/veho-lifestyle.ca\/fr\/wp-json\/wp\/v2\/product_tag?post=4360"}],"curies":[{"name":"wp","href":"https:\/\/api.w.org\/{rel}","templated":true}]}}