{"id":4359,"date":"2022-02-07T10:43:08","date_gmt":"2022-02-07T15:43:08","guid":{"rendered":"https:\/\/veho-lifestyle.ca\/product\/support-de-casque-de-jeu-usb-alpha-bravo-ga-1\/"},"modified":"2025-02-05T12:08:23","modified_gmt":"2025-02-05T17:08:23","slug":"support-de-casque-de-jeu-usb-alpha-bravo-ga-1","status":"publish","type":"product","link":"https:\/\/veho-lifestyle.ca\/fr\/product\/support-de-casque-de-jeu-usb-alpha-bravo-ga-1\/","title":{"rendered":"Support de casque de jeu USB Alpha Bravo GA-1"},"content":{"rendered":"<div class=\"wp-content wp-content--product\"><p>Le support de casque de jeu USB Alpha Bravo GA-1 est con\u00e7u pour accrocher votre casque de jeu lorsqu\u2019il n\u2019est pas utilis\u00e9. La base en caoutchouc antid\u00e9rapante offre une grande stabilit\u00e9 et pr\u00e9vient les dommages. La base est \u00e9galement de retour pour compl\u00e9ter l\u2019exp\u00e9rience de jeu.  <\/p>\n<\/div>","protected":false},"excerpt":{"rendered":"<ul>\n<li>\u00c9clairage r\u00e9tro\u00e9clair\u00e9 pour offrir l\u2019exp\u00e9rience de jeu ultime<\/li>\n<li>Base en caoutchouc antid\u00e9rapante<\/li>\n<\/ul>\n","protected":false},"featured_media":3166,"comment_status":"closed","ping_status":"closed","template":"","meta":{"inline_featured_image":false},"product_brand":[],"product_cat":[111],"product_tag":[],"class_list":{"0":"post-4359","1":"product","2":"type-product","3":"status-publish","4":"has-post-thumbnail","6":"product_cat-gaming-accessories-fr","8":"first","9":"instock","10":"shipping-taxable","11":"purchasable","12":"product-type-simple"},"acf":[],"yoast_head":"<!-- This site is optimized with the Yoast SEO plugin v27.5 - https:\/\/yoast.com\/product\/yoast-seo-wordpress\/ -->\n<title>Support de casque de jeu USB Alpha Bravo GA-1<\/title>\n<meta name=\"description\" content=\"Le support de casque de jeu USB Alpha Bravo GA-1 est con\u00e7u pour accrocher votre casque lorsqu\u2019il n\u2019est pas utilis\u00e9. Une base en caoutchouc antid\u00e9rapante assure la stabilit\u00e9.\" \/>\n<meta name=\"robots\" content=\"index, follow, max-snippet:-1, max-image-preview:large, max-video-preview:-1\" \/>\n<link rel=\"canonical\" href=\"https:\/\/veho-lifestyle.ca\/fr\/product\/support-de-casque-de-jeu-usb-alpha-bravo-ga-1\/\" \/>\n<meta property=\"og:locale\" content=\"fr_FR\" \/>\n<meta property=\"og:type\" content=\"article\" \/>\n<meta property=\"og:title\" content=\"Support de casque de jeu USB Alpha Bravo GA-1\" \/>\n<meta property=\"og:description\" content=\"Le support de casque de jeu USB Alpha Bravo GA-1 est con\u00e7u pour accrocher votre casque lorsqu\u2019il n\u2019est pas utilis\u00e9. Une base en caoutchouc antid\u00e9rapante assure la stabilit\u00e9.\" \/>\n<meta property=\"og:url\" content=\"https:\/\/veho-lifestyle.ca\/fr\/product\/support-de-casque-de-jeu-usb-alpha-bravo-ga-1\/\" \/>\n<meta property=\"og:site_name\" content=\"Boutique Veho Lifestyle Canada\" \/>\n<meta property=\"article:modified_time\" content=\"2025-02-05T17:08:23+00:00\" \/>\n<meta property=\"og:image\" content=\"https:\/\/veho-lifestyle.ca\/wp-content\/uploads\/2022\/02\/ab-headset-stand-1.png\" \/>\n\t<meta property=\"og:image:width\" content=\"620\" \/>\n\t<meta property=\"og:image:height\" content=\"620\" \/>\n\t<meta property=\"og:image:type\" content=\"image\/png\" \/>\n<meta name=\"twitter:card\" content=\"summary_large_image\" \/>\n<script type=\"application\/ld+json\" class=\"yoast-schema-graph\">{\"@context\":\"https:\\\/\\\/schema.org\",\"@graph\":[{\"@type\":\"WebPage\",\"@id\":\"https:\\\/\\\/veho-lifestyle.ca\\\/fr\\\/product\\\/support-de-casque-de-jeu-usb-alpha-bravo-ga-1\\\/\",\"url\":\"https:\\\/\\\/veho-lifestyle.ca\\\/fr\\\/product\\\/support-de-casque-de-jeu-usb-alpha-bravo-ga-1\\\/\",\"name\":\"Support de casque de jeu USB Alpha Bravo GA-1\",\"isPartOf\":{\"@id\":\"https:\\\/\\\/veho-lifestyle.ca\\\/fr\\\/#website\"},\"primaryImageOfPage\":{\"@id\":\"https:\\\/\\\/veho-lifestyle.ca\\\/fr\\\/product\\\/support-de-casque-de-jeu-usb-alpha-bravo-ga-1\\\/#primaryimage\"},\"image\":{\"@id\":\"https:\\\/\\\/veho-lifestyle.ca\\\/fr\\\/product\\\/support-de-casque-de-jeu-usb-alpha-bravo-ga-1\\\/#primaryimage\"},\"thumbnailUrl\":\"https:\\\/\\\/veho-lifestyle.ca\\\/wp-content\\\/uploads\\\/2022\\\/02\\\/ab-headset-stand-1.png\",\"datePublished\":\"2022-02-07T15:43:08+00:00\",\"dateModified\":\"2025-02-05T17:08:23+00:00\",\"description\":\"Le support de casque de jeu USB Alpha Bravo GA-1 est con\u00e7u pour accrocher votre casque lorsqu\u2019il n\u2019est pas utilis\u00e9. Une base en caoutchouc antid\u00e9rapante assure la stabilit\u00e9.\",\"breadcrumb\":{\"@id\":\"https:\\\/\\\/veho-lifestyle.ca\\\/fr\\\/product\\\/support-de-casque-de-jeu-usb-alpha-bravo-ga-1\\\/#breadcrumb\"},\"inLanguage\":\"fr-FR\",\"potentialAction\":[{\"@type\":\"ReadAction\",\"target\":[\"https:\\\/\\\/veho-lifestyle.ca\\\/fr\\\/product\\\/support-de-casque-de-jeu-usb-alpha-bravo-ga-1\\\/\"]}]},{\"@type\":\"ImageObject\",\"inLanguage\":\"fr-FR\",\"@id\":\"https:\\\/\\\/veho-lifestyle.ca\\\/fr\\\/product\\\/support-de-casque-de-jeu-usb-alpha-bravo-ga-1\\\/#primaryimage\",\"url\":\"https:\\\/\\\/veho-lifestyle.ca\\\/wp-content\\\/uploads\\\/2022\\\/02\\\/ab-headset-stand-1.png\",\"contentUrl\":\"https:\\\/\\\/veho-lifestyle.ca\\\/wp-content\\\/uploads\\\/2022\\\/02\\\/ab-headset-stand-1.png\",\"width\":620,\"height\":620},{\"@type\":\"BreadcrumbList\",\"@id\":\"https:\\\/\\\/veho-lifestyle.ca\\\/fr\\\/product\\\/support-de-casque-de-jeu-usb-alpha-bravo-ga-1\\\/#breadcrumb\",\"itemListElement\":[{\"@type\":\"ListItem\",\"position\":1,\"name\":\"Home\",\"item\":\"https:\\\/\\\/veho-lifestyle.ca\\\/fr\\\/\"},{\"@type\":\"ListItem\",\"position\":2,\"name\":\"Magasinez\",\"item\":\"https:\\\/\\\/veho-lifestyle.ca\\\/fr\\\/boutique\\\/\"},{\"@type\":\"ListItem\",\"position\":3,\"name\":\"Support de casque de jeu USB Alpha Bravo GA-1\"}]},{\"@type\":\"WebSite\",\"@id\":\"https:\\\/\\\/veho-lifestyle.ca\\\/fr\\\/#website\",\"url\":\"https:\\\/\\\/veho-lifestyle.ca\\\/fr\\\/\",\"name\":\"Boutique Veho Lifestyle Canada\",\"description\":\"\u00c9lectronique grand public con\u00e7ue au Royaume-Uni\",\"potentialAction\":[{\"@type\":\"SearchAction\",\"target\":{\"@type\":\"EntryPoint\",\"urlTemplate\":\"https:\\\/\\\/veho-lifestyle.ca\\\/fr\\\/?s={search_term_string}\"},\"query-input\":{\"@type\":\"PropertyValueSpecification\",\"valueRequired\":true,\"valueName\":\"search_term_string\"}}],\"inLanguage\":\"fr-FR\"}]}<\/script>\n<!-- \/ Yoast SEO plugin. -->","yoast_head_json":{"title":"Support de casque de jeu USB Alpha Bravo GA-1","description":"Le support de casque de jeu USB Alpha Bravo GA-1 est con\u00e7u pour accrocher votre casque lorsqu\u2019il n\u2019est pas utilis\u00e9. Une base en caoutchouc antid\u00e9rapante assure la stabilit\u00e9.","robots":{"index":"index","follow":"follow","max-snippet":"max-snippet:-1","max-image-preview":"max-image-preview:large","max-video-preview":"max-video-preview:-1"},"canonical":"https:\/\/veho-lifestyle.ca\/fr\/product\/support-de-casque-de-jeu-usb-alpha-bravo-ga-1\/","og_locale":"fr_FR","og_type":"article","og_title":"Support de casque de jeu USB Alpha Bravo GA-1","og_description":"Le support de casque de jeu USB Alpha Bravo GA-1 est con\u00e7u pour accrocher votre casque lorsqu\u2019il n\u2019est pas utilis\u00e9. Une base en caoutchouc antid\u00e9rapante assure la stabilit\u00e9.","og_url":"https:\/\/veho-lifestyle.ca\/fr\/product\/support-de-casque-de-jeu-usb-alpha-bravo-ga-1\/","og_site_name":"Boutique Veho Lifestyle Canada","article_modified_time":"2025-02-05T17:08:23+00:00","og_image":[{"width":620,"height":620,"url":"https:\/\/veho-lifestyle.ca\/wp-content\/uploads\/2022\/02\/ab-headset-stand-1.png","type":"image\/png"}],"twitter_card":"summary_large_image","schema":{"@context":"https:\/\/schema.org","@graph":[{"@type":"WebPage","@id":"https:\/\/veho-lifestyle.ca\/fr\/product\/support-de-casque-de-jeu-usb-alpha-bravo-ga-1\/","url":"https:\/\/veho-lifestyle.ca\/fr\/product\/support-de-casque-de-jeu-usb-alpha-bravo-ga-1\/","name":"Support de casque de jeu USB Alpha Bravo GA-1","isPartOf":{"@id":"https:\/\/veho-lifestyle.ca\/fr\/#website"},"primaryImageOfPage":{"@id":"https:\/\/veho-lifestyle.ca\/fr\/product\/support-de-casque-de-jeu-usb-alpha-bravo-ga-1\/#primaryimage"},"image":{"@id":"https:\/\/veho-lifestyle.ca\/fr\/product\/support-de-casque-de-jeu-usb-alpha-bravo-ga-1\/#primaryimage"},"thumbnailUrl":"https:\/\/veho-lifestyle.ca\/wp-content\/uploads\/2022\/02\/ab-headset-stand-1.png","datePublished":"2022-02-07T15:43:08+00:00","dateModified":"2025-02-05T17:08:23+00:00","description":"Le support de casque de jeu USB Alpha Bravo GA-1 est con\u00e7u pour accrocher votre casque lorsqu\u2019il n\u2019est pas utilis\u00e9. Une base en caoutchouc antid\u00e9rapante assure la stabilit\u00e9.","breadcrumb":{"@id":"https:\/\/veho-lifestyle.ca\/fr\/product\/support-de-casque-de-jeu-usb-alpha-bravo-ga-1\/#breadcrumb"},"inLanguage":"fr-FR","potentialAction":[{"@type":"ReadAction","target":["https:\/\/veho-lifestyle.ca\/fr\/product\/support-de-casque-de-jeu-usb-alpha-bravo-ga-1\/"]}]},{"@type":"ImageObject","inLanguage":"fr-FR","@id":"https:\/\/veho-lifestyle.ca\/fr\/product\/support-de-casque-de-jeu-usb-alpha-bravo-ga-1\/#primaryimage","url":"https:\/\/veho-lifestyle.ca\/wp-content\/uploads\/2022\/02\/ab-headset-stand-1.png","contentUrl":"https:\/\/veho-lifestyle.ca\/wp-content\/uploads\/2022\/02\/ab-headset-stand-1.png","width":620,"height":620},{"@type":"BreadcrumbList","@id":"https:\/\/veho-lifestyle.ca\/fr\/product\/support-de-casque-de-jeu-usb-alpha-bravo-ga-1\/#breadcrumb","itemListElement":[{"@type":"ListItem","position":1,"name":"Home","item":"https:\/\/veho-lifestyle.ca\/fr\/"},{"@type":"ListItem","position":2,"name":"Magasinez","item":"https:\/\/veho-lifestyle.ca\/fr\/boutique\/"},{"@type":"ListItem","position":3,"name":"Support de casque de jeu USB Alpha Bravo GA-1"}]},{"@type":"WebSite","@id":"https:\/\/veho-lifestyle.ca\/fr\/#website","url":"https:\/\/veho-lifestyle.ca\/fr\/","name":"Boutique Veho Lifestyle Canada","description":"\u00c9lectronique grand public con\u00e7ue au Royaume-Uni","potentialAction":[{"@type":"SearchAction","target":{"@type":"EntryPoint","urlTemplate":"https:\/\/veho-lifestyle.ca\/fr\/?s={search_term_string}"},"query-input":{"@type":"PropertyValueSpecification","valueRequired":true,"valueName":"search_term_string"}}],"inLanguage":"fr-FR"}]}},"jetpack_sharing_enabled":true,"_links":{"self":[{"href":"https:\/\/veho-lifestyle.ca\/fr\/wp-json\/wp\/v2\/product\/4359","targetHints":{"allow":["GET"]}}],"collection":[{"href":"https:\/\/veho-lifestyle.ca\/fr\/wp-json\/wp\/v2\/product"}],"about":[{"href":"https:\/\/veho-lifestyle.ca\/fr\/wp-json\/wp\/v2\/types\/product"}],"replies":[{"embeddable":true,"href":"https:\/\/veho-lifestyle.ca\/fr\/wp-json\/wp\/v2\/comments?post=4359"}],"wp:featuredmedia":[{"embeddable":true,"href":"https:\/\/veho-lifestyle.ca\/fr\/wp-json\/wp\/v2\/media\/3166"}],"wp:attachment":[{"href":"https:\/\/veho-lifestyle.ca\/fr\/wp-json\/wp\/v2\/media?parent=4359"}],"wp:term":[{"taxonomy":"product_brand","embeddable":true,"href":"https:\/\/veho-lifestyle.ca\/fr\/wp-json\/wp\/v2\/product_brand?post=4359"},{"taxonomy":"product_cat","embeddable":true,"href":"https:\/\/veho-lifestyle.ca\/fr\/wp-json\/wp\/v2\/product_cat?post=4359"},{"taxonomy":"product_tag","embeddable":true,"href":"https:\/\/veho-lifestyle.ca\/fr\/wp-json\/wp\/v2\/product_tag?post=4359"}],"curies":[{"name":"wp","href":"https:\/\/api.w.org\/{rel}","templated":true}]}}