{"id":4357,"date":"2022-02-07T10:41:53","date_gmt":"2022-02-07T15:41:53","guid":{"rendered":"https:\/\/veho-lifestyle.ca\/product\/casque-de-jeu-alpha-bravo-gx3-pro\/"},"modified":"2025-02-05T11:37:32","modified_gmt":"2025-02-05T16:37:32","slug":"casque-de-jeu-alpha-bravo-gx3-pro","status":"publish","type":"product","link":"https:\/\/veho-lifestyle.ca\/fr\/product\/casque-de-jeu-alpha-bravo-gx3-pro\/","title":{"rendered":"Casque de jeu Alpha Bravo GX3 Pro"},"content":{"rendered":"<div class=\"wp-content wp-content--product\"><p>L\u2019Alpha Bravo GX-3 Pro est un casque de jeu de qualit\u00e9 professionnelle avec des fonctionnalit\u00e9s haut de gamme ultimes pour am\u00e9liorer votre exp\u00e9rience de jeu. Le casque est dot\u00e9 de pilotes audio acoustiques doubles de 53 mm, d&rsquo;un microphone Z-Pro, d&rsquo;une t\u00e9l\u00e9commande en ligne et de coussinets d&rsquo;oreille ultra-doux. Le GX-3 n&rsquo;est pas seulement destin\u00e9 aux PC, il est compatible avec plusieurs plateformes gr\u00e2ce au double port USB et Option prise jack 3,5 mm. \u00c0 utiliser avec PS4\/PS5, Xbox, PC, Nintendo et plus.  <\/p>\n<\/div>","protected":false},"excerpt":{"rendered":"<ul>\n<li>Pilotes audio 53mm pour une qualit\u00e9 sonore sup\u00e9rieure<\/li>\n<li>Microphone \u00ab&nbsp;Z-PRO&nbsp;\u00bb de qualit\u00e9 professionnelle<\/li>\n<li>Compatibilit\u00e9 multiplateforme<\/li>\n<\/ul>\n","protected":false},"featured_media":3146,"comment_status":"closed","ping_status":"closed","template":"","meta":{"inline_featured_image":false},"product_brand":[],"product_cat":[112,149],"product_tag":[],"class_list":{"0":"post-4357","1":"product","2":"type-product","3":"status-publish","4":"has-post-thumbnail","6":"product_cat-gaming-headsets-fr","7":"product_cat-top-deals-fr","9":"first","10":"instock","11":"shipping-taxable","12":"purchasable","13":"product-type-simple"},"acf":[],"yoast_head":"<!-- This site is optimized with the Yoast SEO plugin v27.5 - https:\/\/yoast.com\/product\/yoast-seo-wordpress\/ -->\n<title>Casque de jeu Alpha Bravo GX3 Pro - Boutique Veho Lifestyle Canada<\/title>\n<meta name=\"description\" content=\"L\u2019Alpha Bravo GX-3 Pro est un casque de jeu de qualit\u00e9 professionnelle avec des fonctionnalit\u00e9s haut de gamme ultimes pour am\u00e9liorer votre exp\u00e9rience de jeu.\" \/>\n<meta name=\"robots\" content=\"index, follow, max-snippet:-1, max-image-preview:large, max-video-preview:-1\" \/>\n<link rel=\"canonical\" href=\"https:\/\/veho-lifestyle.ca\/fr\/product\/casque-de-jeu-alpha-bravo-gx3-pro\/\" \/>\n<meta property=\"og:locale\" content=\"fr_FR\" \/>\n<meta property=\"og:type\" content=\"article\" \/>\n<meta property=\"og:title\" content=\"Casque de jeu Alpha Bravo GX3 Pro - Boutique Veho Lifestyle Canada\" \/>\n<meta property=\"og:description\" content=\"L\u2019Alpha Bravo GX-3 Pro est un casque de jeu de qualit\u00e9 professionnelle avec des fonctionnalit\u00e9s haut de gamme ultimes pour am\u00e9liorer votre exp\u00e9rience de jeu.\" \/>\n<meta property=\"og:url\" content=\"https:\/\/veho-lifestyle.ca\/fr\/product\/casque-de-jeu-alpha-bravo-gx3-pro\/\" \/>\n<meta property=\"og:site_name\" content=\"Boutique Veho Lifestyle Canada\" \/>\n<meta property=\"article:modified_time\" content=\"2025-02-05T16:37:32+00:00\" \/>\n<meta property=\"og:image\" content=\"https:\/\/veho-lifestyle.ca\/wp-content\/uploads\/2022\/02\/gx3_hero_image.png\" \/>\n\t<meta property=\"og:image:width\" content=\"620\" \/>\n\t<meta property=\"og:image:height\" content=\"620\" \/>\n\t<meta property=\"og:image:type\" content=\"image\/png\" \/>\n<meta name=\"twitter:card\" content=\"summary_large_image\" \/>\n<script type=\"application\/ld+json\" class=\"yoast-schema-graph\">{\"@context\":\"https:\\\/\\\/schema.org\",\"@graph\":[{\"@type\":\"WebPage\",\"@id\":\"https:\\\/\\\/veho-lifestyle.ca\\\/fr\\\/product\\\/casque-de-jeu-alpha-bravo-gx3-pro\\\/\",\"url\":\"https:\\\/\\\/veho-lifestyle.ca\\\/fr\\\/product\\\/casque-de-jeu-alpha-bravo-gx3-pro\\\/\",\"name\":\"Casque de jeu Alpha Bravo GX3 Pro - Boutique Veho Lifestyle Canada\",\"isPartOf\":{\"@id\":\"https:\\\/\\\/veho-lifestyle.ca\\\/fr\\\/#website\"},\"primaryImageOfPage\":{\"@id\":\"https:\\\/\\\/veho-lifestyle.ca\\\/fr\\\/product\\\/casque-de-jeu-alpha-bravo-gx3-pro\\\/#primaryimage\"},\"image\":{\"@id\":\"https:\\\/\\\/veho-lifestyle.ca\\\/fr\\\/product\\\/casque-de-jeu-alpha-bravo-gx3-pro\\\/#primaryimage\"},\"thumbnailUrl\":\"https:\\\/\\\/veho-lifestyle.ca\\\/wp-content\\\/uploads\\\/2022\\\/02\\\/gx3_hero_image.png\",\"datePublished\":\"2022-02-07T15:41:53+00:00\",\"dateModified\":\"2025-02-05T16:37:32+00:00\",\"description\":\"L\u2019Alpha Bravo GX-3 Pro est un casque de jeu de qualit\u00e9 professionnelle avec des fonctionnalit\u00e9s haut de gamme ultimes pour am\u00e9liorer votre exp\u00e9rience de jeu.\",\"breadcrumb\":{\"@id\":\"https:\\\/\\\/veho-lifestyle.ca\\\/fr\\\/product\\\/casque-de-jeu-alpha-bravo-gx3-pro\\\/#breadcrumb\"},\"inLanguage\":\"fr-FR\",\"potentialAction\":[{\"@type\":\"ReadAction\",\"target\":[\"https:\\\/\\\/veho-lifestyle.ca\\\/fr\\\/product\\\/casque-de-jeu-alpha-bravo-gx3-pro\\\/\"]}]},{\"@type\":\"ImageObject\",\"inLanguage\":\"fr-FR\",\"@id\":\"https:\\\/\\\/veho-lifestyle.ca\\\/fr\\\/product\\\/casque-de-jeu-alpha-bravo-gx3-pro\\\/#primaryimage\",\"url\":\"https:\\\/\\\/veho-lifestyle.ca\\\/wp-content\\\/uploads\\\/2022\\\/02\\\/gx3_hero_image.png\",\"contentUrl\":\"https:\\\/\\\/veho-lifestyle.ca\\\/wp-content\\\/uploads\\\/2022\\\/02\\\/gx3_hero_image.png\",\"width\":620,\"height\":620},{\"@type\":\"BreadcrumbList\",\"@id\":\"https:\\\/\\\/veho-lifestyle.ca\\\/fr\\\/product\\\/casque-de-jeu-alpha-bravo-gx3-pro\\\/#breadcrumb\",\"itemListElement\":[{\"@type\":\"ListItem\",\"position\":1,\"name\":\"Home\",\"item\":\"https:\\\/\\\/veho-lifestyle.ca\\\/fr\\\/\"},{\"@type\":\"ListItem\",\"position\":2,\"name\":\"Magasinez\",\"item\":\"https:\\\/\\\/veho-lifestyle.ca\\\/fr\\\/boutique\\\/\"},{\"@type\":\"ListItem\",\"position\":3,\"name\":\"Casque de jeu Alpha Bravo GX3 Pro\"}]},{\"@type\":\"WebSite\",\"@id\":\"https:\\\/\\\/veho-lifestyle.ca\\\/fr\\\/#website\",\"url\":\"https:\\\/\\\/veho-lifestyle.ca\\\/fr\\\/\",\"name\":\"Boutique Veho Lifestyle Canada\",\"description\":\"\u00c9lectronique grand public con\u00e7ue au Royaume-Uni\",\"potentialAction\":[{\"@type\":\"SearchAction\",\"target\":{\"@type\":\"EntryPoint\",\"urlTemplate\":\"https:\\\/\\\/veho-lifestyle.ca\\\/fr\\\/?s={search_term_string}\"},\"query-input\":{\"@type\":\"PropertyValueSpecification\",\"valueRequired\":true,\"valueName\":\"search_term_string\"}}],\"inLanguage\":\"fr-FR\"}]}<\/script>\n<!-- \/ Yoast SEO plugin. -->","yoast_head_json":{"title":"Casque de jeu Alpha Bravo GX3 Pro - Boutique Veho Lifestyle Canada","description":"L\u2019Alpha Bravo GX-3 Pro est un casque de jeu de qualit\u00e9 professionnelle avec des fonctionnalit\u00e9s haut de gamme ultimes pour am\u00e9liorer votre exp\u00e9rience de jeu.","robots":{"index":"index","follow":"follow","max-snippet":"max-snippet:-1","max-image-preview":"max-image-preview:large","max-video-preview":"max-video-preview:-1"},"canonical":"https:\/\/veho-lifestyle.ca\/fr\/product\/casque-de-jeu-alpha-bravo-gx3-pro\/","og_locale":"fr_FR","og_type":"article","og_title":"Casque de jeu Alpha Bravo GX3 Pro - Boutique Veho Lifestyle Canada","og_description":"L\u2019Alpha Bravo GX-3 Pro est un casque de jeu de qualit\u00e9 professionnelle avec des fonctionnalit\u00e9s haut de gamme ultimes pour am\u00e9liorer votre exp\u00e9rience de jeu.","og_url":"https:\/\/veho-lifestyle.ca\/fr\/product\/casque-de-jeu-alpha-bravo-gx3-pro\/","og_site_name":"Boutique Veho Lifestyle Canada","article_modified_time":"2025-02-05T16:37:32+00:00","og_image":[{"width":620,"height":620,"url":"https:\/\/veho-lifestyle.ca\/wp-content\/uploads\/2022\/02\/gx3_hero_image.png","type":"image\/png"}],"twitter_card":"summary_large_image","schema":{"@context":"https:\/\/schema.org","@graph":[{"@type":"WebPage","@id":"https:\/\/veho-lifestyle.ca\/fr\/product\/casque-de-jeu-alpha-bravo-gx3-pro\/","url":"https:\/\/veho-lifestyle.ca\/fr\/product\/casque-de-jeu-alpha-bravo-gx3-pro\/","name":"Casque de jeu Alpha Bravo GX3 Pro - Boutique Veho Lifestyle Canada","isPartOf":{"@id":"https:\/\/veho-lifestyle.ca\/fr\/#website"},"primaryImageOfPage":{"@id":"https:\/\/veho-lifestyle.ca\/fr\/product\/casque-de-jeu-alpha-bravo-gx3-pro\/#primaryimage"},"image":{"@id":"https:\/\/veho-lifestyle.ca\/fr\/product\/casque-de-jeu-alpha-bravo-gx3-pro\/#primaryimage"},"thumbnailUrl":"https:\/\/veho-lifestyle.ca\/wp-content\/uploads\/2022\/02\/gx3_hero_image.png","datePublished":"2022-02-07T15:41:53+00:00","dateModified":"2025-02-05T16:37:32+00:00","description":"L\u2019Alpha Bravo GX-3 Pro est un casque de jeu de qualit\u00e9 professionnelle avec des fonctionnalit\u00e9s haut de gamme ultimes pour am\u00e9liorer votre exp\u00e9rience de jeu.","breadcrumb":{"@id":"https:\/\/veho-lifestyle.ca\/fr\/product\/casque-de-jeu-alpha-bravo-gx3-pro\/#breadcrumb"},"inLanguage":"fr-FR","potentialAction":[{"@type":"ReadAction","target":["https:\/\/veho-lifestyle.ca\/fr\/product\/casque-de-jeu-alpha-bravo-gx3-pro\/"]}]},{"@type":"ImageObject","inLanguage":"fr-FR","@id":"https:\/\/veho-lifestyle.ca\/fr\/product\/casque-de-jeu-alpha-bravo-gx3-pro\/#primaryimage","url":"https:\/\/veho-lifestyle.ca\/wp-content\/uploads\/2022\/02\/gx3_hero_image.png","contentUrl":"https:\/\/veho-lifestyle.ca\/wp-content\/uploads\/2022\/02\/gx3_hero_image.png","width":620,"height":620},{"@type":"BreadcrumbList","@id":"https:\/\/veho-lifestyle.ca\/fr\/product\/casque-de-jeu-alpha-bravo-gx3-pro\/#breadcrumb","itemListElement":[{"@type":"ListItem","position":1,"name":"Home","item":"https:\/\/veho-lifestyle.ca\/fr\/"},{"@type":"ListItem","position":2,"name":"Magasinez","item":"https:\/\/veho-lifestyle.ca\/fr\/boutique\/"},{"@type":"ListItem","position":3,"name":"Casque de jeu Alpha Bravo GX3 Pro"}]},{"@type":"WebSite","@id":"https:\/\/veho-lifestyle.ca\/fr\/#website","url":"https:\/\/veho-lifestyle.ca\/fr\/","name":"Boutique Veho Lifestyle Canada","description":"\u00c9lectronique grand public con\u00e7ue au Royaume-Uni","potentialAction":[{"@type":"SearchAction","target":{"@type":"EntryPoint","urlTemplate":"https:\/\/veho-lifestyle.ca\/fr\/?s={search_term_string}"},"query-input":{"@type":"PropertyValueSpecification","valueRequired":true,"valueName":"search_term_string"}}],"inLanguage":"fr-FR"}]}},"jetpack_sharing_enabled":true,"_links":{"self":[{"href":"https:\/\/veho-lifestyle.ca\/fr\/wp-json\/wp\/v2\/product\/4357","targetHints":{"allow":["GET"]}}],"collection":[{"href":"https:\/\/veho-lifestyle.ca\/fr\/wp-json\/wp\/v2\/product"}],"about":[{"href":"https:\/\/veho-lifestyle.ca\/fr\/wp-json\/wp\/v2\/types\/product"}],"replies":[{"embeddable":true,"href":"https:\/\/veho-lifestyle.ca\/fr\/wp-json\/wp\/v2\/comments?post=4357"}],"wp:featuredmedia":[{"embeddable":true,"href":"https:\/\/veho-lifestyle.ca\/fr\/wp-json\/wp\/v2\/media\/3146"}],"wp:attachment":[{"href":"https:\/\/veho-lifestyle.ca\/fr\/wp-json\/wp\/v2\/media?parent=4357"}],"wp:term":[{"taxonomy":"product_brand","embeddable":true,"href":"https:\/\/veho-lifestyle.ca\/fr\/wp-json\/wp\/v2\/product_brand?post=4357"},{"taxonomy":"product_cat","embeddable":true,"href":"https:\/\/veho-lifestyle.ca\/fr\/wp-json\/wp\/v2\/product_cat?post=4357"},{"taxonomy":"product_tag","embeddable":true,"href":"https:\/\/veho-lifestyle.ca\/fr\/wp-json\/wp\/v2\/product_tag?post=4357"}],"curies":[{"name":"wp","href":"https:\/\/api.w.org\/{rel}","templated":true}]}}