{"id":4354,"date":"2022-02-07T10:43:09","date_gmt":"2022-02-07T15:43:09","guid":{"rendered":"https:\/\/veho-lifestyle.ca\/product\/veho-dx-3-usb-3-5mp-microscope\/"},"modified":"2022-02-07T10:43:09","modified_gmt":"2022-02-07T15:43:09","slug":"veho-dx-3-usb-3-5mp-microscope","status":"publish","type":"product","link":"https:\/\/veho-lifestyle.ca\/fr\/product\/veho-dx-3-usb-3-5mp-microscope\/","title":{"rendered":"Veho DX-3 USB 3.5MP Microscope"},"content":{"rendered":"<div class=\"wp-content wp-content--product\"><p>Un leader dans sa classe. Le microscope DX-3 USB 3.5MP est capable d\u2019un grossissement allant jusqu\u2019\u00e0 2000x (num\u00e9rique) et d\u2019une sortie vid\u00e9o Full HD 1080p. Bourreau de travail au bureau, le DX-3 peut \u00e9galement \u00eatre utilis\u00e9 \u00ab&nbsp;sur le terrain&nbsp;\u00bb gr\u00e2ce \u00e0 la batterie rechargeable int\u00e9gr\u00e9e. Une autre \u00e9tape est l\u2019\u00e9cran de vision en direct TFT int\u00e9gr\u00e9 de 2,4 pouces, permettant une plus grande polyvalence et des applications. \u00c9galement \u00e9quip\u00e9 d\u2019un emplacement microSD, pour stocker des s\u00e9quences vid\u00e9o et des photos, et d\u2019une sortie HDMI.    <\/p>\n<\/div>","protected":false},"excerpt":{"rendered":"<ul>\n<li>8 x lumi\u00e8res de LED int\u00e9gr\u00e9es<\/li>\n<li>Fonction d\u2019enregistrement instantan\u00e9 et vid\u00e9o<\/li>\n<li>Grossissement 10x \u00e0 220x (zoom num\u00e9rique 2000x)<\/li>\n<\/ul>\n","protected":false},"featured_media":3170,"comment_status":"closed","ping_status":"closed","template":"","meta":{"inline_featured_image":false},"product_brand":[],"product_cat":[145],"product_tag":[],"class_list":{"0":"post-4354","1":"product","2":"type-product","3":"status-publish","4":"has-post-thumbnail","6":"product_cat-digital-microscopes-fr","8":"first","9":"instock","10":"shipping-taxable","11":"purchasable","12":"product-type-simple"},"acf":[],"yoast_head":"<!-- This site is optimized with the Yoast SEO plugin v27.5 - https:\/\/yoast.com\/product\/yoast-seo-wordpress\/ -->\n<title>Veho DX-3 USB 3.5MP Microscope<\/title>\n<meta name=\"description\" content=\"Un leader dans sa classe. Le microscope DX-3 USB 3.5MP est capable d\u2019un grossissement allant jusqu\u2019\u00e0 2000x (num\u00e9rique) et d\u2019une sortie vid\u00e9o Full HD 1080p.\" \/>\n<meta name=\"robots\" content=\"index, follow, max-snippet:-1, max-image-preview:large, max-video-preview:-1\" \/>\n<link rel=\"canonical\" href=\"https:\/\/veho-lifestyle.ca\/fr\/product\/veho-dx-3-usb-3-5mp-microscope\/\" \/>\n<meta property=\"og:locale\" content=\"fr_FR\" \/>\n<meta property=\"og:type\" content=\"article\" \/>\n<meta property=\"og:title\" content=\"Veho DX-3 USB 3.5MP Microscope\" \/>\n<meta property=\"og:description\" content=\"Un leader dans sa classe. Le microscope DX-3 USB 3.5MP est capable d\u2019un grossissement allant jusqu\u2019\u00e0 2000x (num\u00e9rique) et d\u2019une sortie vid\u00e9o Full HD 1080p.\" \/>\n<meta property=\"og:url\" content=\"https:\/\/veho-lifestyle.ca\/fr\/product\/veho-dx-3-usb-3-5mp-microscope\/\" \/>\n<meta property=\"og:site_name\" content=\"Boutique Veho Lifestyle Canada\" \/>\n<meta property=\"og:image\" content=\"https:\/\/veho-lifestyle.ca\/wp-content\/uploads\/2022\/02\/dx3-1.png\" \/>\n\t<meta property=\"og:image:width\" content=\"620\" \/>\n\t<meta property=\"og:image:height\" content=\"620\" \/>\n\t<meta property=\"og:image:type\" content=\"image\/png\" \/>\n<meta name=\"twitter:card\" content=\"summary_large_image\" \/>\n<script type=\"application\/ld+json\" class=\"yoast-schema-graph\">{\"@context\":\"https:\\\/\\\/schema.org\",\"@graph\":[{\"@type\":\"WebPage\",\"@id\":\"https:\\\/\\\/veho-lifestyle.ca\\\/fr\\\/product\\\/veho-dx-3-usb-3-5mp-microscope\\\/\",\"url\":\"https:\\\/\\\/veho-lifestyle.ca\\\/fr\\\/product\\\/veho-dx-3-usb-3-5mp-microscope\\\/\",\"name\":\"Veho DX-3 USB 3.5MP Microscope\",\"isPartOf\":{\"@id\":\"https:\\\/\\\/veho-lifestyle.ca\\\/fr\\\/#website\"},\"primaryImageOfPage\":{\"@id\":\"https:\\\/\\\/veho-lifestyle.ca\\\/fr\\\/product\\\/veho-dx-3-usb-3-5mp-microscope\\\/#primaryimage\"},\"image\":{\"@id\":\"https:\\\/\\\/veho-lifestyle.ca\\\/fr\\\/product\\\/veho-dx-3-usb-3-5mp-microscope\\\/#primaryimage\"},\"thumbnailUrl\":\"https:\\\/\\\/veho-lifestyle.ca\\\/wp-content\\\/uploads\\\/2022\\\/02\\\/dx3-1.png\",\"datePublished\":\"2022-02-07T15:43:09+00:00\",\"description\":\"Un leader dans sa classe. Le microscope DX-3 USB 3.5MP est capable d\u2019un grossissement allant jusqu\u2019\u00e0 2000x (num\u00e9rique) et d\u2019une sortie vid\u00e9o Full HD 1080p.\",\"breadcrumb\":{\"@id\":\"https:\\\/\\\/veho-lifestyle.ca\\\/fr\\\/product\\\/veho-dx-3-usb-3-5mp-microscope\\\/#breadcrumb\"},\"inLanguage\":\"fr-FR\",\"potentialAction\":[{\"@type\":\"ReadAction\",\"target\":[\"https:\\\/\\\/veho-lifestyle.ca\\\/fr\\\/product\\\/veho-dx-3-usb-3-5mp-microscope\\\/\"]}]},{\"@type\":\"ImageObject\",\"inLanguage\":\"fr-FR\",\"@id\":\"https:\\\/\\\/veho-lifestyle.ca\\\/fr\\\/product\\\/veho-dx-3-usb-3-5mp-microscope\\\/#primaryimage\",\"url\":\"https:\\\/\\\/veho-lifestyle.ca\\\/wp-content\\\/uploads\\\/2022\\\/02\\\/dx3-1.png\",\"contentUrl\":\"https:\\\/\\\/veho-lifestyle.ca\\\/wp-content\\\/uploads\\\/2022\\\/02\\\/dx3-1.png\",\"width\":620,\"height\":620},{\"@type\":\"BreadcrumbList\",\"@id\":\"https:\\\/\\\/veho-lifestyle.ca\\\/fr\\\/product\\\/veho-dx-3-usb-3-5mp-microscope\\\/#breadcrumb\",\"itemListElement\":[{\"@type\":\"ListItem\",\"position\":1,\"name\":\"Home\",\"item\":\"https:\\\/\\\/veho-lifestyle.ca\\\/fr\\\/\"},{\"@type\":\"ListItem\",\"position\":2,\"name\":\"Magasinez\",\"item\":\"https:\\\/\\\/veho-lifestyle.ca\\\/fr\\\/boutique\\\/\"},{\"@type\":\"ListItem\",\"position\":3,\"name\":\"Veho DX-3 USB 3.5MP Microscope\"}]},{\"@type\":\"WebSite\",\"@id\":\"https:\\\/\\\/veho-lifestyle.ca\\\/fr\\\/#website\",\"url\":\"https:\\\/\\\/veho-lifestyle.ca\\\/fr\\\/\",\"name\":\"Boutique Veho Lifestyle Canada\",\"description\":\"\u00c9lectronique grand public con\u00e7ue au Royaume-Uni\",\"potentialAction\":[{\"@type\":\"SearchAction\",\"target\":{\"@type\":\"EntryPoint\",\"urlTemplate\":\"https:\\\/\\\/veho-lifestyle.ca\\\/fr\\\/?s={search_term_string}\"},\"query-input\":{\"@type\":\"PropertyValueSpecification\",\"valueRequired\":true,\"valueName\":\"search_term_string\"}}],\"inLanguage\":\"fr-FR\"}]}<\/script>\n<!-- \/ Yoast SEO plugin. -->","yoast_head_json":{"title":"Veho DX-3 USB 3.5MP Microscope","description":"Un leader dans sa classe. Le microscope DX-3 USB 3.5MP est capable d\u2019un grossissement allant jusqu\u2019\u00e0 2000x (num\u00e9rique) et d\u2019une sortie vid\u00e9o Full HD 1080p.","robots":{"index":"index","follow":"follow","max-snippet":"max-snippet:-1","max-image-preview":"max-image-preview:large","max-video-preview":"max-video-preview:-1"},"canonical":"https:\/\/veho-lifestyle.ca\/fr\/product\/veho-dx-3-usb-3-5mp-microscope\/","og_locale":"fr_FR","og_type":"article","og_title":"Veho DX-3 USB 3.5MP Microscope","og_description":"Un leader dans sa classe. Le microscope DX-3 USB 3.5MP est capable d\u2019un grossissement allant jusqu\u2019\u00e0 2000x (num\u00e9rique) et d\u2019une sortie vid\u00e9o Full HD 1080p.","og_url":"https:\/\/veho-lifestyle.ca\/fr\/product\/veho-dx-3-usb-3-5mp-microscope\/","og_site_name":"Boutique Veho Lifestyle Canada","og_image":[{"width":620,"height":620,"url":"https:\/\/veho-lifestyle.ca\/wp-content\/uploads\/2022\/02\/dx3-1.png","type":"image\/png"}],"twitter_card":"summary_large_image","schema":{"@context":"https:\/\/schema.org","@graph":[{"@type":"WebPage","@id":"https:\/\/veho-lifestyle.ca\/fr\/product\/veho-dx-3-usb-3-5mp-microscope\/","url":"https:\/\/veho-lifestyle.ca\/fr\/product\/veho-dx-3-usb-3-5mp-microscope\/","name":"Veho DX-3 USB 3.5MP Microscope","isPartOf":{"@id":"https:\/\/veho-lifestyle.ca\/fr\/#website"},"primaryImageOfPage":{"@id":"https:\/\/veho-lifestyle.ca\/fr\/product\/veho-dx-3-usb-3-5mp-microscope\/#primaryimage"},"image":{"@id":"https:\/\/veho-lifestyle.ca\/fr\/product\/veho-dx-3-usb-3-5mp-microscope\/#primaryimage"},"thumbnailUrl":"https:\/\/veho-lifestyle.ca\/wp-content\/uploads\/2022\/02\/dx3-1.png","datePublished":"2022-02-07T15:43:09+00:00","description":"Un leader dans sa classe. Le microscope DX-3 USB 3.5MP est capable d\u2019un grossissement allant jusqu\u2019\u00e0 2000x (num\u00e9rique) et d\u2019une sortie vid\u00e9o Full HD 1080p.","breadcrumb":{"@id":"https:\/\/veho-lifestyle.ca\/fr\/product\/veho-dx-3-usb-3-5mp-microscope\/#breadcrumb"},"inLanguage":"fr-FR","potentialAction":[{"@type":"ReadAction","target":["https:\/\/veho-lifestyle.ca\/fr\/product\/veho-dx-3-usb-3-5mp-microscope\/"]}]},{"@type":"ImageObject","inLanguage":"fr-FR","@id":"https:\/\/veho-lifestyle.ca\/fr\/product\/veho-dx-3-usb-3-5mp-microscope\/#primaryimage","url":"https:\/\/veho-lifestyle.ca\/wp-content\/uploads\/2022\/02\/dx3-1.png","contentUrl":"https:\/\/veho-lifestyle.ca\/wp-content\/uploads\/2022\/02\/dx3-1.png","width":620,"height":620},{"@type":"BreadcrumbList","@id":"https:\/\/veho-lifestyle.ca\/fr\/product\/veho-dx-3-usb-3-5mp-microscope\/#breadcrumb","itemListElement":[{"@type":"ListItem","position":1,"name":"Home","item":"https:\/\/veho-lifestyle.ca\/fr\/"},{"@type":"ListItem","position":2,"name":"Magasinez","item":"https:\/\/veho-lifestyle.ca\/fr\/boutique\/"},{"@type":"ListItem","position":3,"name":"Veho DX-3 USB 3.5MP Microscope"}]},{"@type":"WebSite","@id":"https:\/\/veho-lifestyle.ca\/fr\/#website","url":"https:\/\/veho-lifestyle.ca\/fr\/","name":"Boutique Veho Lifestyle Canada","description":"\u00c9lectronique grand public con\u00e7ue au Royaume-Uni","potentialAction":[{"@type":"SearchAction","target":{"@type":"EntryPoint","urlTemplate":"https:\/\/veho-lifestyle.ca\/fr\/?s={search_term_string}"},"query-input":{"@type":"PropertyValueSpecification","valueRequired":true,"valueName":"search_term_string"}}],"inLanguage":"fr-FR"}]}},"jetpack_sharing_enabled":true,"_links":{"self":[{"href":"https:\/\/veho-lifestyle.ca\/fr\/wp-json\/wp\/v2\/product\/4354","targetHints":{"allow":["GET"]}}],"collection":[{"href":"https:\/\/veho-lifestyle.ca\/fr\/wp-json\/wp\/v2\/product"}],"about":[{"href":"https:\/\/veho-lifestyle.ca\/fr\/wp-json\/wp\/v2\/types\/product"}],"replies":[{"embeddable":true,"href":"https:\/\/veho-lifestyle.ca\/fr\/wp-json\/wp\/v2\/comments?post=4354"}],"wp:featuredmedia":[{"embeddable":true,"href":"https:\/\/veho-lifestyle.ca\/fr\/wp-json\/wp\/v2\/media\/3170"}],"wp:attachment":[{"href":"https:\/\/veho-lifestyle.ca\/fr\/wp-json\/wp\/v2\/media?parent=4354"}],"wp:term":[{"taxonomy":"product_brand","embeddable":true,"href":"https:\/\/veho-lifestyle.ca\/fr\/wp-json\/wp\/v2\/product_brand?post=4354"},{"taxonomy":"product_cat","embeddable":true,"href":"https:\/\/veho-lifestyle.ca\/fr\/wp-json\/wp\/v2\/product_cat?post=4354"},{"taxonomy":"product_tag","embeddable":true,"href":"https:\/\/veho-lifestyle.ca\/fr\/wp-json\/wp\/v2\/product_tag?post=4354"}],"curies":[{"name":"wp","href":"https:\/\/api.w.org\/{rel}","templated":true}]}}