{"id":4351,"date":"2022-02-07T10:44:49","date_gmt":"2022-02-07T15:44:49","guid":{"rendered":"https:\/\/veho-lifestyle.ca\/product\/sac-portable-veho-tx-4-backpack-avec-port-usb\/"},"modified":"2025-01-28T10:31:06","modified_gmt":"2025-01-28T15:31:06","slug":"sac-portable-veho-tx-4-backpack-avec-port-usb","status":"publish","type":"product","link":"https:\/\/veho-lifestyle.ca\/fr\/product\/sac-portable-veho-tx-4-backpack-avec-port-usb\/","title":{"rendered":"Sac portable Veho TX-4 Backpack avec port USB"},"content":{"rendered":"<div class=\"wp-content wp-content--product\"><p>Le sac portable Veho TX-4 Backpack pour le voyageur ultime. Con\u00e7u avec un bo\u00eetier principal en rouleau et des fermetures \u00e0 glissi\u00e8re scell\u00e9es, le TX-4 est suffisamment robuste pour r\u00e9sister aux \u00e9l\u00e9ments. Construit \u00e0 une haute qualit\u00e9 en utilisant du polyester imperm\u00e9able avec un support en t\u00e9flon. Le sac \u00e0 dos peut contenir confortablement des cahiers jusqu\u2019\u00e0 17 \u00ab\u00a0avec beaucoup d\u2019espace pour les accessoires. Pour une charge pratique en d\u00e9placement, il existe un port de charge USB externe int\u00e9gr\u00e9.    <\/p>\n<\/div>","protected":false},"excerpt":{"rendered":"<ul>\n<li>Sac portable robuste pour un sac portable jusqu\u2019\u00e0 17 \u00ab\u00a0<\/li>\n<li>Polyester super r\u00e9sistant avec support en t\u00e9flon<\/li>\n<li>Port USB externe pour charger le t\u00e9l\u00e9phone \/ appareil en d\u00e9placement<\/li>\n<\/ul>\n","protected":false},"featured_media":3227,"comment_status":"closed","ping_status":"closed","template":"","meta":{"inline_featured_image":false},"product_brand":[],"product_cat":[129],"product_tag":[],"class_list":{"0":"post-4351","1":"product","2":"type-product","3":"status-publish","4":"has-post-thumbnail","6":"product_cat-laptop-notebook-bags-fr","8":"first","9":"instock","10":"shipping-taxable","11":"purchasable","12":"product-type-simple"},"acf":[],"yoast_head":"<!-- This site is optimized with the Yoast SEO plugin v27.5 - https:\/\/yoast.com\/product\/yoast-seo-wordpress\/ -->\n<title>Sac portable Veho TX-4 Backpack avec port USB<\/title>\n<meta name=\"description\" content=\"Le sac portable Veho TX-4 Backpack pour le voyageur ultime. Sac rolltop qui peut contenir des cahiers jusqu\u2019\u00e0 17 &quot;avec de l\u2019espace pour les accessoires.\" \/>\n<meta name=\"robots\" content=\"index, follow, max-snippet:-1, max-image-preview:large, max-video-preview:-1\" \/>\n<link rel=\"canonical\" href=\"https:\/\/veho-lifestyle.ca\/fr\/product\/sac-portable-veho-tx-4-backpack-avec-port-usb\/\" \/>\n<meta property=\"og:locale\" content=\"fr_FR\" \/>\n<meta property=\"og:type\" content=\"article\" \/>\n<meta property=\"og:title\" content=\"Sac portable Veho TX-4 Backpack avec port USB\" \/>\n<meta property=\"og:description\" content=\"Le sac portable Veho TX-4 Backpack pour le voyageur ultime. Sac rolltop qui peut contenir des cahiers jusqu\u2019\u00e0 17 &quot;avec de l\u2019espace pour les accessoires.\" \/>\n<meta property=\"og:url\" content=\"https:\/\/veho-lifestyle.ca\/fr\/product\/sac-portable-veho-tx-4-backpack-avec-port-usb\/\" \/>\n<meta property=\"og:site_name\" content=\"Boutique Veho Lifestyle Canada\" \/>\n<meta property=\"article:modified_time\" content=\"2025-01-28T15:31:06+00:00\" \/>\n<meta property=\"og:image\" content=\"https:\/\/veho-lifestyle.ca\/wp-content\/uploads\/2022\/02\/VNB-004-TX4-hero.png\" \/>\n\t<meta property=\"og:image:width\" content=\"620\" \/>\n\t<meta property=\"og:image:height\" content=\"620\" \/>\n\t<meta property=\"og:image:type\" content=\"image\/png\" \/>\n<meta name=\"twitter:card\" content=\"summary_large_image\" \/>\n<script type=\"application\/ld+json\" class=\"yoast-schema-graph\">{\"@context\":\"https:\\\/\\\/schema.org\",\"@graph\":[{\"@type\":\"WebPage\",\"@id\":\"https:\\\/\\\/veho-lifestyle.ca\\\/fr\\\/product\\\/sac-portable-veho-tx-4-backpack-avec-port-usb\\\/\",\"url\":\"https:\\\/\\\/veho-lifestyle.ca\\\/fr\\\/product\\\/sac-portable-veho-tx-4-backpack-avec-port-usb\\\/\",\"name\":\"Sac portable Veho TX-4 Backpack avec port USB\",\"isPartOf\":{\"@id\":\"https:\\\/\\\/veho-lifestyle.ca\\\/fr\\\/#website\"},\"primaryImageOfPage\":{\"@id\":\"https:\\\/\\\/veho-lifestyle.ca\\\/fr\\\/product\\\/sac-portable-veho-tx-4-backpack-avec-port-usb\\\/#primaryimage\"},\"image\":{\"@id\":\"https:\\\/\\\/veho-lifestyle.ca\\\/fr\\\/product\\\/sac-portable-veho-tx-4-backpack-avec-port-usb\\\/#primaryimage\"},\"thumbnailUrl\":\"https:\\\/\\\/veho-lifestyle.ca\\\/wp-content\\\/uploads\\\/2022\\\/02\\\/VNB-004-TX4-hero.png\",\"datePublished\":\"2022-02-07T15:44:49+00:00\",\"dateModified\":\"2025-01-28T15:31:06+00:00\",\"description\":\"Le sac portable Veho TX-4 Backpack pour le voyageur ultime. Sac rolltop qui peut contenir des cahiers jusqu\u2019\u00e0 17 \\\"avec de l\u2019espace pour les accessoires.\",\"breadcrumb\":{\"@id\":\"https:\\\/\\\/veho-lifestyle.ca\\\/fr\\\/product\\\/sac-portable-veho-tx-4-backpack-avec-port-usb\\\/#breadcrumb\"},\"inLanguage\":\"fr-FR\",\"potentialAction\":[{\"@type\":\"ReadAction\",\"target\":[\"https:\\\/\\\/veho-lifestyle.ca\\\/fr\\\/product\\\/sac-portable-veho-tx-4-backpack-avec-port-usb\\\/\"]}]},{\"@type\":\"ImageObject\",\"inLanguage\":\"fr-FR\",\"@id\":\"https:\\\/\\\/veho-lifestyle.ca\\\/fr\\\/product\\\/sac-portable-veho-tx-4-backpack-avec-port-usb\\\/#primaryimage\",\"url\":\"https:\\\/\\\/veho-lifestyle.ca\\\/wp-content\\\/uploads\\\/2022\\\/02\\\/VNB-004-TX4-hero.png\",\"contentUrl\":\"https:\\\/\\\/veho-lifestyle.ca\\\/wp-content\\\/uploads\\\/2022\\\/02\\\/VNB-004-TX4-hero.png\",\"width\":620,\"height\":620},{\"@type\":\"BreadcrumbList\",\"@id\":\"https:\\\/\\\/veho-lifestyle.ca\\\/fr\\\/product\\\/sac-portable-veho-tx-4-backpack-avec-port-usb\\\/#breadcrumb\",\"itemListElement\":[{\"@type\":\"ListItem\",\"position\":1,\"name\":\"Home\",\"item\":\"https:\\\/\\\/veho-lifestyle.ca\\\/fr\\\/\"},{\"@type\":\"ListItem\",\"position\":2,\"name\":\"Magasinez\",\"item\":\"https:\\\/\\\/veho-lifestyle.ca\\\/fr\\\/boutique\\\/\"},{\"@type\":\"ListItem\",\"position\":3,\"name\":\"Sac portable Veho TX-4 Backpack avec port USB\"}]},{\"@type\":\"WebSite\",\"@id\":\"https:\\\/\\\/veho-lifestyle.ca\\\/fr\\\/#website\",\"url\":\"https:\\\/\\\/veho-lifestyle.ca\\\/fr\\\/\",\"name\":\"Boutique Veho Lifestyle Canada\",\"description\":\"\u00c9lectronique grand public con\u00e7ue au Royaume-Uni\",\"potentialAction\":[{\"@type\":\"SearchAction\",\"target\":{\"@type\":\"EntryPoint\",\"urlTemplate\":\"https:\\\/\\\/veho-lifestyle.ca\\\/fr\\\/?s={search_term_string}\"},\"query-input\":{\"@type\":\"PropertyValueSpecification\",\"valueRequired\":true,\"valueName\":\"search_term_string\"}}],\"inLanguage\":\"fr-FR\"}]}<\/script>\n<!-- \/ Yoast SEO plugin. -->","yoast_head_json":{"title":"Sac portable Veho TX-4 Backpack avec port USB","description":"Le sac portable Veho TX-4 Backpack pour le voyageur ultime. Sac rolltop qui peut contenir des cahiers jusqu\u2019\u00e0 17 \"avec de l\u2019espace pour les accessoires.","robots":{"index":"index","follow":"follow","max-snippet":"max-snippet:-1","max-image-preview":"max-image-preview:large","max-video-preview":"max-video-preview:-1"},"canonical":"https:\/\/veho-lifestyle.ca\/fr\/product\/sac-portable-veho-tx-4-backpack-avec-port-usb\/","og_locale":"fr_FR","og_type":"article","og_title":"Sac portable Veho TX-4 Backpack avec port USB","og_description":"Le sac portable Veho TX-4 Backpack pour le voyageur ultime. Sac rolltop qui peut contenir des cahiers jusqu\u2019\u00e0 17 \"avec de l\u2019espace pour les accessoires.","og_url":"https:\/\/veho-lifestyle.ca\/fr\/product\/sac-portable-veho-tx-4-backpack-avec-port-usb\/","og_site_name":"Boutique Veho Lifestyle Canada","article_modified_time":"2025-01-28T15:31:06+00:00","og_image":[{"width":620,"height":620,"url":"https:\/\/veho-lifestyle.ca\/wp-content\/uploads\/2022\/02\/VNB-004-TX4-hero.png","type":"image\/png"}],"twitter_card":"summary_large_image","schema":{"@context":"https:\/\/schema.org","@graph":[{"@type":"WebPage","@id":"https:\/\/veho-lifestyle.ca\/fr\/product\/sac-portable-veho-tx-4-backpack-avec-port-usb\/","url":"https:\/\/veho-lifestyle.ca\/fr\/product\/sac-portable-veho-tx-4-backpack-avec-port-usb\/","name":"Sac portable Veho TX-4 Backpack avec port USB","isPartOf":{"@id":"https:\/\/veho-lifestyle.ca\/fr\/#website"},"primaryImageOfPage":{"@id":"https:\/\/veho-lifestyle.ca\/fr\/product\/sac-portable-veho-tx-4-backpack-avec-port-usb\/#primaryimage"},"image":{"@id":"https:\/\/veho-lifestyle.ca\/fr\/product\/sac-portable-veho-tx-4-backpack-avec-port-usb\/#primaryimage"},"thumbnailUrl":"https:\/\/veho-lifestyle.ca\/wp-content\/uploads\/2022\/02\/VNB-004-TX4-hero.png","datePublished":"2022-02-07T15:44:49+00:00","dateModified":"2025-01-28T15:31:06+00:00","description":"Le sac portable Veho TX-4 Backpack pour le voyageur ultime. Sac rolltop qui peut contenir des cahiers jusqu\u2019\u00e0 17 \"avec de l\u2019espace pour les accessoires.","breadcrumb":{"@id":"https:\/\/veho-lifestyle.ca\/fr\/product\/sac-portable-veho-tx-4-backpack-avec-port-usb\/#breadcrumb"},"inLanguage":"fr-FR","potentialAction":[{"@type":"ReadAction","target":["https:\/\/veho-lifestyle.ca\/fr\/product\/sac-portable-veho-tx-4-backpack-avec-port-usb\/"]}]},{"@type":"ImageObject","inLanguage":"fr-FR","@id":"https:\/\/veho-lifestyle.ca\/fr\/product\/sac-portable-veho-tx-4-backpack-avec-port-usb\/#primaryimage","url":"https:\/\/veho-lifestyle.ca\/wp-content\/uploads\/2022\/02\/VNB-004-TX4-hero.png","contentUrl":"https:\/\/veho-lifestyle.ca\/wp-content\/uploads\/2022\/02\/VNB-004-TX4-hero.png","width":620,"height":620},{"@type":"BreadcrumbList","@id":"https:\/\/veho-lifestyle.ca\/fr\/product\/sac-portable-veho-tx-4-backpack-avec-port-usb\/#breadcrumb","itemListElement":[{"@type":"ListItem","position":1,"name":"Home","item":"https:\/\/veho-lifestyle.ca\/fr\/"},{"@type":"ListItem","position":2,"name":"Magasinez","item":"https:\/\/veho-lifestyle.ca\/fr\/boutique\/"},{"@type":"ListItem","position":3,"name":"Sac portable Veho TX-4 Backpack avec port USB"}]},{"@type":"WebSite","@id":"https:\/\/veho-lifestyle.ca\/fr\/#website","url":"https:\/\/veho-lifestyle.ca\/fr\/","name":"Boutique Veho Lifestyle Canada","description":"\u00c9lectronique grand public con\u00e7ue au Royaume-Uni","potentialAction":[{"@type":"SearchAction","target":{"@type":"EntryPoint","urlTemplate":"https:\/\/veho-lifestyle.ca\/fr\/?s={search_term_string}"},"query-input":{"@type":"PropertyValueSpecification","valueRequired":true,"valueName":"search_term_string"}}],"inLanguage":"fr-FR"}]}},"jetpack_sharing_enabled":true,"_links":{"self":[{"href":"https:\/\/veho-lifestyle.ca\/fr\/wp-json\/wp\/v2\/product\/4351","targetHints":{"allow":["GET"]}}],"collection":[{"href":"https:\/\/veho-lifestyle.ca\/fr\/wp-json\/wp\/v2\/product"}],"about":[{"href":"https:\/\/veho-lifestyle.ca\/fr\/wp-json\/wp\/v2\/types\/product"}],"replies":[{"embeddable":true,"href":"https:\/\/veho-lifestyle.ca\/fr\/wp-json\/wp\/v2\/comments?post=4351"}],"wp:featuredmedia":[{"embeddable":true,"href":"https:\/\/veho-lifestyle.ca\/fr\/wp-json\/wp\/v2\/media\/3227"}],"wp:attachment":[{"href":"https:\/\/veho-lifestyle.ca\/fr\/wp-json\/wp\/v2\/media?parent=4351"}],"wp:term":[{"taxonomy":"product_brand","embeddable":true,"href":"https:\/\/veho-lifestyle.ca\/fr\/wp-json\/wp\/v2\/product_brand?post=4351"},{"taxonomy":"product_cat","embeddable":true,"href":"https:\/\/veho-lifestyle.ca\/fr\/wp-json\/wp\/v2\/product_cat?post=4351"},{"taxonomy":"product_tag","embeddable":true,"href":"https:\/\/veho-lifestyle.ca\/fr\/wp-json\/wp\/v2\/product_tag?post=4351"}],"curies":[{"name":"wp","href":"https:\/\/api.w.org\/{rel}","templated":true}]}}