{"id":4348,"date":"2022-02-07T10:44:49","date_gmt":"2022-02-07T15:44:49","guid":{"rendered":"https:\/\/veho-lifestyle.ca\/product\/veho-t-2-hybride-ordinateur-portable-sac-portable\/"},"modified":"2025-02-05T11:35:27","modified_gmt":"2025-02-05T16:35:27","slug":"veho-t-2-hybride-ordinateur-portable-sac-portable","status":"publish","type":"product","link":"https:\/\/veho-lifestyle.ca\/fr\/product\/veho-t-2-hybride-ordinateur-portable-sac-portable\/","title":{"rendered":"Veho T-2 hybride ordinateur portable \/ sac portable"},"content":{"rendered":"<div class=\"wp-content wp-content--product\"><p>Veho T-2 Hybride Ordinateur portable \/ Sac portable est un sac de messager mince mais robuste pour les navetteurs et les \u00e9tudiants. Le sac offre un ext\u00e9rieur super rembourr\u00e9 avec des compartiments int\u00e9rieurs rembourr\u00e9s pour prot\u00e9ger votre \u00e9quipement informatique. Le sac peut stocker un ordinateur portable jusqu\u2019\u00e0 15,6 \u00ab&nbsp;et une tablette jusqu\u2019\u00e0 10,1 \u00a0\u00bb plus d\u2019autres \u00e9l\u00e9ments essentiels du travail. Il y a trois options de transport&nbsp;; une poign\u00e9e pour un sac d\u2019ordinateur portable conventionnel, une sangle d\u2019\u00e9paule et des sangles de sac \u00e0 dos r\u00e9glables. Les sangles de sac \u00e0 dos se replient lorsque le T-2 est utilis\u00e9 comme un sac conventionnel. Un manchon arri\u00e8re int\u00e9gr\u00e9 qui s\u2019ins\u00e8re au-dessus d\u2019une poign\u00e9e de sac de vol \u00e0 main pour un transport facile \u00e0 travers les a\u00e9roports.     <\/p>\n<\/div>","protected":false},"excerpt":{"rendered":"<ul>\n<li>Conception hybride de la poign\u00e9e de transport traditionnelle et de la sangle d\u2019\u00e9paule au sac \u00e0 dos avec des sangles cach\u00e9es<\/li>\n<li>Super rembourr\u00e9 pour une protection ultime pour les ordinateurs portables \/ ordinateurs portables jusqu\u2019\u00e0 15,6 \u00a0\u00bb et les tablettes de 10 \u00ab\u00a0<\/li>\n<\/ul>\n","protected":false},"featured_media":3228,"comment_status":"closed","ping_status":"closed","template":"","meta":{"inline_featured_image":false},"product_brand":[],"product_cat":[129],"product_tag":[],"class_list":{"0":"post-4348","1":"product","2":"type-product","3":"status-publish","4":"has-post-thumbnail","6":"product_cat-laptop-notebook-bags-fr","8":"first","9":"instock","10":"shipping-taxable","11":"purchasable","12":"product-type-simple"},"acf":[],"yoast_head":"<!-- This site is optimized with the Yoast SEO plugin v27.5 - https:\/\/yoast.com\/product\/yoast-seo-wordpress\/ -->\n<title>Veho T-2 hybride ordinateur portable \/ sac portable<\/title>\n<meta name=\"description\" content=\"Veho T-2 Hybride Ordinateur portable \/ Sac portable est un sac de messagerie robuste pour les navetteurs. Stockage pour un ordinateur portable jusqu\u2019\u00e0 15,6 \u00ab\u00a0et tablette jusqu\u2019\u00e0 10,1\u00a0\u00bb.\" \/>\n<meta name=\"robots\" content=\"index, follow, max-snippet:-1, max-image-preview:large, max-video-preview:-1\" \/>\n<link rel=\"canonical\" href=\"https:\/\/veho-lifestyle.ca\/fr\/product\/veho-t-2-hybride-ordinateur-portable-sac-portable\/\" \/>\n<meta property=\"og:locale\" content=\"fr_FR\" \/>\n<meta property=\"og:type\" content=\"article\" \/>\n<meta property=\"og:title\" content=\"Veho T-2 hybride ordinateur portable \/ sac portable\" \/>\n<meta property=\"og:description\" content=\"Veho T-2 Hybride Ordinateur portable \/ Sac portable est un sac de messagerie robuste pour les navetteurs. Stockage pour un ordinateur portable jusqu\u2019\u00e0 15,6 \u00ab\u00a0et tablette jusqu\u2019\u00e0 10,1\u00a0\u00bb.\" \/>\n<meta property=\"og:url\" content=\"https:\/\/veho-lifestyle.ca\/fr\/product\/veho-t-2-hybride-ordinateur-portable-sac-portable\/\" \/>\n<meta property=\"og:site_name\" content=\"Boutique Veho Lifestyle Canada\" \/>\n<meta property=\"article:modified_time\" content=\"2025-02-05T16:35:27+00:00\" \/>\n<meta property=\"og:image\" content=\"https:\/\/veho-lifestyle.ca\/wp-content\/uploads\/2022\/02\/VNB-001-T2-1.png\" \/>\n\t<meta property=\"og:image:width\" content=\"620\" \/>\n\t<meta property=\"og:image:height\" content=\"620\" \/>\n\t<meta property=\"og:image:type\" content=\"image\/png\" \/>\n<meta name=\"twitter:card\" content=\"summary_large_image\" \/>\n<meta name=\"twitter:label1\" content=\"Dur\u00e9e de lecture estim\u00e9e\" \/>\n\t<meta name=\"twitter:data1\" content=\"1 minute\" \/>\n<script type=\"application\/ld+json\" class=\"yoast-schema-graph\">{\"@context\":\"https:\\\/\\\/schema.org\",\"@graph\":[{\"@type\":\"WebPage\",\"@id\":\"https:\\\/\\\/veho-lifestyle.ca\\\/fr\\\/product\\\/veho-t-2-hybride-ordinateur-portable-sac-portable\\\/\",\"url\":\"https:\\\/\\\/veho-lifestyle.ca\\\/fr\\\/product\\\/veho-t-2-hybride-ordinateur-portable-sac-portable\\\/\",\"name\":\"Veho T-2 hybride ordinateur portable \\\/ sac portable\",\"isPartOf\":{\"@id\":\"https:\\\/\\\/veho-lifestyle.ca\\\/fr\\\/#website\"},\"primaryImageOfPage\":{\"@id\":\"https:\\\/\\\/veho-lifestyle.ca\\\/fr\\\/product\\\/veho-t-2-hybride-ordinateur-portable-sac-portable\\\/#primaryimage\"},\"image\":{\"@id\":\"https:\\\/\\\/veho-lifestyle.ca\\\/fr\\\/product\\\/veho-t-2-hybride-ordinateur-portable-sac-portable\\\/#primaryimage\"},\"thumbnailUrl\":\"https:\\\/\\\/veho-lifestyle.ca\\\/wp-content\\\/uploads\\\/2022\\\/02\\\/VNB-001-T2-1.png\",\"datePublished\":\"2022-02-07T15:44:49+00:00\",\"dateModified\":\"2025-02-05T16:35:27+00:00\",\"description\":\"Veho T-2 Hybride Ordinateur portable \\\/ Sac portable est un sac de messagerie robuste pour les navetteurs. Stockage pour un ordinateur portable jusqu\u2019\u00e0 15,6 \u00ab\u00a0et tablette jusqu\u2019\u00e0 10,1\u00a0\u00bb.\",\"breadcrumb\":{\"@id\":\"https:\\\/\\\/veho-lifestyle.ca\\\/fr\\\/product\\\/veho-t-2-hybride-ordinateur-portable-sac-portable\\\/#breadcrumb\"},\"inLanguage\":\"fr-FR\",\"potentialAction\":[{\"@type\":\"ReadAction\",\"target\":[\"https:\\\/\\\/veho-lifestyle.ca\\\/fr\\\/product\\\/veho-t-2-hybride-ordinateur-portable-sac-portable\\\/\"]}]},{\"@type\":\"ImageObject\",\"inLanguage\":\"fr-FR\",\"@id\":\"https:\\\/\\\/veho-lifestyle.ca\\\/fr\\\/product\\\/veho-t-2-hybride-ordinateur-portable-sac-portable\\\/#primaryimage\",\"url\":\"https:\\\/\\\/veho-lifestyle.ca\\\/wp-content\\\/uploads\\\/2022\\\/02\\\/VNB-001-T2-1.png\",\"contentUrl\":\"https:\\\/\\\/veho-lifestyle.ca\\\/wp-content\\\/uploads\\\/2022\\\/02\\\/VNB-001-T2-1.png\",\"width\":620,\"height\":620},{\"@type\":\"BreadcrumbList\",\"@id\":\"https:\\\/\\\/veho-lifestyle.ca\\\/fr\\\/product\\\/veho-t-2-hybride-ordinateur-portable-sac-portable\\\/#breadcrumb\",\"itemListElement\":[{\"@type\":\"ListItem\",\"position\":1,\"name\":\"Home\",\"item\":\"https:\\\/\\\/veho-lifestyle.ca\\\/fr\\\/\"},{\"@type\":\"ListItem\",\"position\":2,\"name\":\"Magasinez\",\"item\":\"https:\\\/\\\/veho-lifestyle.ca\\\/fr\\\/boutique\\\/\"},{\"@type\":\"ListItem\",\"position\":3,\"name\":\"Veho T-2 hybride ordinateur portable \\\/ sac portable\"}]},{\"@type\":\"WebSite\",\"@id\":\"https:\\\/\\\/veho-lifestyle.ca\\\/fr\\\/#website\",\"url\":\"https:\\\/\\\/veho-lifestyle.ca\\\/fr\\\/\",\"name\":\"Boutique Veho Lifestyle Canada\",\"description\":\"\u00c9lectronique grand public con\u00e7ue au Royaume-Uni\",\"potentialAction\":[{\"@type\":\"SearchAction\",\"target\":{\"@type\":\"EntryPoint\",\"urlTemplate\":\"https:\\\/\\\/veho-lifestyle.ca\\\/fr\\\/?s={search_term_string}\"},\"query-input\":{\"@type\":\"PropertyValueSpecification\",\"valueRequired\":true,\"valueName\":\"search_term_string\"}}],\"inLanguage\":\"fr-FR\"}]}<\/script>\n<!-- \/ Yoast SEO plugin. -->","yoast_head_json":{"title":"Veho T-2 hybride ordinateur portable \/ sac portable","description":"Veho T-2 Hybride Ordinateur portable \/ Sac portable est un sac de messagerie robuste pour les navetteurs. Stockage pour un ordinateur portable jusqu\u2019\u00e0 15,6 \u00ab\u00a0et tablette jusqu\u2019\u00e0 10,1\u00a0\u00bb.","robots":{"index":"index","follow":"follow","max-snippet":"max-snippet:-1","max-image-preview":"max-image-preview:large","max-video-preview":"max-video-preview:-1"},"canonical":"https:\/\/veho-lifestyle.ca\/fr\/product\/veho-t-2-hybride-ordinateur-portable-sac-portable\/","og_locale":"fr_FR","og_type":"article","og_title":"Veho T-2 hybride ordinateur portable \/ sac portable","og_description":"Veho T-2 Hybride Ordinateur portable \/ Sac portable est un sac de messagerie robuste pour les navetteurs. Stockage pour un ordinateur portable jusqu\u2019\u00e0 15,6 \u00ab\u00a0et tablette jusqu\u2019\u00e0 10,1\u00a0\u00bb.","og_url":"https:\/\/veho-lifestyle.ca\/fr\/product\/veho-t-2-hybride-ordinateur-portable-sac-portable\/","og_site_name":"Boutique Veho Lifestyle Canada","article_modified_time":"2025-02-05T16:35:27+00:00","og_image":[{"width":620,"height":620,"url":"https:\/\/veho-lifestyle.ca\/wp-content\/uploads\/2022\/02\/VNB-001-T2-1.png","type":"image\/png"}],"twitter_card":"summary_large_image","twitter_misc":{"Dur\u00e9e de lecture estim\u00e9e":"1 minute"},"schema":{"@context":"https:\/\/schema.org","@graph":[{"@type":"WebPage","@id":"https:\/\/veho-lifestyle.ca\/fr\/product\/veho-t-2-hybride-ordinateur-portable-sac-portable\/","url":"https:\/\/veho-lifestyle.ca\/fr\/product\/veho-t-2-hybride-ordinateur-portable-sac-portable\/","name":"Veho T-2 hybride ordinateur portable \/ sac portable","isPartOf":{"@id":"https:\/\/veho-lifestyle.ca\/fr\/#website"},"primaryImageOfPage":{"@id":"https:\/\/veho-lifestyle.ca\/fr\/product\/veho-t-2-hybride-ordinateur-portable-sac-portable\/#primaryimage"},"image":{"@id":"https:\/\/veho-lifestyle.ca\/fr\/product\/veho-t-2-hybride-ordinateur-portable-sac-portable\/#primaryimage"},"thumbnailUrl":"https:\/\/veho-lifestyle.ca\/wp-content\/uploads\/2022\/02\/VNB-001-T2-1.png","datePublished":"2022-02-07T15:44:49+00:00","dateModified":"2025-02-05T16:35:27+00:00","description":"Veho T-2 Hybride Ordinateur portable \/ Sac portable est un sac de messagerie robuste pour les navetteurs. Stockage pour un ordinateur portable jusqu\u2019\u00e0 15,6 \u00ab\u00a0et tablette jusqu\u2019\u00e0 10,1\u00a0\u00bb.","breadcrumb":{"@id":"https:\/\/veho-lifestyle.ca\/fr\/product\/veho-t-2-hybride-ordinateur-portable-sac-portable\/#breadcrumb"},"inLanguage":"fr-FR","potentialAction":[{"@type":"ReadAction","target":["https:\/\/veho-lifestyle.ca\/fr\/product\/veho-t-2-hybride-ordinateur-portable-sac-portable\/"]}]},{"@type":"ImageObject","inLanguage":"fr-FR","@id":"https:\/\/veho-lifestyle.ca\/fr\/product\/veho-t-2-hybride-ordinateur-portable-sac-portable\/#primaryimage","url":"https:\/\/veho-lifestyle.ca\/wp-content\/uploads\/2022\/02\/VNB-001-T2-1.png","contentUrl":"https:\/\/veho-lifestyle.ca\/wp-content\/uploads\/2022\/02\/VNB-001-T2-1.png","width":620,"height":620},{"@type":"BreadcrumbList","@id":"https:\/\/veho-lifestyle.ca\/fr\/product\/veho-t-2-hybride-ordinateur-portable-sac-portable\/#breadcrumb","itemListElement":[{"@type":"ListItem","position":1,"name":"Home","item":"https:\/\/veho-lifestyle.ca\/fr\/"},{"@type":"ListItem","position":2,"name":"Magasinez","item":"https:\/\/veho-lifestyle.ca\/fr\/boutique\/"},{"@type":"ListItem","position":3,"name":"Veho T-2 hybride ordinateur portable \/ sac portable"}]},{"@type":"WebSite","@id":"https:\/\/veho-lifestyle.ca\/fr\/#website","url":"https:\/\/veho-lifestyle.ca\/fr\/","name":"Boutique Veho Lifestyle Canada","description":"\u00c9lectronique grand public con\u00e7ue au Royaume-Uni","potentialAction":[{"@type":"SearchAction","target":{"@type":"EntryPoint","urlTemplate":"https:\/\/veho-lifestyle.ca\/fr\/?s={search_term_string}"},"query-input":{"@type":"PropertyValueSpecification","valueRequired":true,"valueName":"search_term_string"}}],"inLanguage":"fr-FR"}]}},"jetpack_sharing_enabled":true,"_links":{"self":[{"href":"https:\/\/veho-lifestyle.ca\/fr\/wp-json\/wp\/v2\/product\/4348","targetHints":{"allow":["GET"]}}],"collection":[{"href":"https:\/\/veho-lifestyle.ca\/fr\/wp-json\/wp\/v2\/product"}],"about":[{"href":"https:\/\/veho-lifestyle.ca\/fr\/wp-json\/wp\/v2\/types\/product"}],"replies":[{"embeddable":true,"href":"https:\/\/veho-lifestyle.ca\/fr\/wp-json\/wp\/v2\/comments?post=4348"}],"wp:featuredmedia":[{"embeddable":true,"href":"https:\/\/veho-lifestyle.ca\/fr\/wp-json\/wp\/v2\/media\/3228"}],"wp:attachment":[{"href":"https:\/\/veho-lifestyle.ca\/fr\/wp-json\/wp\/v2\/media?parent=4348"}],"wp:term":[{"taxonomy":"product_brand","embeddable":true,"href":"https:\/\/veho-lifestyle.ca\/fr\/wp-json\/wp\/v2\/product_brand?post=4348"},{"taxonomy":"product_cat","embeddable":true,"href":"https:\/\/veho-lifestyle.ca\/fr\/wp-json\/wp\/v2\/product_cat?post=4348"},{"taxonomy":"product_tag","embeddable":true,"href":"https:\/\/veho-lifestyle.ca\/fr\/wp-json\/wp\/v2\/product_tag?post=4348"}],"curies":[{"name":"wp","href":"https:\/\/api.w.org\/{rel}","templated":true}]}}