{"id":4341,"date":"2022-02-07T10:43:35","date_gmt":"2022-02-07T15:43:35","guid":{"rendered":"https:\/\/veho-lifestyle.ca\/product\/ta-3-multi-port-mini-hub-avec-usb-3-0\/"},"modified":"2025-02-05T11:35:24","modified_gmt":"2025-02-05T16:35:24","slug":"ta-3-multi-port-mini-hub-avec-usb-3-0","status":"publish","type":"product","link":"https:\/\/veho-lifestyle.ca\/fr\/product\/ta-3-multi-port-mini-hub-avec-usb-3-0\/","title":{"rendered":"TA-3 Multi-Port Mini Hub avec USB 3.0"},"content":{"rendered":"<div class=\"wp-content wp-content--product\"><p>Le mini-concentrateur multi-ports ULTRA-mince TA-3 en aluminium \u00e9largit instantan\u00e9ment un seul port USB. Ensuite, TA-3 est un appareil multi-ports avec une transmission de donn\u00e9es \u00e0 haute vitesse allant jusqu\u2019\u00e0 5 pb (port USB 3.0). <\/p>\n<\/div>","protected":false},"excerpt":{"rendered":"<ul>\n<li>4 ports d\u2019entr\u00e9e USB<\/li>\n<li>USB 3.0 jusqu\u2019\u00e0 5Gbsp<\/li>\n<li>Compatible avec Windows\/macOS\/iPadOS<\/li>\n<\/ul>\n","protected":false},"featured_media":3181,"comment_status":"closed","ping_status":"closed","template":"","meta":{"inline_featured_image":false},"product_brand":[],"product_cat":[128],"product_tag":[],"class_list":{"0":"post-4341","1":"product","2":"type-product","3":"status-publish","4":"has-post-thumbnail","6":"product_cat-hubs-chargers-fr","8":"first","9":"instock","10":"shipping-taxable","11":"purchasable","12":"product-type-simple"},"acf":[],"yoast_head":"<!-- This site is optimized with the Yoast SEO plugin v27.5 - https:\/\/yoast.com\/product\/yoast-seo-wordpress\/ -->\n<title>TA-3 Multi-Port Mini Hub avec USB 3.0 - Boutique Veho Lifestyle Canada<\/title>\n<meta name=\"description\" content=\"Le mini-concentrateur multi-ports ULTRA-mince TA-3 en aluminium \u00e9largit instantan\u00e9ment un seul port USB. Transmission de donn\u00e9es \u00e0 grande vitesse allant jusqu\u2019\u00e0 5 pb.\" \/>\n<meta name=\"robots\" content=\"index, follow, max-snippet:-1, max-image-preview:large, max-video-preview:-1\" \/>\n<link rel=\"canonical\" href=\"https:\/\/veho-lifestyle.ca\/fr\/product\/ta-3-multi-port-mini-hub-avec-usb-3-0\/\" \/>\n<meta property=\"og:locale\" content=\"fr_FR\" \/>\n<meta property=\"og:type\" content=\"article\" \/>\n<meta property=\"og:title\" content=\"TA-3 Multi-Port Mini Hub avec USB 3.0 - Boutique Veho Lifestyle Canada\" \/>\n<meta property=\"og:description\" content=\"Le mini-concentrateur multi-ports ULTRA-mince TA-3 en aluminium \u00e9largit instantan\u00e9ment un seul port USB. Transmission de donn\u00e9es \u00e0 grande vitesse allant jusqu\u2019\u00e0 5 pb.\" \/>\n<meta property=\"og:url\" content=\"https:\/\/veho-lifestyle.ca\/fr\/product\/ta-3-multi-port-mini-hub-avec-usb-3-0\/\" \/>\n<meta property=\"og:site_name\" content=\"Boutique Veho Lifestyle Canada\" \/>\n<meta property=\"article:modified_time\" content=\"2025-02-05T16:35:24+00:00\" \/>\n<meta property=\"og:image\" content=\"https:\/\/veho-lifestyle.ca\/wp-content\/uploads\/2022\/02\/VAA-550-TA3-USB-A_hero.png\" \/>\n\t<meta property=\"og:image:width\" content=\"620\" \/>\n\t<meta property=\"og:image:height\" content=\"620\" \/>\n\t<meta property=\"og:image:type\" content=\"image\/png\" \/>\n<meta name=\"twitter:card\" content=\"summary_large_image\" \/>\n<script type=\"application\/ld+json\" class=\"yoast-schema-graph\">{\"@context\":\"https:\\\/\\\/schema.org\",\"@graph\":[{\"@type\":\"WebPage\",\"@id\":\"https:\\\/\\\/veho-lifestyle.ca\\\/fr\\\/product\\\/ta-3-multi-port-mini-hub-avec-usb-3-0\\\/\",\"url\":\"https:\\\/\\\/veho-lifestyle.ca\\\/fr\\\/product\\\/ta-3-multi-port-mini-hub-avec-usb-3-0\\\/\",\"name\":\"TA-3 Multi-Port Mini Hub avec USB 3.0 - Boutique Veho Lifestyle Canada\",\"isPartOf\":{\"@id\":\"https:\\\/\\\/veho-lifestyle.ca\\\/fr\\\/#website\"},\"primaryImageOfPage\":{\"@id\":\"https:\\\/\\\/veho-lifestyle.ca\\\/fr\\\/product\\\/ta-3-multi-port-mini-hub-avec-usb-3-0\\\/#primaryimage\"},\"image\":{\"@id\":\"https:\\\/\\\/veho-lifestyle.ca\\\/fr\\\/product\\\/ta-3-multi-port-mini-hub-avec-usb-3-0\\\/#primaryimage\"},\"thumbnailUrl\":\"https:\\\/\\\/veho-lifestyle.ca\\\/wp-content\\\/uploads\\\/2022\\\/02\\\/VAA-550-TA3-USB-A_hero.png\",\"datePublished\":\"2022-02-07T15:43:35+00:00\",\"dateModified\":\"2025-02-05T16:35:24+00:00\",\"description\":\"Le mini-concentrateur multi-ports ULTRA-mince TA-3 en aluminium \u00e9largit instantan\u00e9ment un seul port USB. Transmission de donn\u00e9es \u00e0 grande vitesse allant jusqu\u2019\u00e0 5 pb.\",\"breadcrumb\":{\"@id\":\"https:\\\/\\\/veho-lifestyle.ca\\\/fr\\\/product\\\/ta-3-multi-port-mini-hub-avec-usb-3-0\\\/#breadcrumb\"},\"inLanguage\":\"fr-FR\",\"potentialAction\":[{\"@type\":\"ReadAction\",\"target\":[\"https:\\\/\\\/veho-lifestyle.ca\\\/fr\\\/product\\\/ta-3-multi-port-mini-hub-avec-usb-3-0\\\/\"]}]},{\"@type\":\"ImageObject\",\"inLanguage\":\"fr-FR\",\"@id\":\"https:\\\/\\\/veho-lifestyle.ca\\\/fr\\\/product\\\/ta-3-multi-port-mini-hub-avec-usb-3-0\\\/#primaryimage\",\"url\":\"https:\\\/\\\/veho-lifestyle.ca\\\/wp-content\\\/uploads\\\/2022\\\/02\\\/VAA-550-TA3-USB-A_hero.png\",\"contentUrl\":\"https:\\\/\\\/veho-lifestyle.ca\\\/wp-content\\\/uploads\\\/2022\\\/02\\\/VAA-550-TA3-USB-A_hero.png\",\"width\":620,\"height\":620},{\"@type\":\"BreadcrumbList\",\"@id\":\"https:\\\/\\\/veho-lifestyle.ca\\\/fr\\\/product\\\/ta-3-multi-port-mini-hub-avec-usb-3-0\\\/#breadcrumb\",\"itemListElement\":[{\"@type\":\"ListItem\",\"position\":1,\"name\":\"Home\",\"item\":\"https:\\\/\\\/veho-lifestyle.ca\\\/fr\\\/\"},{\"@type\":\"ListItem\",\"position\":2,\"name\":\"Magasinez\",\"item\":\"https:\\\/\\\/veho-lifestyle.ca\\\/fr\\\/boutique\\\/\"},{\"@type\":\"ListItem\",\"position\":3,\"name\":\"TA-3 Multi-Port Mini Hub avec USB 3.0\"}]},{\"@type\":\"WebSite\",\"@id\":\"https:\\\/\\\/veho-lifestyle.ca\\\/fr\\\/#website\",\"url\":\"https:\\\/\\\/veho-lifestyle.ca\\\/fr\\\/\",\"name\":\"Boutique Veho Lifestyle Canada\",\"description\":\"\u00c9lectronique grand public con\u00e7ue au Royaume-Uni\",\"potentialAction\":[{\"@type\":\"SearchAction\",\"target\":{\"@type\":\"EntryPoint\",\"urlTemplate\":\"https:\\\/\\\/veho-lifestyle.ca\\\/fr\\\/?s={search_term_string}\"},\"query-input\":{\"@type\":\"PropertyValueSpecification\",\"valueRequired\":true,\"valueName\":\"search_term_string\"}}],\"inLanguage\":\"fr-FR\"}]}<\/script>\n<!-- \/ Yoast SEO plugin. -->","yoast_head_json":{"title":"TA-3 Multi-Port Mini Hub avec USB 3.0 - Boutique Veho Lifestyle Canada","description":"Le mini-concentrateur multi-ports ULTRA-mince TA-3 en aluminium \u00e9largit instantan\u00e9ment un seul port USB. Transmission de donn\u00e9es \u00e0 grande vitesse allant jusqu\u2019\u00e0 5 pb.","robots":{"index":"index","follow":"follow","max-snippet":"max-snippet:-1","max-image-preview":"max-image-preview:large","max-video-preview":"max-video-preview:-1"},"canonical":"https:\/\/veho-lifestyle.ca\/fr\/product\/ta-3-multi-port-mini-hub-avec-usb-3-0\/","og_locale":"fr_FR","og_type":"article","og_title":"TA-3 Multi-Port Mini Hub avec USB 3.0 - Boutique Veho Lifestyle Canada","og_description":"Le mini-concentrateur multi-ports ULTRA-mince TA-3 en aluminium \u00e9largit instantan\u00e9ment un seul port USB. Transmission de donn\u00e9es \u00e0 grande vitesse allant jusqu\u2019\u00e0 5 pb.","og_url":"https:\/\/veho-lifestyle.ca\/fr\/product\/ta-3-multi-port-mini-hub-avec-usb-3-0\/","og_site_name":"Boutique Veho Lifestyle Canada","article_modified_time":"2025-02-05T16:35:24+00:00","og_image":[{"width":620,"height":620,"url":"https:\/\/veho-lifestyle.ca\/wp-content\/uploads\/2022\/02\/VAA-550-TA3-USB-A_hero.png","type":"image\/png"}],"twitter_card":"summary_large_image","schema":{"@context":"https:\/\/schema.org","@graph":[{"@type":"WebPage","@id":"https:\/\/veho-lifestyle.ca\/fr\/product\/ta-3-multi-port-mini-hub-avec-usb-3-0\/","url":"https:\/\/veho-lifestyle.ca\/fr\/product\/ta-3-multi-port-mini-hub-avec-usb-3-0\/","name":"TA-3 Multi-Port Mini Hub avec USB 3.0 - Boutique Veho Lifestyle Canada","isPartOf":{"@id":"https:\/\/veho-lifestyle.ca\/fr\/#website"},"primaryImageOfPage":{"@id":"https:\/\/veho-lifestyle.ca\/fr\/product\/ta-3-multi-port-mini-hub-avec-usb-3-0\/#primaryimage"},"image":{"@id":"https:\/\/veho-lifestyle.ca\/fr\/product\/ta-3-multi-port-mini-hub-avec-usb-3-0\/#primaryimage"},"thumbnailUrl":"https:\/\/veho-lifestyle.ca\/wp-content\/uploads\/2022\/02\/VAA-550-TA3-USB-A_hero.png","datePublished":"2022-02-07T15:43:35+00:00","dateModified":"2025-02-05T16:35:24+00:00","description":"Le mini-concentrateur multi-ports ULTRA-mince TA-3 en aluminium \u00e9largit instantan\u00e9ment un seul port USB. Transmission de donn\u00e9es \u00e0 grande vitesse allant jusqu\u2019\u00e0 5 pb.","breadcrumb":{"@id":"https:\/\/veho-lifestyle.ca\/fr\/product\/ta-3-multi-port-mini-hub-avec-usb-3-0\/#breadcrumb"},"inLanguage":"fr-FR","potentialAction":[{"@type":"ReadAction","target":["https:\/\/veho-lifestyle.ca\/fr\/product\/ta-3-multi-port-mini-hub-avec-usb-3-0\/"]}]},{"@type":"ImageObject","inLanguage":"fr-FR","@id":"https:\/\/veho-lifestyle.ca\/fr\/product\/ta-3-multi-port-mini-hub-avec-usb-3-0\/#primaryimage","url":"https:\/\/veho-lifestyle.ca\/wp-content\/uploads\/2022\/02\/VAA-550-TA3-USB-A_hero.png","contentUrl":"https:\/\/veho-lifestyle.ca\/wp-content\/uploads\/2022\/02\/VAA-550-TA3-USB-A_hero.png","width":620,"height":620},{"@type":"BreadcrumbList","@id":"https:\/\/veho-lifestyle.ca\/fr\/product\/ta-3-multi-port-mini-hub-avec-usb-3-0\/#breadcrumb","itemListElement":[{"@type":"ListItem","position":1,"name":"Home","item":"https:\/\/veho-lifestyle.ca\/fr\/"},{"@type":"ListItem","position":2,"name":"Magasinez","item":"https:\/\/veho-lifestyle.ca\/fr\/boutique\/"},{"@type":"ListItem","position":3,"name":"TA-3 Multi-Port Mini Hub avec USB 3.0"}]},{"@type":"WebSite","@id":"https:\/\/veho-lifestyle.ca\/fr\/#website","url":"https:\/\/veho-lifestyle.ca\/fr\/","name":"Boutique Veho Lifestyle Canada","description":"\u00c9lectronique grand public con\u00e7ue au Royaume-Uni","potentialAction":[{"@type":"SearchAction","target":{"@type":"EntryPoint","urlTemplate":"https:\/\/veho-lifestyle.ca\/fr\/?s={search_term_string}"},"query-input":{"@type":"PropertyValueSpecification","valueRequired":true,"valueName":"search_term_string"}}],"inLanguage":"fr-FR"}]}},"jetpack_sharing_enabled":true,"_links":{"self":[{"href":"https:\/\/veho-lifestyle.ca\/fr\/wp-json\/wp\/v2\/product\/4341","targetHints":{"allow":["GET"]}}],"collection":[{"href":"https:\/\/veho-lifestyle.ca\/fr\/wp-json\/wp\/v2\/product"}],"about":[{"href":"https:\/\/veho-lifestyle.ca\/fr\/wp-json\/wp\/v2\/types\/product"}],"replies":[{"embeddable":true,"href":"https:\/\/veho-lifestyle.ca\/fr\/wp-json\/wp\/v2\/comments?post=4341"}],"wp:featuredmedia":[{"embeddable":true,"href":"https:\/\/veho-lifestyle.ca\/fr\/wp-json\/wp\/v2\/media\/3181"}],"wp:attachment":[{"href":"https:\/\/veho-lifestyle.ca\/fr\/wp-json\/wp\/v2\/media?parent=4341"}],"wp:term":[{"taxonomy":"product_brand","embeddable":true,"href":"https:\/\/veho-lifestyle.ca\/fr\/wp-json\/wp\/v2\/product_brand?post=4341"},{"taxonomy":"product_cat","embeddable":true,"href":"https:\/\/veho-lifestyle.ca\/fr\/wp-json\/wp\/v2\/product_cat?post=4341"},{"taxonomy":"product_tag","embeddable":true,"href":"https:\/\/veho-lifestyle.ca\/fr\/wp-json\/wp\/v2\/product_tag?post=4341"}],"curies":[{"name":"wp","href":"https:\/\/api.w.org\/{rel}","templated":true}]}}