{"id":4332,"date":"2022-02-07T10:42:19","date_gmt":"2022-02-07T15:42:19","guid":{"rendered":"https:\/\/veho-lifestyle.ca\/product\/uw-29-ultra-large-lunette-mince-plat-29-moniteur-pro\/"},"modified":"2025-02-05T12:29:16","modified_gmt":"2025-02-05T17:29:16","slug":"uw-29-ultra-large-lunette-mince-plat-29-moniteur-pro","status":"publish","type":"product","link":"https:\/\/veho-lifestyle.ca\/fr\/product\/uw-29-ultra-large-lunette-mince-plat-29-moniteur-pro\/","title":{"rendered":"UW-29 Ultra large lunette mince plat 29&Prime; moniteur pro"},"content":{"rendered":"<div class=\"wp-content wp-content--product\"><p>Mettez \u00e0 niveau votre environnement de travail avec le veho UW-29 Ultra large lunette mince plat 29&Prime; moniteur pro. L\u2019UW-29 a 2x ports HDMI + DP + Audio Out et est montable au mur (VESA 75). Le panneau ADS de haute qualit\u00e9, avec la technologie Colourbright, a une r\u00e9solution de 2560 x 1080p @ fr\u00e9quence 65-75Hz et offre une exp\u00e9rience vivante de vraies couleurs. Avec sa lunette et son m\u00e9tal super minces, le support de tr\u00e9pied, le moniteur Veho UW-29 am\u00e9liorera votre vie professionnelle.   <\/p>\n<\/div>","protected":false},"excerpt":{"rendered":"<ul>\n<li>Moniteur 29&Prime; Ultra large 21:9 slim bezel pro<\/li>\n<li>Offre une exp\u00e9rience vivante de vraies couleurs<\/li>\n<li>2x ports HDMI + DP + sortie audio<\/li>\n<\/ul>\n","protected":false},"featured_media":3156,"comment_status":"closed","ping_status":"closed","template":"","meta":{"inline_featured_image":false},"product_brand":[],"product_cat":[120],"product_tag":[],"class_list":{"0":"post-4332","1":"product","2":"type-product","3":"status-publish","4":"has-post-thumbnail","6":"product_cat-monitors-fr","8":"first","9":"instock","10":"shipping-taxable","11":"purchasable","12":"product-type-simple"},"acf":[],"yoast_head":"<!-- This site is optimized with the Yoast SEO plugin v27.5 - https:\/\/yoast.com\/product\/yoast-seo-wordpress\/ -->\n<title>UW-29 Ultra-large lunette mince plat 29&quot; moniteur pro<\/title>\n<meta name=\"description\" content=\"Mettez \u00e0 niveau votre environnement de travail avec le veho UW-29 Ultra large lunette mince plat 29&quot; moniteur pro. Am\u00e9liorez votre vie professionnelle.\" \/>\n<meta name=\"robots\" content=\"index, follow, max-snippet:-1, max-image-preview:large, max-video-preview:-1\" \/>\n<link rel=\"canonical\" href=\"https:\/\/veho-lifestyle.ca\/fr\/product\/uw-29-ultra-large-lunette-mince-plat-29-moniteur-pro\/\" \/>\n<meta property=\"og:locale\" content=\"fr_FR\" \/>\n<meta property=\"og:type\" content=\"article\" \/>\n<meta property=\"og:title\" content=\"UW-29 Ultra-large lunette mince plat 29&quot; moniteur pro\" \/>\n<meta property=\"og:description\" content=\"Mettez \u00e0 niveau votre environnement de travail avec le veho UW-29 Ultra large lunette mince plat 29&quot; moniteur pro. Am\u00e9liorez votre vie professionnelle.\" \/>\n<meta property=\"og:url\" content=\"https:\/\/veho-lifestyle.ca\/fr\/product\/uw-29-ultra-large-lunette-mince-plat-29-moniteur-pro\/\" \/>\n<meta property=\"og:site_name\" content=\"Boutique Veho Lifestyle Canada\" \/>\n<meta property=\"article:modified_time\" content=\"2025-02-05T17:29:16+00:00\" \/>\n<meta property=\"og:image\" content=\"https:\/\/veho-lifestyle.ca\/wp-content\/uploads\/2022\/02\/VHM-001-29UW_1.png\" \/>\n\t<meta property=\"og:image:width\" content=\"620\" \/>\n\t<meta property=\"og:image:height\" content=\"620\" \/>\n\t<meta property=\"og:image:type\" content=\"image\/png\" \/>\n<meta name=\"twitter:card\" content=\"summary_large_image\" \/>\n<script type=\"application\/ld+json\" class=\"yoast-schema-graph\">{\"@context\":\"https:\\\/\\\/schema.org\",\"@graph\":[{\"@type\":\"WebPage\",\"@id\":\"https:\\\/\\\/veho-lifestyle.ca\\\/fr\\\/product\\\/uw-29-ultra-large-lunette-mince-plat-29-moniteur-pro\\\/\",\"url\":\"https:\\\/\\\/veho-lifestyle.ca\\\/fr\\\/product\\\/uw-29-ultra-large-lunette-mince-plat-29-moniteur-pro\\\/\",\"name\":\"UW-29 Ultra-large lunette mince plat 29\\\" moniteur pro\",\"isPartOf\":{\"@id\":\"https:\\\/\\\/veho-lifestyle.ca\\\/fr\\\/#website\"},\"primaryImageOfPage\":{\"@id\":\"https:\\\/\\\/veho-lifestyle.ca\\\/fr\\\/product\\\/uw-29-ultra-large-lunette-mince-plat-29-moniteur-pro\\\/#primaryimage\"},\"image\":{\"@id\":\"https:\\\/\\\/veho-lifestyle.ca\\\/fr\\\/product\\\/uw-29-ultra-large-lunette-mince-plat-29-moniteur-pro\\\/#primaryimage\"},\"thumbnailUrl\":\"https:\\\/\\\/veho-lifestyle.ca\\\/wp-content\\\/uploads\\\/2022\\\/02\\\/VHM-001-29UW_1.png\",\"datePublished\":\"2022-02-07T15:42:19+00:00\",\"dateModified\":\"2025-02-05T17:29:16+00:00\",\"description\":\"Mettez \u00e0 niveau votre environnement de travail avec le veho UW-29 Ultra large lunette mince plat 29\\\" moniteur pro. Am\u00e9liorez votre vie professionnelle.\",\"breadcrumb\":{\"@id\":\"https:\\\/\\\/veho-lifestyle.ca\\\/fr\\\/product\\\/uw-29-ultra-large-lunette-mince-plat-29-moniteur-pro\\\/#breadcrumb\"},\"inLanguage\":\"fr-FR\",\"potentialAction\":[{\"@type\":\"ReadAction\",\"target\":[\"https:\\\/\\\/veho-lifestyle.ca\\\/fr\\\/product\\\/uw-29-ultra-large-lunette-mince-plat-29-moniteur-pro\\\/\"]}]},{\"@type\":\"ImageObject\",\"inLanguage\":\"fr-FR\",\"@id\":\"https:\\\/\\\/veho-lifestyle.ca\\\/fr\\\/product\\\/uw-29-ultra-large-lunette-mince-plat-29-moniteur-pro\\\/#primaryimage\",\"url\":\"https:\\\/\\\/veho-lifestyle.ca\\\/wp-content\\\/uploads\\\/2022\\\/02\\\/VHM-001-29UW_1.png\",\"contentUrl\":\"https:\\\/\\\/veho-lifestyle.ca\\\/wp-content\\\/uploads\\\/2022\\\/02\\\/VHM-001-29UW_1.png\",\"width\":620,\"height\":620},{\"@type\":\"BreadcrumbList\",\"@id\":\"https:\\\/\\\/veho-lifestyle.ca\\\/fr\\\/product\\\/uw-29-ultra-large-lunette-mince-plat-29-moniteur-pro\\\/#breadcrumb\",\"itemListElement\":[{\"@type\":\"ListItem\",\"position\":1,\"name\":\"Home\",\"item\":\"https:\\\/\\\/veho-lifestyle.ca\\\/fr\\\/\"},{\"@type\":\"ListItem\",\"position\":2,\"name\":\"Magasinez\",\"item\":\"https:\\\/\\\/veho-lifestyle.ca\\\/fr\\\/boutique\\\/\"},{\"@type\":\"ListItem\",\"position\":3,\"name\":\"UW-29 Ultra large lunette mince plat 29&Prime; moniteur pro\"}]},{\"@type\":\"WebSite\",\"@id\":\"https:\\\/\\\/veho-lifestyle.ca\\\/fr\\\/#website\",\"url\":\"https:\\\/\\\/veho-lifestyle.ca\\\/fr\\\/\",\"name\":\"Boutique Veho Lifestyle Canada\",\"description\":\"\u00c9lectronique grand public con\u00e7ue au Royaume-Uni\",\"potentialAction\":[{\"@type\":\"SearchAction\",\"target\":{\"@type\":\"EntryPoint\",\"urlTemplate\":\"https:\\\/\\\/veho-lifestyle.ca\\\/fr\\\/?s={search_term_string}\"},\"query-input\":{\"@type\":\"PropertyValueSpecification\",\"valueRequired\":true,\"valueName\":\"search_term_string\"}}],\"inLanguage\":\"fr-FR\"}]}<\/script>\n<!-- \/ Yoast SEO plugin. -->","yoast_head_json":{"title":"UW-29 Ultra-large lunette mince plat 29\" moniteur pro","description":"Mettez \u00e0 niveau votre environnement de travail avec le veho UW-29 Ultra large lunette mince plat 29\" moniteur pro. Am\u00e9liorez votre vie professionnelle.","robots":{"index":"index","follow":"follow","max-snippet":"max-snippet:-1","max-image-preview":"max-image-preview:large","max-video-preview":"max-video-preview:-1"},"canonical":"https:\/\/veho-lifestyle.ca\/fr\/product\/uw-29-ultra-large-lunette-mince-plat-29-moniteur-pro\/","og_locale":"fr_FR","og_type":"article","og_title":"UW-29 Ultra-large lunette mince plat 29\" moniteur pro","og_description":"Mettez \u00e0 niveau votre environnement de travail avec le veho UW-29 Ultra large lunette mince plat 29\" moniteur pro. Am\u00e9liorez votre vie professionnelle.","og_url":"https:\/\/veho-lifestyle.ca\/fr\/product\/uw-29-ultra-large-lunette-mince-plat-29-moniteur-pro\/","og_site_name":"Boutique Veho Lifestyle Canada","article_modified_time":"2025-02-05T17:29:16+00:00","og_image":[{"width":620,"height":620,"url":"https:\/\/veho-lifestyle.ca\/wp-content\/uploads\/2022\/02\/VHM-001-29UW_1.png","type":"image\/png"}],"twitter_card":"summary_large_image","schema":{"@context":"https:\/\/schema.org","@graph":[{"@type":"WebPage","@id":"https:\/\/veho-lifestyle.ca\/fr\/product\/uw-29-ultra-large-lunette-mince-plat-29-moniteur-pro\/","url":"https:\/\/veho-lifestyle.ca\/fr\/product\/uw-29-ultra-large-lunette-mince-plat-29-moniteur-pro\/","name":"UW-29 Ultra-large lunette mince plat 29\" moniteur pro","isPartOf":{"@id":"https:\/\/veho-lifestyle.ca\/fr\/#website"},"primaryImageOfPage":{"@id":"https:\/\/veho-lifestyle.ca\/fr\/product\/uw-29-ultra-large-lunette-mince-plat-29-moniteur-pro\/#primaryimage"},"image":{"@id":"https:\/\/veho-lifestyle.ca\/fr\/product\/uw-29-ultra-large-lunette-mince-plat-29-moniteur-pro\/#primaryimage"},"thumbnailUrl":"https:\/\/veho-lifestyle.ca\/wp-content\/uploads\/2022\/02\/VHM-001-29UW_1.png","datePublished":"2022-02-07T15:42:19+00:00","dateModified":"2025-02-05T17:29:16+00:00","description":"Mettez \u00e0 niveau votre environnement de travail avec le veho UW-29 Ultra large lunette mince plat 29\" moniteur pro. Am\u00e9liorez votre vie professionnelle.","breadcrumb":{"@id":"https:\/\/veho-lifestyle.ca\/fr\/product\/uw-29-ultra-large-lunette-mince-plat-29-moniteur-pro\/#breadcrumb"},"inLanguage":"fr-FR","potentialAction":[{"@type":"ReadAction","target":["https:\/\/veho-lifestyle.ca\/fr\/product\/uw-29-ultra-large-lunette-mince-plat-29-moniteur-pro\/"]}]},{"@type":"ImageObject","inLanguage":"fr-FR","@id":"https:\/\/veho-lifestyle.ca\/fr\/product\/uw-29-ultra-large-lunette-mince-plat-29-moniteur-pro\/#primaryimage","url":"https:\/\/veho-lifestyle.ca\/wp-content\/uploads\/2022\/02\/VHM-001-29UW_1.png","contentUrl":"https:\/\/veho-lifestyle.ca\/wp-content\/uploads\/2022\/02\/VHM-001-29UW_1.png","width":620,"height":620},{"@type":"BreadcrumbList","@id":"https:\/\/veho-lifestyle.ca\/fr\/product\/uw-29-ultra-large-lunette-mince-plat-29-moniteur-pro\/#breadcrumb","itemListElement":[{"@type":"ListItem","position":1,"name":"Home","item":"https:\/\/veho-lifestyle.ca\/fr\/"},{"@type":"ListItem","position":2,"name":"Magasinez","item":"https:\/\/veho-lifestyle.ca\/fr\/boutique\/"},{"@type":"ListItem","position":3,"name":"UW-29 Ultra large lunette mince plat 29&Prime; moniteur pro"}]},{"@type":"WebSite","@id":"https:\/\/veho-lifestyle.ca\/fr\/#website","url":"https:\/\/veho-lifestyle.ca\/fr\/","name":"Boutique Veho Lifestyle Canada","description":"\u00c9lectronique grand public con\u00e7ue au Royaume-Uni","potentialAction":[{"@type":"SearchAction","target":{"@type":"EntryPoint","urlTemplate":"https:\/\/veho-lifestyle.ca\/fr\/?s={search_term_string}"},"query-input":{"@type":"PropertyValueSpecification","valueRequired":true,"valueName":"search_term_string"}}],"inLanguage":"fr-FR"}]}},"jetpack_sharing_enabled":true,"_links":{"self":[{"href":"https:\/\/veho-lifestyle.ca\/fr\/wp-json\/wp\/v2\/product\/4332","targetHints":{"allow":["GET"]}}],"collection":[{"href":"https:\/\/veho-lifestyle.ca\/fr\/wp-json\/wp\/v2\/product"}],"about":[{"href":"https:\/\/veho-lifestyle.ca\/fr\/wp-json\/wp\/v2\/types\/product"}],"replies":[{"embeddable":true,"href":"https:\/\/veho-lifestyle.ca\/fr\/wp-json\/wp\/v2\/comments?post=4332"}],"wp:featuredmedia":[{"embeddable":true,"href":"https:\/\/veho-lifestyle.ca\/fr\/wp-json\/wp\/v2\/media\/3156"}],"wp:attachment":[{"href":"https:\/\/veho-lifestyle.ca\/fr\/wp-json\/wp\/v2\/media?parent=4332"}],"wp:term":[{"taxonomy":"product_brand","embeddable":true,"href":"https:\/\/veho-lifestyle.ca\/fr\/wp-json\/wp\/v2\/product_brand?post=4332"},{"taxonomy":"product_cat","embeddable":true,"href":"https:\/\/veho-lifestyle.ca\/fr\/wp-json\/wp\/v2\/product_cat?post=4332"},{"taxonomy":"product_tag","embeddable":true,"href":"https:\/\/veho-lifestyle.ca\/fr\/wp-json\/wp\/v2\/product_tag?post=4332"}],"curies":[{"name":"wp","href":"https:\/\/api.w.org\/{rel}","templated":true}]}}