{"id":4331,"date":"2022-02-07T10:41:53","date_gmt":"2022-02-07T15:41:53","guid":{"rendered":"https:\/\/veho-lifestyle.ca\/product\/casque-de-jeu-alpha-bravo-gx4-pro-avec-son-surround-ubu-7-1\/"},"modified":"2025-02-05T11:36:42","modified_gmt":"2025-02-05T16:36:42","slug":"casque-de-jeu-alpha-bravo-gx4-pro-avec-son-surround-ubu-7-1","status":"publish","type":"product","link":"https:\/\/veho-lifestyle.ca\/fr\/product\/casque-de-jeu-alpha-bravo-gx4-pro-avec-son-surround-ubu-7-1\/","title":{"rendered":"Casque de jeu Alpha Bravo GX4 Pro avec son surround UBU 7.1"},"content":{"rendered":"<div class=\"wp-content wp-content--product\"><p>Level up with the Alpha Bravo GX-4 Pro est un casque de jeu de qualit\u00e9 professionnelle avec des fonctionnalit\u00e9s haut de gamme ultimes pour am\u00e9liorer votre exp\u00e9rience de jeu. \u00c9quip\u00e9 d\u2019un son surround UBU 7.1 et d\u2019un pilote d\u2019\u00e9galiseur audio pour une personnalisation compl\u00e8te du son et une immersion totale dans le jeu. Le casque est dot\u00e9 de deux pilotes audio acoustiques de 50 mm, d\u2019un microphone Z-Pro, d\u2019une t\u00e9l\u00e9commande en ligne et d\u2019\u00e9couteurs super doux. Le GX-4 n\u2019est pas seulement pour les PC non plus, il est compatible multiplateforme en utilisant le double USB &amp; 3.5mm jack option. Utilisez avec PS4 \/ PS5, Xbox, PC, Nintendo et plus encore.    <\/p>\n<\/div>","protected":false},"excerpt":{"rendered":"<ul>\n<li>Son surround virtuel UBU 7.1 pour une immersion totale<\/li>\n<li>Microphone \u00ab&nbsp;Z-PRO&nbsp;\u00bb de qualit\u00e9 professionnelle<\/li>\n<li>Compatibilit\u00e9 multiplateforme<\/li>\n<\/ul>\n","protected":false},"featured_media":3148,"comment_status":"closed","ping_status":"closed","template":"","meta":{"inline_featured_image":false},"product_brand":[],"product_cat":[112,149],"product_tag":[],"class_list":{"0":"post-4331","1":"product","2":"type-product","3":"status-publish","4":"has-post-thumbnail","6":"product_cat-gaming-headsets-fr","7":"product_cat-top-deals-fr","9":"first","10":"instock","11":"shipping-taxable","12":"purchasable","13":"product-type-simple"},"acf":[],"yoast_head":"<!-- This site is optimized with the Yoast SEO plugin v27.5 - https:\/\/yoast.com\/product\/yoast-seo-wordpress\/ -->\n<title>Casque de jeu Alpha Bravo GX4 Pro avec son surround UBU 7.1<\/title>\n<meta name=\"description\" content=\"Monter de niveau avec l\u2019Alpha Bravo GX-4 Pro est un casque de jeu de qualit\u00e9 professionnelle. UBU 7.1 Son surround et personnalisation pour une immersion totale dans le jeu.\" \/>\n<meta name=\"robots\" content=\"index, follow, max-snippet:-1, max-image-preview:large, max-video-preview:-1\" \/>\n<link rel=\"canonical\" href=\"https:\/\/veho-lifestyle.ca\/fr\/product\/casque-de-jeu-alpha-bravo-gx4-pro-avec-son-surround-ubu-7-1\/\" \/>\n<meta property=\"og:locale\" content=\"fr_FR\" \/>\n<meta property=\"og:type\" content=\"article\" \/>\n<meta property=\"og:title\" content=\"Casque de jeu Alpha Bravo GX4 Pro avec son surround UBU 7.1\" \/>\n<meta property=\"og:description\" content=\"Monter de niveau avec l\u2019Alpha Bravo GX-4 Pro est un casque de jeu de qualit\u00e9 professionnelle. UBU 7.1 Son surround et personnalisation pour une immersion totale dans le jeu.\" \/>\n<meta property=\"og:url\" content=\"https:\/\/veho-lifestyle.ca\/fr\/product\/casque-de-jeu-alpha-bravo-gx4-pro-avec-son-surround-ubu-7-1\/\" \/>\n<meta property=\"og:site_name\" content=\"Boutique Veho Lifestyle Canada\" \/>\n<meta property=\"article:modified_time\" content=\"2025-02-05T16:36:42+00:00\" \/>\n<meta property=\"og:image\" content=\"https:\/\/veho-lifestyle.ca\/wp-content\/uploads\/2022\/02\/gx4_hero_image.png\" \/>\n\t<meta property=\"og:image:width\" content=\"620\" \/>\n\t<meta property=\"og:image:height\" content=\"620\" \/>\n\t<meta property=\"og:image:type\" content=\"image\/png\" \/>\n<meta name=\"twitter:card\" content=\"summary_large_image\" \/>\n<meta name=\"twitter:label1\" content=\"Dur\u00e9e de lecture estim\u00e9e\" \/>\n\t<meta name=\"twitter:data1\" content=\"1 minute\" \/>\n<script type=\"application\/ld+json\" class=\"yoast-schema-graph\">{\"@context\":\"https:\\\/\\\/schema.org\",\"@graph\":[{\"@type\":\"WebPage\",\"@id\":\"https:\\\/\\\/veho-lifestyle.ca\\\/fr\\\/product\\\/casque-de-jeu-alpha-bravo-gx4-pro-avec-son-surround-ubu-7-1\\\/\",\"url\":\"https:\\\/\\\/veho-lifestyle.ca\\\/fr\\\/product\\\/casque-de-jeu-alpha-bravo-gx4-pro-avec-son-surround-ubu-7-1\\\/\",\"name\":\"Casque de jeu Alpha Bravo GX4 Pro avec son surround UBU 7.1\",\"isPartOf\":{\"@id\":\"https:\\\/\\\/veho-lifestyle.ca\\\/fr\\\/#website\"},\"primaryImageOfPage\":{\"@id\":\"https:\\\/\\\/veho-lifestyle.ca\\\/fr\\\/product\\\/casque-de-jeu-alpha-bravo-gx4-pro-avec-son-surround-ubu-7-1\\\/#primaryimage\"},\"image\":{\"@id\":\"https:\\\/\\\/veho-lifestyle.ca\\\/fr\\\/product\\\/casque-de-jeu-alpha-bravo-gx4-pro-avec-son-surround-ubu-7-1\\\/#primaryimage\"},\"thumbnailUrl\":\"https:\\\/\\\/veho-lifestyle.ca\\\/wp-content\\\/uploads\\\/2022\\\/02\\\/gx4_hero_image.png\",\"datePublished\":\"2022-02-07T15:41:53+00:00\",\"dateModified\":\"2025-02-05T16:36:42+00:00\",\"description\":\"Monter de niveau avec l\u2019Alpha Bravo GX-4 Pro est un casque de jeu de qualit\u00e9 professionnelle. UBU 7.1 Son surround et personnalisation pour une immersion totale dans le jeu.\",\"breadcrumb\":{\"@id\":\"https:\\\/\\\/veho-lifestyle.ca\\\/fr\\\/product\\\/casque-de-jeu-alpha-bravo-gx4-pro-avec-son-surround-ubu-7-1\\\/#breadcrumb\"},\"inLanguage\":\"fr-FR\",\"potentialAction\":[{\"@type\":\"ReadAction\",\"target\":[\"https:\\\/\\\/veho-lifestyle.ca\\\/fr\\\/product\\\/casque-de-jeu-alpha-bravo-gx4-pro-avec-son-surround-ubu-7-1\\\/\"]}]},{\"@type\":\"ImageObject\",\"inLanguage\":\"fr-FR\",\"@id\":\"https:\\\/\\\/veho-lifestyle.ca\\\/fr\\\/product\\\/casque-de-jeu-alpha-bravo-gx4-pro-avec-son-surround-ubu-7-1\\\/#primaryimage\",\"url\":\"https:\\\/\\\/veho-lifestyle.ca\\\/wp-content\\\/uploads\\\/2022\\\/02\\\/gx4_hero_image.png\",\"contentUrl\":\"https:\\\/\\\/veho-lifestyle.ca\\\/wp-content\\\/uploads\\\/2022\\\/02\\\/gx4_hero_image.png\",\"width\":620,\"height\":620},{\"@type\":\"BreadcrumbList\",\"@id\":\"https:\\\/\\\/veho-lifestyle.ca\\\/fr\\\/product\\\/casque-de-jeu-alpha-bravo-gx4-pro-avec-son-surround-ubu-7-1\\\/#breadcrumb\",\"itemListElement\":[{\"@type\":\"ListItem\",\"position\":1,\"name\":\"Home\",\"item\":\"https:\\\/\\\/veho-lifestyle.ca\\\/fr\\\/\"},{\"@type\":\"ListItem\",\"position\":2,\"name\":\"Magasinez\",\"item\":\"https:\\\/\\\/veho-lifestyle.ca\\\/fr\\\/boutique\\\/\"},{\"@type\":\"ListItem\",\"position\":3,\"name\":\"Casque de jeu Alpha Bravo GX4 Pro avec son surround UBU 7.1\"}]},{\"@type\":\"WebSite\",\"@id\":\"https:\\\/\\\/veho-lifestyle.ca\\\/fr\\\/#website\",\"url\":\"https:\\\/\\\/veho-lifestyle.ca\\\/fr\\\/\",\"name\":\"Boutique Veho Lifestyle Canada\",\"description\":\"\u00c9lectronique grand public con\u00e7ue au Royaume-Uni\",\"potentialAction\":[{\"@type\":\"SearchAction\",\"target\":{\"@type\":\"EntryPoint\",\"urlTemplate\":\"https:\\\/\\\/veho-lifestyle.ca\\\/fr\\\/?s={search_term_string}\"},\"query-input\":{\"@type\":\"PropertyValueSpecification\",\"valueRequired\":true,\"valueName\":\"search_term_string\"}}],\"inLanguage\":\"fr-FR\"}]}<\/script>\n<!-- \/ Yoast SEO plugin. -->","yoast_head_json":{"title":"Casque de jeu Alpha Bravo GX4 Pro avec son surround UBU 7.1","description":"Monter de niveau avec l\u2019Alpha Bravo GX-4 Pro est un casque de jeu de qualit\u00e9 professionnelle. UBU 7.1 Son surround et personnalisation pour une immersion totale dans le jeu.","robots":{"index":"index","follow":"follow","max-snippet":"max-snippet:-1","max-image-preview":"max-image-preview:large","max-video-preview":"max-video-preview:-1"},"canonical":"https:\/\/veho-lifestyle.ca\/fr\/product\/casque-de-jeu-alpha-bravo-gx4-pro-avec-son-surround-ubu-7-1\/","og_locale":"fr_FR","og_type":"article","og_title":"Casque de jeu Alpha Bravo GX4 Pro avec son surround UBU 7.1","og_description":"Monter de niveau avec l\u2019Alpha Bravo GX-4 Pro est un casque de jeu de qualit\u00e9 professionnelle. UBU 7.1 Son surround et personnalisation pour une immersion totale dans le jeu.","og_url":"https:\/\/veho-lifestyle.ca\/fr\/product\/casque-de-jeu-alpha-bravo-gx4-pro-avec-son-surround-ubu-7-1\/","og_site_name":"Boutique Veho Lifestyle Canada","article_modified_time":"2025-02-05T16:36:42+00:00","og_image":[{"width":620,"height":620,"url":"https:\/\/veho-lifestyle.ca\/wp-content\/uploads\/2022\/02\/gx4_hero_image.png","type":"image\/png"}],"twitter_card":"summary_large_image","twitter_misc":{"Dur\u00e9e de lecture estim\u00e9e":"1 minute"},"schema":{"@context":"https:\/\/schema.org","@graph":[{"@type":"WebPage","@id":"https:\/\/veho-lifestyle.ca\/fr\/product\/casque-de-jeu-alpha-bravo-gx4-pro-avec-son-surround-ubu-7-1\/","url":"https:\/\/veho-lifestyle.ca\/fr\/product\/casque-de-jeu-alpha-bravo-gx4-pro-avec-son-surround-ubu-7-1\/","name":"Casque de jeu Alpha Bravo GX4 Pro avec son surround UBU 7.1","isPartOf":{"@id":"https:\/\/veho-lifestyle.ca\/fr\/#website"},"primaryImageOfPage":{"@id":"https:\/\/veho-lifestyle.ca\/fr\/product\/casque-de-jeu-alpha-bravo-gx4-pro-avec-son-surround-ubu-7-1\/#primaryimage"},"image":{"@id":"https:\/\/veho-lifestyle.ca\/fr\/product\/casque-de-jeu-alpha-bravo-gx4-pro-avec-son-surround-ubu-7-1\/#primaryimage"},"thumbnailUrl":"https:\/\/veho-lifestyle.ca\/wp-content\/uploads\/2022\/02\/gx4_hero_image.png","datePublished":"2022-02-07T15:41:53+00:00","dateModified":"2025-02-05T16:36:42+00:00","description":"Monter de niveau avec l\u2019Alpha Bravo GX-4 Pro est un casque de jeu de qualit\u00e9 professionnelle. UBU 7.1 Son surround et personnalisation pour une immersion totale dans le jeu.","breadcrumb":{"@id":"https:\/\/veho-lifestyle.ca\/fr\/product\/casque-de-jeu-alpha-bravo-gx4-pro-avec-son-surround-ubu-7-1\/#breadcrumb"},"inLanguage":"fr-FR","potentialAction":[{"@type":"ReadAction","target":["https:\/\/veho-lifestyle.ca\/fr\/product\/casque-de-jeu-alpha-bravo-gx4-pro-avec-son-surround-ubu-7-1\/"]}]},{"@type":"ImageObject","inLanguage":"fr-FR","@id":"https:\/\/veho-lifestyle.ca\/fr\/product\/casque-de-jeu-alpha-bravo-gx4-pro-avec-son-surround-ubu-7-1\/#primaryimage","url":"https:\/\/veho-lifestyle.ca\/wp-content\/uploads\/2022\/02\/gx4_hero_image.png","contentUrl":"https:\/\/veho-lifestyle.ca\/wp-content\/uploads\/2022\/02\/gx4_hero_image.png","width":620,"height":620},{"@type":"BreadcrumbList","@id":"https:\/\/veho-lifestyle.ca\/fr\/product\/casque-de-jeu-alpha-bravo-gx4-pro-avec-son-surround-ubu-7-1\/#breadcrumb","itemListElement":[{"@type":"ListItem","position":1,"name":"Home","item":"https:\/\/veho-lifestyle.ca\/fr\/"},{"@type":"ListItem","position":2,"name":"Magasinez","item":"https:\/\/veho-lifestyle.ca\/fr\/boutique\/"},{"@type":"ListItem","position":3,"name":"Casque de jeu Alpha Bravo GX4 Pro avec son surround UBU 7.1"}]},{"@type":"WebSite","@id":"https:\/\/veho-lifestyle.ca\/fr\/#website","url":"https:\/\/veho-lifestyle.ca\/fr\/","name":"Boutique Veho Lifestyle Canada","description":"\u00c9lectronique grand public con\u00e7ue au Royaume-Uni","potentialAction":[{"@type":"SearchAction","target":{"@type":"EntryPoint","urlTemplate":"https:\/\/veho-lifestyle.ca\/fr\/?s={search_term_string}"},"query-input":{"@type":"PropertyValueSpecification","valueRequired":true,"valueName":"search_term_string"}}],"inLanguage":"fr-FR"}]}},"jetpack_sharing_enabled":true,"_links":{"self":[{"href":"https:\/\/veho-lifestyle.ca\/fr\/wp-json\/wp\/v2\/product\/4331","targetHints":{"allow":["GET"]}}],"collection":[{"href":"https:\/\/veho-lifestyle.ca\/fr\/wp-json\/wp\/v2\/product"}],"about":[{"href":"https:\/\/veho-lifestyle.ca\/fr\/wp-json\/wp\/v2\/types\/product"}],"replies":[{"embeddable":true,"href":"https:\/\/veho-lifestyle.ca\/fr\/wp-json\/wp\/v2\/comments?post=4331"}],"wp:featuredmedia":[{"embeddable":true,"href":"https:\/\/veho-lifestyle.ca\/fr\/wp-json\/wp\/v2\/media\/3148"}],"wp:attachment":[{"href":"https:\/\/veho-lifestyle.ca\/fr\/wp-json\/wp\/v2\/media?parent=4331"}],"wp:term":[{"taxonomy":"product_brand","embeddable":true,"href":"https:\/\/veho-lifestyle.ca\/fr\/wp-json\/wp\/v2\/product_brand?post=4331"},{"taxonomy":"product_cat","embeddable":true,"href":"https:\/\/veho-lifestyle.ca\/fr\/wp-json\/wp\/v2\/product_cat?post=4331"},{"taxonomy":"product_tag","embeddable":true,"href":"https:\/\/veho-lifestyle.ca\/fr\/wp-json\/wp\/v2\/product_tag?post=4331"}],"curies":[{"name":"wp","href":"https:\/\/api.w.org\/{rel}","templated":true}]}}