{"id":4330,"date":"2022-02-07T10:36:44","date_gmt":"2022-02-07T15:36:44","guid":{"rendered":"https:\/\/veho-lifestyle.ca\/product\/kit-de-demarrage-cave-smart-home\/"},"modified":"2025-01-29T12:31:03","modified_gmt":"2025-01-29T17:31:03","slug":"kit-de-demarrage-cave-smart-home","status":"publish","type":"product","link":"https:\/\/veho-lifestyle.ca\/fr\/product\/kit-de-demarrage-cave-smart-home\/","title":{"rendered":"Kit de d\u00e9marrage Cave Smart Home"},"content":{"rendered":"<div class=\"wp-content wp-content--product\"><p>Le kit de d\u00e9marrage Cave Smart Home, avec une application d\u00e9di\u00e9e, vous permet, \u00e0 vous et \u00e0 votre famille, de contr\u00f4ler et de visualiser \u00e0 distance votre syst\u00e8me de s\u00e9curit\u00e9 domestique. D\u00e9finissez ou d\u00e9sarmez le syst\u00e8me Cave de n\u2019importe o\u00f9 dans le monde \u00e0 l\u2019aide de l\u2019application intuitive Cave.  Cave est facile \u00e0 installer et \u00e0 \u00e9tendre gr\u00e2ce \u00e0 un syst\u00e8me de code QR qui vous permet d&rsquo;ajouter des accessoires en toute s\u00e9curit\u00e9 \u00e0 votre syst\u00e8me. Cave peut se connecter \u00e0 l&rsquo;aide d&rsquo;un r\u00e9seau sans fil, filaire ou mobile.<\/p>\n<\/div>","protected":false},"excerpt":{"rendered":"<ul>\n<li>S\u00e9curit\u00e9 et surveillance sans fil<\/li>\n<li>Application pour iOS et Android<\/li>\n<li>Jusqu\u2019\u00e0 99 accessoires<\/li>\n<\/ul>\n","protected":false},"featured_media":2960,"comment_status":"closed","ping_status":"closed","template":"","meta":{"inline_featured_image":false},"product_brand":[],"product_cat":[115],"product_tag":[],"class_list":{"0":"post-4330","1":"product","2":"type-product","3":"status-publish","4":"has-post-thumbnail","6":"product_cat-cave-smart-home-fr","8":"first","9":"instock","10":"shipping-taxable","11":"purchasable","12":"product-type-simple"},"acf":[],"yoast_head":"<!-- This site is optimized with the Yoast SEO plugin v27.5 - https:\/\/yoast.com\/product\/yoast-seo-wordpress\/ -->\n<title>Kit de d\u00e9marrage Cave Wireless Smart Home avec application d\u00e9di\u00e9e<\/title>\n<meta name=\"description\" content=\"Le kit de d\u00e9marrage Cave Smart Home, avec une application d\u00e9di\u00e9e, vous permet, \u00e0 vous et \u00e0 votre famille, de contr\u00f4ler et de visualiser \u00e0 distance votre syst\u00e8me de s\u00e9curit\u00e9 domestique. D\u00e9finissez ou d\u00e9sarmez le syst\u00e8me Cave de n\u2019importe o\u00f9 dans le monde \u00e0 l\u2019aide de l\u2019application intuitive Cave.\" \/>\n<meta name=\"robots\" content=\"index, follow, max-snippet:-1, max-image-preview:large, max-video-preview:-1\" \/>\n<link rel=\"canonical\" href=\"https:\/\/veho-lifestyle.ca\/fr\/product\/kit-de-demarrage-cave-smart-home\/\" \/>\n<meta property=\"og:locale\" content=\"fr_FR\" \/>\n<meta property=\"og:type\" content=\"article\" \/>\n<meta property=\"og:title\" content=\"Kit de d\u00e9marrage Cave Wireless Smart Home avec application d\u00e9di\u00e9e\" \/>\n<meta property=\"og:description\" content=\"Le kit de d\u00e9marrage Cave Smart Home, avec une application d\u00e9di\u00e9e, vous permet, \u00e0 vous et \u00e0 votre famille, de contr\u00f4ler et de visualiser \u00e0 distance votre syst\u00e8me de s\u00e9curit\u00e9 domestique. D\u00e9finissez ou d\u00e9sarmez le syst\u00e8me Cave de n\u2019importe o\u00f9 dans le monde \u00e0 l\u2019aide de l\u2019application intuitive Cave.\" \/>\n<meta property=\"og:url\" content=\"https:\/\/veho-lifestyle.ca\/fr\/product\/kit-de-demarrage-cave-smart-home\/\" \/>\n<meta property=\"og:site_name\" content=\"Boutique Veho Lifestyle Canada\" \/>\n<meta property=\"article:modified_time\" content=\"2025-01-29T17:31:03+00:00\" \/>\n<meta property=\"og:image\" content=\"https:\/\/veho-lifestyle.ca\/wp-content\/uploads\/2022\/02\/Cave-Starter-Kit-1.png\" \/>\n\t<meta property=\"og:image:width\" content=\"620\" \/>\n\t<meta property=\"og:image:height\" content=\"620\" \/>\n\t<meta property=\"og:image:type\" content=\"image\/png\" \/>\n<meta name=\"twitter:card\" content=\"summary_large_image\" \/>\n<script type=\"application\/ld+json\" class=\"yoast-schema-graph\">{\"@context\":\"https:\\\/\\\/schema.org\",\"@graph\":[{\"@type\":\"WebPage\",\"@id\":\"https:\\\/\\\/veho-lifestyle.ca\\\/fr\\\/product\\\/kit-de-demarrage-cave-smart-home\\\/\",\"url\":\"https:\\\/\\\/veho-lifestyle.ca\\\/fr\\\/product\\\/kit-de-demarrage-cave-smart-home\\\/\",\"name\":\"Kit de d\u00e9marrage Cave Wireless Smart Home avec application d\u00e9di\u00e9e\",\"isPartOf\":{\"@id\":\"https:\\\/\\\/veho-lifestyle.ca\\\/fr\\\/#website\"},\"primaryImageOfPage\":{\"@id\":\"https:\\\/\\\/veho-lifestyle.ca\\\/fr\\\/product\\\/kit-de-demarrage-cave-smart-home\\\/#primaryimage\"},\"image\":{\"@id\":\"https:\\\/\\\/veho-lifestyle.ca\\\/fr\\\/product\\\/kit-de-demarrage-cave-smart-home\\\/#primaryimage\"},\"thumbnailUrl\":\"https:\\\/\\\/veho-lifestyle.ca\\\/wp-content\\\/uploads\\\/2022\\\/02\\\/Cave-Starter-Kit-1.png\",\"datePublished\":\"2022-02-07T15:36:44+00:00\",\"dateModified\":\"2025-01-29T17:31:03+00:00\",\"description\":\"Le kit de d\u00e9marrage Cave Smart Home, avec une application d\u00e9di\u00e9e, vous permet, \u00e0 vous et \u00e0 votre famille, de contr\u00f4ler et de visualiser \u00e0 distance votre syst\u00e8me de s\u00e9curit\u00e9 domestique. D\u00e9finissez ou d\u00e9sarmez le syst\u00e8me Cave de n\u2019importe o\u00f9 dans le monde \u00e0 l\u2019aide de l\u2019application intuitive Cave.\",\"breadcrumb\":{\"@id\":\"https:\\\/\\\/veho-lifestyle.ca\\\/fr\\\/product\\\/kit-de-demarrage-cave-smart-home\\\/#breadcrumb\"},\"inLanguage\":\"fr-FR\",\"potentialAction\":[{\"@type\":\"ReadAction\",\"target\":[\"https:\\\/\\\/veho-lifestyle.ca\\\/fr\\\/product\\\/kit-de-demarrage-cave-smart-home\\\/\"]}]},{\"@type\":\"ImageObject\",\"inLanguage\":\"fr-FR\",\"@id\":\"https:\\\/\\\/veho-lifestyle.ca\\\/fr\\\/product\\\/kit-de-demarrage-cave-smart-home\\\/#primaryimage\",\"url\":\"https:\\\/\\\/veho-lifestyle.ca\\\/wp-content\\\/uploads\\\/2022\\\/02\\\/Cave-Starter-Kit-1.png\",\"contentUrl\":\"https:\\\/\\\/veho-lifestyle.ca\\\/wp-content\\\/uploads\\\/2022\\\/02\\\/Cave-Starter-Kit-1.png\",\"width\":620,\"height\":620},{\"@type\":\"BreadcrumbList\",\"@id\":\"https:\\\/\\\/veho-lifestyle.ca\\\/fr\\\/product\\\/kit-de-demarrage-cave-smart-home\\\/#breadcrumb\",\"itemListElement\":[{\"@type\":\"ListItem\",\"position\":1,\"name\":\"Home\",\"item\":\"https:\\\/\\\/veho-lifestyle.ca\\\/fr\\\/\"},{\"@type\":\"ListItem\",\"position\":2,\"name\":\"Magasinez\",\"item\":\"https:\\\/\\\/veho-lifestyle.ca\\\/fr\\\/boutique\\\/\"},{\"@type\":\"ListItem\",\"position\":3,\"name\":\"Kit de d\u00e9marrage Cave Smart Home\"}]},{\"@type\":\"WebSite\",\"@id\":\"https:\\\/\\\/veho-lifestyle.ca\\\/fr\\\/#website\",\"url\":\"https:\\\/\\\/veho-lifestyle.ca\\\/fr\\\/\",\"name\":\"Boutique Veho Lifestyle Canada\",\"description\":\"\u00c9lectronique grand public con\u00e7ue au Royaume-Uni\",\"potentialAction\":[{\"@type\":\"SearchAction\",\"target\":{\"@type\":\"EntryPoint\",\"urlTemplate\":\"https:\\\/\\\/veho-lifestyle.ca\\\/fr\\\/?s={search_term_string}\"},\"query-input\":{\"@type\":\"PropertyValueSpecification\",\"valueRequired\":true,\"valueName\":\"search_term_string\"}}],\"inLanguage\":\"fr-FR\"}]}<\/script>\n<!-- \/ Yoast SEO plugin. -->","yoast_head_json":{"title":"Kit de d\u00e9marrage Cave Wireless Smart Home avec application d\u00e9di\u00e9e","description":"Le kit de d\u00e9marrage Cave Smart Home, avec une application d\u00e9di\u00e9e, vous permet, \u00e0 vous et \u00e0 votre famille, de contr\u00f4ler et de visualiser \u00e0 distance votre syst\u00e8me de s\u00e9curit\u00e9 domestique. D\u00e9finissez ou d\u00e9sarmez le syst\u00e8me Cave de n\u2019importe o\u00f9 dans le monde \u00e0 l\u2019aide de l\u2019application intuitive Cave.","robots":{"index":"index","follow":"follow","max-snippet":"max-snippet:-1","max-image-preview":"max-image-preview:large","max-video-preview":"max-video-preview:-1"},"canonical":"https:\/\/veho-lifestyle.ca\/fr\/product\/kit-de-demarrage-cave-smart-home\/","og_locale":"fr_FR","og_type":"article","og_title":"Kit de d\u00e9marrage Cave Wireless Smart Home avec application d\u00e9di\u00e9e","og_description":"Le kit de d\u00e9marrage Cave Smart Home, avec une application d\u00e9di\u00e9e, vous permet, \u00e0 vous et \u00e0 votre famille, de contr\u00f4ler et de visualiser \u00e0 distance votre syst\u00e8me de s\u00e9curit\u00e9 domestique. D\u00e9finissez ou d\u00e9sarmez le syst\u00e8me Cave de n\u2019importe o\u00f9 dans le monde \u00e0 l\u2019aide de l\u2019application intuitive Cave.","og_url":"https:\/\/veho-lifestyle.ca\/fr\/product\/kit-de-demarrage-cave-smart-home\/","og_site_name":"Boutique Veho Lifestyle Canada","article_modified_time":"2025-01-29T17:31:03+00:00","og_image":[{"width":620,"height":620,"url":"https:\/\/veho-lifestyle.ca\/wp-content\/uploads\/2022\/02\/Cave-Starter-Kit-1.png","type":"image\/png"}],"twitter_card":"summary_large_image","schema":{"@context":"https:\/\/schema.org","@graph":[{"@type":"WebPage","@id":"https:\/\/veho-lifestyle.ca\/fr\/product\/kit-de-demarrage-cave-smart-home\/","url":"https:\/\/veho-lifestyle.ca\/fr\/product\/kit-de-demarrage-cave-smart-home\/","name":"Kit de d\u00e9marrage Cave Wireless Smart Home avec application d\u00e9di\u00e9e","isPartOf":{"@id":"https:\/\/veho-lifestyle.ca\/fr\/#website"},"primaryImageOfPage":{"@id":"https:\/\/veho-lifestyle.ca\/fr\/product\/kit-de-demarrage-cave-smart-home\/#primaryimage"},"image":{"@id":"https:\/\/veho-lifestyle.ca\/fr\/product\/kit-de-demarrage-cave-smart-home\/#primaryimage"},"thumbnailUrl":"https:\/\/veho-lifestyle.ca\/wp-content\/uploads\/2022\/02\/Cave-Starter-Kit-1.png","datePublished":"2022-02-07T15:36:44+00:00","dateModified":"2025-01-29T17:31:03+00:00","description":"Le kit de d\u00e9marrage Cave Smart Home, avec une application d\u00e9di\u00e9e, vous permet, \u00e0 vous et \u00e0 votre famille, de contr\u00f4ler et de visualiser \u00e0 distance votre syst\u00e8me de s\u00e9curit\u00e9 domestique. D\u00e9finissez ou d\u00e9sarmez le syst\u00e8me Cave de n\u2019importe o\u00f9 dans le monde \u00e0 l\u2019aide de l\u2019application intuitive Cave.","breadcrumb":{"@id":"https:\/\/veho-lifestyle.ca\/fr\/product\/kit-de-demarrage-cave-smart-home\/#breadcrumb"},"inLanguage":"fr-FR","potentialAction":[{"@type":"ReadAction","target":["https:\/\/veho-lifestyle.ca\/fr\/product\/kit-de-demarrage-cave-smart-home\/"]}]},{"@type":"ImageObject","inLanguage":"fr-FR","@id":"https:\/\/veho-lifestyle.ca\/fr\/product\/kit-de-demarrage-cave-smart-home\/#primaryimage","url":"https:\/\/veho-lifestyle.ca\/wp-content\/uploads\/2022\/02\/Cave-Starter-Kit-1.png","contentUrl":"https:\/\/veho-lifestyle.ca\/wp-content\/uploads\/2022\/02\/Cave-Starter-Kit-1.png","width":620,"height":620},{"@type":"BreadcrumbList","@id":"https:\/\/veho-lifestyle.ca\/fr\/product\/kit-de-demarrage-cave-smart-home\/#breadcrumb","itemListElement":[{"@type":"ListItem","position":1,"name":"Home","item":"https:\/\/veho-lifestyle.ca\/fr\/"},{"@type":"ListItem","position":2,"name":"Magasinez","item":"https:\/\/veho-lifestyle.ca\/fr\/boutique\/"},{"@type":"ListItem","position":3,"name":"Kit de d\u00e9marrage Cave Smart Home"}]},{"@type":"WebSite","@id":"https:\/\/veho-lifestyle.ca\/fr\/#website","url":"https:\/\/veho-lifestyle.ca\/fr\/","name":"Boutique Veho Lifestyle Canada","description":"\u00c9lectronique grand public con\u00e7ue au Royaume-Uni","potentialAction":[{"@type":"SearchAction","target":{"@type":"EntryPoint","urlTemplate":"https:\/\/veho-lifestyle.ca\/fr\/?s={search_term_string}"},"query-input":{"@type":"PropertyValueSpecification","valueRequired":true,"valueName":"search_term_string"}}],"inLanguage":"fr-FR"}]}},"jetpack_sharing_enabled":true,"_links":{"self":[{"href":"https:\/\/veho-lifestyle.ca\/fr\/wp-json\/wp\/v2\/product\/4330","targetHints":{"allow":["GET"]}}],"collection":[{"href":"https:\/\/veho-lifestyle.ca\/fr\/wp-json\/wp\/v2\/product"}],"about":[{"href":"https:\/\/veho-lifestyle.ca\/fr\/wp-json\/wp\/v2\/types\/product"}],"replies":[{"embeddable":true,"href":"https:\/\/veho-lifestyle.ca\/fr\/wp-json\/wp\/v2\/comments?post=4330"}],"wp:featuredmedia":[{"embeddable":true,"href":"https:\/\/veho-lifestyle.ca\/fr\/wp-json\/wp\/v2\/media\/2960"}],"wp:attachment":[{"href":"https:\/\/veho-lifestyle.ca\/fr\/wp-json\/wp\/v2\/media?parent=4330"}],"wp:term":[{"taxonomy":"product_brand","embeddable":true,"href":"https:\/\/veho-lifestyle.ca\/fr\/wp-json\/wp\/v2\/product_brand?post=4330"},{"taxonomy":"product_cat","embeddable":true,"href":"https:\/\/veho-lifestyle.ca\/fr\/wp-json\/wp\/v2\/product_cat?post=4330"},{"taxonomy":"product_tag","embeddable":true,"href":"https:\/\/veho-lifestyle.ca\/fr\/wp-json\/wp\/v2\/product_tag?post=4330"}],"curies":[{"name":"wp","href":"https:\/\/api.w.org\/{rel}","templated":true}]}}