{"id":4329,"date":"2022-02-07T10:36:45","date_gmt":"2022-02-07T15:36:45","guid":{"rendered":"https:\/\/veho-lifestyle.ca\/product\/camera-ip-sans-fil-cave-hd\/"},"modified":"2025-01-28T11:14:09","modified_gmt":"2025-01-28T16:14:09","slug":"camera-ip-sans-fil-cave-hd","status":"publish","type":"product","link":"https:\/\/veho-lifestyle.ca\/fr\/product\/camera-ip-sans-fil-cave-hd\/","title":{"rendered":"Cam\u00e9ra IP sans fil Cave HD"},"content":{"rendered":"<div class=\"wp-content wp-content--product\"><p>La cam\u00e9ra IP sans fil Cave HD de nouvelle g\u00e9n\u00e9ration est con\u00e7ue pour \u00eatre utilis\u00e9e avec le syst\u00e8me Cave Smart Home. Enregistrez, stockez et examinez des s\u00e9quences en HD 1080p \u00e0 l\u2019aide d\u2019une carte microSD (non incluse). La cam\u00e9ra dispose d\u2019un microphone int\u00e9gr\u00e9 pour l\u2019audio bidirectionnel et la d\u00e9tection de mouvement. Tranquillit\u00e9 d\u2019esprit totale.   <\/p>\n<\/div>","protected":false},"excerpt":{"rendered":"<ul>\n<li>Facilement jumel\u00e9 et configur\u00e9 dans votre syst\u00e8me Cave existant<\/li>\n<li>Images HD 1080p<\/li>\n<li>Application pour iOS et Android<\/li>\n<\/ul>\n","protected":false},"featured_media":2967,"comment_status":"closed","ping_status":"closed","template":"","meta":{"inline_featured_image":false},"product_brand":[],"product_cat":[115],"product_tag":[],"class_list":{"0":"post-4329","1":"product","2":"type-product","3":"status-publish","4":"has-post-thumbnail","6":"product_cat-cave-smart-home-fr","8":"first","9":"instock","10":"shipping-taxable","11":"purchasable","12":"product-type-simple"},"acf":[],"yoast_head":"<!-- This site is optimized with the Yoast SEO plugin v27.5 - https:\/\/yoast.com\/product\/yoast-seo-wordpress\/ -->\n<title>Cam\u00e9ra IP sans fil Cave HD du syst\u00e8me Cave Smart Home<\/title>\n<meta name=\"description\" content=\"La cam\u00e9ra IP sans fil Cave HD de nouvelle g\u00e9n\u00e9ration est con\u00e7ue pour \u00eatre utilis\u00e9e avec le syst\u00e8me Cave Smart Home. Enregistrez, stockez et examinez des s\u00e9quences en HD 1080p \u00e0 l\u2019aide d\u2019une carte microSD (non incluse). La cam\u00e9ra dispose d\u2019un microphone int\u00e9gr\u00e9 pour l\u2019audio bidirectionnel et la d\u00e9tection de mouvement. Tranquillit\u00e9 d\u2019esprit totale.\" \/>\n<meta name=\"robots\" content=\"index, follow, max-snippet:-1, max-image-preview:large, max-video-preview:-1\" \/>\n<link rel=\"canonical\" href=\"https:\/\/veho-lifestyle.ca\/fr\/product\/camera-ip-sans-fil-cave-hd\/\" \/>\n<meta property=\"og:locale\" content=\"fr_FR\" \/>\n<meta property=\"og:type\" content=\"article\" \/>\n<meta property=\"og:title\" content=\"Cam\u00e9ra IP sans fil Cave HD du syst\u00e8me Cave Smart Home\" \/>\n<meta property=\"og:description\" content=\"La cam\u00e9ra IP sans fil Cave HD de nouvelle g\u00e9n\u00e9ration est con\u00e7ue pour \u00eatre utilis\u00e9e avec le syst\u00e8me Cave Smart Home. Enregistrez, stockez et examinez des s\u00e9quences en HD 1080p \u00e0 l\u2019aide d\u2019une carte microSD (non incluse). La cam\u00e9ra dispose d\u2019un microphone int\u00e9gr\u00e9 pour l\u2019audio bidirectionnel et la d\u00e9tection de mouvement. Tranquillit\u00e9 d\u2019esprit totale.\" \/>\n<meta property=\"og:url\" content=\"https:\/\/veho-lifestyle.ca\/fr\/product\/camera-ip-sans-fil-cave-hd\/\" \/>\n<meta property=\"og:site_name\" content=\"Boutique Veho Lifestyle Canada\" \/>\n<meta property=\"article:modified_time\" content=\"2025-01-28T16:14:09+00:00\" \/>\n<meta property=\"og:image\" content=\"https:\/\/veho-lifestyle.ca\/wp-content\/uploads\/2022\/02\/cave_hd_ip_camera_hero.png\" \/>\n\t<meta property=\"og:image:width\" content=\"620\" \/>\n\t<meta property=\"og:image:height\" content=\"620\" \/>\n\t<meta property=\"og:image:type\" content=\"image\/png\" \/>\n<meta name=\"twitter:card\" content=\"summary_large_image\" \/>\n<script type=\"application\/ld+json\" class=\"yoast-schema-graph\">{\"@context\":\"https:\\\/\\\/schema.org\",\"@graph\":[{\"@type\":\"WebPage\",\"@id\":\"https:\\\/\\\/veho-lifestyle.ca\\\/fr\\\/product\\\/camera-ip-sans-fil-cave-hd\\\/\",\"url\":\"https:\\\/\\\/veho-lifestyle.ca\\\/fr\\\/product\\\/camera-ip-sans-fil-cave-hd\\\/\",\"name\":\"Cam\u00e9ra IP sans fil Cave HD du syst\u00e8me Cave Smart Home\",\"isPartOf\":{\"@id\":\"https:\\\/\\\/veho-lifestyle.ca\\\/fr\\\/#website\"},\"primaryImageOfPage\":{\"@id\":\"https:\\\/\\\/veho-lifestyle.ca\\\/fr\\\/product\\\/camera-ip-sans-fil-cave-hd\\\/#primaryimage\"},\"image\":{\"@id\":\"https:\\\/\\\/veho-lifestyle.ca\\\/fr\\\/product\\\/camera-ip-sans-fil-cave-hd\\\/#primaryimage\"},\"thumbnailUrl\":\"https:\\\/\\\/veho-lifestyle.ca\\\/wp-content\\\/uploads\\\/2022\\\/02\\\/cave_hd_ip_camera_hero.png\",\"datePublished\":\"2022-02-07T15:36:45+00:00\",\"dateModified\":\"2025-01-28T16:14:09+00:00\",\"description\":\"La cam\u00e9ra IP sans fil Cave HD de nouvelle g\u00e9n\u00e9ration est con\u00e7ue pour \u00eatre utilis\u00e9e avec le syst\u00e8me Cave Smart Home. Enregistrez, stockez et examinez des s\u00e9quences en HD 1080p \u00e0 l\u2019aide d\u2019une carte microSD (non incluse). La cam\u00e9ra dispose d\u2019un microphone int\u00e9gr\u00e9 pour l\u2019audio bidirectionnel et la d\u00e9tection de mouvement. Tranquillit\u00e9 d\u2019esprit totale.\",\"breadcrumb\":{\"@id\":\"https:\\\/\\\/veho-lifestyle.ca\\\/fr\\\/product\\\/camera-ip-sans-fil-cave-hd\\\/#breadcrumb\"},\"inLanguage\":\"fr-FR\",\"potentialAction\":[{\"@type\":\"ReadAction\",\"target\":[\"https:\\\/\\\/veho-lifestyle.ca\\\/fr\\\/product\\\/camera-ip-sans-fil-cave-hd\\\/\"]}]},{\"@type\":\"ImageObject\",\"inLanguage\":\"fr-FR\",\"@id\":\"https:\\\/\\\/veho-lifestyle.ca\\\/fr\\\/product\\\/camera-ip-sans-fil-cave-hd\\\/#primaryimage\",\"url\":\"https:\\\/\\\/veho-lifestyle.ca\\\/wp-content\\\/uploads\\\/2022\\\/02\\\/cave_hd_ip_camera_hero.png\",\"contentUrl\":\"https:\\\/\\\/veho-lifestyle.ca\\\/wp-content\\\/uploads\\\/2022\\\/02\\\/cave_hd_ip_camera_hero.png\",\"width\":620,\"height\":620},{\"@type\":\"BreadcrumbList\",\"@id\":\"https:\\\/\\\/veho-lifestyle.ca\\\/fr\\\/product\\\/camera-ip-sans-fil-cave-hd\\\/#breadcrumb\",\"itemListElement\":[{\"@type\":\"ListItem\",\"position\":1,\"name\":\"Home\",\"item\":\"https:\\\/\\\/veho-lifestyle.ca\\\/fr\\\/\"},{\"@type\":\"ListItem\",\"position\":2,\"name\":\"Magasinez\",\"item\":\"https:\\\/\\\/veho-lifestyle.ca\\\/fr\\\/boutique\\\/\"},{\"@type\":\"ListItem\",\"position\":3,\"name\":\"Cam\u00e9ra IP sans fil Cave HD\"}]},{\"@type\":\"WebSite\",\"@id\":\"https:\\\/\\\/veho-lifestyle.ca\\\/fr\\\/#website\",\"url\":\"https:\\\/\\\/veho-lifestyle.ca\\\/fr\\\/\",\"name\":\"Boutique Veho Lifestyle Canada\",\"description\":\"\u00c9lectronique grand public con\u00e7ue au Royaume-Uni\",\"potentialAction\":[{\"@type\":\"SearchAction\",\"target\":{\"@type\":\"EntryPoint\",\"urlTemplate\":\"https:\\\/\\\/veho-lifestyle.ca\\\/fr\\\/?s={search_term_string}\"},\"query-input\":{\"@type\":\"PropertyValueSpecification\",\"valueRequired\":true,\"valueName\":\"search_term_string\"}}],\"inLanguage\":\"fr-FR\"}]}<\/script>\n<!-- \/ Yoast SEO plugin. -->","yoast_head_json":{"title":"Cam\u00e9ra IP sans fil Cave HD du syst\u00e8me Cave Smart Home","description":"La cam\u00e9ra IP sans fil Cave HD de nouvelle g\u00e9n\u00e9ration est con\u00e7ue pour \u00eatre utilis\u00e9e avec le syst\u00e8me Cave Smart Home. Enregistrez, stockez et examinez des s\u00e9quences en HD 1080p \u00e0 l\u2019aide d\u2019une carte microSD (non incluse). La cam\u00e9ra dispose d\u2019un microphone int\u00e9gr\u00e9 pour l\u2019audio bidirectionnel et la d\u00e9tection de mouvement. Tranquillit\u00e9 d\u2019esprit totale.","robots":{"index":"index","follow":"follow","max-snippet":"max-snippet:-1","max-image-preview":"max-image-preview:large","max-video-preview":"max-video-preview:-1"},"canonical":"https:\/\/veho-lifestyle.ca\/fr\/product\/camera-ip-sans-fil-cave-hd\/","og_locale":"fr_FR","og_type":"article","og_title":"Cam\u00e9ra IP sans fil Cave HD du syst\u00e8me Cave Smart Home","og_description":"La cam\u00e9ra IP sans fil Cave HD de nouvelle g\u00e9n\u00e9ration est con\u00e7ue pour \u00eatre utilis\u00e9e avec le syst\u00e8me Cave Smart Home. Enregistrez, stockez et examinez des s\u00e9quences en HD 1080p \u00e0 l\u2019aide d\u2019une carte microSD (non incluse). La cam\u00e9ra dispose d\u2019un microphone int\u00e9gr\u00e9 pour l\u2019audio bidirectionnel et la d\u00e9tection de mouvement. Tranquillit\u00e9 d\u2019esprit totale.","og_url":"https:\/\/veho-lifestyle.ca\/fr\/product\/camera-ip-sans-fil-cave-hd\/","og_site_name":"Boutique Veho Lifestyle Canada","article_modified_time":"2025-01-28T16:14:09+00:00","og_image":[{"width":620,"height":620,"url":"https:\/\/veho-lifestyle.ca\/wp-content\/uploads\/2022\/02\/cave_hd_ip_camera_hero.png","type":"image\/png"}],"twitter_card":"summary_large_image","schema":{"@context":"https:\/\/schema.org","@graph":[{"@type":"WebPage","@id":"https:\/\/veho-lifestyle.ca\/fr\/product\/camera-ip-sans-fil-cave-hd\/","url":"https:\/\/veho-lifestyle.ca\/fr\/product\/camera-ip-sans-fil-cave-hd\/","name":"Cam\u00e9ra IP sans fil Cave HD du syst\u00e8me Cave Smart Home","isPartOf":{"@id":"https:\/\/veho-lifestyle.ca\/fr\/#website"},"primaryImageOfPage":{"@id":"https:\/\/veho-lifestyle.ca\/fr\/product\/camera-ip-sans-fil-cave-hd\/#primaryimage"},"image":{"@id":"https:\/\/veho-lifestyle.ca\/fr\/product\/camera-ip-sans-fil-cave-hd\/#primaryimage"},"thumbnailUrl":"https:\/\/veho-lifestyle.ca\/wp-content\/uploads\/2022\/02\/cave_hd_ip_camera_hero.png","datePublished":"2022-02-07T15:36:45+00:00","dateModified":"2025-01-28T16:14:09+00:00","description":"La cam\u00e9ra IP sans fil Cave HD de nouvelle g\u00e9n\u00e9ration est con\u00e7ue pour \u00eatre utilis\u00e9e avec le syst\u00e8me Cave Smart Home. Enregistrez, stockez et examinez des s\u00e9quences en HD 1080p \u00e0 l\u2019aide d\u2019une carte microSD (non incluse). La cam\u00e9ra dispose d\u2019un microphone int\u00e9gr\u00e9 pour l\u2019audio bidirectionnel et la d\u00e9tection de mouvement. Tranquillit\u00e9 d\u2019esprit totale.","breadcrumb":{"@id":"https:\/\/veho-lifestyle.ca\/fr\/product\/camera-ip-sans-fil-cave-hd\/#breadcrumb"},"inLanguage":"fr-FR","potentialAction":[{"@type":"ReadAction","target":["https:\/\/veho-lifestyle.ca\/fr\/product\/camera-ip-sans-fil-cave-hd\/"]}]},{"@type":"ImageObject","inLanguage":"fr-FR","@id":"https:\/\/veho-lifestyle.ca\/fr\/product\/camera-ip-sans-fil-cave-hd\/#primaryimage","url":"https:\/\/veho-lifestyle.ca\/wp-content\/uploads\/2022\/02\/cave_hd_ip_camera_hero.png","contentUrl":"https:\/\/veho-lifestyle.ca\/wp-content\/uploads\/2022\/02\/cave_hd_ip_camera_hero.png","width":620,"height":620},{"@type":"BreadcrumbList","@id":"https:\/\/veho-lifestyle.ca\/fr\/product\/camera-ip-sans-fil-cave-hd\/#breadcrumb","itemListElement":[{"@type":"ListItem","position":1,"name":"Home","item":"https:\/\/veho-lifestyle.ca\/fr\/"},{"@type":"ListItem","position":2,"name":"Magasinez","item":"https:\/\/veho-lifestyle.ca\/fr\/boutique\/"},{"@type":"ListItem","position":3,"name":"Cam\u00e9ra IP sans fil Cave HD"}]},{"@type":"WebSite","@id":"https:\/\/veho-lifestyle.ca\/fr\/#website","url":"https:\/\/veho-lifestyle.ca\/fr\/","name":"Boutique Veho Lifestyle Canada","description":"\u00c9lectronique grand public con\u00e7ue au Royaume-Uni","potentialAction":[{"@type":"SearchAction","target":{"@type":"EntryPoint","urlTemplate":"https:\/\/veho-lifestyle.ca\/fr\/?s={search_term_string}"},"query-input":{"@type":"PropertyValueSpecification","valueRequired":true,"valueName":"search_term_string"}}],"inLanguage":"fr-FR"}]}},"jetpack_sharing_enabled":true,"_links":{"self":[{"href":"https:\/\/veho-lifestyle.ca\/fr\/wp-json\/wp\/v2\/product\/4329","targetHints":{"allow":["GET"]}}],"collection":[{"href":"https:\/\/veho-lifestyle.ca\/fr\/wp-json\/wp\/v2\/product"}],"about":[{"href":"https:\/\/veho-lifestyle.ca\/fr\/wp-json\/wp\/v2\/types\/product"}],"replies":[{"embeddable":true,"href":"https:\/\/veho-lifestyle.ca\/fr\/wp-json\/wp\/v2\/comments?post=4329"}],"wp:featuredmedia":[{"embeddable":true,"href":"https:\/\/veho-lifestyle.ca\/fr\/wp-json\/wp\/v2\/media\/2967"}],"wp:attachment":[{"href":"https:\/\/veho-lifestyle.ca\/fr\/wp-json\/wp\/v2\/media?parent=4329"}],"wp:term":[{"taxonomy":"product_brand","embeddable":true,"href":"https:\/\/veho-lifestyle.ca\/fr\/wp-json\/wp\/v2\/product_brand?post=4329"},{"taxonomy":"product_cat","embeddable":true,"href":"https:\/\/veho-lifestyle.ca\/fr\/wp-json\/wp\/v2\/product_cat?post=4329"},{"taxonomy":"product_tag","embeddable":true,"href":"https:\/\/veho-lifestyle.ca\/fr\/wp-json\/wp\/v2\/product_tag?post=4329"}],"curies":[{"name":"wp","href":"https:\/\/api.w.org\/{rel}","templated":true}]}}