{"id":4258,"date":"2022-02-07T10:38:54","date_gmt":"2022-02-07T15:38:54","guid":{"rendered":"https:\/\/veho-lifestyle.ca\/product\/etui-de-transport-pour-ecouteurs\/"},"modified":"2025-01-28T11:30:22","modified_gmt":"2025-01-28T16:30:22","slug":"etui-de-transport-pour-ecouteurs","status":"publish","type":"product","link":"https:\/\/veho-lifestyle.ca\/fr\/product\/etui-de-transport-pour-ecouteurs\/","title":{"rendered":"\u00c9tui de transport pour \u00e9couteurs"},"content":{"rendered":"<div class=\"wp-content wp-content--product\"><p>L\u2019\u00e9tui de transport du casque Veho est con\u00e7u pour prot\u00e9ger vos \u00e9couteurs. Le bo\u00eetier en coque dure offre une protection contre les chutes, les rayures et les d\u00e9versements de liquides. \u00c0 l\u2019int\u00e9rieur du bo\u00eetier, il y a de la place pour vos \u00e9couteurs pliables et pour les c\u00e2bles, une banque d\u2019alimentation ou d\u2019autres accessoires. <strong>Les \u00e9couteurs ne sont pas inclus.<\/strong>  <\/p>\n<\/div>","protected":false},"excerpt":{"rendered":"<ul>\n<li>Garde la protection de vos \u00e9couteurs lorsque vous voyagez<\/li>\n<li>S\u2019adaptera aux \u00e9couteurs pliables les plus courants<\/li>\n<\/ul>\n","protected":false},"featured_media":3061,"comment_status":"closed","ping_status":"closed","template":"","meta":{"inline_featured_image":false},"product_brand":[],"product_cat":[152,155,156,157],"product_tag":[],"class_list":{"0":"post-4258","1":"product","2":"type-product","3":"status-publish","4":"has-post-thumbnail","6":"product_cat-headphones-accessories-fr","7":"product_cat-on-ear-wired-fr","8":"product_cat-on-ear-wireless-fr","9":"product_cat-over-ear-wireless-fr","11":"first","12":"instock","13":"shipping-taxable","14":"purchasable","15":"product-type-simple"},"acf":[],"yoast_head":"<!-- This site is optimized with the Yoast SEO plugin v27.5 - https:\/\/yoast.com\/product\/yoast-seo-wordpress\/ -->\n<title>\u00c9tui de transport pour \u00e9couteurs<\/title>\n<meta name=\"description\" content=\"L\u2019\u00e9tui de transport du casque Veho offre une protection contre les chutes, les \u00e9gratignures et les d\u00e9versements de liquides. Con\u00e7u pour les \u00e9couteurs pliables et les accessoires.\" \/>\n<meta name=\"robots\" content=\"index, follow, max-snippet:-1, max-image-preview:large, max-video-preview:-1\" \/>\n<link rel=\"canonical\" href=\"https:\/\/veho-lifestyle.ca\/fr\/product\/etui-de-transport-pour-ecouteurs\/\" \/>\n<meta property=\"og:locale\" content=\"fr_FR\" \/>\n<meta property=\"og:type\" content=\"article\" \/>\n<meta property=\"og:title\" content=\"\u00c9tui de transport pour \u00e9couteurs\" \/>\n<meta property=\"og:description\" content=\"L\u2019\u00e9tui de transport du casque Veho offre une protection contre les chutes, les \u00e9gratignures et les d\u00e9versements de liquides. Con\u00e7u pour les \u00e9couteurs pliables et les accessoires.\" \/>\n<meta property=\"og:url\" content=\"https:\/\/veho-lifestyle.ca\/fr\/product\/etui-de-transport-pour-ecouteurs\/\" \/>\n<meta property=\"og:site_name\" content=\"Boutique Veho Lifestyle Canada\" \/>\n<meta property=\"article:modified_time\" content=\"2025-01-28T16:30:22+00:00\" \/>\n<meta property=\"og:image\" content=\"https:\/\/veho-lifestyle.ca\/wp-content\/uploads\/2022\/02\/case-1.png\" \/>\n\t<meta property=\"og:image:width\" content=\"620\" \/>\n\t<meta property=\"og:image:height\" content=\"620\" \/>\n\t<meta property=\"og:image:type\" content=\"image\/png\" \/>\n<meta name=\"twitter:card\" content=\"summary_large_image\" \/>\n<script type=\"application\/ld+json\" class=\"yoast-schema-graph\">{\"@context\":\"https:\\\/\\\/schema.org\",\"@graph\":[{\"@type\":\"WebPage\",\"@id\":\"https:\\\/\\\/veho-lifestyle.ca\\\/fr\\\/product\\\/etui-de-transport-pour-ecouteurs\\\/\",\"url\":\"https:\\\/\\\/veho-lifestyle.ca\\\/fr\\\/product\\\/etui-de-transport-pour-ecouteurs\\\/\",\"name\":\"\u00c9tui de transport pour \u00e9couteurs\",\"isPartOf\":{\"@id\":\"https:\\\/\\\/veho-lifestyle.ca\\\/fr\\\/#website\"},\"primaryImageOfPage\":{\"@id\":\"https:\\\/\\\/veho-lifestyle.ca\\\/fr\\\/product\\\/etui-de-transport-pour-ecouteurs\\\/#primaryimage\"},\"image\":{\"@id\":\"https:\\\/\\\/veho-lifestyle.ca\\\/fr\\\/product\\\/etui-de-transport-pour-ecouteurs\\\/#primaryimage\"},\"thumbnailUrl\":\"https:\\\/\\\/veho-lifestyle.ca\\\/wp-content\\\/uploads\\\/2022\\\/02\\\/case-1.png\",\"datePublished\":\"2022-02-07T15:38:54+00:00\",\"dateModified\":\"2025-01-28T16:30:22+00:00\",\"description\":\"L\u2019\u00e9tui de transport du casque Veho offre une protection contre les chutes, les \u00e9gratignures et les d\u00e9versements de liquides. Con\u00e7u pour les \u00e9couteurs pliables et les accessoires.\",\"breadcrumb\":{\"@id\":\"https:\\\/\\\/veho-lifestyle.ca\\\/fr\\\/product\\\/etui-de-transport-pour-ecouteurs\\\/#breadcrumb\"},\"inLanguage\":\"fr-FR\",\"potentialAction\":[{\"@type\":\"ReadAction\",\"target\":[\"https:\\\/\\\/veho-lifestyle.ca\\\/fr\\\/product\\\/etui-de-transport-pour-ecouteurs\\\/\"]}]},{\"@type\":\"ImageObject\",\"inLanguage\":\"fr-FR\",\"@id\":\"https:\\\/\\\/veho-lifestyle.ca\\\/fr\\\/product\\\/etui-de-transport-pour-ecouteurs\\\/#primaryimage\",\"url\":\"https:\\\/\\\/veho-lifestyle.ca\\\/wp-content\\\/uploads\\\/2022\\\/02\\\/case-1.png\",\"contentUrl\":\"https:\\\/\\\/veho-lifestyle.ca\\\/wp-content\\\/uploads\\\/2022\\\/02\\\/case-1.png\",\"width\":620,\"height\":620},{\"@type\":\"BreadcrumbList\",\"@id\":\"https:\\\/\\\/veho-lifestyle.ca\\\/fr\\\/product\\\/etui-de-transport-pour-ecouteurs\\\/#breadcrumb\",\"itemListElement\":[{\"@type\":\"ListItem\",\"position\":1,\"name\":\"Home\",\"item\":\"https:\\\/\\\/veho-lifestyle.ca\\\/fr\\\/\"},{\"@type\":\"ListItem\",\"position\":2,\"name\":\"Magasinez\",\"item\":\"https:\\\/\\\/veho-lifestyle.ca\\\/fr\\\/boutique\\\/\"},{\"@type\":\"ListItem\",\"position\":3,\"name\":\"\u00c9tui de transport pour \u00e9couteurs\"}]},{\"@type\":\"WebSite\",\"@id\":\"https:\\\/\\\/veho-lifestyle.ca\\\/fr\\\/#website\",\"url\":\"https:\\\/\\\/veho-lifestyle.ca\\\/fr\\\/\",\"name\":\"Boutique Veho Lifestyle Canada\",\"description\":\"\u00c9lectronique grand public con\u00e7ue au Royaume-Uni\",\"potentialAction\":[{\"@type\":\"SearchAction\",\"target\":{\"@type\":\"EntryPoint\",\"urlTemplate\":\"https:\\\/\\\/veho-lifestyle.ca\\\/fr\\\/?s={search_term_string}\"},\"query-input\":{\"@type\":\"PropertyValueSpecification\",\"valueRequired\":true,\"valueName\":\"search_term_string\"}}],\"inLanguage\":\"fr-FR\"}]}<\/script>\n<!-- \/ Yoast SEO plugin. -->","yoast_head_json":{"title":"\u00c9tui de transport pour \u00e9couteurs","description":"L\u2019\u00e9tui de transport du casque Veho offre une protection contre les chutes, les \u00e9gratignures et les d\u00e9versements de liquides. Con\u00e7u pour les \u00e9couteurs pliables et les accessoires.","robots":{"index":"index","follow":"follow","max-snippet":"max-snippet:-1","max-image-preview":"max-image-preview:large","max-video-preview":"max-video-preview:-1"},"canonical":"https:\/\/veho-lifestyle.ca\/fr\/product\/etui-de-transport-pour-ecouteurs\/","og_locale":"fr_FR","og_type":"article","og_title":"\u00c9tui de transport pour \u00e9couteurs","og_description":"L\u2019\u00e9tui de transport du casque Veho offre une protection contre les chutes, les \u00e9gratignures et les d\u00e9versements de liquides. Con\u00e7u pour les \u00e9couteurs pliables et les accessoires.","og_url":"https:\/\/veho-lifestyle.ca\/fr\/product\/etui-de-transport-pour-ecouteurs\/","og_site_name":"Boutique Veho Lifestyle Canada","article_modified_time":"2025-01-28T16:30:22+00:00","og_image":[{"width":620,"height":620,"url":"https:\/\/veho-lifestyle.ca\/wp-content\/uploads\/2022\/02\/case-1.png","type":"image\/png"}],"twitter_card":"summary_large_image","schema":{"@context":"https:\/\/schema.org","@graph":[{"@type":"WebPage","@id":"https:\/\/veho-lifestyle.ca\/fr\/product\/etui-de-transport-pour-ecouteurs\/","url":"https:\/\/veho-lifestyle.ca\/fr\/product\/etui-de-transport-pour-ecouteurs\/","name":"\u00c9tui de transport pour \u00e9couteurs","isPartOf":{"@id":"https:\/\/veho-lifestyle.ca\/fr\/#website"},"primaryImageOfPage":{"@id":"https:\/\/veho-lifestyle.ca\/fr\/product\/etui-de-transport-pour-ecouteurs\/#primaryimage"},"image":{"@id":"https:\/\/veho-lifestyle.ca\/fr\/product\/etui-de-transport-pour-ecouteurs\/#primaryimage"},"thumbnailUrl":"https:\/\/veho-lifestyle.ca\/wp-content\/uploads\/2022\/02\/case-1.png","datePublished":"2022-02-07T15:38:54+00:00","dateModified":"2025-01-28T16:30:22+00:00","description":"L\u2019\u00e9tui de transport du casque Veho offre une protection contre les chutes, les \u00e9gratignures et les d\u00e9versements de liquides. Con\u00e7u pour les \u00e9couteurs pliables et les accessoires.","breadcrumb":{"@id":"https:\/\/veho-lifestyle.ca\/fr\/product\/etui-de-transport-pour-ecouteurs\/#breadcrumb"},"inLanguage":"fr-FR","potentialAction":[{"@type":"ReadAction","target":["https:\/\/veho-lifestyle.ca\/fr\/product\/etui-de-transport-pour-ecouteurs\/"]}]},{"@type":"ImageObject","inLanguage":"fr-FR","@id":"https:\/\/veho-lifestyle.ca\/fr\/product\/etui-de-transport-pour-ecouteurs\/#primaryimage","url":"https:\/\/veho-lifestyle.ca\/wp-content\/uploads\/2022\/02\/case-1.png","contentUrl":"https:\/\/veho-lifestyle.ca\/wp-content\/uploads\/2022\/02\/case-1.png","width":620,"height":620},{"@type":"BreadcrumbList","@id":"https:\/\/veho-lifestyle.ca\/fr\/product\/etui-de-transport-pour-ecouteurs\/#breadcrumb","itemListElement":[{"@type":"ListItem","position":1,"name":"Home","item":"https:\/\/veho-lifestyle.ca\/fr\/"},{"@type":"ListItem","position":2,"name":"Magasinez","item":"https:\/\/veho-lifestyle.ca\/fr\/boutique\/"},{"@type":"ListItem","position":3,"name":"\u00c9tui de transport pour \u00e9couteurs"}]},{"@type":"WebSite","@id":"https:\/\/veho-lifestyle.ca\/fr\/#website","url":"https:\/\/veho-lifestyle.ca\/fr\/","name":"Boutique Veho Lifestyle Canada","description":"\u00c9lectronique grand public con\u00e7ue au Royaume-Uni","potentialAction":[{"@type":"SearchAction","target":{"@type":"EntryPoint","urlTemplate":"https:\/\/veho-lifestyle.ca\/fr\/?s={search_term_string}"},"query-input":{"@type":"PropertyValueSpecification","valueRequired":true,"valueName":"search_term_string"}}],"inLanguage":"fr-FR"}]}},"jetpack_sharing_enabled":true,"_links":{"self":[{"href":"https:\/\/veho-lifestyle.ca\/fr\/wp-json\/wp\/v2\/product\/4258","targetHints":{"allow":["GET"]}}],"collection":[{"href":"https:\/\/veho-lifestyle.ca\/fr\/wp-json\/wp\/v2\/product"}],"about":[{"href":"https:\/\/veho-lifestyle.ca\/fr\/wp-json\/wp\/v2\/types\/product"}],"replies":[{"embeddable":true,"href":"https:\/\/veho-lifestyle.ca\/fr\/wp-json\/wp\/v2\/comments?post=4258"}],"wp:featuredmedia":[{"embeddable":true,"href":"https:\/\/veho-lifestyle.ca\/fr\/wp-json\/wp\/v2\/media\/3061"}],"wp:attachment":[{"href":"https:\/\/veho-lifestyle.ca\/fr\/wp-json\/wp\/v2\/media?parent=4258"}],"wp:term":[{"taxonomy":"product_brand","embeddable":true,"href":"https:\/\/veho-lifestyle.ca\/fr\/wp-json\/wp\/v2\/product_brand?post=4258"},{"taxonomy":"product_cat","embeddable":true,"href":"https:\/\/veho-lifestyle.ca\/fr\/wp-json\/wp\/v2\/product_cat?post=4258"},{"taxonomy":"product_tag","embeddable":true,"href":"https:\/\/veho-lifestyle.ca\/fr\/wp-json\/wp\/v2\/product_tag?post=4258"}],"curies":[{"name":"wp","href":"https:\/\/api.w.org\/{rel}","templated":true}]}}