{"id":4255,"date":"2022-02-07T10:38:07","date_gmt":"2022-02-07T15:38:07","guid":{"rendered":"https:\/\/veho-lifestyle.ca\/product\/stix-ii-ecouteurs-sans-fil-aqua\/"},"modified":"2025-01-24T07:28:59","modified_gmt":"2025-01-24T12:28:59","slug":"stix-ii-ecouteurs-sans-fil-aqua","status":"publish","type":"product","link":"https:\/\/veho-lifestyle.ca\/fr\/product\/stix-ii-ecouteurs-sans-fil-aqua\/","title":{"rendered":"STIX II \u00c9couteurs sans fil &#8211; Aqua"},"content":{"rendered":"<div class=\"wp-content wp-content--product\"><p>Les \u00e9couteurs STIX II True Wireless sont dot\u00e9s d\u2019une faible consommation d\u2019\u00e9nergie Bluetooth 5.1 permettant une lecture plus longue. Jusqu\u2019\u00e0 5 heures de temps de jeu \u00e0 partir d\u2019une seule charge, avec des charges suppl\u00e9mentaires, en utilisant le \u00e9tui de transport. STIX II dispose de microphones ENC (Electronic Noise Cancelling) Quad Pro pour une qualit\u00e9 audio sup\u00e9rieure, id\u00e9al pour les appels vocaux sur Internet. Un temps de charge ultra-rapide de 45 minutes, une touche intelligente int\u00e9gr\u00e9e aux commandes et un bo\u00eetier r\u00e9sistant \u00e0 l\u2019eau am\u00e9liorent tous votre exp\u00e9rience audio.   <\/p>\n<\/div>","protected":false},"excerpt":{"rendered":"<ul>\n<li>\u00c9couteurs STIX II \u00ab&nbsp;True wireless&nbsp;\u00bb Bluetooth v5.1<\/li>\n<li>Deux microphones dans chaque \u00e9couteur<\/li>\n<li>Jusqu\u2019\u00e0 5 heures de temps de jeu<\/li>\n<\/ul>\n","protected":false},"featured_media":2994,"comment_status":"closed","ping_status":"closed","template":"","meta":{"inline_featured_image":false},"product_brand":[],"product_cat":[154],"product_tag":[160,159,161],"class_list":{"0":"post-4255","1":"product","2":"type-product","3":"status-publish","4":"has-post-thumbnail","6":"product_cat-in-ear-wireless-fr","7":"product_tag-bluetooth-en","8":"product_tag-resistant-a-leau","9":"product_tag-telecommande-microphone-integre","11":"first","12":"instock","13":"shipping-taxable","14":"purchasable","15":"product-type-simple"},"acf":[],"yoast_head":"<!-- This site is optimized with the Yoast SEO plugin v27.5 - https:\/\/yoast.com\/product\/yoast-seo-wordpress\/ -->\n<title>STIX II \u00c9couteurs sans fil - Aqua<\/title>\n<meta name=\"description\" content=\"Les \u00e9couteurs STIX II True Wireless sont dot\u00e9s d\u2019une faible consommation d\u2019\u00e9nergie Bluetooth 5.1. Jusqu\u2019\u00e0 5 heures de temps de jeu \u00e0 partir d\u2019une seule charge.\" \/>\n<meta name=\"robots\" content=\"index, follow, max-snippet:-1, max-image-preview:large, max-video-preview:-1\" \/>\n<link rel=\"canonical\" href=\"https:\/\/veho-lifestyle.ca\/fr\/product\/stix-ii-ecouteurs-sans-fil-aqua\/\" \/>\n<meta property=\"og:locale\" content=\"fr_FR\" \/>\n<meta property=\"og:type\" content=\"article\" \/>\n<meta property=\"og:title\" content=\"STIX II \u00c9couteurs sans fil - Aqua\" \/>\n<meta property=\"og:description\" content=\"Les \u00e9couteurs STIX II True Wireless sont dot\u00e9s d\u2019une faible consommation d\u2019\u00e9nergie Bluetooth 5.1. Jusqu\u2019\u00e0 5 heures de temps de jeu \u00e0 partir d\u2019une seule charge.\" \/>\n<meta property=\"og:url\" content=\"https:\/\/veho-lifestyle.ca\/fr\/product\/stix-ii-ecouteurs-sans-fil-aqua\/\" \/>\n<meta property=\"og:site_name\" content=\"Boutique Veho Lifestyle Canada\" \/>\n<meta property=\"article:modified_time\" content=\"2025-01-24T12:28:59+00:00\" \/>\n<meta property=\"og:image\" content=\"https:\/\/veho-lifestyle.ca\/wp-content\/uploads\/2022\/02\/stix2_aqua_hero.png\" \/>\n\t<meta property=\"og:image:width\" content=\"620\" \/>\n\t<meta property=\"og:image:height\" content=\"620\" \/>\n\t<meta property=\"og:image:type\" content=\"image\/png\" \/>\n<meta name=\"twitter:card\" content=\"summary_large_image\" \/>\n<script type=\"application\/ld+json\" class=\"yoast-schema-graph\">{\"@context\":\"https:\\\/\\\/schema.org\",\"@graph\":[{\"@type\":\"WebPage\",\"@id\":\"https:\\\/\\\/veho-lifestyle.ca\\\/fr\\\/product\\\/stix-ii-ecouteurs-sans-fil-aqua\\\/\",\"url\":\"https:\\\/\\\/veho-lifestyle.ca\\\/fr\\\/product\\\/stix-ii-ecouteurs-sans-fil-aqua\\\/\",\"name\":\"STIX II \u00c9couteurs sans fil - Aqua\",\"isPartOf\":{\"@id\":\"https:\\\/\\\/veho-lifestyle.ca\\\/fr\\\/#website\"},\"primaryImageOfPage\":{\"@id\":\"https:\\\/\\\/veho-lifestyle.ca\\\/fr\\\/product\\\/stix-ii-ecouteurs-sans-fil-aqua\\\/#primaryimage\"},\"image\":{\"@id\":\"https:\\\/\\\/veho-lifestyle.ca\\\/fr\\\/product\\\/stix-ii-ecouteurs-sans-fil-aqua\\\/#primaryimage\"},\"thumbnailUrl\":\"https:\\\/\\\/veho-lifestyle.ca\\\/wp-content\\\/uploads\\\/2022\\\/02\\\/stix2_aqua_hero.png\",\"datePublished\":\"2022-02-07T15:38:07+00:00\",\"dateModified\":\"2025-01-24T12:28:59+00:00\",\"description\":\"Les \u00e9couteurs STIX II True Wireless sont dot\u00e9s d\u2019une faible consommation d\u2019\u00e9nergie Bluetooth 5.1. Jusqu\u2019\u00e0 5 heures de temps de jeu \u00e0 partir d\u2019une seule charge.\",\"breadcrumb\":{\"@id\":\"https:\\\/\\\/veho-lifestyle.ca\\\/fr\\\/product\\\/stix-ii-ecouteurs-sans-fil-aqua\\\/#breadcrumb\"},\"inLanguage\":\"fr-FR\",\"potentialAction\":[{\"@type\":\"ReadAction\",\"target\":[\"https:\\\/\\\/veho-lifestyle.ca\\\/fr\\\/product\\\/stix-ii-ecouteurs-sans-fil-aqua\\\/\"]}]},{\"@type\":\"ImageObject\",\"inLanguage\":\"fr-FR\",\"@id\":\"https:\\\/\\\/veho-lifestyle.ca\\\/fr\\\/product\\\/stix-ii-ecouteurs-sans-fil-aqua\\\/#primaryimage\",\"url\":\"https:\\\/\\\/veho-lifestyle.ca\\\/wp-content\\\/uploads\\\/2022\\\/02\\\/stix2_aqua_hero.png\",\"contentUrl\":\"https:\\\/\\\/veho-lifestyle.ca\\\/wp-content\\\/uploads\\\/2022\\\/02\\\/stix2_aqua_hero.png\",\"width\":620,\"height\":620},{\"@type\":\"BreadcrumbList\",\"@id\":\"https:\\\/\\\/veho-lifestyle.ca\\\/fr\\\/product\\\/stix-ii-ecouteurs-sans-fil-aqua\\\/#breadcrumb\",\"itemListElement\":[{\"@type\":\"ListItem\",\"position\":1,\"name\":\"Home\",\"item\":\"https:\\\/\\\/veho-lifestyle.ca\\\/fr\\\/\"},{\"@type\":\"ListItem\",\"position\":2,\"name\":\"Magasinez\",\"item\":\"https:\\\/\\\/veho-lifestyle.ca\\\/fr\\\/boutique\\\/\"},{\"@type\":\"ListItem\",\"position\":3,\"name\":\"STIX II \u00c9couteurs sans fil &#8211; Aqua\"}]},{\"@type\":\"WebSite\",\"@id\":\"https:\\\/\\\/veho-lifestyle.ca\\\/fr\\\/#website\",\"url\":\"https:\\\/\\\/veho-lifestyle.ca\\\/fr\\\/\",\"name\":\"Boutique Veho Lifestyle Canada\",\"description\":\"\u00c9lectronique grand public con\u00e7ue au Royaume-Uni\",\"potentialAction\":[{\"@type\":\"SearchAction\",\"target\":{\"@type\":\"EntryPoint\",\"urlTemplate\":\"https:\\\/\\\/veho-lifestyle.ca\\\/fr\\\/?s={search_term_string}\"},\"query-input\":{\"@type\":\"PropertyValueSpecification\",\"valueRequired\":true,\"valueName\":\"search_term_string\"}}],\"inLanguage\":\"fr-FR\"}]}<\/script>\n<!-- \/ Yoast SEO plugin. -->","yoast_head_json":{"title":"STIX II \u00c9couteurs sans fil - Aqua","description":"Les \u00e9couteurs STIX II True Wireless sont dot\u00e9s d\u2019une faible consommation d\u2019\u00e9nergie Bluetooth 5.1. Jusqu\u2019\u00e0 5 heures de temps de jeu \u00e0 partir d\u2019une seule charge.","robots":{"index":"index","follow":"follow","max-snippet":"max-snippet:-1","max-image-preview":"max-image-preview:large","max-video-preview":"max-video-preview:-1"},"canonical":"https:\/\/veho-lifestyle.ca\/fr\/product\/stix-ii-ecouteurs-sans-fil-aqua\/","og_locale":"fr_FR","og_type":"article","og_title":"STIX II \u00c9couteurs sans fil - Aqua","og_description":"Les \u00e9couteurs STIX II True Wireless sont dot\u00e9s d\u2019une faible consommation d\u2019\u00e9nergie Bluetooth 5.1. Jusqu\u2019\u00e0 5 heures de temps de jeu \u00e0 partir d\u2019une seule charge.","og_url":"https:\/\/veho-lifestyle.ca\/fr\/product\/stix-ii-ecouteurs-sans-fil-aqua\/","og_site_name":"Boutique Veho Lifestyle Canada","article_modified_time":"2025-01-24T12:28:59+00:00","og_image":[{"width":620,"height":620,"url":"https:\/\/veho-lifestyle.ca\/wp-content\/uploads\/2022\/02\/stix2_aqua_hero.png","type":"image\/png"}],"twitter_card":"summary_large_image","schema":{"@context":"https:\/\/schema.org","@graph":[{"@type":"WebPage","@id":"https:\/\/veho-lifestyle.ca\/fr\/product\/stix-ii-ecouteurs-sans-fil-aqua\/","url":"https:\/\/veho-lifestyle.ca\/fr\/product\/stix-ii-ecouteurs-sans-fil-aqua\/","name":"STIX II \u00c9couteurs sans fil - Aqua","isPartOf":{"@id":"https:\/\/veho-lifestyle.ca\/fr\/#website"},"primaryImageOfPage":{"@id":"https:\/\/veho-lifestyle.ca\/fr\/product\/stix-ii-ecouteurs-sans-fil-aqua\/#primaryimage"},"image":{"@id":"https:\/\/veho-lifestyle.ca\/fr\/product\/stix-ii-ecouteurs-sans-fil-aqua\/#primaryimage"},"thumbnailUrl":"https:\/\/veho-lifestyle.ca\/wp-content\/uploads\/2022\/02\/stix2_aqua_hero.png","datePublished":"2022-02-07T15:38:07+00:00","dateModified":"2025-01-24T12:28:59+00:00","description":"Les \u00e9couteurs STIX II True Wireless sont dot\u00e9s d\u2019une faible consommation d\u2019\u00e9nergie Bluetooth 5.1. Jusqu\u2019\u00e0 5 heures de temps de jeu \u00e0 partir d\u2019une seule charge.","breadcrumb":{"@id":"https:\/\/veho-lifestyle.ca\/fr\/product\/stix-ii-ecouteurs-sans-fil-aqua\/#breadcrumb"},"inLanguage":"fr-FR","potentialAction":[{"@type":"ReadAction","target":["https:\/\/veho-lifestyle.ca\/fr\/product\/stix-ii-ecouteurs-sans-fil-aqua\/"]}]},{"@type":"ImageObject","inLanguage":"fr-FR","@id":"https:\/\/veho-lifestyle.ca\/fr\/product\/stix-ii-ecouteurs-sans-fil-aqua\/#primaryimage","url":"https:\/\/veho-lifestyle.ca\/wp-content\/uploads\/2022\/02\/stix2_aqua_hero.png","contentUrl":"https:\/\/veho-lifestyle.ca\/wp-content\/uploads\/2022\/02\/stix2_aqua_hero.png","width":620,"height":620},{"@type":"BreadcrumbList","@id":"https:\/\/veho-lifestyle.ca\/fr\/product\/stix-ii-ecouteurs-sans-fil-aqua\/#breadcrumb","itemListElement":[{"@type":"ListItem","position":1,"name":"Home","item":"https:\/\/veho-lifestyle.ca\/fr\/"},{"@type":"ListItem","position":2,"name":"Magasinez","item":"https:\/\/veho-lifestyle.ca\/fr\/boutique\/"},{"@type":"ListItem","position":3,"name":"STIX II \u00c9couteurs sans fil &#8211; Aqua"}]},{"@type":"WebSite","@id":"https:\/\/veho-lifestyle.ca\/fr\/#website","url":"https:\/\/veho-lifestyle.ca\/fr\/","name":"Boutique Veho Lifestyle Canada","description":"\u00c9lectronique grand public con\u00e7ue au Royaume-Uni","potentialAction":[{"@type":"SearchAction","target":{"@type":"EntryPoint","urlTemplate":"https:\/\/veho-lifestyle.ca\/fr\/?s={search_term_string}"},"query-input":{"@type":"PropertyValueSpecification","valueRequired":true,"valueName":"search_term_string"}}],"inLanguage":"fr-FR"}]}},"jetpack_sharing_enabled":true,"_links":{"self":[{"href":"https:\/\/veho-lifestyle.ca\/fr\/wp-json\/wp\/v2\/product\/4255","targetHints":{"allow":["GET"]}}],"collection":[{"href":"https:\/\/veho-lifestyle.ca\/fr\/wp-json\/wp\/v2\/product"}],"about":[{"href":"https:\/\/veho-lifestyle.ca\/fr\/wp-json\/wp\/v2\/types\/product"}],"replies":[{"embeddable":true,"href":"https:\/\/veho-lifestyle.ca\/fr\/wp-json\/wp\/v2\/comments?post=4255"}],"wp:featuredmedia":[{"embeddable":true,"href":"https:\/\/veho-lifestyle.ca\/fr\/wp-json\/wp\/v2\/media\/2994"}],"wp:attachment":[{"href":"https:\/\/veho-lifestyle.ca\/fr\/wp-json\/wp\/v2\/media?parent=4255"}],"wp:term":[{"taxonomy":"product_brand","embeddable":true,"href":"https:\/\/veho-lifestyle.ca\/fr\/wp-json\/wp\/v2\/product_brand?post=4255"},{"taxonomy":"product_cat","embeddable":true,"href":"https:\/\/veho-lifestyle.ca\/fr\/wp-json\/wp\/v2\/product_cat?post=4255"},{"taxonomy":"product_tag","embeddable":true,"href":"https:\/\/veho-lifestyle.ca\/fr\/wp-json\/wp\/v2\/product_tag?post=4255"}],"curies":[{"name":"wp","href":"https:\/\/api.w.org\/{rel}","templated":true}]}}