{"id":4253,"date":"2022-02-07T10:38:07","date_gmt":"2022-02-07T15:38:07","guid":{"rendered":"https:\/\/veho-lifestyle.ca\/product\/stix-ecouteurs-sans-fil-blanc\/"},"modified":"2025-01-24T07:28:57","modified_gmt":"2025-01-24T12:28:57","slug":"stix-ecouteurs-sans-fil-blanc","status":"publish","type":"product","link":"https:\/\/veho-lifestyle.ca\/fr\/product\/stix-ecouteurs-sans-fil-blanc\/","title":{"rendered":"STIX \u00c9couteurs sans fil &#8211; Blanc"},"content":{"rendered":"<div class=\"wp-content wp-content--product\"><p>\u00c9couteurs STIX \u00ab True wireless \u00bb avec un bo\u00eetier d\u2019accueil rechargeable qui permet \u00e0 plusieurs charges de prolonger le temps de jeu de votre STIX. Utilisez le Smart Touch int\u00e9gr\u00e9 pour contr\u00f4ler votre musique et vos appels dot\u00e9s de deux microphones. Les \u00e9couteurs STIX ont un corps r\u00e9sistant \u00e0 l\u2019eau, ce qui les rend id\u00e9aux pour les sports et les activit\u00e9s de plein air.  <\/p>\n<\/div>","protected":false},"excerpt":{"rendered":"<ul>\n<li>\u00c9couteurs \u00ab&nbsp;True wireless&nbsp;\u00bb Bluetooth v5.0<\/li>\n<li>Le bo\u00eetier d\u2019amarrage rechargeable permet plusieurs charges<\/li>\n<li>Commandes Smart Touch<\/li>\n<\/ul>\n","protected":false},"featured_media":3004,"comment_status":"closed","ping_status":"closed","template":"","meta":{"inline_featured_image":false},"product_brand":[],"product_cat":[154],"product_tag":[160,159,161],"class_list":{"0":"post-4253","1":"product","2":"type-product","3":"status-publish","4":"has-post-thumbnail","6":"product_cat-in-ear-wireless-fr","7":"product_tag-bluetooth-en","8":"product_tag-resistant-a-leau","9":"product_tag-telecommande-microphone-integre","11":"first","12":"instock","13":"sale","14":"shipping-taxable","15":"purchasable","16":"product-type-simple"},"acf":[],"yoast_head":"<!-- This site is optimized with the Yoast SEO plugin v27.5 - https:\/\/yoast.com\/product\/yoast-seo-wordpress\/ -->\n<title>STIX \u00c9couteurs sans fil - Blanc - Boutique Veho Lifestyle Canada<\/title>\n<meta name=\"description\" content=\"\u00c9couteurs STIX \u00ab\u00a0True wireless\u00a0\u00bb avec un bo\u00eetier d\u2019accueil rechargeable qui permet \u00e0 plusieurs charges de prolonger le temps de lecture de votre STIX. Utilisez le Smart Touch int\u00e9gr\u00e9 pour contr\u00f4ler votre musique et vos appels dot\u00e9s de deux microphones. Les \u00e9couteurs STIX ont un corps r\u00e9sistant \u00e0 l\u2019eau, ce qui les rend id\u00e9aux pour les sports et les activit\u00e9s de plein air.\" \/>\n<meta name=\"robots\" content=\"index, follow, max-snippet:-1, max-image-preview:large, max-video-preview:-1\" \/>\n<link rel=\"canonical\" href=\"https:\/\/veho-lifestyle.ca\/fr\/product\/stix-ecouteurs-sans-fil-blanc\/\" \/>\n<meta property=\"og:locale\" content=\"fr_FR\" \/>\n<meta property=\"og:type\" content=\"article\" \/>\n<meta property=\"og:title\" content=\"STIX \u00c9couteurs sans fil - Blanc - Boutique Veho Lifestyle Canada\" \/>\n<meta property=\"og:description\" content=\"\u00c9couteurs STIX \u00ab\u00a0True wireless\u00a0\u00bb avec un bo\u00eetier d\u2019accueil rechargeable qui permet \u00e0 plusieurs charges de prolonger le temps de lecture de votre STIX. Utilisez le Smart Touch int\u00e9gr\u00e9 pour contr\u00f4ler votre musique et vos appels dot\u00e9s de deux microphones. Les \u00e9couteurs STIX ont un corps r\u00e9sistant \u00e0 l\u2019eau, ce qui les rend id\u00e9aux pour les sports et les activit\u00e9s de plein air.\" \/>\n<meta property=\"og:url\" content=\"https:\/\/veho-lifestyle.ca\/fr\/product\/stix-ecouteurs-sans-fil-blanc\/\" \/>\n<meta property=\"og:site_name\" content=\"Boutique Veho Lifestyle Canada\" \/>\n<meta property=\"article:modified_time\" content=\"2025-01-24T12:28:57+00:00\" \/>\n<meta property=\"og:image\" content=\"https:\/\/veho-lifestyle.ca\/wp-content\/uploads\/2022\/02\/STIX_white_1.png\" \/>\n\t<meta property=\"og:image:width\" content=\"620\" \/>\n\t<meta property=\"og:image:height\" content=\"620\" \/>\n\t<meta property=\"og:image:type\" content=\"image\/png\" \/>\n<meta name=\"twitter:card\" content=\"summary_large_image\" \/>\n<script type=\"application\/ld+json\" class=\"yoast-schema-graph\">{\"@context\":\"https:\\\/\\\/schema.org\",\"@graph\":[{\"@type\":\"WebPage\",\"@id\":\"https:\\\/\\\/veho-lifestyle.ca\\\/fr\\\/product\\\/stix-ecouteurs-sans-fil-blanc\\\/\",\"url\":\"https:\\\/\\\/veho-lifestyle.ca\\\/fr\\\/product\\\/stix-ecouteurs-sans-fil-blanc\\\/\",\"name\":\"STIX \u00c9couteurs sans fil - Blanc - Boutique Veho Lifestyle Canada\",\"isPartOf\":{\"@id\":\"https:\\\/\\\/veho-lifestyle.ca\\\/fr\\\/#website\"},\"primaryImageOfPage\":{\"@id\":\"https:\\\/\\\/veho-lifestyle.ca\\\/fr\\\/product\\\/stix-ecouteurs-sans-fil-blanc\\\/#primaryimage\"},\"image\":{\"@id\":\"https:\\\/\\\/veho-lifestyle.ca\\\/fr\\\/product\\\/stix-ecouteurs-sans-fil-blanc\\\/#primaryimage\"},\"thumbnailUrl\":\"https:\\\/\\\/veho-lifestyle.ca\\\/wp-content\\\/uploads\\\/2022\\\/02\\\/STIX_white_1.png\",\"datePublished\":\"2022-02-07T15:38:07+00:00\",\"dateModified\":\"2025-01-24T12:28:57+00:00\",\"description\":\"\u00c9couteurs STIX \u00ab\u00a0True wireless\u00a0\u00bb avec un bo\u00eetier d\u2019accueil rechargeable qui permet \u00e0 plusieurs charges de prolonger le temps de lecture de votre STIX. Utilisez le Smart Touch int\u00e9gr\u00e9 pour contr\u00f4ler votre musique et vos appels dot\u00e9s de deux microphones. Les \u00e9couteurs STIX ont un corps r\u00e9sistant \u00e0 l\u2019eau, ce qui les rend id\u00e9aux pour les sports et les activit\u00e9s de plein air.\",\"breadcrumb\":{\"@id\":\"https:\\\/\\\/veho-lifestyle.ca\\\/fr\\\/product\\\/stix-ecouteurs-sans-fil-blanc\\\/#breadcrumb\"},\"inLanguage\":\"fr-FR\",\"potentialAction\":[{\"@type\":\"ReadAction\",\"target\":[\"https:\\\/\\\/veho-lifestyle.ca\\\/fr\\\/product\\\/stix-ecouteurs-sans-fil-blanc\\\/\"]}]},{\"@type\":\"ImageObject\",\"inLanguage\":\"fr-FR\",\"@id\":\"https:\\\/\\\/veho-lifestyle.ca\\\/fr\\\/product\\\/stix-ecouteurs-sans-fil-blanc\\\/#primaryimage\",\"url\":\"https:\\\/\\\/veho-lifestyle.ca\\\/wp-content\\\/uploads\\\/2022\\\/02\\\/STIX_white_1.png\",\"contentUrl\":\"https:\\\/\\\/veho-lifestyle.ca\\\/wp-content\\\/uploads\\\/2022\\\/02\\\/STIX_white_1.png\",\"width\":620,\"height\":620},{\"@type\":\"BreadcrumbList\",\"@id\":\"https:\\\/\\\/veho-lifestyle.ca\\\/fr\\\/product\\\/stix-ecouteurs-sans-fil-blanc\\\/#breadcrumb\",\"itemListElement\":[{\"@type\":\"ListItem\",\"position\":1,\"name\":\"Home\",\"item\":\"https:\\\/\\\/veho-lifestyle.ca\\\/fr\\\/\"},{\"@type\":\"ListItem\",\"position\":2,\"name\":\"Magasinez\",\"item\":\"https:\\\/\\\/veho-lifestyle.ca\\\/fr\\\/boutique\\\/\"},{\"@type\":\"ListItem\",\"position\":3,\"name\":\"STIX \u00c9couteurs sans fil &#8211; Blanc\"}]},{\"@type\":\"WebSite\",\"@id\":\"https:\\\/\\\/veho-lifestyle.ca\\\/fr\\\/#website\",\"url\":\"https:\\\/\\\/veho-lifestyle.ca\\\/fr\\\/\",\"name\":\"Boutique Veho Lifestyle Canada\",\"description\":\"\u00c9lectronique grand public con\u00e7ue au Royaume-Uni\",\"potentialAction\":[{\"@type\":\"SearchAction\",\"target\":{\"@type\":\"EntryPoint\",\"urlTemplate\":\"https:\\\/\\\/veho-lifestyle.ca\\\/fr\\\/?s={search_term_string}\"},\"query-input\":{\"@type\":\"PropertyValueSpecification\",\"valueRequired\":true,\"valueName\":\"search_term_string\"}}],\"inLanguage\":\"fr-FR\"}]}<\/script>\n<!-- \/ Yoast SEO plugin. -->","yoast_head_json":{"title":"STIX \u00c9couteurs sans fil - Blanc - Boutique Veho Lifestyle Canada","description":"\u00c9couteurs STIX \u00ab\u00a0True wireless\u00a0\u00bb avec un bo\u00eetier d\u2019accueil rechargeable qui permet \u00e0 plusieurs charges de prolonger le temps de lecture de votre STIX. Utilisez le Smart Touch int\u00e9gr\u00e9 pour contr\u00f4ler votre musique et vos appels dot\u00e9s de deux microphones. Les \u00e9couteurs STIX ont un corps r\u00e9sistant \u00e0 l\u2019eau, ce qui les rend id\u00e9aux pour les sports et les activit\u00e9s de plein air.","robots":{"index":"index","follow":"follow","max-snippet":"max-snippet:-1","max-image-preview":"max-image-preview:large","max-video-preview":"max-video-preview:-1"},"canonical":"https:\/\/veho-lifestyle.ca\/fr\/product\/stix-ecouteurs-sans-fil-blanc\/","og_locale":"fr_FR","og_type":"article","og_title":"STIX \u00c9couteurs sans fil - Blanc - Boutique Veho Lifestyle Canada","og_description":"\u00c9couteurs STIX \u00ab\u00a0True wireless\u00a0\u00bb avec un bo\u00eetier d\u2019accueil rechargeable qui permet \u00e0 plusieurs charges de prolonger le temps de lecture de votre STIX. Utilisez le Smart Touch int\u00e9gr\u00e9 pour contr\u00f4ler votre musique et vos appels dot\u00e9s de deux microphones. Les \u00e9couteurs STIX ont un corps r\u00e9sistant \u00e0 l\u2019eau, ce qui les rend id\u00e9aux pour les sports et les activit\u00e9s de plein air.","og_url":"https:\/\/veho-lifestyle.ca\/fr\/product\/stix-ecouteurs-sans-fil-blanc\/","og_site_name":"Boutique Veho Lifestyle Canada","article_modified_time":"2025-01-24T12:28:57+00:00","og_image":[{"width":620,"height":620,"url":"https:\/\/veho-lifestyle.ca\/wp-content\/uploads\/2022\/02\/STIX_white_1.png","type":"image\/png"}],"twitter_card":"summary_large_image","schema":{"@context":"https:\/\/schema.org","@graph":[{"@type":"WebPage","@id":"https:\/\/veho-lifestyle.ca\/fr\/product\/stix-ecouteurs-sans-fil-blanc\/","url":"https:\/\/veho-lifestyle.ca\/fr\/product\/stix-ecouteurs-sans-fil-blanc\/","name":"STIX \u00c9couteurs sans fil - Blanc - Boutique Veho Lifestyle Canada","isPartOf":{"@id":"https:\/\/veho-lifestyle.ca\/fr\/#website"},"primaryImageOfPage":{"@id":"https:\/\/veho-lifestyle.ca\/fr\/product\/stix-ecouteurs-sans-fil-blanc\/#primaryimage"},"image":{"@id":"https:\/\/veho-lifestyle.ca\/fr\/product\/stix-ecouteurs-sans-fil-blanc\/#primaryimage"},"thumbnailUrl":"https:\/\/veho-lifestyle.ca\/wp-content\/uploads\/2022\/02\/STIX_white_1.png","datePublished":"2022-02-07T15:38:07+00:00","dateModified":"2025-01-24T12:28:57+00:00","description":"\u00c9couteurs STIX \u00ab\u00a0True wireless\u00a0\u00bb avec un bo\u00eetier d\u2019accueil rechargeable qui permet \u00e0 plusieurs charges de prolonger le temps de lecture de votre STIX. Utilisez le Smart Touch int\u00e9gr\u00e9 pour contr\u00f4ler votre musique et vos appels dot\u00e9s de deux microphones. Les \u00e9couteurs STIX ont un corps r\u00e9sistant \u00e0 l\u2019eau, ce qui les rend id\u00e9aux pour les sports et les activit\u00e9s de plein air.","breadcrumb":{"@id":"https:\/\/veho-lifestyle.ca\/fr\/product\/stix-ecouteurs-sans-fil-blanc\/#breadcrumb"},"inLanguage":"fr-FR","potentialAction":[{"@type":"ReadAction","target":["https:\/\/veho-lifestyle.ca\/fr\/product\/stix-ecouteurs-sans-fil-blanc\/"]}]},{"@type":"ImageObject","inLanguage":"fr-FR","@id":"https:\/\/veho-lifestyle.ca\/fr\/product\/stix-ecouteurs-sans-fil-blanc\/#primaryimage","url":"https:\/\/veho-lifestyle.ca\/wp-content\/uploads\/2022\/02\/STIX_white_1.png","contentUrl":"https:\/\/veho-lifestyle.ca\/wp-content\/uploads\/2022\/02\/STIX_white_1.png","width":620,"height":620},{"@type":"BreadcrumbList","@id":"https:\/\/veho-lifestyle.ca\/fr\/product\/stix-ecouteurs-sans-fil-blanc\/#breadcrumb","itemListElement":[{"@type":"ListItem","position":1,"name":"Home","item":"https:\/\/veho-lifestyle.ca\/fr\/"},{"@type":"ListItem","position":2,"name":"Magasinez","item":"https:\/\/veho-lifestyle.ca\/fr\/boutique\/"},{"@type":"ListItem","position":3,"name":"STIX \u00c9couteurs sans fil &#8211; Blanc"}]},{"@type":"WebSite","@id":"https:\/\/veho-lifestyle.ca\/fr\/#website","url":"https:\/\/veho-lifestyle.ca\/fr\/","name":"Boutique Veho Lifestyle Canada","description":"\u00c9lectronique grand public con\u00e7ue au Royaume-Uni","potentialAction":[{"@type":"SearchAction","target":{"@type":"EntryPoint","urlTemplate":"https:\/\/veho-lifestyle.ca\/fr\/?s={search_term_string}"},"query-input":{"@type":"PropertyValueSpecification","valueRequired":true,"valueName":"search_term_string"}}],"inLanguage":"fr-FR"}]}},"jetpack_sharing_enabled":true,"_links":{"self":[{"href":"https:\/\/veho-lifestyle.ca\/fr\/wp-json\/wp\/v2\/product\/4253","targetHints":{"allow":["GET"]}}],"collection":[{"href":"https:\/\/veho-lifestyle.ca\/fr\/wp-json\/wp\/v2\/product"}],"about":[{"href":"https:\/\/veho-lifestyle.ca\/fr\/wp-json\/wp\/v2\/types\/product"}],"replies":[{"embeddable":true,"href":"https:\/\/veho-lifestyle.ca\/fr\/wp-json\/wp\/v2\/comments?post=4253"}],"wp:featuredmedia":[{"embeddable":true,"href":"https:\/\/veho-lifestyle.ca\/fr\/wp-json\/wp\/v2\/media\/3004"}],"wp:attachment":[{"href":"https:\/\/veho-lifestyle.ca\/fr\/wp-json\/wp\/v2\/media?parent=4253"}],"wp:term":[{"taxonomy":"product_brand","embeddable":true,"href":"https:\/\/veho-lifestyle.ca\/fr\/wp-json\/wp\/v2\/product_brand?post=4253"},{"taxonomy":"product_cat","embeddable":true,"href":"https:\/\/veho-lifestyle.ca\/fr\/wp-json\/wp\/v2\/product_cat?post=4253"},{"taxonomy":"product_tag","embeddable":true,"href":"https:\/\/veho-lifestyle.ca\/fr\/wp-json\/wp\/v2\/product_tag?post=4253"}],"curies":[{"name":"wp","href":"https:\/\/api.w.org\/{rel}","templated":true}]}}