{"id":4248,"date":"2022-02-07T10:39:44","date_gmt":"2022-02-07T15:39:44","guid":{"rendered":"https:\/\/veho-lifestyle.ca\/product\/mz-4-m-series-haut-parleur-sans-fil-blanc\/"},"modified":"2025-02-05T11:17:13","modified_gmt":"2025-02-05T16:17:13","slug":"mz-4-m-series-haut-parleur-sans-fil-blanc","status":"publish","type":"product","link":"https:\/\/veho-lifestyle.ca\/fr\/product\/mz-4-m-series-haut-parleur-sans-fil-blanc\/","title":{"rendered":"M-Series MZ-4 Haut-parleur sans fil &#8211; Blanc"},"content":{"rendered":"<div class=\"wp-content wp-content--product\"><p>Le Veho MZ4 est un haut-parleur sans fil compact avec PBE\u2122 (Passive Bass Enhancer) int\u00e9gr\u00e9 qui offre une exp\u00e9rience sonore riche et robuste. Jusqu\u2019\u00e0 26 heures de jeu. <\/p>\n<\/div>","protected":false},"excerpt":{"rendered":"<ul>\n<li>PBE\u2122 int\u00e9gr\u00e9 (Exhausteur de basse passive)<\/li>\n<li>Jumeler avec un autre MZ-4 en utilisant TWS pour le son surround<\/li>\n<li>Lecture continue jusqu\u2019\u00e0 26 heures<\/li>\n<\/ul>\n","protected":false},"featured_media":3954,"comment_status":"closed","ping_status":"closed","template":"","meta":{"inline_featured_image":false},"product_brand":[],"product_cat":[123],"product_tag":[160,165],"class_list":{"0":"post-4248","1":"product","2":"type-product","3":"status-publish","4":"has-post-thumbnail","6":"product_cat-bluetooth-speakers-fr","7":"product_tag-bluetooth-en","8":"product_tag-fonction-dappariement-tws","10":"first","11":"instock","12":"shipping-taxable","13":"purchasable","14":"product-type-simple"},"acf":[],"yoast_head":"<!-- This site is optimized with the Yoast SEO plugin v27.5 - https:\/\/yoast.com\/product\/yoast-seo-wordpress\/ -->\n<title>M-Series MZ-4 Haut-parleur sans fil - Blanc - Boutique Veho Lifestyle Canada<\/title>\n<meta name=\"description\" content=\"Le Veho MZ4 est un haut-parleur sans fil compact avec PBE\u2122 int\u00e9gr\u00e9 qui offre une exp\u00e9rience sonore riche et robuste. Jusqu\u2019\u00e0 26 heures de jeu.\" \/>\n<meta name=\"robots\" content=\"index, follow, max-snippet:-1, max-image-preview:large, max-video-preview:-1\" \/>\n<link rel=\"canonical\" href=\"https:\/\/veho-lifestyle.ca\/fr\/product\/mz-4-m-series-haut-parleur-sans-fil-blanc\/\" \/>\n<meta property=\"og:locale\" content=\"fr_FR\" \/>\n<meta property=\"og:type\" content=\"article\" \/>\n<meta property=\"og:title\" content=\"M-Series MZ-4 Haut-parleur sans fil - Blanc - Boutique Veho Lifestyle Canada\" \/>\n<meta property=\"og:description\" content=\"Le Veho MZ4 est un haut-parleur sans fil compact avec PBE\u2122 int\u00e9gr\u00e9 qui offre une exp\u00e9rience sonore riche et robuste. Jusqu\u2019\u00e0 26 heures de jeu.\" \/>\n<meta property=\"og:url\" content=\"https:\/\/veho-lifestyle.ca\/fr\/product\/mz-4-m-series-haut-parleur-sans-fil-blanc\/\" \/>\n<meta property=\"og:site_name\" content=\"Boutique Veho Lifestyle Canada\" \/>\n<meta property=\"article:modified_time\" content=\"2025-02-05T16:17:13+00:00\" \/>\n<meta property=\"og:image\" content=\"https:\/\/veho-lifestyle.ca\/wp-content\/uploads\/2022\/02\/mz4_white_hero.png\" \/>\n\t<meta property=\"og:image:width\" content=\"620\" \/>\n\t<meta property=\"og:image:height\" content=\"620\" \/>\n\t<meta property=\"og:image:type\" content=\"image\/png\" \/>\n<meta name=\"twitter:card\" content=\"summary_large_image\" \/>\n<script type=\"application\/ld+json\" class=\"yoast-schema-graph\">{\"@context\":\"https:\\\/\\\/schema.org\",\"@graph\":[{\"@type\":\"WebPage\",\"@id\":\"https:\\\/\\\/veho-lifestyle.ca\\\/fr\\\/product\\\/mz-4-m-series-haut-parleur-sans-fil-blanc\\\/\",\"url\":\"https:\\\/\\\/veho-lifestyle.ca\\\/fr\\\/product\\\/mz-4-m-series-haut-parleur-sans-fil-blanc\\\/\",\"name\":\"M-Series MZ-4 Haut-parleur sans fil - Blanc - Boutique Veho Lifestyle Canada\",\"isPartOf\":{\"@id\":\"https:\\\/\\\/veho-lifestyle.ca\\\/fr\\\/#website\"},\"primaryImageOfPage\":{\"@id\":\"https:\\\/\\\/veho-lifestyle.ca\\\/fr\\\/product\\\/mz-4-m-series-haut-parleur-sans-fil-blanc\\\/#primaryimage\"},\"image\":{\"@id\":\"https:\\\/\\\/veho-lifestyle.ca\\\/fr\\\/product\\\/mz-4-m-series-haut-parleur-sans-fil-blanc\\\/#primaryimage\"},\"thumbnailUrl\":\"https:\\\/\\\/veho-lifestyle.ca\\\/wp-content\\\/uploads\\\/2022\\\/02\\\/mz4_white_hero.png\",\"datePublished\":\"2022-02-07T15:39:44+00:00\",\"dateModified\":\"2025-02-05T16:17:13+00:00\",\"description\":\"Le Veho MZ4 est un haut-parleur sans fil compact avec PBE\u2122 int\u00e9gr\u00e9 qui offre une exp\u00e9rience sonore riche et robuste. Jusqu\u2019\u00e0 26 heures de jeu.\",\"breadcrumb\":{\"@id\":\"https:\\\/\\\/veho-lifestyle.ca\\\/fr\\\/product\\\/mz-4-m-series-haut-parleur-sans-fil-blanc\\\/#breadcrumb\"},\"inLanguage\":\"fr-FR\",\"potentialAction\":[{\"@type\":\"ReadAction\",\"target\":[\"https:\\\/\\\/veho-lifestyle.ca\\\/fr\\\/product\\\/mz-4-m-series-haut-parleur-sans-fil-blanc\\\/\"]}]},{\"@type\":\"ImageObject\",\"inLanguage\":\"fr-FR\",\"@id\":\"https:\\\/\\\/veho-lifestyle.ca\\\/fr\\\/product\\\/mz-4-m-series-haut-parleur-sans-fil-blanc\\\/#primaryimage\",\"url\":\"https:\\\/\\\/veho-lifestyle.ca\\\/wp-content\\\/uploads\\\/2022\\\/02\\\/mz4_white_hero.png\",\"contentUrl\":\"https:\\\/\\\/veho-lifestyle.ca\\\/wp-content\\\/uploads\\\/2022\\\/02\\\/mz4_white_hero.png\",\"width\":620,\"height\":620},{\"@type\":\"BreadcrumbList\",\"@id\":\"https:\\\/\\\/veho-lifestyle.ca\\\/fr\\\/product\\\/mz-4-m-series-haut-parleur-sans-fil-blanc\\\/#breadcrumb\",\"itemListElement\":[{\"@type\":\"ListItem\",\"position\":1,\"name\":\"Home\",\"item\":\"https:\\\/\\\/veho-lifestyle.ca\\\/fr\\\/\"},{\"@type\":\"ListItem\",\"position\":2,\"name\":\"Magasinez\",\"item\":\"https:\\\/\\\/veho-lifestyle.ca\\\/fr\\\/boutique\\\/\"},{\"@type\":\"ListItem\",\"position\":3,\"name\":\"M-Series MZ-4 Haut-parleur sans fil &#8211; Blanc\"}]},{\"@type\":\"WebSite\",\"@id\":\"https:\\\/\\\/veho-lifestyle.ca\\\/fr\\\/#website\",\"url\":\"https:\\\/\\\/veho-lifestyle.ca\\\/fr\\\/\",\"name\":\"Boutique Veho Lifestyle Canada\",\"description\":\"\u00c9lectronique grand public con\u00e7ue au Royaume-Uni\",\"potentialAction\":[{\"@type\":\"SearchAction\",\"target\":{\"@type\":\"EntryPoint\",\"urlTemplate\":\"https:\\\/\\\/veho-lifestyle.ca\\\/fr\\\/?s={search_term_string}\"},\"query-input\":{\"@type\":\"PropertyValueSpecification\",\"valueRequired\":true,\"valueName\":\"search_term_string\"}}],\"inLanguage\":\"fr-FR\"}]}<\/script>\n<!-- \/ Yoast SEO plugin. -->","yoast_head_json":{"title":"M-Series MZ-4 Haut-parleur sans fil - Blanc - Boutique Veho Lifestyle Canada","description":"Le Veho MZ4 est un haut-parleur sans fil compact avec PBE\u2122 int\u00e9gr\u00e9 qui offre une exp\u00e9rience sonore riche et robuste. Jusqu\u2019\u00e0 26 heures de jeu.","robots":{"index":"index","follow":"follow","max-snippet":"max-snippet:-1","max-image-preview":"max-image-preview:large","max-video-preview":"max-video-preview:-1"},"canonical":"https:\/\/veho-lifestyle.ca\/fr\/product\/mz-4-m-series-haut-parleur-sans-fil-blanc\/","og_locale":"fr_FR","og_type":"article","og_title":"M-Series MZ-4 Haut-parleur sans fil - Blanc - Boutique Veho Lifestyle Canada","og_description":"Le Veho MZ4 est un haut-parleur sans fil compact avec PBE\u2122 int\u00e9gr\u00e9 qui offre une exp\u00e9rience sonore riche et robuste. Jusqu\u2019\u00e0 26 heures de jeu.","og_url":"https:\/\/veho-lifestyle.ca\/fr\/product\/mz-4-m-series-haut-parleur-sans-fil-blanc\/","og_site_name":"Boutique Veho Lifestyle Canada","article_modified_time":"2025-02-05T16:17:13+00:00","og_image":[{"width":620,"height":620,"url":"https:\/\/veho-lifestyle.ca\/wp-content\/uploads\/2022\/02\/mz4_white_hero.png","type":"image\/png"}],"twitter_card":"summary_large_image","schema":{"@context":"https:\/\/schema.org","@graph":[{"@type":"WebPage","@id":"https:\/\/veho-lifestyle.ca\/fr\/product\/mz-4-m-series-haut-parleur-sans-fil-blanc\/","url":"https:\/\/veho-lifestyle.ca\/fr\/product\/mz-4-m-series-haut-parleur-sans-fil-blanc\/","name":"M-Series MZ-4 Haut-parleur sans fil - Blanc - Boutique Veho Lifestyle Canada","isPartOf":{"@id":"https:\/\/veho-lifestyle.ca\/fr\/#website"},"primaryImageOfPage":{"@id":"https:\/\/veho-lifestyle.ca\/fr\/product\/mz-4-m-series-haut-parleur-sans-fil-blanc\/#primaryimage"},"image":{"@id":"https:\/\/veho-lifestyle.ca\/fr\/product\/mz-4-m-series-haut-parleur-sans-fil-blanc\/#primaryimage"},"thumbnailUrl":"https:\/\/veho-lifestyle.ca\/wp-content\/uploads\/2022\/02\/mz4_white_hero.png","datePublished":"2022-02-07T15:39:44+00:00","dateModified":"2025-02-05T16:17:13+00:00","description":"Le Veho MZ4 est un haut-parleur sans fil compact avec PBE\u2122 int\u00e9gr\u00e9 qui offre une exp\u00e9rience sonore riche et robuste. Jusqu\u2019\u00e0 26 heures de jeu.","breadcrumb":{"@id":"https:\/\/veho-lifestyle.ca\/fr\/product\/mz-4-m-series-haut-parleur-sans-fil-blanc\/#breadcrumb"},"inLanguage":"fr-FR","potentialAction":[{"@type":"ReadAction","target":["https:\/\/veho-lifestyle.ca\/fr\/product\/mz-4-m-series-haut-parleur-sans-fil-blanc\/"]}]},{"@type":"ImageObject","inLanguage":"fr-FR","@id":"https:\/\/veho-lifestyle.ca\/fr\/product\/mz-4-m-series-haut-parleur-sans-fil-blanc\/#primaryimage","url":"https:\/\/veho-lifestyle.ca\/wp-content\/uploads\/2022\/02\/mz4_white_hero.png","contentUrl":"https:\/\/veho-lifestyle.ca\/wp-content\/uploads\/2022\/02\/mz4_white_hero.png","width":620,"height":620},{"@type":"BreadcrumbList","@id":"https:\/\/veho-lifestyle.ca\/fr\/product\/mz-4-m-series-haut-parleur-sans-fil-blanc\/#breadcrumb","itemListElement":[{"@type":"ListItem","position":1,"name":"Home","item":"https:\/\/veho-lifestyle.ca\/fr\/"},{"@type":"ListItem","position":2,"name":"Magasinez","item":"https:\/\/veho-lifestyle.ca\/fr\/boutique\/"},{"@type":"ListItem","position":3,"name":"M-Series MZ-4 Haut-parleur sans fil &#8211; Blanc"}]},{"@type":"WebSite","@id":"https:\/\/veho-lifestyle.ca\/fr\/#website","url":"https:\/\/veho-lifestyle.ca\/fr\/","name":"Boutique Veho Lifestyle Canada","description":"\u00c9lectronique grand public con\u00e7ue au Royaume-Uni","potentialAction":[{"@type":"SearchAction","target":{"@type":"EntryPoint","urlTemplate":"https:\/\/veho-lifestyle.ca\/fr\/?s={search_term_string}"},"query-input":{"@type":"PropertyValueSpecification","valueRequired":true,"valueName":"search_term_string"}}],"inLanguage":"fr-FR"}]}},"jetpack_sharing_enabled":true,"_links":{"self":[{"href":"https:\/\/veho-lifestyle.ca\/fr\/wp-json\/wp\/v2\/product\/4248","targetHints":{"allow":["GET"]}}],"collection":[{"href":"https:\/\/veho-lifestyle.ca\/fr\/wp-json\/wp\/v2\/product"}],"about":[{"href":"https:\/\/veho-lifestyle.ca\/fr\/wp-json\/wp\/v2\/types\/product"}],"replies":[{"embeddable":true,"href":"https:\/\/veho-lifestyle.ca\/fr\/wp-json\/wp\/v2\/comments?post=4248"}],"wp:featuredmedia":[{"embeddable":true,"href":"https:\/\/veho-lifestyle.ca\/fr\/wp-json\/wp\/v2\/media\/3954"}],"wp:attachment":[{"href":"https:\/\/veho-lifestyle.ca\/fr\/wp-json\/wp\/v2\/media?parent=4248"}],"wp:term":[{"taxonomy":"product_brand","embeddable":true,"href":"https:\/\/veho-lifestyle.ca\/fr\/wp-json\/wp\/v2\/product_brand?post=4248"},{"taxonomy":"product_cat","embeddable":true,"href":"https:\/\/veho-lifestyle.ca\/fr\/wp-json\/wp\/v2\/product_cat?post=4248"},{"taxonomy":"product_tag","embeddable":true,"href":"https:\/\/veho-lifestyle.ca\/fr\/wp-json\/wp\/v2\/product_tag?post=4248"}],"curies":[{"name":"wp","href":"https:\/\/api.w.org\/{rel}","templated":true}]}}