{"id":4240,"date":"2022-04-26T09:01:45","date_gmt":"2022-04-26T13:01:45","guid":{"rendered":"https:\/\/veho-lifestyle.ca\/product\/rhox-ecouteurs-sans-fil-noir-carbone\/"},"modified":"2025-01-29T12:39:27","modified_gmt":"2025-01-29T17:39:27","slug":"rhox-ecouteurs-sans-fil-noir-carbone","status":"publish","type":"product","link":"https:\/\/veho-lifestyle.ca\/fr\/product\/rhox-ecouteurs-sans-fil-noir-carbone\/","title":{"rendered":"RHOX \u00c9couteurs sans fil &#8211; Noir carbone"},"content":{"rendered":"<div class=\"wp-content wp-content--product\"><p>Les \u00e9couteurs RHOX True Wireless sont la combinaison ultime d\u2019une qualit\u00e9 sonore sup\u00e9rieure et d\u2019un confort intra-auriculaire ergonomique. La dur\u00e9e de vie de la batterie compacte mais haute performance signifie que RHOX est parfait pour tous les environnements int\u00e9rieurs et ext\u00e9rieurs. Complet avec un \u00e9tui de voyage qui charge les \u00e9couteurs jusqu\u2019\u00e0 3 fois. Les fonctionnalit\u00e9s suppl\u00e9mentaires incluent des commandes soft-touch, un bo\u00eetier r\u00e9sistant \u00e0 l\u2019eau IPX5 et le mode d\u2019appariement rapide Bluetooth 5.1.  <\/p>\n<\/div>","protected":false},"excerpt":{"rendered":"<ul>\n<li>RHOX \u00c9couteurs sans fil Bluetooth v5.1<\/li>\n<li>Corps IPX5 r\u00e9sistant \u00e0 l\u2019eau<\/li>\n<li>Jusqu\u2019\u00e0 5 heures de temps de jeu<\/li>\n<\/ul>\n","protected":false},"featured_media":3328,"comment_status":"open","ping_status":"closed","template":"","meta":{"inline_featured_image":false},"product_brand":[],"product_cat":[154],"product_tag":[],"class_list":{"0":"post-4240","1":"product","2":"type-product","3":"status-publish","4":"has-post-thumbnail","6":"product_cat-in-ear-wireless-fr","8":"first","9":"instock","10":"shipping-taxable","11":"purchasable","12":"product-type-simple"},"acf":[],"yoast_head":"<!-- This site is optimized with the Yoast SEO plugin v27.5 - https:\/\/yoast.com\/product\/yoast-seo-wordpress\/ -->\n<title>RHOX \u00c9couteurs sans fil - Noir carbone<\/title>\n<meta name=\"description\" content=\"Les \u00e9couteurs RHOX True Wireless sont la combinaison ultime d\u2019une qualit\u00e9 sonore sup\u00e9rieure et d\u2019un confort intra-auriculaire ergonomique.\" \/>\n<meta name=\"robots\" content=\"index, follow, max-snippet:-1, max-image-preview:large, max-video-preview:-1\" \/>\n<link rel=\"canonical\" href=\"https:\/\/veho-lifestyle.ca\/fr\/product\/rhox-ecouteurs-sans-fil-noir-carbone\/\" \/>\n<meta property=\"og:locale\" content=\"fr_FR\" \/>\n<meta property=\"og:type\" content=\"article\" \/>\n<meta property=\"og:title\" content=\"RHOX \u00c9couteurs sans fil - Noir carbone\" \/>\n<meta property=\"og:description\" content=\"Les \u00e9couteurs RHOX True Wireless sont la combinaison ultime d\u2019une qualit\u00e9 sonore sup\u00e9rieure et d\u2019un confort intra-auriculaire ergonomique.\" \/>\n<meta property=\"og:url\" content=\"https:\/\/veho-lifestyle.ca\/fr\/product\/rhox-ecouteurs-sans-fil-noir-carbone\/\" \/>\n<meta property=\"og:site_name\" content=\"Boutique Veho Lifestyle Canada\" \/>\n<meta property=\"article:modified_time\" content=\"2025-01-29T17:39:27+00:00\" \/>\n<meta property=\"og:image\" content=\"https:\/\/veho-lifestyle.ca\/wp-content\/uploads\/2022\/04\/rhox_black_hero.png\" \/>\n\t<meta property=\"og:image:width\" content=\"620\" \/>\n\t<meta property=\"og:image:height\" content=\"620\" \/>\n\t<meta property=\"og:image:type\" content=\"image\/png\" \/>\n<meta name=\"twitter:card\" content=\"summary_large_image\" \/>\n<script type=\"application\/ld+json\" class=\"yoast-schema-graph\">{\"@context\":\"https:\\\/\\\/schema.org\",\"@graph\":[{\"@type\":\"WebPage\",\"@id\":\"https:\\\/\\\/veho-lifestyle.ca\\\/fr\\\/product\\\/rhox-ecouteurs-sans-fil-noir-carbone\\\/\",\"url\":\"https:\\\/\\\/veho-lifestyle.ca\\\/fr\\\/product\\\/rhox-ecouteurs-sans-fil-noir-carbone\\\/\",\"name\":\"RHOX \u00c9couteurs sans fil - Noir carbone\",\"isPartOf\":{\"@id\":\"https:\\\/\\\/veho-lifestyle.ca\\\/fr\\\/#website\"},\"primaryImageOfPage\":{\"@id\":\"https:\\\/\\\/veho-lifestyle.ca\\\/fr\\\/product\\\/rhox-ecouteurs-sans-fil-noir-carbone\\\/#primaryimage\"},\"image\":{\"@id\":\"https:\\\/\\\/veho-lifestyle.ca\\\/fr\\\/product\\\/rhox-ecouteurs-sans-fil-noir-carbone\\\/#primaryimage\"},\"thumbnailUrl\":\"https:\\\/\\\/veho-lifestyle.ca\\\/wp-content\\\/uploads\\\/2022\\\/04\\\/rhox_black_hero.png\",\"datePublished\":\"2022-04-26T13:01:45+00:00\",\"dateModified\":\"2025-01-29T17:39:27+00:00\",\"description\":\"Les \u00e9couteurs RHOX True Wireless sont la combinaison ultime d\u2019une qualit\u00e9 sonore sup\u00e9rieure et d\u2019un confort intra-auriculaire ergonomique.\",\"breadcrumb\":{\"@id\":\"https:\\\/\\\/veho-lifestyle.ca\\\/fr\\\/product\\\/rhox-ecouteurs-sans-fil-noir-carbone\\\/#breadcrumb\"},\"inLanguage\":\"fr-FR\",\"potentialAction\":[{\"@type\":\"ReadAction\",\"target\":[\"https:\\\/\\\/veho-lifestyle.ca\\\/fr\\\/product\\\/rhox-ecouteurs-sans-fil-noir-carbone\\\/\"]}]},{\"@type\":\"ImageObject\",\"inLanguage\":\"fr-FR\",\"@id\":\"https:\\\/\\\/veho-lifestyle.ca\\\/fr\\\/product\\\/rhox-ecouteurs-sans-fil-noir-carbone\\\/#primaryimage\",\"url\":\"https:\\\/\\\/veho-lifestyle.ca\\\/wp-content\\\/uploads\\\/2022\\\/04\\\/rhox_black_hero.png\",\"contentUrl\":\"https:\\\/\\\/veho-lifestyle.ca\\\/wp-content\\\/uploads\\\/2022\\\/04\\\/rhox_black_hero.png\",\"width\":620,\"height\":620},{\"@type\":\"BreadcrumbList\",\"@id\":\"https:\\\/\\\/veho-lifestyle.ca\\\/fr\\\/product\\\/rhox-ecouteurs-sans-fil-noir-carbone\\\/#breadcrumb\",\"itemListElement\":[{\"@type\":\"ListItem\",\"position\":1,\"name\":\"Home\",\"item\":\"https:\\\/\\\/veho-lifestyle.ca\\\/fr\\\/\"},{\"@type\":\"ListItem\",\"position\":2,\"name\":\"Magasinez\",\"item\":\"https:\\\/\\\/veho-lifestyle.ca\\\/fr\\\/boutique\\\/\"},{\"@type\":\"ListItem\",\"position\":3,\"name\":\"RHOX \u00c9couteurs sans fil &#8211; Noir carbone\"}]},{\"@type\":\"WebSite\",\"@id\":\"https:\\\/\\\/veho-lifestyle.ca\\\/fr\\\/#website\",\"url\":\"https:\\\/\\\/veho-lifestyle.ca\\\/fr\\\/\",\"name\":\"Boutique Veho Lifestyle Canada\",\"description\":\"\u00c9lectronique grand public con\u00e7ue au Royaume-Uni\",\"potentialAction\":[{\"@type\":\"SearchAction\",\"target\":{\"@type\":\"EntryPoint\",\"urlTemplate\":\"https:\\\/\\\/veho-lifestyle.ca\\\/fr\\\/?s={search_term_string}\"},\"query-input\":{\"@type\":\"PropertyValueSpecification\",\"valueRequired\":true,\"valueName\":\"search_term_string\"}}],\"inLanguage\":\"fr-FR\"}]}<\/script>\n<!-- \/ Yoast SEO plugin. -->","yoast_head_json":{"title":"RHOX \u00c9couteurs sans fil - Noir carbone","description":"Les \u00e9couteurs RHOX True Wireless sont la combinaison ultime d\u2019une qualit\u00e9 sonore sup\u00e9rieure et d\u2019un confort intra-auriculaire ergonomique.","robots":{"index":"index","follow":"follow","max-snippet":"max-snippet:-1","max-image-preview":"max-image-preview:large","max-video-preview":"max-video-preview:-1"},"canonical":"https:\/\/veho-lifestyle.ca\/fr\/product\/rhox-ecouteurs-sans-fil-noir-carbone\/","og_locale":"fr_FR","og_type":"article","og_title":"RHOX \u00c9couteurs sans fil - Noir carbone","og_description":"Les \u00e9couteurs RHOX True Wireless sont la combinaison ultime d\u2019une qualit\u00e9 sonore sup\u00e9rieure et d\u2019un confort intra-auriculaire ergonomique.","og_url":"https:\/\/veho-lifestyle.ca\/fr\/product\/rhox-ecouteurs-sans-fil-noir-carbone\/","og_site_name":"Boutique Veho Lifestyle Canada","article_modified_time":"2025-01-29T17:39:27+00:00","og_image":[{"width":620,"height":620,"url":"https:\/\/veho-lifestyle.ca\/wp-content\/uploads\/2022\/04\/rhox_black_hero.png","type":"image\/png"}],"twitter_card":"summary_large_image","schema":{"@context":"https:\/\/schema.org","@graph":[{"@type":"WebPage","@id":"https:\/\/veho-lifestyle.ca\/fr\/product\/rhox-ecouteurs-sans-fil-noir-carbone\/","url":"https:\/\/veho-lifestyle.ca\/fr\/product\/rhox-ecouteurs-sans-fil-noir-carbone\/","name":"RHOX \u00c9couteurs sans fil - Noir carbone","isPartOf":{"@id":"https:\/\/veho-lifestyle.ca\/fr\/#website"},"primaryImageOfPage":{"@id":"https:\/\/veho-lifestyle.ca\/fr\/product\/rhox-ecouteurs-sans-fil-noir-carbone\/#primaryimage"},"image":{"@id":"https:\/\/veho-lifestyle.ca\/fr\/product\/rhox-ecouteurs-sans-fil-noir-carbone\/#primaryimage"},"thumbnailUrl":"https:\/\/veho-lifestyle.ca\/wp-content\/uploads\/2022\/04\/rhox_black_hero.png","datePublished":"2022-04-26T13:01:45+00:00","dateModified":"2025-01-29T17:39:27+00:00","description":"Les \u00e9couteurs RHOX True Wireless sont la combinaison ultime d\u2019une qualit\u00e9 sonore sup\u00e9rieure et d\u2019un confort intra-auriculaire ergonomique.","breadcrumb":{"@id":"https:\/\/veho-lifestyle.ca\/fr\/product\/rhox-ecouteurs-sans-fil-noir-carbone\/#breadcrumb"},"inLanguage":"fr-FR","potentialAction":[{"@type":"ReadAction","target":["https:\/\/veho-lifestyle.ca\/fr\/product\/rhox-ecouteurs-sans-fil-noir-carbone\/"]}]},{"@type":"ImageObject","inLanguage":"fr-FR","@id":"https:\/\/veho-lifestyle.ca\/fr\/product\/rhox-ecouteurs-sans-fil-noir-carbone\/#primaryimage","url":"https:\/\/veho-lifestyle.ca\/wp-content\/uploads\/2022\/04\/rhox_black_hero.png","contentUrl":"https:\/\/veho-lifestyle.ca\/wp-content\/uploads\/2022\/04\/rhox_black_hero.png","width":620,"height":620},{"@type":"BreadcrumbList","@id":"https:\/\/veho-lifestyle.ca\/fr\/product\/rhox-ecouteurs-sans-fil-noir-carbone\/#breadcrumb","itemListElement":[{"@type":"ListItem","position":1,"name":"Home","item":"https:\/\/veho-lifestyle.ca\/fr\/"},{"@type":"ListItem","position":2,"name":"Magasinez","item":"https:\/\/veho-lifestyle.ca\/fr\/boutique\/"},{"@type":"ListItem","position":3,"name":"RHOX \u00c9couteurs sans fil &#8211; Noir carbone"}]},{"@type":"WebSite","@id":"https:\/\/veho-lifestyle.ca\/fr\/#website","url":"https:\/\/veho-lifestyle.ca\/fr\/","name":"Boutique Veho Lifestyle Canada","description":"\u00c9lectronique grand public con\u00e7ue au Royaume-Uni","potentialAction":[{"@type":"SearchAction","target":{"@type":"EntryPoint","urlTemplate":"https:\/\/veho-lifestyle.ca\/fr\/?s={search_term_string}"},"query-input":{"@type":"PropertyValueSpecification","valueRequired":true,"valueName":"search_term_string"}}],"inLanguage":"fr-FR"}]}},"jetpack_sharing_enabled":true,"_links":{"self":[{"href":"https:\/\/veho-lifestyle.ca\/fr\/wp-json\/wp\/v2\/product\/4240","targetHints":{"allow":["GET"]}}],"collection":[{"href":"https:\/\/veho-lifestyle.ca\/fr\/wp-json\/wp\/v2\/product"}],"about":[{"href":"https:\/\/veho-lifestyle.ca\/fr\/wp-json\/wp\/v2\/types\/product"}],"replies":[{"embeddable":true,"href":"https:\/\/veho-lifestyle.ca\/fr\/wp-json\/wp\/v2\/comments?post=4240"}],"wp:featuredmedia":[{"embeddable":true,"href":"https:\/\/veho-lifestyle.ca\/fr\/wp-json\/wp\/v2\/media\/3328"}],"wp:attachment":[{"href":"https:\/\/veho-lifestyle.ca\/fr\/wp-json\/wp\/v2\/media?parent=4240"}],"wp:term":[{"taxonomy":"product_brand","embeddable":true,"href":"https:\/\/veho-lifestyle.ca\/fr\/wp-json\/wp\/v2\/product_brand?post=4240"},{"taxonomy":"product_cat","embeddable":true,"href":"https:\/\/veho-lifestyle.ca\/fr\/wp-json\/wp\/v2\/product_cat?post=4240"},{"taxonomy":"product_tag","embeddable":true,"href":"https:\/\/veho-lifestyle.ca\/fr\/wp-json\/wp\/v2\/product_tag?post=4240"}],"curies":[{"name":"wp","href":"https:\/\/api.w.org\/{rel}","templated":true}]}}