{"id":4237,"date":"2022-05-12T16:32:28","date_gmt":"2022-05-12T20:32:28","guid":{"rendered":"https:\/\/veho-lifestyle.ca\/product\/veho-t-1-ordinateur-portable-ordinateurs-portables-sac-a-comprimes\/"},"modified":"2025-02-05T11:35:28","modified_gmt":"2025-02-05T16:35:28","slug":"veho-t-1-ordinateur-portable-ordinateurs-portables-sac-a-comprimes","status":"publish","type":"product","link":"https:\/\/veho-lifestyle.ca\/fr\/product\/veho-t-1-ordinateur-portable-ordinateurs-portables-sac-a-comprimes\/","title":{"rendered":"Veho T-1 Ordinateur portable \/ Ordinateurs portables \/ Sac \u00e0 comprim\u00e9s"},"content":{"rendered":"<div class=\"wp-content wp-content--product\"><p>Le sac pour ordinateur portable \/ ordinateur portable Veho T-1 est un sac de messager compact et durable pour les navetteurs et les \u00e9tudiants. Les compartiments ext\u00e9rieurs et int\u00e9rieurs rembourr\u00e9s offrent une protection ultime pour votre \u00e9quipement informatique. Le sac peut stocker un ordinateur portable jusqu\u2019\u00e0 15,6 \u00a0\u00bb et une tablette jusqu\u2019\u00e0 10,1 \u00a0\u00bb et toujours contenir d\u2019autres \u00e9l\u00e9ments essentiels du travail. Avec des bretelles r\u00e9glables et un d\u00e9tachable sur la sangle d\u2019\u00e9paule, le sac offre des options de transport polyvalentes. Un manchon arri\u00e8re int\u00e9gr\u00e9 qui s\u2019ins\u00e8re au-dessus d\u2019une poign\u00e9e de sac de vol \u00e0 main pour un transport facile \u00e0 travers les a\u00e9roports.    <\/p>\n<\/div>","protected":false},"excerpt":{"rendered":"<ul>\n<li>Super rembourr\u00e9 pour une protection ultime pour les ordinateurs portables \/ ordinateurs portables jusqu\u2019\u00e0 15,6 \u00a0\u00bb et les tablettes de 10 \u00ab\u00a0<\/li>\n<li>Manchon conventionnel pour s\u2019ins\u00e9rer sur une poign\u00e9e de sac de vol \u00e0 emporter pour un transport facile \u00e0 travers les a\u00e9roports.<\/li>\n<\/ul>\n","protected":false},"featured_media":3629,"comment_status":"closed","ping_status":"closed","template":"","meta":{"inline_featured_image":false},"product_brand":[],"product_cat":[129],"product_tag":[],"class_list":{"0":"post-4237","1":"product","2":"type-product","3":"status-publish","4":"has-post-thumbnail","6":"product_cat-laptop-notebook-bags-fr","8":"first","9":"instock","10":"shipping-taxable","11":"purchasable","12":"product-type-simple"},"acf":[],"yoast_head":"<!-- This site is optimized with the Yoast SEO plugin v27.5 - https:\/\/yoast.com\/product\/yoast-seo-wordpress\/ -->\n<title>Veho T-1 Ordinateur portable \/ Ordinateurs portables \/ Sac \u00e0 comprim\u00e9s<\/title>\n<meta name=\"description\" content=\"Le sac portable \/ portable Veho T-1 est un sac de messagerie compact pour les navetteurs. Stockage pour un ordinateur portable jusqu\u2019\u00e0 15,6 &quot; et tablette jusqu\u2019\u00e0 10,1 &quot;.\" \/>\n<meta name=\"robots\" content=\"index, follow, max-snippet:-1, max-image-preview:large, max-video-preview:-1\" \/>\n<link rel=\"canonical\" href=\"https:\/\/veho-lifestyle.ca\/fr\/product\/veho-t-1-ordinateur-portable-ordinateurs-portables-sac-a-comprimes\/\" \/>\n<meta property=\"og:locale\" content=\"fr_FR\" \/>\n<meta property=\"og:type\" content=\"article\" \/>\n<meta property=\"og:title\" content=\"Veho T-1 Ordinateur portable \/ Ordinateurs portables \/ Sac \u00e0 comprim\u00e9s\" \/>\n<meta property=\"og:description\" content=\"Le sac portable \/ portable Veho T-1 est un sac de messagerie compact pour les navetteurs. Stockage pour un ordinateur portable jusqu\u2019\u00e0 15,6 &quot; et tablette jusqu\u2019\u00e0 10,1 &quot;.\" \/>\n<meta property=\"og:url\" content=\"https:\/\/veho-lifestyle.ca\/fr\/product\/veho-t-1-ordinateur-portable-ordinateurs-portables-sac-a-comprimes\/\" \/>\n<meta property=\"og:site_name\" content=\"Boutique Veho Lifestyle Canada\" \/>\n<meta property=\"article:modified_time\" content=\"2025-02-05T16:35:28+00:00\" \/>\n<meta property=\"og:image\" content=\"https:\/\/veho-lifestyle.ca\/wp-content\/uploads\/2022\/05\/VNB-003-T1-1.png\" \/>\n\t<meta property=\"og:image:width\" content=\"620\" \/>\n\t<meta property=\"og:image:height\" content=\"620\" \/>\n\t<meta property=\"og:image:type\" content=\"image\/png\" \/>\n<meta name=\"twitter:card\" content=\"summary_large_image\" \/>\n<meta name=\"twitter:label1\" content=\"Dur\u00e9e de lecture estim\u00e9e\" \/>\n\t<meta name=\"twitter:data1\" content=\"1 minute\" \/>\n<script type=\"application\/ld+json\" class=\"yoast-schema-graph\">{\"@context\":\"https:\\\/\\\/schema.org\",\"@graph\":[{\"@type\":\"WebPage\",\"@id\":\"https:\\\/\\\/veho-lifestyle.ca\\\/fr\\\/product\\\/veho-t-1-ordinateur-portable-ordinateurs-portables-sac-a-comprimes\\\/\",\"url\":\"https:\\\/\\\/veho-lifestyle.ca\\\/fr\\\/product\\\/veho-t-1-ordinateur-portable-ordinateurs-portables-sac-a-comprimes\\\/\",\"name\":\"Veho T-1 Ordinateur portable \\\/ Ordinateurs portables \\\/ Sac \u00e0 comprim\u00e9s\",\"isPartOf\":{\"@id\":\"https:\\\/\\\/veho-lifestyle.ca\\\/fr\\\/#website\"},\"primaryImageOfPage\":{\"@id\":\"https:\\\/\\\/veho-lifestyle.ca\\\/fr\\\/product\\\/veho-t-1-ordinateur-portable-ordinateurs-portables-sac-a-comprimes\\\/#primaryimage\"},\"image\":{\"@id\":\"https:\\\/\\\/veho-lifestyle.ca\\\/fr\\\/product\\\/veho-t-1-ordinateur-portable-ordinateurs-portables-sac-a-comprimes\\\/#primaryimage\"},\"thumbnailUrl\":\"https:\\\/\\\/veho-lifestyle.ca\\\/wp-content\\\/uploads\\\/2022\\\/05\\\/VNB-003-T1-1.png\",\"datePublished\":\"2022-05-12T20:32:28+00:00\",\"dateModified\":\"2025-02-05T16:35:28+00:00\",\"description\":\"Le sac portable \\\/ portable Veho T-1 est un sac de messagerie compact pour les navetteurs. Stockage pour un ordinateur portable jusqu\u2019\u00e0 15,6 \\\" et tablette jusqu\u2019\u00e0 10,1 \\\".\",\"breadcrumb\":{\"@id\":\"https:\\\/\\\/veho-lifestyle.ca\\\/fr\\\/product\\\/veho-t-1-ordinateur-portable-ordinateurs-portables-sac-a-comprimes\\\/#breadcrumb\"},\"inLanguage\":\"fr-FR\",\"potentialAction\":[{\"@type\":\"ReadAction\",\"target\":[\"https:\\\/\\\/veho-lifestyle.ca\\\/fr\\\/product\\\/veho-t-1-ordinateur-portable-ordinateurs-portables-sac-a-comprimes\\\/\"]}]},{\"@type\":\"ImageObject\",\"inLanguage\":\"fr-FR\",\"@id\":\"https:\\\/\\\/veho-lifestyle.ca\\\/fr\\\/product\\\/veho-t-1-ordinateur-portable-ordinateurs-portables-sac-a-comprimes\\\/#primaryimage\",\"url\":\"https:\\\/\\\/veho-lifestyle.ca\\\/wp-content\\\/uploads\\\/2022\\\/05\\\/VNB-003-T1-1.png\",\"contentUrl\":\"https:\\\/\\\/veho-lifestyle.ca\\\/wp-content\\\/uploads\\\/2022\\\/05\\\/VNB-003-T1-1.png\",\"width\":620,\"height\":620},{\"@type\":\"BreadcrumbList\",\"@id\":\"https:\\\/\\\/veho-lifestyle.ca\\\/fr\\\/product\\\/veho-t-1-ordinateur-portable-ordinateurs-portables-sac-a-comprimes\\\/#breadcrumb\",\"itemListElement\":[{\"@type\":\"ListItem\",\"position\":1,\"name\":\"Home\",\"item\":\"https:\\\/\\\/veho-lifestyle.ca\\\/fr\\\/\"},{\"@type\":\"ListItem\",\"position\":2,\"name\":\"Magasinez\",\"item\":\"https:\\\/\\\/veho-lifestyle.ca\\\/fr\\\/boutique\\\/\"},{\"@type\":\"ListItem\",\"position\":3,\"name\":\"Veho T-1 Ordinateur portable \\\/ Ordinateurs portables \\\/ Sac \u00e0 comprim\u00e9s\"}]},{\"@type\":\"WebSite\",\"@id\":\"https:\\\/\\\/veho-lifestyle.ca\\\/fr\\\/#website\",\"url\":\"https:\\\/\\\/veho-lifestyle.ca\\\/fr\\\/\",\"name\":\"Boutique Veho Lifestyle Canada\",\"description\":\"\u00c9lectronique grand public con\u00e7ue au Royaume-Uni\",\"potentialAction\":[{\"@type\":\"SearchAction\",\"target\":{\"@type\":\"EntryPoint\",\"urlTemplate\":\"https:\\\/\\\/veho-lifestyle.ca\\\/fr\\\/?s={search_term_string}\"},\"query-input\":{\"@type\":\"PropertyValueSpecification\",\"valueRequired\":true,\"valueName\":\"search_term_string\"}}],\"inLanguage\":\"fr-FR\"}]}<\/script>\n<!-- \/ Yoast SEO plugin. -->","yoast_head_json":{"title":"Veho T-1 Ordinateur portable \/ Ordinateurs portables \/ Sac \u00e0 comprim\u00e9s","description":"Le sac portable \/ portable Veho T-1 est un sac de messagerie compact pour les navetteurs. Stockage pour un ordinateur portable jusqu\u2019\u00e0 15,6 \" et tablette jusqu\u2019\u00e0 10,1 \".","robots":{"index":"index","follow":"follow","max-snippet":"max-snippet:-1","max-image-preview":"max-image-preview:large","max-video-preview":"max-video-preview:-1"},"canonical":"https:\/\/veho-lifestyle.ca\/fr\/product\/veho-t-1-ordinateur-portable-ordinateurs-portables-sac-a-comprimes\/","og_locale":"fr_FR","og_type":"article","og_title":"Veho T-1 Ordinateur portable \/ Ordinateurs portables \/ Sac \u00e0 comprim\u00e9s","og_description":"Le sac portable \/ portable Veho T-1 est un sac de messagerie compact pour les navetteurs. Stockage pour un ordinateur portable jusqu\u2019\u00e0 15,6 \" et tablette jusqu\u2019\u00e0 10,1 \".","og_url":"https:\/\/veho-lifestyle.ca\/fr\/product\/veho-t-1-ordinateur-portable-ordinateurs-portables-sac-a-comprimes\/","og_site_name":"Boutique Veho Lifestyle Canada","article_modified_time":"2025-02-05T16:35:28+00:00","og_image":[{"width":620,"height":620,"url":"https:\/\/veho-lifestyle.ca\/wp-content\/uploads\/2022\/05\/VNB-003-T1-1.png","type":"image\/png"}],"twitter_card":"summary_large_image","twitter_misc":{"Dur\u00e9e de lecture estim\u00e9e":"1 minute"},"schema":{"@context":"https:\/\/schema.org","@graph":[{"@type":"WebPage","@id":"https:\/\/veho-lifestyle.ca\/fr\/product\/veho-t-1-ordinateur-portable-ordinateurs-portables-sac-a-comprimes\/","url":"https:\/\/veho-lifestyle.ca\/fr\/product\/veho-t-1-ordinateur-portable-ordinateurs-portables-sac-a-comprimes\/","name":"Veho T-1 Ordinateur portable \/ Ordinateurs portables \/ Sac \u00e0 comprim\u00e9s","isPartOf":{"@id":"https:\/\/veho-lifestyle.ca\/fr\/#website"},"primaryImageOfPage":{"@id":"https:\/\/veho-lifestyle.ca\/fr\/product\/veho-t-1-ordinateur-portable-ordinateurs-portables-sac-a-comprimes\/#primaryimage"},"image":{"@id":"https:\/\/veho-lifestyle.ca\/fr\/product\/veho-t-1-ordinateur-portable-ordinateurs-portables-sac-a-comprimes\/#primaryimage"},"thumbnailUrl":"https:\/\/veho-lifestyle.ca\/wp-content\/uploads\/2022\/05\/VNB-003-T1-1.png","datePublished":"2022-05-12T20:32:28+00:00","dateModified":"2025-02-05T16:35:28+00:00","description":"Le sac portable \/ portable Veho T-1 est un sac de messagerie compact pour les navetteurs. Stockage pour un ordinateur portable jusqu\u2019\u00e0 15,6 \" et tablette jusqu\u2019\u00e0 10,1 \".","breadcrumb":{"@id":"https:\/\/veho-lifestyle.ca\/fr\/product\/veho-t-1-ordinateur-portable-ordinateurs-portables-sac-a-comprimes\/#breadcrumb"},"inLanguage":"fr-FR","potentialAction":[{"@type":"ReadAction","target":["https:\/\/veho-lifestyle.ca\/fr\/product\/veho-t-1-ordinateur-portable-ordinateurs-portables-sac-a-comprimes\/"]}]},{"@type":"ImageObject","inLanguage":"fr-FR","@id":"https:\/\/veho-lifestyle.ca\/fr\/product\/veho-t-1-ordinateur-portable-ordinateurs-portables-sac-a-comprimes\/#primaryimage","url":"https:\/\/veho-lifestyle.ca\/wp-content\/uploads\/2022\/05\/VNB-003-T1-1.png","contentUrl":"https:\/\/veho-lifestyle.ca\/wp-content\/uploads\/2022\/05\/VNB-003-T1-1.png","width":620,"height":620},{"@type":"BreadcrumbList","@id":"https:\/\/veho-lifestyle.ca\/fr\/product\/veho-t-1-ordinateur-portable-ordinateurs-portables-sac-a-comprimes\/#breadcrumb","itemListElement":[{"@type":"ListItem","position":1,"name":"Home","item":"https:\/\/veho-lifestyle.ca\/fr\/"},{"@type":"ListItem","position":2,"name":"Magasinez","item":"https:\/\/veho-lifestyle.ca\/fr\/boutique\/"},{"@type":"ListItem","position":3,"name":"Veho T-1 Ordinateur portable \/ Ordinateurs portables \/ Sac \u00e0 comprim\u00e9s"}]},{"@type":"WebSite","@id":"https:\/\/veho-lifestyle.ca\/fr\/#website","url":"https:\/\/veho-lifestyle.ca\/fr\/","name":"Boutique Veho Lifestyle Canada","description":"\u00c9lectronique grand public con\u00e7ue au Royaume-Uni","potentialAction":[{"@type":"SearchAction","target":{"@type":"EntryPoint","urlTemplate":"https:\/\/veho-lifestyle.ca\/fr\/?s={search_term_string}"},"query-input":{"@type":"PropertyValueSpecification","valueRequired":true,"valueName":"search_term_string"}}],"inLanguage":"fr-FR"}]}},"jetpack_sharing_enabled":true,"_links":{"self":[{"href":"https:\/\/veho-lifestyle.ca\/fr\/wp-json\/wp\/v2\/product\/4237","targetHints":{"allow":["GET"]}}],"collection":[{"href":"https:\/\/veho-lifestyle.ca\/fr\/wp-json\/wp\/v2\/product"}],"about":[{"href":"https:\/\/veho-lifestyle.ca\/fr\/wp-json\/wp\/v2\/types\/product"}],"replies":[{"embeddable":true,"href":"https:\/\/veho-lifestyle.ca\/fr\/wp-json\/wp\/v2\/comments?post=4237"}],"wp:featuredmedia":[{"embeddable":true,"href":"https:\/\/veho-lifestyle.ca\/fr\/wp-json\/wp\/v2\/media\/3629"}],"wp:attachment":[{"href":"https:\/\/veho-lifestyle.ca\/fr\/wp-json\/wp\/v2\/media?parent=4237"}],"wp:term":[{"taxonomy":"product_brand","embeddable":true,"href":"https:\/\/veho-lifestyle.ca\/fr\/wp-json\/wp\/v2\/product_brand?post=4237"},{"taxonomy":"product_cat","embeddable":true,"href":"https:\/\/veho-lifestyle.ca\/fr\/wp-json\/wp\/v2\/product_cat?post=4237"},{"taxonomy":"product_tag","embeddable":true,"href":"https:\/\/veho-lifestyle.ca\/fr\/wp-json\/wp\/v2\/product_tag?post=4237"}],"curies":[{"name":"wp","href":"https:\/\/api.w.org\/{rel}","templated":true}]}}