{"id":4234,"date":"2022-12-21T17:01:05","date_gmt":"2022-12-21T22:01:05","guid":{"rendered":"https:\/\/veho-lifestyle.ca\/product\/pebble-pz-12-banque-dalimentation-portable-robuste-10000mah\/"},"modified":"2025-01-28T06:32:44","modified_gmt":"2025-01-28T11:32:44","slug":"pebble-pz-12-banque-dalimentation-portable-robuste-10000mah","status":"publish","type":"product","link":"https:\/\/veho-lifestyle.ca\/fr\/product\/pebble-pz-12-banque-dalimentation-portable-robuste-10000mah\/","title":{"rendered":"Pebble PZ-12 Batterie externe portable robuste &#8211; 10000mAh"},"content":{"rendered":"<div class=\"wp-content wp-content--product\"><p>La Batterie externe Veho Pebble PZ-12 Rugged utilise des cellules WYG haute performance 21700 Li-on. Les cellules sont 40% plus \u00e9conomes en \u00e9nergie que les banques d\u2019alimentation traditionnelles, ce qui permet \u00e0 PZ-12 d\u2019avoir un facteur de forme plus petit. La charge rapide de 20 W, via le port de charge USB-C universel PD, chargera la plupart des appareils portables avec une sortie 12V (tous les smartphones, tablettes et la plupart des mini-ordinateurs portables). Un design compact et l\u00e9ger, avec un manchon ext\u00e9rieur en silicone, offre une protection contre les \u00e9claboussures, ce qui le rend parfait pour voyager.<\/p>\n<\/div>","protected":false},"excerpt":{"rendered":"<ul>\n<li>Capacit\u00e9 compacte mais puissante de 10000mAh<\/li>\n<li>Cellules li-ion WYG 21700 haute performance<\/li>\n<li>Ch\u00e2ssis robuste r\u00e9sistant aux \u00e9claboussures<\/li>\n<li>Charge rapide de 20 W<\/li>\n<\/ul>\n","protected":false},"featured_media":3704,"comment_status":"open","ping_status":"closed","template":"","meta":{"inline_featured_image":false},"product_brand":[],"product_cat":[140],"product_tag":[],"class_list":{"0":"post-4234","1":"product","2":"type-product","3":"status-publish","4":"has-post-thumbnail","6":"product_cat-travel-power-banks-fr","8":"first","9":"instock","10":"shipping-taxable","11":"purchasable","12":"product-type-simple"},"acf":[],"yoast_head":"<!-- This site is optimized with the Yoast SEO plugin v27.5 - https:\/\/yoast.com\/product\/yoast-seo-wordpress\/ -->\n<title>Pebble PZ-12 Batterie externe portable robuste - 10000mAh<\/title>\n<meta name=\"description\" content=\"La Batterie externe PZ-12 est compacte et l\u00e9g\u00e8re avec une charge rapide de 20 W via le port de charge USB-C universel PD. Robuste et r\u00e9sistant aux \u00e9claboussures.\" \/>\n<meta name=\"robots\" content=\"index, follow, max-snippet:-1, max-image-preview:large, max-video-preview:-1\" \/>\n<link rel=\"canonical\" href=\"https:\/\/veho-lifestyle.ca\/fr\/product\/pebble-pz-12-banque-dalimentation-portable-robuste-10000mah\/\" \/>\n<meta property=\"og:locale\" content=\"fr_FR\" \/>\n<meta property=\"og:type\" content=\"article\" \/>\n<meta property=\"og:title\" content=\"Pebble PZ-12 Batterie externe portable robuste - 10000mAh\" \/>\n<meta property=\"og:description\" content=\"La Batterie externe PZ-12 est compacte et l\u00e9g\u00e8re avec une charge rapide de 20 W via le port de charge USB-C universel PD. Robuste et r\u00e9sistant aux \u00e9claboussures.\" \/>\n<meta property=\"og:url\" content=\"https:\/\/veho-lifestyle.ca\/fr\/product\/pebble-pz-12-banque-dalimentation-portable-robuste-10000mah\/\" \/>\n<meta property=\"og:site_name\" content=\"Boutique Veho Lifestyle Canada\" \/>\n<meta property=\"article:modified_time\" content=\"2025-01-28T11:32:44+00:00\" \/>\n<meta property=\"og:image\" content=\"https:\/\/veho-lifestyle.ca\/wp-content\/uploads\/2022\/12\/pz12_hero.png\" \/>\n\t<meta property=\"og:image:width\" content=\"620\" \/>\n\t<meta property=\"og:image:height\" content=\"620\" \/>\n\t<meta property=\"og:image:type\" content=\"image\/png\" \/>\n<meta name=\"twitter:card\" content=\"summary_large_image\" \/>\n<script type=\"application\/ld+json\" class=\"yoast-schema-graph\">{\"@context\":\"https:\\\/\\\/schema.org\",\"@graph\":[{\"@type\":\"WebPage\",\"@id\":\"https:\\\/\\\/veho-lifestyle.ca\\\/fr\\\/product\\\/pebble-pz-12-banque-dalimentation-portable-robuste-10000mah\\\/\",\"url\":\"https:\\\/\\\/veho-lifestyle.ca\\\/fr\\\/product\\\/pebble-pz-12-banque-dalimentation-portable-robuste-10000mah\\\/\",\"name\":\"Pebble PZ-12 Batterie externe portable robuste - 10000mAh\",\"isPartOf\":{\"@id\":\"https:\\\/\\\/veho-lifestyle.ca\\\/fr\\\/#website\"},\"primaryImageOfPage\":{\"@id\":\"https:\\\/\\\/veho-lifestyle.ca\\\/fr\\\/product\\\/pebble-pz-12-banque-dalimentation-portable-robuste-10000mah\\\/#primaryimage\"},\"image\":{\"@id\":\"https:\\\/\\\/veho-lifestyle.ca\\\/fr\\\/product\\\/pebble-pz-12-banque-dalimentation-portable-robuste-10000mah\\\/#primaryimage\"},\"thumbnailUrl\":\"https:\\\/\\\/veho-lifestyle.ca\\\/wp-content\\\/uploads\\\/2022\\\/12\\\/pz12_hero.png\",\"datePublished\":\"2022-12-21T22:01:05+00:00\",\"dateModified\":\"2025-01-28T11:32:44+00:00\",\"description\":\"La Batterie externe PZ-12 est compacte et l\u00e9g\u00e8re avec une charge rapide de 20 W via le port de charge USB-C universel PD. Robuste et r\u00e9sistant aux \u00e9claboussures.\",\"breadcrumb\":{\"@id\":\"https:\\\/\\\/veho-lifestyle.ca\\\/fr\\\/product\\\/pebble-pz-12-banque-dalimentation-portable-robuste-10000mah\\\/#breadcrumb\"},\"inLanguage\":\"fr-FR\",\"potentialAction\":[{\"@type\":\"ReadAction\",\"target\":[\"https:\\\/\\\/veho-lifestyle.ca\\\/fr\\\/product\\\/pebble-pz-12-banque-dalimentation-portable-robuste-10000mah\\\/\"]}]},{\"@type\":\"ImageObject\",\"inLanguage\":\"fr-FR\",\"@id\":\"https:\\\/\\\/veho-lifestyle.ca\\\/fr\\\/product\\\/pebble-pz-12-banque-dalimentation-portable-robuste-10000mah\\\/#primaryimage\",\"url\":\"https:\\\/\\\/veho-lifestyle.ca\\\/wp-content\\\/uploads\\\/2022\\\/12\\\/pz12_hero.png\",\"contentUrl\":\"https:\\\/\\\/veho-lifestyle.ca\\\/wp-content\\\/uploads\\\/2022\\\/12\\\/pz12_hero.png\",\"width\":620,\"height\":620},{\"@type\":\"BreadcrumbList\",\"@id\":\"https:\\\/\\\/veho-lifestyle.ca\\\/fr\\\/product\\\/pebble-pz-12-banque-dalimentation-portable-robuste-10000mah\\\/#breadcrumb\",\"itemListElement\":[{\"@type\":\"ListItem\",\"position\":1,\"name\":\"Home\",\"item\":\"https:\\\/\\\/veho-lifestyle.ca\\\/fr\\\/\"},{\"@type\":\"ListItem\",\"position\":2,\"name\":\"Magasinez\",\"item\":\"https:\\\/\\\/veho-lifestyle.ca\\\/fr\\\/boutique\\\/\"},{\"@type\":\"ListItem\",\"position\":3,\"name\":\"Pebble PZ-12 Batterie externe portable robuste &#8211; 10000mAh\"}]},{\"@type\":\"WebSite\",\"@id\":\"https:\\\/\\\/veho-lifestyle.ca\\\/fr\\\/#website\",\"url\":\"https:\\\/\\\/veho-lifestyle.ca\\\/fr\\\/\",\"name\":\"Boutique Veho Lifestyle Canada\",\"description\":\"\u00c9lectronique grand public con\u00e7ue au Royaume-Uni\",\"potentialAction\":[{\"@type\":\"SearchAction\",\"target\":{\"@type\":\"EntryPoint\",\"urlTemplate\":\"https:\\\/\\\/veho-lifestyle.ca\\\/fr\\\/?s={search_term_string}\"},\"query-input\":{\"@type\":\"PropertyValueSpecification\",\"valueRequired\":true,\"valueName\":\"search_term_string\"}}],\"inLanguage\":\"fr-FR\"}]}<\/script>\n<!-- \/ Yoast SEO plugin. -->","yoast_head_json":{"title":"Pebble PZ-12 Batterie externe portable robuste - 10000mAh","description":"La Batterie externe PZ-12 est compacte et l\u00e9g\u00e8re avec une charge rapide de 20 W via le port de charge USB-C universel PD. Robuste et r\u00e9sistant aux \u00e9claboussures.","robots":{"index":"index","follow":"follow","max-snippet":"max-snippet:-1","max-image-preview":"max-image-preview:large","max-video-preview":"max-video-preview:-1"},"canonical":"https:\/\/veho-lifestyle.ca\/fr\/product\/pebble-pz-12-banque-dalimentation-portable-robuste-10000mah\/","og_locale":"fr_FR","og_type":"article","og_title":"Pebble PZ-12 Batterie externe portable robuste - 10000mAh","og_description":"La Batterie externe PZ-12 est compacte et l\u00e9g\u00e8re avec une charge rapide de 20 W via le port de charge USB-C universel PD. Robuste et r\u00e9sistant aux \u00e9claboussures.","og_url":"https:\/\/veho-lifestyle.ca\/fr\/product\/pebble-pz-12-banque-dalimentation-portable-robuste-10000mah\/","og_site_name":"Boutique Veho Lifestyle Canada","article_modified_time":"2025-01-28T11:32:44+00:00","og_image":[{"width":620,"height":620,"url":"https:\/\/veho-lifestyle.ca\/wp-content\/uploads\/2022\/12\/pz12_hero.png","type":"image\/png"}],"twitter_card":"summary_large_image","schema":{"@context":"https:\/\/schema.org","@graph":[{"@type":"WebPage","@id":"https:\/\/veho-lifestyle.ca\/fr\/product\/pebble-pz-12-banque-dalimentation-portable-robuste-10000mah\/","url":"https:\/\/veho-lifestyle.ca\/fr\/product\/pebble-pz-12-banque-dalimentation-portable-robuste-10000mah\/","name":"Pebble PZ-12 Batterie externe portable robuste - 10000mAh","isPartOf":{"@id":"https:\/\/veho-lifestyle.ca\/fr\/#website"},"primaryImageOfPage":{"@id":"https:\/\/veho-lifestyle.ca\/fr\/product\/pebble-pz-12-banque-dalimentation-portable-robuste-10000mah\/#primaryimage"},"image":{"@id":"https:\/\/veho-lifestyle.ca\/fr\/product\/pebble-pz-12-banque-dalimentation-portable-robuste-10000mah\/#primaryimage"},"thumbnailUrl":"https:\/\/veho-lifestyle.ca\/wp-content\/uploads\/2022\/12\/pz12_hero.png","datePublished":"2022-12-21T22:01:05+00:00","dateModified":"2025-01-28T11:32:44+00:00","description":"La Batterie externe PZ-12 est compacte et l\u00e9g\u00e8re avec une charge rapide de 20 W via le port de charge USB-C universel PD. Robuste et r\u00e9sistant aux \u00e9claboussures.","breadcrumb":{"@id":"https:\/\/veho-lifestyle.ca\/fr\/product\/pebble-pz-12-banque-dalimentation-portable-robuste-10000mah\/#breadcrumb"},"inLanguage":"fr-FR","potentialAction":[{"@type":"ReadAction","target":["https:\/\/veho-lifestyle.ca\/fr\/product\/pebble-pz-12-banque-dalimentation-portable-robuste-10000mah\/"]}]},{"@type":"ImageObject","inLanguage":"fr-FR","@id":"https:\/\/veho-lifestyle.ca\/fr\/product\/pebble-pz-12-banque-dalimentation-portable-robuste-10000mah\/#primaryimage","url":"https:\/\/veho-lifestyle.ca\/wp-content\/uploads\/2022\/12\/pz12_hero.png","contentUrl":"https:\/\/veho-lifestyle.ca\/wp-content\/uploads\/2022\/12\/pz12_hero.png","width":620,"height":620},{"@type":"BreadcrumbList","@id":"https:\/\/veho-lifestyle.ca\/fr\/product\/pebble-pz-12-banque-dalimentation-portable-robuste-10000mah\/#breadcrumb","itemListElement":[{"@type":"ListItem","position":1,"name":"Home","item":"https:\/\/veho-lifestyle.ca\/fr\/"},{"@type":"ListItem","position":2,"name":"Magasinez","item":"https:\/\/veho-lifestyle.ca\/fr\/boutique\/"},{"@type":"ListItem","position":3,"name":"Pebble PZ-12 Batterie externe portable robuste &#8211; 10000mAh"}]},{"@type":"WebSite","@id":"https:\/\/veho-lifestyle.ca\/fr\/#website","url":"https:\/\/veho-lifestyle.ca\/fr\/","name":"Boutique Veho Lifestyle Canada","description":"\u00c9lectronique grand public con\u00e7ue au Royaume-Uni","potentialAction":[{"@type":"SearchAction","target":{"@type":"EntryPoint","urlTemplate":"https:\/\/veho-lifestyle.ca\/fr\/?s={search_term_string}"},"query-input":{"@type":"PropertyValueSpecification","valueRequired":true,"valueName":"search_term_string"}}],"inLanguage":"fr-FR"}]}},"jetpack_sharing_enabled":true,"_links":{"self":[{"href":"https:\/\/veho-lifestyle.ca\/fr\/wp-json\/wp\/v2\/product\/4234","targetHints":{"allow":["GET"]}}],"collection":[{"href":"https:\/\/veho-lifestyle.ca\/fr\/wp-json\/wp\/v2\/product"}],"about":[{"href":"https:\/\/veho-lifestyle.ca\/fr\/wp-json\/wp\/v2\/types\/product"}],"replies":[{"embeddable":true,"href":"https:\/\/veho-lifestyle.ca\/fr\/wp-json\/wp\/v2\/comments?post=4234"}],"wp:featuredmedia":[{"embeddable":true,"href":"https:\/\/veho-lifestyle.ca\/fr\/wp-json\/wp\/v2\/media\/3704"}],"wp:attachment":[{"href":"https:\/\/veho-lifestyle.ca\/fr\/wp-json\/wp\/v2\/media?parent=4234"}],"wp:term":[{"taxonomy":"product_brand","embeddable":true,"href":"https:\/\/veho-lifestyle.ca\/fr\/wp-json\/wp\/v2\/product_brand?post=4234"},{"taxonomy":"product_cat","embeddable":true,"href":"https:\/\/veho-lifestyle.ca\/fr\/wp-json\/wp\/v2\/product_cat?post=4234"},{"taxonomy":"product_tag","embeddable":true,"href":"https:\/\/veho-lifestyle.ca\/fr\/wp-json\/wp\/v2\/product_tag?post=4234"}],"curies":[{"name":"wp","href":"https:\/\/api.w.org\/{rel}","templated":true}]}}