{"id":4230,"date":"2023-01-19T17:43:24","date_gmt":"2023-01-19T22:43:24","guid":{"rendered":"https:\/\/veho-lifestyle.ca\/product\/tubevac-mini-aspirateur-sans-fil\/"},"modified":"2025-02-05T12:30:35","modified_gmt":"2025-02-05T17:30:35","slug":"tubevac-mini-aspirateur-sans-fil","status":"publish","type":"product","link":"https:\/\/veho-lifestyle.ca\/fr\/product\/tubevac-mini-aspirateur-sans-fil\/","title":{"rendered":"Tubevac Mini Aspirateur sans fil"},"content":{"rendered":"<div class=\"wp-content wp-content--product\"><p>Le mini aspirateur sans fil Veho Tubevac est un aspirateur l\u00e9ger con\u00e7u pour \u00eatre utilis\u00e9 \u00e0 la maison, en voiture et en voyage. Avec 5500pa de puissance d\u2019aspiration et un temps d\u2019ex\u00e9cution de 18 minutes, il est polyvalent dans de nombreux environnements. Le Tubevac est compatible USB-C et dispose d\u2019un flexi \u00e0 longue port\u00e9e et de fixations de brosse fixes.  <\/p>\n<\/div>","protected":false},"excerpt":{"rendered":"<ul>\n<li>Design polyvalent id\u00e9al pour la maison, la voiture et les voyages<\/li>\n<li>5500pa de puissance d\u2019aspiration et un temps d\u2019ex\u00e9cution de 18 minutes<\/li>\n<li>L\u00e9ger et sans fil<\/li>\n<\/ul>\n","protected":false},"featured_media":3742,"comment_status":"open","ping_status":"closed","template":"","meta":{"inline_featured_image":false},"product_brand":[],"product_cat":[147],"product_tag":[],"class_list":{"0":"post-4230","1":"product","2":"type-product","3":"status-publish","4":"has-post-thumbnail","6":"product_cat-tubevac-fr","8":"first","9":"instock","10":"shipping-taxable","11":"purchasable","12":"product-type-simple"},"acf":[],"yoast_head":"<!-- This site is optimized with the Yoast SEO plugin v27.5 - https:\/\/yoast.com\/product\/yoast-seo-wordpress\/ -->\n<title>Tubevac Mini Aspirateur sans fil<\/title>\n<meta name=\"description\" content=\"Le mini aspirateur sans fil Veho Tubevac est un aspirateur l\u00e9ger con\u00e7u pour \u00eatre utilis\u00e9 autour de la maison, de la voiture et des d\u00e9placements. Jusqu\u2019\u00e0 18 minutes de temps d\u2019ex\u00e9cution.\" \/>\n<meta name=\"robots\" content=\"index, follow, max-snippet:-1, max-image-preview:large, max-video-preview:-1\" \/>\n<link rel=\"canonical\" href=\"https:\/\/veho-lifestyle.ca\/fr\/product\/tubevac-mini-aspirateur-sans-fil\/\" \/>\n<meta property=\"og:locale\" content=\"fr_FR\" \/>\n<meta property=\"og:type\" content=\"article\" \/>\n<meta property=\"og:title\" content=\"Tubevac Mini Aspirateur sans fil\" \/>\n<meta property=\"og:description\" content=\"Le mini aspirateur sans fil Veho Tubevac est un aspirateur l\u00e9ger con\u00e7u pour \u00eatre utilis\u00e9 autour de la maison, de la voiture et des d\u00e9placements. Jusqu\u2019\u00e0 18 minutes de temps d\u2019ex\u00e9cution.\" \/>\n<meta property=\"og:url\" content=\"https:\/\/veho-lifestyle.ca\/fr\/product\/tubevac-mini-aspirateur-sans-fil\/\" \/>\n<meta property=\"og:site_name\" content=\"Boutique Veho Lifestyle Canada\" \/>\n<meta property=\"article:modified_time\" content=\"2025-02-05T17:30:35+00:00\" \/>\n<meta property=\"og:image\" content=\"https:\/\/veho-lifestyle.ca\/wp-content\/uploads\/2023\/01\/tubevac_hero2.png\" \/>\n\t<meta property=\"og:image:width\" content=\"620\" \/>\n\t<meta property=\"og:image:height\" content=\"620\" \/>\n\t<meta property=\"og:image:type\" content=\"image\/png\" \/>\n<meta name=\"twitter:card\" content=\"summary_large_image\" \/>\n<script type=\"application\/ld+json\" class=\"yoast-schema-graph\">{\"@context\":\"https:\\\/\\\/schema.org\",\"@graph\":[{\"@type\":\"WebPage\",\"@id\":\"https:\\\/\\\/veho-lifestyle.ca\\\/fr\\\/product\\\/tubevac-mini-aspirateur-sans-fil\\\/\",\"url\":\"https:\\\/\\\/veho-lifestyle.ca\\\/fr\\\/product\\\/tubevac-mini-aspirateur-sans-fil\\\/\",\"name\":\"Tubevac Mini Aspirateur sans fil\",\"isPartOf\":{\"@id\":\"https:\\\/\\\/veho-lifestyle.ca\\\/fr\\\/#website\"},\"primaryImageOfPage\":{\"@id\":\"https:\\\/\\\/veho-lifestyle.ca\\\/fr\\\/product\\\/tubevac-mini-aspirateur-sans-fil\\\/#primaryimage\"},\"image\":{\"@id\":\"https:\\\/\\\/veho-lifestyle.ca\\\/fr\\\/product\\\/tubevac-mini-aspirateur-sans-fil\\\/#primaryimage\"},\"thumbnailUrl\":\"https:\\\/\\\/veho-lifestyle.ca\\\/wp-content\\\/uploads\\\/2023\\\/01\\\/tubevac_hero2.png\",\"datePublished\":\"2023-01-19T22:43:24+00:00\",\"dateModified\":\"2025-02-05T17:30:35+00:00\",\"description\":\"Le mini aspirateur sans fil Veho Tubevac est un aspirateur l\u00e9ger con\u00e7u pour \u00eatre utilis\u00e9 autour de la maison, de la voiture et des d\u00e9placements. Jusqu\u2019\u00e0 18 minutes de temps d\u2019ex\u00e9cution.\",\"breadcrumb\":{\"@id\":\"https:\\\/\\\/veho-lifestyle.ca\\\/fr\\\/product\\\/tubevac-mini-aspirateur-sans-fil\\\/#breadcrumb\"},\"inLanguage\":\"fr-FR\",\"potentialAction\":[{\"@type\":\"ReadAction\",\"target\":[\"https:\\\/\\\/veho-lifestyle.ca\\\/fr\\\/product\\\/tubevac-mini-aspirateur-sans-fil\\\/\"]}]},{\"@type\":\"ImageObject\",\"inLanguage\":\"fr-FR\",\"@id\":\"https:\\\/\\\/veho-lifestyle.ca\\\/fr\\\/product\\\/tubevac-mini-aspirateur-sans-fil\\\/#primaryimage\",\"url\":\"https:\\\/\\\/veho-lifestyle.ca\\\/wp-content\\\/uploads\\\/2023\\\/01\\\/tubevac_hero2.png\",\"contentUrl\":\"https:\\\/\\\/veho-lifestyle.ca\\\/wp-content\\\/uploads\\\/2023\\\/01\\\/tubevac_hero2.png\",\"width\":620,\"height\":620},{\"@type\":\"BreadcrumbList\",\"@id\":\"https:\\\/\\\/veho-lifestyle.ca\\\/fr\\\/product\\\/tubevac-mini-aspirateur-sans-fil\\\/#breadcrumb\",\"itemListElement\":[{\"@type\":\"ListItem\",\"position\":1,\"name\":\"Home\",\"item\":\"https:\\\/\\\/veho-lifestyle.ca\\\/fr\\\/\"},{\"@type\":\"ListItem\",\"position\":2,\"name\":\"Magasinez\",\"item\":\"https:\\\/\\\/veho-lifestyle.ca\\\/fr\\\/boutique\\\/\"},{\"@type\":\"ListItem\",\"position\":3,\"name\":\"Tubevac Mini Aspirateur sans fil\"}]},{\"@type\":\"WebSite\",\"@id\":\"https:\\\/\\\/veho-lifestyle.ca\\\/fr\\\/#website\",\"url\":\"https:\\\/\\\/veho-lifestyle.ca\\\/fr\\\/\",\"name\":\"Boutique Veho Lifestyle Canada\",\"description\":\"\u00c9lectronique grand public con\u00e7ue au Royaume-Uni\",\"potentialAction\":[{\"@type\":\"SearchAction\",\"target\":{\"@type\":\"EntryPoint\",\"urlTemplate\":\"https:\\\/\\\/veho-lifestyle.ca\\\/fr\\\/?s={search_term_string}\"},\"query-input\":{\"@type\":\"PropertyValueSpecification\",\"valueRequired\":true,\"valueName\":\"search_term_string\"}}],\"inLanguage\":\"fr-FR\"}]}<\/script>\n<!-- \/ Yoast SEO plugin. -->","yoast_head_json":{"title":"Tubevac Mini Aspirateur sans fil","description":"Le mini aspirateur sans fil Veho Tubevac est un aspirateur l\u00e9ger con\u00e7u pour \u00eatre utilis\u00e9 autour de la maison, de la voiture et des d\u00e9placements. Jusqu\u2019\u00e0 18 minutes de temps d\u2019ex\u00e9cution.","robots":{"index":"index","follow":"follow","max-snippet":"max-snippet:-1","max-image-preview":"max-image-preview:large","max-video-preview":"max-video-preview:-1"},"canonical":"https:\/\/veho-lifestyle.ca\/fr\/product\/tubevac-mini-aspirateur-sans-fil\/","og_locale":"fr_FR","og_type":"article","og_title":"Tubevac Mini Aspirateur sans fil","og_description":"Le mini aspirateur sans fil Veho Tubevac est un aspirateur l\u00e9ger con\u00e7u pour \u00eatre utilis\u00e9 autour de la maison, de la voiture et des d\u00e9placements. Jusqu\u2019\u00e0 18 minutes de temps d\u2019ex\u00e9cution.","og_url":"https:\/\/veho-lifestyle.ca\/fr\/product\/tubevac-mini-aspirateur-sans-fil\/","og_site_name":"Boutique Veho Lifestyle Canada","article_modified_time":"2025-02-05T17:30:35+00:00","og_image":[{"width":620,"height":620,"url":"https:\/\/veho-lifestyle.ca\/wp-content\/uploads\/2023\/01\/tubevac_hero2.png","type":"image\/png"}],"twitter_card":"summary_large_image","schema":{"@context":"https:\/\/schema.org","@graph":[{"@type":"WebPage","@id":"https:\/\/veho-lifestyle.ca\/fr\/product\/tubevac-mini-aspirateur-sans-fil\/","url":"https:\/\/veho-lifestyle.ca\/fr\/product\/tubevac-mini-aspirateur-sans-fil\/","name":"Tubevac Mini Aspirateur sans fil","isPartOf":{"@id":"https:\/\/veho-lifestyle.ca\/fr\/#website"},"primaryImageOfPage":{"@id":"https:\/\/veho-lifestyle.ca\/fr\/product\/tubevac-mini-aspirateur-sans-fil\/#primaryimage"},"image":{"@id":"https:\/\/veho-lifestyle.ca\/fr\/product\/tubevac-mini-aspirateur-sans-fil\/#primaryimage"},"thumbnailUrl":"https:\/\/veho-lifestyle.ca\/wp-content\/uploads\/2023\/01\/tubevac_hero2.png","datePublished":"2023-01-19T22:43:24+00:00","dateModified":"2025-02-05T17:30:35+00:00","description":"Le mini aspirateur sans fil Veho Tubevac est un aspirateur l\u00e9ger con\u00e7u pour \u00eatre utilis\u00e9 autour de la maison, de la voiture et des d\u00e9placements. Jusqu\u2019\u00e0 18 minutes de temps d\u2019ex\u00e9cution.","breadcrumb":{"@id":"https:\/\/veho-lifestyle.ca\/fr\/product\/tubevac-mini-aspirateur-sans-fil\/#breadcrumb"},"inLanguage":"fr-FR","potentialAction":[{"@type":"ReadAction","target":["https:\/\/veho-lifestyle.ca\/fr\/product\/tubevac-mini-aspirateur-sans-fil\/"]}]},{"@type":"ImageObject","inLanguage":"fr-FR","@id":"https:\/\/veho-lifestyle.ca\/fr\/product\/tubevac-mini-aspirateur-sans-fil\/#primaryimage","url":"https:\/\/veho-lifestyle.ca\/wp-content\/uploads\/2023\/01\/tubevac_hero2.png","contentUrl":"https:\/\/veho-lifestyle.ca\/wp-content\/uploads\/2023\/01\/tubevac_hero2.png","width":620,"height":620},{"@type":"BreadcrumbList","@id":"https:\/\/veho-lifestyle.ca\/fr\/product\/tubevac-mini-aspirateur-sans-fil\/#breadcrumb","itemListElement":[{"@type":"ListItem","position":1,"name":"Home","item":"https:\/\/veho-lifestyle.ca\/fr\/"},{"@type":"ListItem","position":2,"name":"Magasinez","item":"https:\/\/veho-lifestyle.ca\/fr\/boutique\/"},{"@type":"ListItem","position":3,"name":"Tubevac Mini Aspirateur sans fil"}]},{"@type":"WebSite","@id":"https:\/\/veho-lifestyle.ca\/fr\/#website","url":"https:\/\/veho-lifestyle.ca\/fr\/","name":"Boutique Veho Lifestyle Canada","description":"\u00c9lectronique grand public con\u00e7ue au Royaume-Uni","potentialAction":[{"@type":"SearchAction","target":{"@type":"EntryPoint","urlTemplate":"https:\/\/veho-lifestyle.ca\/fr\/?s={search_term_string}"},"query-input":{"@type":"PropertyValueSpecification","valueRequired":true,"valueName":"search_term_string"}}],"inLanguage":"fr-FR"}]}},"jetpack_sharing_enabled":true,"_links":{"self":[{"href":"https:\/\/veho-lifestyle.ca\/fr\/wp-json\/wp\/v2\/product\/4230","targetHints":{"allow":["GET"]}}],"collection":[{"href":"https:\/\/veho-lifestyle.ca\/fr\/wp-json\/wp\/v2\/product"}],"about":[{"href":"https:\/\/veho-lifestyle.ca\/fr\/wp-json\/wp\/v2\/types\/product"}],"replies":[{"embeddable":true,"href":"https:\/\/veho-lifestyle.ca\/fr\/wp-json\/wp\/v2\/comments?post=4230"}],"wp:featuredmedia":[{"embeddable":true,"href":"https:\/\/veho-lifestyle.ca\/fr\/wp-json\/wp\/v2\/media\/3742"}],"wp:attachment":[{"href":"https:\/\/veho-lifestyle.ca\/fr\/wp-json\/wp\/v2\/media?parent=4230"}],"wp:term":[{"taxonomy":"product_brand","embeddable":true,"href":"https:\/\/veho-lifestyle.ca\/fr\/wp-json\/wp\/v2\/product_brand?post=4230"},{"taxonomy":"product_cat","embeddable":true,"href":"https:\/\/veho-lifestyle.ca\/fr\/wp-json\/wp\/v2\/product_cat?post=4230"},{"taxonomy":"product_tag","embeddable":true,"href":"https:\/\/veho-lifestyle.ca\/fr\/wp-json\/wp\/v2\/product_tag?post=4230"}],"curies":[{"name":"wp","href":"https:\/\/api.w.org\/{rel}","templated":true}]}}