{"id":4229,"date":"2023-02-27T12:53:58","date_gmt":"2023-02-27T17:53:58","guid":{"rendered":"https:\/\/veho-lifestyle.ca\/product\/casque-sans-fil-zb-7-a-reduction-du-bruit\/"},"modified":"2025-08-27T12:09:19","modified_gmt":"2025-08-27T16:09:19","slug":"casque-sans-fil-zb-7-a-reduction-du-bruit","status":"publish","type":"product","link":"https:\/\/veho-lifestyle.ca\/fr\/product\/casque-sans-fil-zb-7-a-reduction-du-bruit\/","title":{"rendered":"Casque sans fil ZB-7 \u00e0 r\u00e9duction du bruit"},"content":{"rendered":"<div class=\"wp-content wp-content--product\"><p>Les \u00e9couteurs sans fil \u00e0 r\u00e9duction du bruit Veho ZB-7 vous permettent de vous immerger davantage dans votre musique. Annulation active du bruit avanc\u00e9e (ANC). Le style supra-auriculaire, avec des coussinets d&rsquo;oreille ultra doux, vous permet d&rsquo;\u00e9couter toute la journ\u00e9e. Le Bluetooth 5.0 \u00e0 faible consommation d&rsquo;\u00e9nergie offre une dur\u00e9e de lecture prolong\u00e9e jusqu&rsquo;\u00e0 32 heures avec une seule charge, parfait pour les d\u00e9placements et les voyages.   <\/p>\n<\/div>","protected":false},"excerpt":{"rendered":"<ul>\n<li>Haut-parleurs bic\u0153urs premium de 40 mm<\/li>\n<li>Jusqu\u2019\u00e0 32 heures de temps de jeu continu<\/li>\n<li>R\u00e9duction active du bruit (ANC)<\/li>\n<\/ul>\n","protected":false},"featured_media":3771,"comment_status":"open","ping_status":"closed","template":"","meta":{"inline_featured_image":false},"product_brand":[],"product_cat":[157],"product_tag":[],"class_list":{"0":"post-4229","1":"product","2":"type-product","3":"status-publish","4":"has-post-thumbnail","6":"product_cat-over-ear-wireless-fr","8":"first","9":"instock","10":"shipping-taxable","11":"purchasable","12":"product-type-simple"},"acf":[],"yoast_head":"<!-- This site is optimized with the Yoast SEO plugin v27.5 - https:\/\/yoast.com\/product\/yoast-seo-wordpress\/ -->\n<title>Casque sans fil ZB-7 \u00e0 r\u00e9duction du bruit<\/title>\n<meta name=\"description\" content=\"Les \u00e9couteurs sans fil Veho ZB-7 \u00e0 r\u00e9duction du bruit vous permettent de vous immerger davantage dans votre musique. Annulation active avanc\u00e9e du bruit (ANC).\" \/>\n<meta name=\"robots\" content=\"index, follow, max-snippet:-1, max-image-preview:large, max-video-preview:-1\" \/>\n<link rel=\"canonical\" href=\"https:\/\/veho-lifestyle.ca\/fr\/product\/casque-sans-fil-zb-7-a-reduction-du-bruit\/\" \/>\n<meta property=\"og:locale\" content=\"fr_FR\" \/>\n<meta property=\"og:type\" content=\"article\" \/>\n<meta property=\"og:title\" content=\"Casque sans fil ZB-7 \u00e0 r\u00e9duction du bruit\" \/>\n<meta property=\"og:description\" content=\"Les \u00e9couteurs sans fil Veho ZB-7 \u00e0 r\u00e9duction du bruit vous permettent de vous immerger davantage dans votre musique. Annulation active avanc\u00e9e du bruit (ANC).\" \/>\n<meta property=\"og:url\" content=\"https:\/\/veho-lifestyle.ca\/fr\/product\/casque-sans-fil-zb-7-a-reduction-du-bruit\/\" \/>\n<meta property=\"og:site_name\" content=\"Boutique Veho Lifestyle Canada\" \/>\n<meta property=\"article:modified_time\" content=\"2025-08-27T16:09:19+00:00\" \/>\n<meta property=\"og:image\" content=\"https:\/\/veho-lifestyle.ca\/wp-content\/uploads\/2023\/02\/zb7_2.png\" \/>\n\t<meta property=\"og:image:width\" content=\"620\" \/>\n\t<meta property=\"og:image:height\" content=\"620\" \/>\n\t<meta property=\"og:image:type\" content=\"image\/png\" \/>\n<meta name=\"twitter:card\" content=\"summary_large_image\" \/>\n<meta name=\"twitter:label1\" content=\"Dur\u00e9e de lecture estim\u00e9e\" \/>\n\t<meta name=\"twitter:data1\" content=\"1 minute\" \/>\n<script type=\"application\/ld+json\" class=\"yoast-schema-graph\">{\"@context\":\"https:\\\/\\\/schema.org\",\"@graph\":[{\"@type\":\"WebPage\",\"@id\":\"https:\\\/\\\/veho-lifestyle.ca\\\/fr\\\/product\\\/casque-sans-fil-zb-7-a-reduction-du-bruit\\\/\",\"url\":\"https:\\\/\\\/veho-lifestyle.ca\\\/fr\\\/product\\\/casque-sans-fil-zb-7-a-reduction-du-bruit\\\/\",\"name\":\"Casque sans fil ZB-7 \u00e0 r\u00e9duction du bruit\",\"isPartOf\":{\"@id\":\"https:\\\/\\\/veho-lifestyle.ca\\\/fr\\\/#website\"},\"primaryImageOfPage\":{\"@id\":\"https:\\\/\\\/veho-lifestyle.ca\\\/fr\\\/product\\\/casque-sans-fil-zb-7-a-reduction-du-bruit\\\/#primaryimage\"},\"image\":{\"@id\":\"https:\\\/\\\/veho-lifestyle.ca\\\/fr\\\/product\\\/casque-sans-fil-zb-7-a-reduction-du-bruit\\\/#primaryimage\"},\"thumbnailUrl\":\"https:\\\/\\\/veho-lifestyle.ca\\\/wp-content\\\/uploads\\\/2023\\\/02\\\/zb7_2.png\",\"datePublished\":\"2023-02-27T17:53:58+00:00\",\"dateModified\":\"2025-08-27T16:09:19+00:00\",\"description\":\"Les \u00e9couteurs sans fil Veho ZB-7 \u00e0 r\u00e9duction du bruit vous permettent de vous immerger davantage dans votre musique. Annulation active avanc\u00e9e du bruit (ANC).\",\"breadcrumb\":{\"@id\":\"https:\\\/\\\/veho-lifestyle.ca\\\/fr\\\/product\\\/casque-sans-fil-zb-7-a-reduction-du-bruit\\\/#breadcrumb\"},\"inLanguage\":\"fr-FR\",\"potentialAction\":[{\"@type\":\"ReadAction\",\"target\":[\"https:\\\/\\\/veho-lifestyle.ca\\\/fr\\\/product\\\/casque-sans-fil-zb-7-a-reduction-du-bruit\\\/\"]}]},{\"@type\":\"ImageObject\",\"inLanguage\":\"fr-FR\",\"@id\":\"https:\\\/\\\/veho-lifestyle.ca\\\/fr\\\/product\\\/casque-sans-fil-zb-7-a-reduction-du-bruit\\\/#primaryimage\",\"url\":\"https:\\\/\\\/veho-lifestyle.ca\\\/wp-content\\\/uploads\\\/2023\\\/02\\\/zb7_2.png\",\"contentUrl\":\"https:\\\/\\\/veho-lifestyle.ca\\\/wp-content\\\/uploads\\\/2023\\\/02\\\/zb7_2.png\",\"width\":620,\"height\":620},{\"@type\":\"BreadcrumbList\",\"@id\":\"https:\\\/\\\/veho-lifestyle.ca\\\/fr\\\/product\\\/casque-sans-fil-zb-7-a-reduction-du-bruit\\\/#breadcrumb\",\"itemListElement\":[{\"@type\":\"ListItem\",\"position\":1,\"name\":\"Home\",\"item\":\"https:\\\/\\\/veho-lifestyle.ca\\\/fr\\\/\"},{\"@type\":\"ListItem\",\"position\":2,\"name\":\"Magasinez\",\"item\":\"https:\\\/\\\/veho-lifestyle.ca\\\/fr\\\/boutique\\\/\"},{\"@type\":\"ListItem\",\"position\":3,\"name\":\"Casque sans fil ZB-7 \u00e0 r\u00e9duction du bruit\"}]},{\"@type\":\"WebSite\",\"@id\":\"https:\\\/\\\/veho-lifestyle.ca\\\/fr\\\/#website\",\"url\":\"https:\\\/\\\/veho-lifestyle.ca\\\/fr\\\/\",\"name\":\"Boutique Veho Lifestyle Canada\",\"description\":\"\u00c9lectronique grand public con\u00e7ue au Royaume-Uni\",\"potentialAction\":[{\"@type\":\"SearchAction\",\"target\":{\"@type\":\"EntryPoint\",\"urlTemplate\":\"https:\\\/\\\/veho-lifestyle.ca\\\/fr\\\/?s={search_term_string}\"},\"query-input\":{\"@type\":\"PropertyValueSpecification\",\"valueRequired\":true,\"valueName\":\"search_term_string\"}}],\"inLanguage\":\"fr-FR\"}]}<\/script>\n<!-- \/ Yoast SEO plugin. -->","yoast_head_json":{"title":"Casque sans fil ZB-7 \u00e0 r\u00e9duction du bruit","description":"Les \u00e9couteurs sans fil Veho ZB-7 \u00e0 r\u00e9duction du bruit vous permettent de vous immerger davantage dans votre musique. Annulation active avanc\u00e9e du bruit (ANC).","robots":{"index":"index","follow":"follow","max-snippet":"max-snippet:-1","max-image-preview":"max-image-preview:large","max-video-preview":"max-video-preview:-1"},"canonical":"https:\/\/veho-lifestyle.ca\/fr\/product\/casque-sans-fil-zb-7-a-reduction-du-bruit\/","og_locale":"fr_FR","og_type":"article","og_title":"Casque sans fil ZB-7 \u00e0 r\u00e9duction du bruit","og_description":"Les \u00e9couteurs sans fil Veho ZB-7 \u00e0 r\u00e9duction du bruit vous permettent de vous immerger davantage dans votre musique. Annulation active avanc\u00e9e du bruit (ANC).","og_url":"https:\/\/veho-lifestyle.ca\/fr\/product\/casque-sans-fil-zb-7-a-reduction-du-bruit\/","og_site_name":"Boutique Veho Lifestyle Canada","article_modified_time":"2025-08-27T16:09:19+00:00","og_image":[{"width":620,"height":620,"url":"https:\/\/veho-lifestyle.ca\/wp-content\/uploads\/2023\/02\/zb7_2.png","type":"image\/png"}],"twitter_card":"summary_large_image","twitter_misc":{"Dur\u00e9e de lecture estim\u00e9e":"1 minute"},"schema":{"@context":"https:\/\/schema.org","@graph":[{"@type":"WebPage","@id":"https:\/\/veho-lifestyle.ca\/fr\/product\/casque-sans-fil-zb-7-a-reduction-du-bruit\/","url":"https:\/\/veho-lifestyle.ca\/fr\/product\/casque-sans-fil-zb-7-a-reduction-du-bruit\/","name":"Casque sans fil ZB-7 \u00e0 r\u00e9duction du bruit","isPartOf":{"@id":"https:\/\/veho-lifestyle.ca\/fr\/#website"},"primaryImageOfPage":{"@id":"https:\/\/veho-lifestyle.ca\/fr\/product\/casque-sans-fil-zb-7-a-reduction-du-bruit\/#primaryimage"},"image":{"@id":"https:\/\/veho-lifestyle.ca\/fr\/product\/casque-sans-fil-zb-7-a-reduction-du-bruit\/#primaryimage"},"thumbnailUrl":"https:\/\/veho-lifestyle.ca\/wp-content\/uploads\/2023\/02\/zb7_2.png","datePublished":"2023-02-27T17:53:58+00:00","dateModified":"2025-08-27T16:09:19+00:00","description":"Les \u00e9couteurs sans fil Veho ZB-7 \u00e0 r\u00e9duction du bruit vous permettent de vous immerger davantage dans votre musique. Annulation active avanc\u00e9e du bruit (ANC).","breadcrumb":{"@id":"https:\/\/veho-lifestyle.ca\/fr\/product\/casque-sans-fil-zb-7-a-reduction-du-bruit\/#breadcrumb"},"inLanguage":"fr-FR","potentialAction":[{"@type":"ReadAction","target":["https:\/\/veho-lifestyle.ca\/fr\/product\/casque-sans-fil-zb-7-a-reduction-du-bruit\/"]}]},{"@type":"ImageObject","inLanguage":"fr-FR","@id":"https:\/\/veho-lifestyle.ca\/fr\/product\/casque-sans-fil-zb-7-a-reduction-du-bruit\/#primaryimage","url":"https:\/\/veho-lifestyle.ca\/wp-content\/uploads\/2023\/02\/zb7_2.png","contentUrl":"https:\/\/veho-lifestyle.ca\/wp-content\/uploads\/2023\/02\/zb7_2.png","width":620,"height":620},{"@type":"BreadcrumbList","@id":"https:\/\/veho-lifestyle.ca\/fr\/product\/casque-sans-fil-zb-7-a-reduction-du-bruit\/#breadcrumb","itemListElement":[{"@type":"ListItem","position":1,"name":"Home","item":"https:\/\/veho-lifestyle.ca\/fr\/"},{"@type":"ListItem","position":2,"name":"Magasinez","item":"https:\/\/veho-lifestyle.ca\/fr\/boutique\/"},{"@type":"ListItem","position":3,"name":"Casque sans fil ZB-7 \u00e0 r\u00e9duction du bruit"}]},{"@type":"WebSite","@id":"https:\/\/veho-lifestyle.ca\/fr\/#website","url":"https:\/\/veho-lifestyle.ca\/fr\/","name":"Boutique Veho Lifestyle Canada","description":"\u00c9lectronique grand public con\u00e7ue au Royaume-Uni","potentialAction":[{"@type":"SearchAction","target":{"@type":"EntryPoint","urlTemplate":"https:\/\/veho-lifestyle.ca\/fr\/?s={search_term_string}"},"query-input":{"@type":"PropertyValueSpecification","valueRequired":true,"valueName":"search_term_string"}}],"inLanguage":"fr-FR"}]}},"jetpack_sharing_enabled":true,"_links":{"self":[{"href":"https:\/\/veho-lifestyle.ca\/fr\/wp-json\/wp\/v2\/product\/4229","targetHints":{"allow":["GET"]}}],"collection":[{"href":"https:\/\/veho-lifestyle.ca\/fr\/wp-json\/wp\/v2\/product"}],"about":[{"href":"https:\/\/veho-lifestyle.ca\/fr\/wp-json\/wp\/v2\/types\/product"}],"replies":[{"embeddable":true,"href":"https:\/\/veho-lifestyle.ca\/fr\/wp-json\/wp\/v2\/comments?post=4229"}],"wp:featuredmedia":[{"embeddable":true,"href":"https:\/\/veho-lifestyle.ca\/fr\/wp-json\/wp\/v2\/media\/3771"}],"wp:attachment":[{"href":"https:\/\/veho-lifestyle.ca\/fr\/wp-json\/wp\/v2\/media?parent=4229"}],"wp:term":[{"taxonomy":"product_brand","embeddable":true,"href":"https:\/\/veho-lifestyle.ca\/fr\/wp-json\/wp\/v2\/product_brand?post=4229"},{"taxonomy":"product_cat","embeddable":true,"href":"https:\/\/veho-lifestyle.ca\/fr\/wp-json\/wp\/v2\/product_cat?post=4229"},{"taxonomy":"product_tag","embeddable":true,"href":"https:\/\/veho-lifestyle.ca\/fr\/wp-json\/wp\/v2\/product_tag?post=4229"}],"curies":[{"name":"wp","href":"https:\/\/api.w.org\/{rel}","templated":true}]}}