{"id":4223,"date":"2024-01-04T16:50:40","date_gmt":"2024-01-04T21:50:40","guid":{"rendered":"https:\/\/veho-lifestyle.ca\/product\/veho-ta-10-universal-in-car-smartphone-socle-de-charge-sans-fil\/"},"modified":"2025-02-05T11:35:29","modified_gmt":"2025-02-05T16:35:29","slug":"veho-ta-10-universal-in-car-smartphone-socle-de-charge-sans-fil","status":"publish","type":"product","link":"https:\/\/veho-lifestyle.ca\/fr\/product\/veho-ta-10-universal-in-car-smartphone-socle-de-charge-sans-fil\/","title":{"rendered":"Veho TA-10 Universal in-car smartphone socle de charge sans fil"},"content":{"rendered":"<div class=\"wp-content wp-content--product\"><p>Le porte-smartphone universel Veho TA-10 avec charge sans fil Qi est dot\u00e9 d\u2019un fermoir automatique et d\u2019un d\u00e9verrouillage \u00e0 une seule touche pour une utilisation \u00e0 une seule main. Le berceau peut \u00eatre mont\u00e9 \u00e0 l\u2019aide du tableau de bord \/ support de pare-brise ou du support de ventilation d\u2019air et comprend un c\u00e2ble extra long et des clips de gestion de c\u00e2ble. Le TA10 est enti\u00e8rement r\u00e9glable avec une rotation de 360 degr\u00e9s pour une visualisation et un acc\u00e8s optimaux. Compatible avec la plupart des smartphones, y compris Apple et Samsung, avec la technologie sans fil Qi jusqu\u2019\u00e0 15W.   <\/p>\n<\/div>","protected":false},"excerpt":{"rendered":"<ul>\n<li>Qi charge rapide jusqu\u2019\u00e0 15W<\/li>\n<li>Fermoir automatique pour un fonctionnement \u00e0 une seule main<\/li>\n<li>Clips de gestion de c\u00e2bles et de c\u00e2bles extra-longs<\/li>\n<li>Pare-brise et supports d\u2019a\u00e9ration<\/li>\n<\/ul>\n","protected":false},"featured_media":3881,"comment_status":"closed","ping_status":"closed","template":"","meta":{"inline_featured_image":false},"product_brand":[],"product_cat":[128],"product_tag":[],"class_list":{"0":"post-4223","1":"product","2":"type-product","3":"status-publish","4":"has-post-thumbnail","6":"product_cat-hubs-chargers-fr","8":"first","9":"instock","10":"shipping-taxable","11":"purchasable","12":"product-type-simple"},"acf":[],"yoast_head":"<!-- This site is optimized with the Yoast SEO plugin v27.5 - https:\/\/yoast.com\/product\/yoast-seo-wordpress\/ -->\n<title>Veho TA-10 Universal in-car smartphone socle de charge sans fil<\/title>\n<meta name=\"description\" content=\"Le support de smartphone universel Veho TA-10 dans la voiture avec charge sans fil Qi avec fermoir automatique et une lib\u00e9ration d\u2019une seule touche pour une utilisation en solo.\" \/>\n<meta name=\"robots\" content=\"index, follow, max-snippet:-1, max-image-preview:large, max-video-preview:-1\" \/>\n<link rel=\"canonical\" href=\"https:\/\/veho-lifestyle.ca\/fr\/product\/veho-ta-10-universal-in-car-smartphone-socle-de-charge-sans-fil\/\" \/>\n<meta property=\"og:locale\" content=\"fr_FR\" \/>\n<meta property=\"og:type\" content=\"article\" \/>\n<meta property=\"og:title\" content=\"Veho TA-10 Universal in-car smartphone socle de charge sans fil\" \/>\n<meta property=\"og:description\" content=\"Le support de smartphone universel Veho TA-10 dans la voiture avec charge sans fil Qi avec fermoir automatique et une lib\u00e9ration d\u2019une seule touche pour une utilisation en solo.\" \/>\n<meta property=\"og:url\" content=\"https:\/\/veho-lifestyle.ca\/fr\/product\/veho-ta-10-universal-in-car-smartphone-socle-de-charge-sans-fil\/\" \/>\n<meta property=\"og:site_name\" content=\"Boutique Veho Lifestyle Canada\" \/>\n<meta property=\"article:modified_time\" content=\"2025-02-05T16:35:29+00:00\" \/>\n<meta property=\"og:image\" content=\"https:\/\/veho-lifestyle.ca\/wp-content\/uploads\/2024\/01\/ta10_hero.png\" \/>\n\t<meta property=\"og:image:width\" content=\"620\" \/>\n\t<meta property=\"og:image:height\" content=\"620\" \/>\n\t<meta property=\"og:image:type\" content=\"image\/png\" \/>\n<meta name=\"twitter:card\" content=\"summary_large_image\" \/>\n<meta name=\"twitter:label1\" content=\"Dur\u00e9e de lecture estim\u00e9e\" \/>\n\t<meta name=\"twitter:data1\" content=\"1 minute\" \/>\n<script type=\"application\/ld+json\" class=\"yoast-schema-graph\">{\"@context\":\"https:\\\/\\\/schema.org\",\"@graph\":[{\"@type\":\"WebPage\",\"@id\":\"https:\\\/\\\/veho-lifestyle.ca\\\/fr\\\/product\\\/veho-ta-10-universal-in-car-smartphone-socle-de-charge-sans-fil\\\/\",\"url\":\"https:\\\/\\\/veho-lifestyle.ca\\\/fr\\\/product\\\/veho-ta-10-universal-in-car-smartphone-socle-de-charge-sans-fil\\\/\",\"name\":\"Veho TA-10 Universal in-car smartphone socle de charge sans fil\",\"isPartOf\":{\"@id\":\"https:\\\/\\\/veho-lifestyle.ca\\\/fr\\\/#website\"},\"primaryImageOfPage\":{\"@id\":\"https:\\\/\\\/veho-lifestyle.ca\\\/fr\\\/product\\\/veho-ta-10-universal-in-car-smartphone-socle-de-charge-sans-fil\\\/#primaryimage\"},\"image\":{\"@id\":\"https:\\\/\\\/veho-lifestyle.ca\\\/fr\\\/product\\\/veho-ta-10-universal-in-car-smartphone-socle-de-charge-sans-fil\\\/#primaryimage\"},\"thumbnailUrl\":\"https:\\\/\\\/veho-lifestyle.ca\\\/wp-content\\\/uploads\\\/2024\\\/01\\\/ta10_hero.png\",\"datePublished\":\"2024-01-04T21:50:40+00:00\",\"dateModified\":\"2025-02-05T16:35:29+00:00\",\"description\":\"Le support de smartphone universel Veho TA-10 dans la voiture avec charge sans fil Qi avec fermoir automatique et une lib\u00e9ration d\u2019une seule touche pour une utilisation en solo.\",\"breadcrumb\":{\"@id\":\"https:\\\/\\\/veho-lifestyle.ca\\\/fr\\\/product\\\/veho-ta-10-universal-in-car-smartphone-socle-de-charge-sans-fil\\\/#breadcrumb\"},\"inLanguage\":\"fr-FR\",\"potentialAction\":[{\"@type\":\"ReadAction\",\"target\":[\"https:\\\/\\\/veho-lifestyle.ca\\\/fr\\\/product\\\/veho-ta-10-universal-in-car-smartphone-socle-de-charge-sans-fil\\\/\"]}]},{\"@type\":\"ImageObject\",\"inLanguage\":\"fr-FR\",\"@id\":\"https:\\\/\\\/veho-lifestyle.ca\\\/fr\\\/product\\\/veho-ta-10-universal-in-car-smartphone-socle-de-charge-sans-fil\\\/#primaryimage\",\"url\":\"https:\\\/\\\/veho-lifestyle.ca\\\/wp-content\\\/uploads\\\/2024\\\/01\\\/ta10_hero.png\",\"contentUrl\":\"https:\\\/\\\/veho-lifestyle.ca\\\/wp-content\\\/uploads\\\/2024\\\/01\\\/ta10_hero.png\",\"width\":620,\"height\":620},{\"@type\":\"BreadcrumbList\",\"@id\":\"https:\\\/\\\/veho-lifestyle.ca\\\/fr\\\/product\\\/veho-ta-10-universal-in-car-smartphone-socle-de-charge-sans-fil\\\/#breadcrumb\",\"itemListElement\":[{\"@type\":\"ListItem\",\"position\":1,\"name\":\"Home\",\"item\":\"https:\\\/\\\/veho-lifestyle.ca\\\/fr\\\/\"},{\"@type\":\"ListItem\",\"position\":2,\"name\":\"Magasinez\",\"item\":\"https:\\\/\\\/veho-lifestyle.ca\\\/fr\\\/boutique\\\/\"},{\"@type\":\"ListItem\",\"position\":3,\"name\":\"Veho TA-10 Universal in-car smartphone socle de charge sans fil\"}]},{\"@type\":\"WebSite\",\"@id\":\"https:\\\/\\\/veho-lifestyle.ca\\\/fr\\\/#website\",\"url\":\"https:\\\/\\\/veho-lifestyle.ca\\\/fr\\\/\",\"name\":\"Boutique Veho Lifestyle Canada\",\"description\":\"\u00c9lectronique grand public con\u00e7ue au Royaume-Uni\",\"potentialAction\":[{\"@type\":\"SearchAction\",\"target\":{\"@type\":\"EntryPoint\",\"urlTemplate\":\"https:\\\/\\\/veho-lifestyle.ca\\\/fr\\\/?s={search_term_string}\"},\"query-input\":{\"@type\":\"PropertyValueSpecification\",\"valueRequired\":true,\"valueName\":\"search_term_string\"}}],\"inLanguage\":\"fr-FR\"}]}<\/script>\n<!-- \/ Yoast SEO plugin. -->","yoast_head_json":{"title":"Veho TA-10 Universal in-car smartphone socle de charge sans fil","description":"Le support de smartphone universel Veho TA-10 dans la voiture avec charge sans fil Qi avec fermoir automatique et une lib\u00e9ration d\u2019une seule touche pour une utilisation en solo.","robots":{"index":"index","follow":"follow","max-snippet":"max-snippet:-1","max-image-preview":"max-image-preview:large","max-video-preview":"max-video-preview:-1"},"canonical":"https:\/\/veho-lifestyle.ca\/fr\/product\/veho-ta-10-universal-in-car-smartphone-socle-de-charge-sans-fil\/","og_locale":"fr_FR","og_type":"article","og_title":"Veho TA-10 Universal in-car smartphone socle de charge sans fil","og_description":"Le support de smartphone universel Veho TA-10 dans la voiture avec charge sans fil Qi avec fermoir automatique et une lib\u00e9ration d\u2019une seule touche pour une utilisation en solo.","og_url":"https:\/\/veho-lifestyle.ca\/fr\/product\/veho-ta-10-universal-in-car-smartphone-socle-de-charge-sans-fil\/","og_site_name":"Boutique Veho Lifestyle Canada","article_modified_time":"2025-02-05T16:35:29+00:00","og_image":[{"width":620,"height":620,"url":"https:\/\/veho-lifestyle.ca\/wp-content\/uploads\/2024\/01\/ta10_hero.png","type":"image\/png"}],"twitter_card":"summary_large_image","twitter_misc":{"Dur\u00e9e de lecture estim\u00e9e":"1 minute"},"schema":{"@context":"https:\/\/schema.org","@graph":[{"@type":"WebPage","@id":"https:\/\/veho-lifestyle.ca\/fr\/product\/veho-ta-10-universal-in-car-smartphone-socle-de-charge-sans-fil\/","url":"https:\/\/veho-lifestyle.ca\/fr\/product\/veho-ta-10-universal-in-car-smartphone-socle-de-charge-sans-fil\/","name":"Veho TA-10 Universal in-car smartphone socle de charge sans fil","isPartOf":{"@id":"https:\/\/veho-lifestyle.ca\/fr\/#website"},"primaryImageOfPage":{"@id":"https:\/\/veho-lifestyle.ca\/fr\/product\/veho-ta-10-universal-in-car-smartphone-socle-de-charge-sans-fil\/#primaryimage"},"image":{"@id":"https:\/\/veho-lifestyle.ca\/fr\/product\/veho-ta-10-universal-in-car-smartphone-socle-de-charge-sans-fil\/#primaryimage"},"thumbnailUrl":"https:\/\/veho-lifestyle.ca\/wp-content\/uploads\/2024\/01\/ta10_hero.png","datePublished":"2024-01-04T21:50:40+00:00","dateModified":"2025-02-05T16:35:29+00:00","description":"Le support de smartphone universel Veho TA-10 dans la voiture avec charge sans fil Qi avec fermoir automatique et une lib\u00e9ration d\u2019une seule touche pour une utilisation en solo.","breadcrumb":{"@id":"https:\/\/veho-lifestyle.ca\/fr\/product\/veho-ta-10-universal-in-car-smartphone-socle-de-charge-sans-fil\/#breadcrumb"},"inLanguage":"fr-FR","potentialAction":[{"@type":"ReadAction","target":["https:\/\/veho-lifestyle.ca\/fr\/product\/veho-ta-10-universal-in-car-smartphone-socle-de-charge-sans-fil\/"]}]},{"@type":"ImageObject","inLanguage":"fr-FR","@id":"https:\/\/veho-lifestyle.ca\/fr\/product\/veho-ta-10-universal-in-car-smartphone-socle-de-charge-sans-fil\/#primaryimage","url":"https:\/\/veho-lifestyle.ca\/wp-content\/uploads\/2024\/01\/ta10_hero.png","contentUrl":"https:\/\/veho-lifestyle.ca\/wp-content\/uploads\/2024\/01\/ta10_hero.png","width":620,"height":620},{"@type":"BreadcrumbList","@id":"https:\/\/veho-lifestyle.ca\/fr\/product\/veho-ta-10-universal-in-car-smartphone-socle-de-charge-sans-fil\/#breadcrumb","itemListElement":[{"@type":"ListItem","position":1,"name":"Home","item":"https:\/\/veho-lifestyle.ca\/fr\/"},{"@type":"ListItem","position":2,"name":"Magasinez","item":"https:\/\/veho-lifestyle.ca\/fr\/boutique\/"},{"@type":"ListItem","position":3,"name":"Veho TA-10 Universal in-car smartphone socle de charge sans fil"}]},{"@type":"WebSite","@id":"https:\/\/veho-lifestyle.ca\/fr\/#website","url":"https:\/\/veho-lifestyle.ca\/fr\/","name":"Boutique Veho Lifestyle Canada","description":"\u00c9lectronique grand public con\u00e7ue au Royaume-Uni","potentialAction":[{"@type":"SearchAction","target":{"@type":"EntryPoint","urlTemplate":"https:\/\/veho-lifestyle.ca\/fr\/?s={search_term_string}"},"query-input":{"@type":"PropertyValueSpecification","valueRequired":true,"valueName":"search_term_string"}}],"inLanguage":"fr-FR"}]}},"jetpack_sharing_enabled":true,"_links":{"self":[{"href":"https:\/\/veho-lifestyle.ca\/fr\/wp-json\/wp\/v2\/product\/4223","targetHints":{"allow":["GET"]}}],"collection":[{"href":"https:\/\/veho-lifestyle.ca\/fr\/wp-json\/wp\/v2\/product"}],"about":[{"href":"https:\/\/veho-lifestyle.ca\/fr\/wp-json\/wp\/v2\/types\/product"}],"replies":[{"embeddable":true,"href":"https:\/\/veho-lifestyle.ca\/fr\/wp-json\/wp\/v2\/comments?post=4223"}],"wp:featuredmedia":[{"embeddable":true,"href":"https:\/\/veho-lifestyle.ca\/fr\/wp-json\/wp\/v2\/media\/3881"}],"wp:attachment":[{"href":"https:\/\/veho-lifestyle.ca\/fr\/wp-json\/wp\/v2\/media?parent=4223"}],"wp:term":[{"taxonomy":"product_brand","embeddable":true,"href":"https:\/\/veho-lifestyle.ca\/fr\/wp-json\/wp\/v2\/product_brand?post=4223"},{"taxonomy":"product_cat","embeddable":true,"href":"https:\/\/veho-lifestyle.ca\/fr\/wp-json\/wp\/v2\/product_cat?post=4223"},{"taxonomy":"product_tag","embeddable":true,"href":"https:\/\/veho-lifestyle.ca\/fr\/wp-json\/wp\/v2\/product_tag?post=4223"}],"curies":[{"name":"wp","href":"https:\/\/api.w.org\/{rel}","templated":true}]}}