{"id":4219,"date":"2024-04-30T10:41:48","date_gmt":"2024-04-30T14:41:48","guid":{"rendered":"https:\/\/veho-lifestyle.ca\/product\/casque-sans-fil-zb-4-neb-avec-microphone-blanc\/"},"modified":"2025-09-22T03:10:13","modified_gmt":"2025-09-22T07:10:13","slug":"casque-sans-fil-zb-4-neb-avec-microphone-blanc","status":"publish","type":"product","link":"https:\/\/veho-lifestyle.ca\/fr\/product\/casque-sans-fil-zb-4-neb-avec-microphone-blanc\/","title":{"rendered":"Casque sans fil ZB-4 NEB avec microphone &#8211; Blanc"},"content":{"rendered":"<div class=\"wp-content wp-content--product\"><p>Immergez-vous dans le monde de l\u2019audio avec les \u00e9couteurs sans fil Veho ZB-4 NEB. Dot\u00e9s de pilotes de 44 mm, ces \u00e9couteurs offrent un son puissant avec clart\u00e9 et basse. Avec Bluetooth v5.3, vous pouvez vous connecter sans effort \u00e0 vos appareils et profiter de la libert\u00e9 sans fil. La batterie de 500 mAh offre un temps de jeu impressionnant allant jusqu\u2019\u00e0 36 heures, assurant un plaisir musical ininterrompu en d\u00e9placement. Le port de charge USB-C offre une charge rapide et pratique, tandis que le design l\u00e9ger et portable \/ pliable rend ces \u00e9couteurs parfaits pour les voyages et une utilisation quotidienne. D\u00e9couvrez le confort, la durabilit\u00e9 et des performances audio exceptionnelles avec le casque Veho ZB-4.     <\/p>\n<\/div>","protected":false},"excerpt":{"rendered":"<ul>\n<li>Puissants pilotes de 44 mm<\/li>\n<li>Jusqu\u2019\u00e0 36 heures de temps de jeu continu<\/li>\n<li>Bluetooth v5.3<\/li>\n<\/ul>\n","protected":false},"featured_media":3917,"comment_status":"open","ping_status":"closed","template":"","meta":{"inline_featured_image":false},"product_brand":[],"product_cat":[157],"product_tag":[],"class_list":{"0":"post-4219","1":"product","2":"type-product","3":"status-publish","4":"has-post-thumbnail","6":"product_cat-over-ear-wireless-fr","8":"first","9":"instock","10":"shipping-taxable","11":"purchasable","12":"product-type-simple"},"acf":[],"yoast_head":"<!-- This site is optimized with the Yoast SEO plugin v27.5 - https:\/\/yoast.com\/product\/yoast-seo-wordpress\/ -->\n<title>Casque sans fil ZB-4 NEB avec microphone - Blanc<\/title>\n<meta name=\"description\" content=\"Immergez-vous dans le monde de l\u2019audio avec les \u00e9couteurs sans fil Veho ZB-4 NEB. Avec des pilotes 44 mm et Bluetooth v5.3.\" \/>\n<meta name=\"robots\" content=\"index, follow, max-snippet:-1, max-image-preview:large, max-video-preview:-1\" \/>\n<link rel=\"canonical\" href=\"https:\/\/veho-lifestyle.ca\/fr\/product\/casque-sans-fil-zb-4-neb-avec-microphone-blanc\/\" \/>\n<meta property=\"og:locale\" content=\"fr_FR\" \/>\n<meta property=\"og:type\" content=\"article\" \/>\n<meta property=\"og:title\" content=\"Casque sans fil ZB-4 NEB avec microphone - Blanc\" \/>\n<meta property=\"og:description\" content=\"Immergez-vous dans le monde de l\u2019audio avec les \u00e9couteurs sans fil Veho ZB-4 NEB. Avec des pilotes 44 mm et Bluetooth v5.3.\" \/>\n<meta property=\"og:url\" content=\"https:\/\/veho-lifestyle.ca\/fr\/product\/casque-sans-fil-zb-4-neb-avec-microphone-blanc\/\" \/>\n<meta property=\"og:site_name\" content=\"Boutique Veho Lifestyle Canada\" \/>\n<meta property=\"article:modified_time\" content=\"2025-09-22T07:10:13+00:00\" \/>\n<meta property=\"og:image\" content=\"https:\/\/veho-lifestyle.ca\/wp-content\/uploads\/2024\/04\/zb4w_2.png\" \/>\n\t<meta property=\"og:image:width\" content=\"620\" \/>\n\t<meta property=\"og:image:height\" content=\"620\" \/>\n\t<meta property=\"og:image:type\" content=\"image\/png\" \/>\n<meta name=\"twitter:card\" content=\"summary_large_image\" \/>\n<meta name=\"twitter:label1\" content=\"Dur\u00e9e de lecture estim\u00e9e\" \/>\n\t<meta name=\"twitter:data1\" content=\"1 minute\" \/>\n<script type=\"application\/ld+json\" class=\"yoast-schema-graph\">{\"@context\":\"https:\\\/\\\/schema.org\",\"@graph\":[{\"@type\":\"WebPage\",\"@id\":\"https:\\\/\\\/veho-lifestyle.ca\\\/fr\\\/product\\\/casque-sans-fil-zb-4-neb-avec-microphone-blanc\\\/\",\"url\":\"https:\\\/\\\/veho-lifestyle.ca\\\/fr\\\/product\\\/casque-sans-fil-zb-4-neb-avec-microphone-blanc\\\/\",\"name\":\"Casque sans fil ZB-4 NEB avec microphone - Blanc\",\"isPartOf\":{\"@id\":\"https:\\\/\\\/veho-lifestyle.ca\\\/fr\\\/#website\"},\"primaryImageOfPage\":{\"@id\":\"https:\\\/\\\/veho-lifestyle.ca\\\/fr\\\/product\\\/casque-sans-fil-zb-4-neb-avec-microphone-blanc\\\/#primaryimage\"},\"image\":{\"@id\":\"https:\\\/\\\/veho-lifestyle.ca\\\/fr\\\/product\\\/casque-sans-fil-zb-4-neb-avec-microphone-blanc\\\/#primaryimage\"},\"thumbnailUrl\":\"https:\\\/\\\/veho-lifestyle.ca\\\/wp-content\\\/uploads\\\/2024\\\/04\\\/zb4w_2.png\",\"datePublished\":\"2024-04-30T14:41:48+00:00\",\"dateModified\":\"2025-09-22T07:10:13+00:00\",\"description\":\"Immergez-vous dans le monde de l\u2019audio avec les \u00e9couteurs sans fil Veho ZB-4 NEB. Avec des pilotes 44 mm et Bluetooth v5.3.\",\"breadcrumb\":{\"@id\":\"https:\\\/\\\/veho-lifestyle.ca\\\/fr\\\/product\\\/casque-sans-fil-zb-4-neb-avec-microphone-blanc\\\/#breadcrumb\"},\"inLanguage\":\"fr-FR\",\"potentialAction\":[{\"@type\":\"ReadAction\",\"target\":[\"https:\\\/\\\/veho-lifestyle.ca\\\/fr\\\/product\\\/casque-sans-fil-zb-4-neb-avec-microphone-blanc\\\/\"]}]},{\"@type\":\"ImageObject\",\"inLanguage\":\"fr-FR\",\"@id\":\"https:\\\/\\\/veho-lifestyle.ca\\\/fr\\\/product\\\/casque-sans-fil-zb-4-neb-avec-microphone-blanc\\\/#primaryimage\",\"url\":\"https:\\\/\\\/veho-lifestyle.ca\\\/wp-content\\\/uploads\\\/2024\\\/04\\\/zb4w_2.png\",\"contentUrl\":\"https:\\\/\\\/veho-lifestyle.ca\\\/wp-content\\\/uploads\\\/2024\\\/04\\\/zb4w_2.png\",\"width\":620,\"height\":620},{\"@type\":\"BreadcrumbList\",\"@id\":\"https:\\\/\\\/veho-lifestyle.ca\\\/fr\\\/product\\\/casque-sans-fil-zb-4-neb-avec-microphone-blanc\\\/#breadcrumb\",\"itemListElement\":[{\"@type\":\"ListItem\",\"position\":1,\"name\":\"Home\",\"item\":\"https:\\\/\\\/veho-lifestyle.ca\\\/fr\\\/\"},{\"@type\":\"ListItem\",\"position\":2,\"name\":\"Magasinez\",\"item\":\"https:\\\/\\\/veho-lifestyle.ca\\\/fr\\\/boutique\\\/\"},{\"@type\":\"ListItem\",\"position\":3,\"name\":\"Casque sans fil ZB-4 NEB avec microphone &#8211; Blanc\"}]},{\"@type\":\"WebSite\",\"@id\":\"https:\\\/\\\/veho-lifestyle.ca\\\/fr\\\/#website\",\"url\":\"https:\\\/\\\/veho-lifestyle.ca\\\/fr\\\/\",\"name\":\"Boutique Veho Lifestyle Canada\",\"description\":\"\u00c9lectronique grand public con\u00e7ue au Royaume-Uni\",\"potentialAction\":[{\"@type\":\"SearchAction\",\"target\":{\"@type\":\"EntryPoint\",\"urlTemplate\":\"https:\\\/\\\/veho-lifestyle.ca\\\/fr\\\/?s={search_term_string}\"},\"query-input\":{\"@type\":\"PropertyValueSpecification\",\"valueRequired\":true,\"valueName\":\"search_term_string\"}}],\"inLanguage\":\"fr-FR\"}]}<\/script>\n<!-- \/ Yoast SEO plugin. -->","yoast_head_json":{"title":"Casque sans fil ZB-4 NEB avec microphone - Blanc","description":"Immergez-vous dans le monde de l\u2019audio avec les \u00e9couteurs sans fil Veho ZB-4 NEB. Avec des pilotes 44 mm et Bluetooth v5.3.","robots":{"index":"index","follow":"follow","max-snippet":"max-snippet:-1","max-image-preview":"max-image-preview:large","max-video-preview":"max-video-preview:-1"},"canonical":"https:\/\/veho-lifestyle.ca\/fr\/product\/casque-sans-fil-zb-4-neb-avec-microphone-blanc\/","og_locale":"fr_FR","og_type":"article","og_title":"Casque sans fil ZB-4 NEB avec microphone - Blanc","og_description":"Immergez-vous dans le monde de l\u2019audio avec les \u00e9couteurs sans fil Veho ZB-4 NEB. Avec des pilotes 44 mm et Bluetooth v5.3.","og_url":"https:\/\/veho-lifestyle.ca\/fr\/product\/casque-sans-fil-zb-4-neb-avec-microphone-blanc\/","og_site_name":"Boutique Veho Lifestyle Canada","article_modified_time":"2025-09-22T07:10:13+00:00","og_image":[{"width":620,"height":620,"url":"https:\/\/veho-lifestyle.ca\/wp-content\/uploads\/2024\/04\/zb4w_2.png","type":"image\/png"}],"twitter_card":"summary_large_image","twitter_misc":{"Dur\u00e9e de lecture estim\u00e9e":"1 minute"},"schema":{"@context":"https:\/\/schema.org","@graph":[{"@type":"WebPage","@id":"https:\/\/veho-lifestyle.ca\/fr\/product\/casque-sans-fil-zb-4-neb-avec-microphone-blanc\/","url":"https:\/\/veho-lifestyle.ca\/fr\/product\/casque-sans-fil-zb-4-neb-avec-microphone-blanc\/","name":"Casque sans fil ZB-4 NEB avec microphone - Blanc","isPartOf":{"@id":"https:\/\/veho-lifestyle.ca\/fr\/#website"},"primaryImageOfPage":{"@id":"https:\/\/veho-lifestyle.ca\/fr\/product\/casque-sans-fil-zb-4-neb-avec-microphone-blanc\/#primaryimage"},"image":{"@id":"https:\/\/veho-lifestyle.ca\/fr\/product\/casque-sans-fil-zb-4-neb-avec-microphone-blanc\/#primaryimage"},"thumbnailUrl":"https:\/\/veho-lifestyle.ca\/wp-content\/uploads\/2024\/04\/zb4w_2.png","datePublished":"2024-04-30T14:41:48+00:00","dateModified":"2025-09-22T07:10:13+00:00","description":"Immergez-vous dans le monde de l\u2019audio avec les \u00e9couteurs sans fil Veho ZB-4 NEB. Avec des pilotes 44 mm et Bluetooth v5.3.","breadcrumb":{"@id":"https:\/\/veho-lifestyle.ca\/fr\/product\/casque-sans-fil-zb-4-neb-avec-microphone-blanc\/#breadcrumb"},"inLanguage":"fr-FR","potentialAction":[{"@type":"ReadAction","target":["https:\/\/veho-lifestyle.ca\/fr\/product\/casque-sans-fil-zb-4-neb-avec-microphone-blanc\/"]}]},{"@type":"ImageObject","inLanguage":"fr-FR","@id":"https:\/\/veho-lifestyle.ca\/fr\/product\/casque-sans-fil-zb-4-neb-avec-microphone-blanc\/#primaryimage","url":"https:\/\/veho-lifestyle.ca\/wp-content\/uploads\/2024\/04\/zb4w_2.png","contentUrl":"https:\/\/veho-lifestyle.ca\/wp-content\/uploads\/2024\/04\/zb4w_2.png","width":620,"height":620},{"@type":"BreadcrumbList","@id":"https:\/\/veho-lifestyle.ca\/fr\/product\/casque-sans-fil-zb-4-neb-avec-microphone-blanc\/#breadcrumb","itemListElement":[{"@type":"ListItem","position":1,"name":"Home","item":"https:\/\/veho-lifestyle.ca\/fr\/"},{"@type":"ListItem","position":2,"name":"Magasinez","item":"https:\/\/veho-lifestyle.ca\/fr\/boutique\/"},{"@type":"ListItem","position":3,"name":"Casque sans fil ZB-4 NEB avec microphone &#8211; Blanc"}]},{"@type":"WebSite","@id":"https:\/\/veho-lifestyle.ca\/fr\/#website","url":"https:\/\/veho-lifestyle.ca\/fr\/","name":"Boutique Veho Lifestyle Canada","description":"\u00c9lectronique grand public con\u00e7ue au Royaume-Uni","potentialAction":[{"@type":"SearchAction","target":{"@type":"EntryPoint","urlTemplate":"https:\/\/veho-lifestyle.ca\/fr\/?s={search_term_string}"},"query-input":{"@type":"PropertyValueSpecification","valueRequired":true,"valueName":"search_term_string"}}],"inLanguage":"fr-FR"}]}},"jetpack_sharing_enabled":true,"_links":{"self":[{"href":"https:\/\/veho-lifestyle.ca\/fr\/wp-json\/wp\/v2\/product\/4219","targetHints":{"allow":["GET"]}}],"collection":[{"href":"https:\/\/veho-lifestyle.ca\/fr\/wp-json\/wp\/v2\/product"}],"about":[{"href":"https:\/\/veho-lifestyle.ca\/fr\/wp-json\/wp\/v2\/types\/product"}],"replies":[{"embeddable":true,"href":"https:\/\/veho-lifestyle.ca\/fr\/wp-json\/wp\/v2\/comments?post=4219"}],"wp:featuredmedia":[{"embeddable":true,"href":"https:\/\/veho-lifestyle.ca\/fr\/wp-json\/wp\/v2\/media\/3917"}],"wp:attachment":[{"href":"https:\/\/veho-lifestyle.ca\/fr\/wp-json\/wp\/v2\/media?parent=4219"}],"wp:term":[{"taxonomy":"product_brand","embeddable":true,"href":"https:\/\/veho-lifestyle.ca\/fr\/wp-json\/wp\/v2\/product_brand?post=4219"},{"taxonomy":"product_cat","embeddable":true,"href":"https:\/\/veho-lifestyle.ca\/fr\/wp-json\/wp\/v2\/product_cat?post=4219"},{"taxonomy":"product_tag","embeddable":true,"href":"https:\/\/veho-lifestyle.ca\/fr\/wp-json\/wp\/v2\/product_tag?post=4219"}],"curies":[{"name":"wp","href":"https:\/\/api.w.org\/{rel}","templated":true}]}}