{"id":4218,"date":"2024-09-05T17:28:39","date_gmt":"2024-09-05T21:28:39","guid":{"rendered":"https:\/\/veho-lifestyle.ca\/product\/rhox-lx-true-wireless-earphones-noir\/"},"modified":"2025-01-29T07:47:56","modified_gmt":"2025-01-29T12:47:56","slug":"rhox-lx-true-wireless-earphones-noir","status":"publish","type":"product","link":"https:\/\/veho-lifestyle.ca\/fr\/product\/rhox-lx-true-wireless-earphones-noir\/","title":{"rendered":"Rhox LX True Wireless Earphones &#8211; Noir"},"content":{"rendered":"<div class=\"wp-content wp-content--product\"><p>Les v\u00e9ritables \u00e9couteurs sans fil RHOX LX sont compacts mais ont une exp\u00e9rience sonore immersive. La dur\u00e9e de vie de la batterie haute performance signifie que les RHOX LX sont parfaits pour tous les environnements int\u00e9rieurs et ext\u00e9rieurs. Complet avec un \u00e9tui de voyage qui charge les \u00e9couteurs RHOX LX jusqu\u2019\u00e0 3 fois. Les fonctionnalit\u00e9s suppl\u00e9mentaires incluent des commandes tactiles intelligentes, un corps r\u00e9sistant \u00e0 l\u2019eau IPX4 et le mode d\u2019appariement rapide Bluetooth 5.3.   <\/p>\n<\/div>","protected":false},"excerpt":{"rendered":"<ul>\n<li>\u00c9couteurs \u00ab&nbsp;True wireless&nbsp;\u00bb Bluetooth v5.3<\/li>\n<li>Corps IPX4 r\u00e9sistant \u00e0 l\u2019eau<\/li>\n<li>Jusqu\u2019\u00e0 10 heures de temps de jeu<\/li>\n<\/ul>\n","protected":false},"featured_media":4003,"comment_status":"open","ping_status":"closed","template":"","meta":{"inline_featured_image":false},"product_brand":[],"product_cat":[154],"product_tag":[],"class_list":{"0":"post-4218","1":"product","2":"type-product","3":"status-publish","4":"has-post-thumbnail","6":"product_cat-in-ear-wireless-fr","8":"first","9":"instock","10":"shipping-taxable","11":"purchasable","12":"product-type-simple"},"acf":[],"yoast_head":"<!-- This site is optimized with the Yoast SEO plugin v27.5 - https:\/\/yoast.com\/product\/yoast-seo-wordpress\/ -->\n<title>Rhox LX True Wireless Earphones - Noir<\/title>\n<meta name=\"description\" content=\"Les v\u00e9ritables \u00e9couteurs sans fil RHOX LX sont compacts mais ont une exp\u00e9rience sonore immersive. Complet avec \u00e9tui de voyage qui charge les \u00e9couteurs jusqu\u2019\u00e0 3 fois.\" \/>\n<meta name=\"robots\" content=\"index, follow, max-snippet:-1, max-image-preview:large, max-video-preview:-1\" \/>\n<link rel=\"canonical\" href=\"https:\/\/veho-lifestyle.ca\/fr\/product\/rhox-lx-true-wireless-earphones-noir\/\" \/>\n<meta property=\"og:locale\" content=\"fr_FR\" \/>\n<meta property=\"og:type\" content=\"article\" \/>\n<meta property=\"og:title\" content=\"Rhox LX True Wireless Earphones - Noir\" \/>\n<meta property=\"og:description\" content=\"Les v\u00e9ritables \u00e9couteurs sans fil RHOX LX sont compacts mais ont une exp\u00e9rience sonore immersive. Complet avec \u00e9tui de voyage qui charge les \u00e9couteurs jusqu\u2019\u00e0 3 fois.\" \/>\n<meta property=\"og:url\" content=\"https:\/\/veho-lifestyle.ca\/fr\/product\/rhox-lx-true-wireless-earphones-noir\/\" \/>\n<meta property=\"og:site_name\" content=\"Boutique Veho Lifestyle Canada\" \/>\n<meta property=\"article:modified_time\" content=\"2025-01-29T12:47:56+00:00\" \/>\n<meta property=\"og:image\" content=\"https:\/\/veho-lifestyle.ca\/wp-content\/uploads\/2024\/09\/rh_lx_b_hero.png\" \/>\n\t<meta property=\"og:image:width\" content=\"620\" \/>\n\t<meta property=\"og:image:height\" content=\"620\" \/>\n\t<meta property=\"og:image:type\" content=\"image\/png\" \/>\n<meta name=\"twitter:card\" content=\"summary_large_image\" \/>\n<meta name=\"twitter:label1\" content=\"Dur\u00e9e de lecture estim\u00e9e\" \/>\n\t<meta name=\"twitter:data1\" content=\"1 minute\" \/>\n<script type=\"application\/ld+json\" class=\"yoast-schema-graph\">{\"@context\":\"https:\\\/\\\/schema.org\",\"@graph\":[{\"@type\":\"WebPage\",\"@id\":\"https:\\\/\\\/veho-lifestyle.ca\\\/fr\\\/product\\\/rhox-lx-true-wireless-earphones-noir\\\/\",\"url\":\"https:\\\/\\\/veho-lifestyle.ca\\\/fr\\\/product\\\/rhox-lx-true-wireless-earphones-noir\\\/\",\"name\":\"Rhox LX True Wireless Earphones - Noir\",\"isPartOf\":{\"@id\":\"https:\\\/\\\/veho-lifestyle.ca\\\/fr\\\/#website\"},\"primaryImageOfPage\":{\"@id\":\"https:\\\/\\\/veho-lifestyle.ca\\\/fr\\\/product\\\/rhox-lx-true-wireless-earphones-noir\\\/#primaryimage\"},\"image\":{\"@id\":\"https:\\\/\\\/veho-lifestyle.ca\\\/fr\\\/product\\\/rhox-lx-true-wireless-earphones-noir\\\/#primaryimage\"},\"thumbnailUrl\":\"https:\\\/\\\/veho-lifestyle.ca\\\/wp-content\\\/uploads\\\/2024\\\/09\\\/rh_lx_b_hero.png\",\"datePublished\":\"2024-09-05T21:28:39+00:00\",\"dateModified\":\"2025-01-29T12:47:56+00:00\",\"description\":\"Les v\u00e9ritables \u00e9couteurs sans fil RHOX LX sont compacts mais ont une exp\u00e9rience sonore immersive. Complet avec \u00e9tui de voyage qui charge les \u00e9couteurs jusqu\u2019\u00e0 3 fois.\",\"breadcrumb\":{\"@id\":\"https:\\\/\\\/veho-lifestyle.ca\\\/fr\\\/product\\\/rhox-lx-true-wireless-earphones-noir\\\/#breadcrumb\"},\"inLanguage\":\"fr-FR\",\"potentialAction\":[{\"@type\":\"ReadAction\",\"target\":[\"https:\\\/\\\/veho-lifestyle.ca\\\/fr\\\/product\\\/rhox-lx-true-wireless-earphones-noir\\\/\"]}]},{\"@type\":\"ImageObject\",\"inLanguage\":\"fr-FR\",\"@id\":\"https:\\\/\\\/veho-lifestyle.ca\\\/fr\\\/product\\\/rhox-lx-true-wireless-earphones-noir\\\/#primaryimage\",\"url\":\"https:\\\/\\\/veho-lifestyle.ca\\\/wp-content\\\/uploads\\\/2024\\\/09\\\/rh_lx_b_hero.png\",\"contentUrl\":\"https:\\\/\\\/veho-lifestyle.ca\\\/wp-content\\\/uploads\\\/2024\\\/09\\\/rh_lx_b_hero.png\",\"width\":620,\"height\":620},{\"@type\":\"BreadcrumbList\",\"@id\":\"https:\\\/\\\/veho-lifestyle.ca\\\/fr\\\/product\\\/rhox-lx-true-wireless-earphones-noir\\\/#breadcrumb\",\"itemListElement\":[{\"@type\":\"ListItem\",\"position\":1,\"name\":\"Home\",\"item\":\"https:\\\/\\\/veho-lifestyle.ca\\\/fr\\\/\"},{\"@type\":\"ListItem\",\"position\":2,\"name\":\"Magasinez\",\"item\":\"https:\\\/\\\/veho-lifestyle.ca\\\/fr\\\/boutique\\\/\"},{\"@type\":\"ListItem\",\"position\":3,\"name\":\"Rhox LX True Wireless Earphones &#8211; Noir\"}]},{\"@type\":\"WebSite\",\"@id\":\"https:\\\/\\\/veho-lifestyle.ca\\\/fr\\\/#website\",\"url\":\"https:\\\/\\\/veho-lifestyle.ca\\\/fr\\\/\",\"name\":\"Boutique Veho Lifestyle Canada\",\"description\":\"\u00c9lectronique grand public con\u00e7ue au Royaume-Uni\",\"potentialAction\":[{\"@type\":\"SearchAction\",\"target\":{\"@type\":\"EntryPoint\",\"urlTemplate\":\"https:\\\/\\\/veho-lifestyle.ca\\\/fr\\\/?s={search_term_string}\"},\"query-input\":{\"@type\":\"PropertyValueSpecification\",\"valueRequired\":true,\"valueName\":\"search_term_string\"}}],\"inLanguage\":\"fr-FR\"}]}<\/script>\n<!-- \/ Yoast SEO plugin. -->","yoast_head_json":{"title":"Rhox LX True Wireless Earphones - Noir","description":"Les v\u00e9ritables \u00e9couteurs sans fil RHOX LX sont compacts mais ont une exp\u00e9rience sonore immersive. Complet avec \u00e9tui de voyage qui charge les \u00e9couteurs jusqu\u2019\u00e0 3 fois.","robots":{"index":"index","follow":"follow","max-snippet":"max-snippet:-1","max-image-preview":"max-image-preview:large","max-video-preview":"max-video-preview:-1"},"canonical":"https:\/\/veho-lifestyle.ca\/fr\/product\/rhox-lx-true-wireless-earphones-noir\/","og_locale":"fr_FR","og_type":"article","og_title":"Rhox LX True Wireless Earphones - Noir","og_description":"Les v\u00e9ritables \u00e9couteurs sans fil RHOX LX sont compacts mais ont une exp\u00e9rience sonore immersive. Complet avec \u00e9tui de voyage qui charge les \u00e9couteurs jusqu\u2019\u00e0 3 fois.","og_url":"https:\/\/veho-lifestyle.ca\/fr\/product\/rhox-lx-true-wireless-earphones-noir\/","og_site_name":"Boutique Veho Lifestyle Canada","article_modified_time":"2025-01-29T12:47:56+00:00","og_image":[{"width":620,"height":620,"url":"https:\/\/veho-lifestyle.ca\/wp-content\/uploads\/2024\/09\/rh_lx_b_hero.png","type":"image\/png"}],"twitter_card":"summary_large_image","twitter_misc":{"Dur\u00e9e de lecture estim\u00e9e":"1 minute"},"schema":{"@context":"https:\/\/schema.org","@graph":[{"@type":"WebPage","@id":"https:\/\/veho-lifestyle.ca\/fr\/product\/rhox-lx-true-wireless-earphones-noir\/","url":"https:\/\/veho-lifestyle.ca\/fr\/product\/rhox-lx-true-wireless-earphones-noir\/","name":"Rhox LX True Wireless Earphones - Noir","isPartOf":{"@id":"https:\/\/veho-lifestyle.ca\/fr\/#website"},"primaryImageOfPage":{"@id":"https:\/\/veho-lifestyle.ca\/fr\/product\/rhox-lx-true-wireless-earphones-noir\/#primaryimage"},"image":{"@id":"https:\/\/veho-lifestyle.ca\/fr\/product\/rhox-lx-true-wireless-earphones-noir\/#primaryimage"},"thumbnailUrl":"https:\/\/veho-lifestyle.ca\/wp-content\/uploads\/2024\/09\/rh_lx_b_hero.png","datePublished":"2024-09-05T21:28:39+00:00","dateModified":"2025-01-29T12:47:56+00:00","description":"Les v\u00e9ritables \u00e9couteurs sans fil RHOX LX sont compacts mais ont une exp\u00e9rience sonore immersive. Complet avec \u00e9tui de voyage qui charge les \u00e9couteurs jusqu\u2019\u00e0 3 fois.","breadcrumb":{"@id":"https:\/\/veho-lifestyle.ca\/fr\/product\/rhox-lx-true-wireless-earphones-noir\/#breadcrumb"},"inLanguage":"fr-FR","potentialAction":[{"@type":"ReadAction","target":["https:\/\/veho-lifestyle.ca\/fr\/product\/rhox-lx-true-wireless-earphones-noir\/"]}]},{"@type":"ImageObject","inLanguage":"fr-FR","@id":"https:\/\/veho-lifestyle.ca\/fr\/product\/rhox-lx-true-wireless-earphones-noir\/#primaryimage","url":"https:\/\/veho-lifestyle.ca\/wp-content\/uploads\/2024\/09\/rh_lx_b_hero.png","contentUrl":"https:\/\/veho-lifestyle.ca\/wp-content\/uploads\/2024\/09\/rh_lx_b_hero.png","width":620,"height":620},{"@type":"BreadcrumbList","@id":"https:\/\/veho-lifestyle.ca\/fr\/product\/rhox-lx-true-wireless-earphones-noir\/#breadcrumb","itemListElement":[{"@type":"ListItem","position":1,"name":"Home","item":"https:\/\/veho-lifestyle.ca\/fr\/"},{"@type":"ListItem","position":2,"name":"Magasinez","item":"https:\/\/veho-lifestyle.ca\/fr\/boutique\/"},{"@type":"ListItem","position":3,"name":"Rhox LX True Wireless Earphones &#8211; Noir"}]},{"@type":"WebSite","@id":"https:\/\/veho-lifestyle.ca\/fr\/#website","url":"https:\/\/veho-lifestyle.ca\/fr\/","name":"Boutique Veho Lifestyle Canada","description":"\u00c9lectronique grand public con\u00e7ue au Royaume-Uni","potentialAction":[{"@type":"SearchAction","target":{"@type":"EntryPoint","urlTemplate":"https:\/\/veho-lifestyle.ca\/fr\/?s={search_term_string}"},"query-input":{"@type":"PropertyValueSpecification","valueRequired":true,"valueName":"search_term_string"}}],"inLanguage":"fr-FR"}]}},"jetpack_sharing_enabled":true,"_links":{"self":[{"href":"https:\/\/veho-lifestyle.ca\/fr\/wp-json\/wp\/v2\/product\/4218","targetHints":{"allow":["GET"]}}],"collection":[{"href":"https:\/\/veho-lifestyle.ca\/fr\/wp-json\/wp\/v2\/product"}],"about":[{"href":"https:\/\/veho-lifestyle.ca\/fr\/wp-json\/wp\/v2\/types\/product"}],"replies":[{"embeddable":true,"href":"https:\/\/veho-lifestyle.ca\/fr\/wp-json\/wp\/v2\/comments?post=4218"}],"wp:featuredmedia":[{"embeddable":true,"href":"https:\/\/veho-lifestyle.ca\/fr\/wp-json\/wp\/v2\/media\/4003"}],"wp:attachment":[{"href":"https:\/\/veho-lifestyle.ca\/fr\/wp-json\/wp\/v2\/media?parent=4218"}],"wp:term":[{"taxonomy":"product_brand","embeddable":true,"href":"https:\/\/veho-lifestyle.ca\/fr\/wp-json\/wp\/v2\/product_brand?post=4218"},{"taxonomy":"product_cat","embeddable":true,"href":"https:\/\/veho-lifestyle.ca\/fr\/wp-json\/wp\/v2\/product_cat?post=4218"},{"taxonomy":"product_tag","embeddable":true,"href":"https:\/\/veho-lifestyle.ca\/fr\/wp-json\/wp\/v2\/product_tag?post=4218"}],"curies":[{"name":"wp","href":"https:\/\/api.w.org\/{rel}","templated":true}]}}