{"id":4099,"date":"2024-06-13T14:56:58","date_gmt":"2024-06-13T18:56:58","guid":{"rendered":"https:\/\/veho-lifestyle.ca\/product\/stix-ii-pro-true-wireless-earphones-bleu\/"},"modified":"2025-01-29T12:32:46","modified_gmt":"2025-01-29T17:32:46","slug":"stix-ii-pro-true-wireless-earphones-bleu","status":"publish","type":"product","link":"https:\/\/veho-lifestyle.ca\/fr\/product\/stix-ii-pro-true-wireless-earphones-bleu\/","title":{"rendered":"STIX II Pro \u00ab True Wireless \u00bb \u00e9couteurs &#8211; Bleu"},"content":{"rendered":"<div class=\"wp-content wp-content--product\"><p>Les v\u00e9ritables \u00e9couteurs sans fil STIX II Pro avec r\u00e9duction active du bruit ont des pilotes audio optimis\u00e9s, un microphone ENC Quad Pro et Bluetooth 5.3 pour une consommation d\u2019\u00e9nergie tr\u00e8s faible. Le microphone ENC (Electronic Noise Cancelling) Quad Pro offre une qualit\u00e9 audio sup\u00e9rieure pour les appels vocaux sur Internet, et le dernier chipset Bluetooth prolonge le temps d\u2019appels \/ lecture jusqu\u2019\u00e0 7 heures. Le STIX II Pro comprend un \u00e9tui de transport rechargeable de poche qui charge le STIX II jusqu\u2019\u00e0 3,5 fois, un temps de charge ultra-rapide de 50 minutes, un Smart Touch int\u00e9gr\u00e9 pour contr\u00f4ler votre musique \/ appels et un ch\u00e2ssis r\u00e9sistant \u00e0 l\u2019eau IPX5 pour am\u00e9liorer votre exp\u00e9rience audio.  <\/p>\n<\/div>","protected":false},"excerpt":{"rendered":"<ul>\n<li>\u00ab True Wireless \u00bb \u00e9couteurs Bluetooth v5.3<\/li>\n<li>Technologie ANC (Active Noise Cancelling)<\/li>\n<li>ENC Quad Microphone<\/li>\n<li>Jusqu\u2019\u00e0 7 heures de temps de jeu<\/li>\n<\/ul>\n","protected":false},"featured_media":3965,"comment_status":"closed","ping_status":"closed","template":"","meta":{"inline_featured_image":false},"product_brand":[],"product_cat":[154],"product_tag":[160,159,161],"class_list":{"0":"post-4099","1":"product","2":"type-product","3":"status-publish","4":"has-post-thumbnail","6":"product_cat-in-ear-wireless-fr","7":"product_tag-bluetooth-en","8":"product_tag-resistant-a-leau","9":"product_tag-telecommande-microphone-integre","11":"first","12":"instock","13":"shipping-taxable","14":"purchasable","15":"product-type-simple"},"acf":[],"yoast_head":"<!-- This site is optimized with the Yoast SEO plugin v27.5 - https:\/\/yoast.com\/product\/yoast-seo-wordpress\/ -->\n<title>STIX II Pro \u00ab True Wireless \u00bb \u00e9couteurs - Bleu<\/title>\n<meta name=\"description\" content=\"Les \u00e9couteurs STIX II Pro True Wireless sont dot\u00e9s de Bluetooth 5.3 avec une faible consommation d\u2019\u00e9nergie. Jusqu\u2019\u00e0 7 heures de temps de jeu \u00e0 partir d\u2019une seule charge.\" \/>\n<meta name=\"robots\" content=\"index, follow, max-snippet:-1, max-image-preview:large, max-video-preview:-1\" \/>\n<link rel=\"canonical\" href=\"https:\/\/veho-lifestyle.ca\/fr\/product\/stix-ii-pro-true-wireless-earphones-bleu\/\" \/>\n<meta property=\"og:locale\" content=\"fr_FR\" \/>\n<meta property=\"og:type\" content=\"article\" \/>\n<meta property=\"og:title\" content=\"STIX II Pro \u00ab True Wireless \u00bb \u00e9couteurs - Bleu\" \/>\n<meta property=\"og:description\" content=\"Les \u00e9couteurs STIX II Pro True Wireless sont dot\u00e9s de Bluetooth 5.3 avec une faible consommation d\u2019\u00e9nergie. Jusqu\u2019\u00e0 7 heures de temps de jeu \u00e0 partir d\u2019une seule charge.\" \/>\n<meta property=\"og:url\" content=\"https:\/\/veho-lifestyle.ca\/fr\/product\/stix-ii-pro-true-wireless-earphones-bleu\/\" \/>\n<meta property=\"og:site_name\" content=\"Boutique Veho Lifestyle Canada\" \/>\n<meta property=\"article:modified_time\" content=\"2025-01-29T17:32:46+00:00\" \/>\n<meta property=\"og:image\" content=\"https:\/\/veho-lifestyle.ca\/wp-content\/uploads\/2024\/06\/stix2pro_bl_hero-1.png\" \/>\n\t<meta property=\"og:image:width\" content=\"600\" \/>\n\t<meta property=\"og:image:height\" content=\"600\" \/>\n\t<meta property=\"og:image:type\" content=\"image\/png\" \/>\n<meta name=\"twitter:card\" content=\"summary_large_image\" \/>\n<meta name=\"twitter:label1\" content=\"Dur\u00e9e de lecture estim\u00e9e\" \/>\n\t<meta name=\"twitter:data1\" content=\"1 minute\" \/>\n<script type=\"application\/ld+json\" class=\"yoast-schema-graph\">{\"@context\":\"https:\\\/\\\/schema.org\",\"@graph\":[{\"@type\":\"WebPage\",\"@id\":\"https:\\\/\\\/veho-lifestyle.ca\\\/fr\\\/product\\\/stix-ii-pro-true-wireless-earphones-bleu\\\/\",\"url\":\"https:\\\/\\\/veho-lifestyle.ca\\\/fr\\\/product\\\/stix-ii-pro-true-wireless-earphones-bleu\\\/\",\"name\":\"STIX II Pro \u00ab True Wireless \u00bb \u00e9couteurs - Bleu\",\"isPartOf\":{\"@id\":\"https:\\\/\\\/veho-lifestyle.ca\\\/fr\\\/#website\"},\"primaryImageOfPage\":{\"@id\":\"https:\\\/\\\/veho-lifestyle.ca\\\/fr\\\/product\\\/stix-ii-pro-true-wireless-earphones-bleu\\\/#primaryimage\"},\"image\":{\"@id\":\"https:\\\/\\\/veho-lifestyle.ca\\\/fr\\\/product\\\/stix-ii-pro-true-wireless-earphones-bleu\\\/#primaryimage\"},\"thumbnailUrl\":\"https:\\\/\\\/veho-lifestyle.ca\\\/wp-content\\\/uploads\\\/2024\\\/06\\\/stix2pro_bl_hero-1.png\",\"datePublished\":\"2024-06-13T18:56:58+00:00\",\"dateModified\":\"2025-01-29T17:32:46+00:00\",\"description\":\"Les \u00e9couteurs STIX II Pro True Wireless sont dot\u00e9s de Bluetooth 5.3 avec une faible consommation d\u2019\u00e9nergie. Jusqu\u2019\u00e0 7 heures de temps de jeu \u00e0 partir d\u2019une seule charge.\",\"breadcrumb\":{\"@id\":\"https:\\\/\\\/veho-lifestyle.ca\\\/fr\\\/product\\\/stix-ii-pro-true-wireless-earphones-bleu\\\/#breadcrumb\"},\"inLanguage\":\"fr-FR\",\"potentialAction\":[{\"@type\":\"ReadAction\",\"target\":[\"https:\\\/\\\/veho-lifestyle.ca\\\/fr\\\/product\\\/stix-ii-pro-true-wireless-earphones-bleu\\\/\"]}]},{\"@type\":\"ImageObject\",\"inLanguage\":\"fr-FR\",\"@id\":\"https:\\\/\\\/veho-lifestyle.ca\\\/fr\\\/product\\\/stix-ii-pro-true-wireless-earphones-bleu\\\/#primaryimage\",\"url\":\"https:\\\/\\\/veho-lifestyle.ca\\\/wp-content\\\/uploads\\\/2024\\\/06\\\/stix2pro_bl_hero-1.png\",\"contentUrl\":\"https:\\\/\\\/veho-lifestyle.ca\\\/wp-content\\\/uploads\\\/2024\\\/06\\\/stix2pro_bl_hero-1.png\",\"width\":600,\"height\":600},{\"@type\":\"BreadcrumbList\",\"@id\":\"https:\\\/\\\/veho-lifestyle.ca\\\/fr\\\/product\\\/stix-ii-pro-true-wireless-earphones-bleu\\\/#breadcrumb\",\"itemListElement\":[{\"@type\":\"ListItem\",\"position\":1,\"name\":\"Home\",\"item\":\"https:\\\/\\\/veho-lifestyle.ca\\\/fr\\\/\"},{\"@type\":\"ListItem\",\"position\":2,\"name\":\"Magasinez\",\"item\":\"https:\\\/\\\/veho-lifestyle.ca\\\/fr\\\/boutique\\\/\"},{\"@type\":\"ListItem\",\"position\":3,\"name\":\"STIX II Pro \u00ab True Wireless \u00bb \u00e9couteurs &#8211; Bleu\"}]},{\"@type\":\"WebSite\",\"@id\":\"https:\\\/\\\/veho-lifestyle.ca\\\/fr\\\/#website\",\"url\":\"https:\\\/\\\/veho-lifestyle.ca\\\/fr\\\/\",\"name\":\"Boutique Veho Lifestyle Canada\",\"description\":\"\u00c9lectronique grand public con\u00e7ue au Royaume-Uni\",\"potentialAction\":[{\"@type\":\"SearchAction\",\"target\":{\"@type\":\"EntryPoint\",\"urlTemplate\":\"https:\\\/\\\/veho-lifestyle.ca\\\/fr\\\/?s={search_term_string}\"},\"query-input\":{\"@type\":\"PropertyValueSpecification\",\"valueRequired\":true,\"valueName\":\"search_term_string\"}}],\"inLanguage\":\"fr-FR\"}]}<\/script>\n<!-- \/ Yoast SEO plugin. -->","yoast_head_json":{"title":"STIX II Pro \u00ab True Wireless \u00bb \u00e9couteurs - Bleu","description":"Les \u00e9couteurs STIX II Pro True Wireless sont dot\u00e9s de Bluetooth 5.3 avec une faible consommation d\u2019\u00e9nergie. Jusqu\u2019\u00e0 7 heures de temps de jeu \u00e0 partir d\u2019une seule charge.","robots":{"index":"index","follow":"follow","max-snippet":"max-snippet:-1","max-image-preview":"max-image-preview:large","max-video-preview":"max-video-preview:-1"},"canonical":"https:\/\/veho-lifestyle.ca\/fr\/product\/stix-ii-pro-true-wireless-earphones-bleu\/","og_locale":"fr_FR","og_type":"article","og_title":"STIX II Pro \u00ab True Wireless \u00bb \u00e9couteurs - Bleu","og_description":"Les \u00e9couteurs STIX II Pro True Wireless sont dot\u00e9s de Bluetooth 5.3 avec une faible consommation d\u2019\u00e9nergie. Jusqu\u2019\u00e0 7 heures de temps de jeu \u00e0 partir d\u2019une seule charge.","og_url":"https:\/\/veho-lifestyle.ca\/fr\/product\/stix-ii-pro-true-wireless-earphones-bleu\/","og_site_name":"Boutique Veho Lifestyle Canada","article_modified_time":"2025-01-29T17:32:46+00:00","og_image":[{"width":600,"height":600,"url":"https:\/\/veho-lifestyle.ca\/wp-content\/uploads\/2024\/06\/stix2pro_bl_hero-1.png","type":"image\/png"}],"twitter_card":"summary_large_image","twitter_misc":{"Dur\u00e9e de lecture estim\u00e9e":"1 minute"},"schema":{"@context":"https:\/\/schema.org","@graph":[{"@type":"WebPage","@id":"https:\/\/veho-lifestyle.ca\/fr\/product\/stix-ii-pro-true-wireless-earphones-bleu\/","url":"https:\/\/veho-lifestyle.ca\/fr\/product\/stix-ii-pro-true-wireless-earphones-bleu\/","name":"STIX II Pro \u00ab True Wireless \u00bb \u00e9couteurs - Bleu","isPartOf":{"@id":"https:\/\/veho-lifestyle.ca\/fr\/#website"},"primaryImageOfPage":{"@id":"https:\/\/veho-lifestyle.ca\/fr\/product\/stix-ii-pro-true-wireless-earphones-bleu\/#primaryimage"},"image":{"@id":"https:\/\/veho-lifestyle.ca\/fr\/product\/stix-ii-pro-true-wireless-earphones-bleu\/#primaryimage"},"thumbnailUrl":"https:\/\/veho-lifestyle.ca\/wp-content\/uploads\/2024\/06\/stix2pro_bl_hero-1.png","datePublished":"2024-06-13T18:56:58+00:00","dateModified":"2025-01-29T17:32:46+00:00","description":"Les \u00e9couteurs STIX II Pro True Wireless sont dot\u00e9s de Bluetooth 5.3 avec une faible consommation d\u2019\u00e9nergie. Jusqu\u2019\u00e0 7 heures de temps de jeu \u00e0 partir d\u2019une seule charge.","breadcrumb":{"@id":"https:\/\/veho-lifestyle.ca\/fr\/product\/stix-ii-pro-true-wireless-earphones-bleu\/#breadcrumb"},"inLanguage":"fr-FR","potentialAction":[{"@type":"ReadAction","target":["https:\/\/veho-lifestyle.ca\/fr\/product\/stix-ii-pro-true-wireless-earphones-bleu\/"]}]},{"@type":"ImageObject","inLanguage":"fr-FR","@id":"https:\/\/veho-lifestyle.ca\/fr\/product\/stix-ii-pro-true-wireless-earphones-bleu\/#primaryimage","url":"https:\/\/veho-lifestyle.ca\/wp-content\/uploads\/2024\/06\/stix2pro_bl_hero-1.png","contentUrl":"https:\/\/veho-lifestyle.ca\/wp-content\/uploads\/2024\/06\/stix2pro_bl_hero-1.png","width":600,"height":600},{"@type":"BreadcrumbList","@id":"https:\/\/veho-lifestyle.ca\/fr\/product\/stix-ii-pro-true-wireless-earphones-bleu\/#breadcrumb","itemListElement":[{"@type":"ListItem","position":1,"name":"Home","item":"https:\/\/veho-lifestyle.ca\/fr\/"},{"@type":"ListItem","position":2,"name":"Magasinez","item":"https:\/\/veho-lifestyle.ca\/fr\/boutique\/"},{"@type":"ListItem","position":3,"name":"STIX II Pro \u00ab True Wireless \u00bb \u00e9couteurs &#8211; Bleu"}]},{"@type":"WebSite","@id":"https:\/\/veho-lifestyle.ca\/fr\/#website","url":"https:\/\/veho-lifestyle.ca\/fr\/","name":"Boutique Veho Lifestyle Canada","description":"\u00c9lectronique grand public con\u00e7ue au Royaume-Uni","potentialAction":[{"@type":"SearchAction","target":{"@type":"EntryPoint","urlTemplate":"https:\/\/veho-lifestyle.ca\/fr\/?s={search_term_string}"},"query-input":{"@type":"PropertyValueSpecification","valueRequired":true,"valueName":"search_term_string"}}],"inLanguage":"fr-FR"}]}},"jetpack_sharing_enabled":true,"_links":{"self":[{"href":"https:\/\/veho-lifestyle.ca\/fr\/wp-json\/wp\/v2\/product\/4099","targetHints":{"allow":["GET"]}}],"collection":[{"href":"https:\/\/veho-lifestyle.ca\/fr\/wp-json\/wp\/v2\/product"}],"about":[{"href":"https:\/\/veho-lifestyle.ca\/fr\/wp-json\/wp\/v2\/types\/product"}],"replies":[{"embeddable":true,"href":"https:\/\/veho-lifestyle.ca\/fr\/wp-json\/wp\/v2\/comments?post=4099"}],"wp:featuredmedia":[{"embeddable":true,"href":"https:\/\/veho-lifestyle.ca\/fr\/wp-json\/wp\/v2\/media\/3965"}],"wp:attachment":[{"href":"https:\/\/veho-lifestyle.ca\/fr\/wp-json\/wp\/v2\/media?parent=4099"}],"wp:term":[{"taxonomy":"product_brand","embeddable":true,"href":"https:\/\/veho-lifestyle.ca\/fr\/wp-json\/wp\/v2\/product_brand?post=4099"},{"taxonomy":"product_cat","embeddable":true,"href":"https:\/\/veho-lifestyle.ca\/fr\/wp-json\/wp\/v2\/product_cat?post=4099"},{"taxonomy":"product_tag","embeddable":true,"href":"https:\/\/veho-lifestyle.ca\/fr\/wp-json\/wp\/v2\/product_tag?post=4099"}],"curies":[{"name":"wp","href":"https:\/\/api.w.org\/{rel}","templated":true}]}}