{"id":4097,"date":"2022-04-28T16:05:01","date_gmt":"2022-04-28T20:05:01","guid":{"rendered":"https:\/\/veho-lifestyle.ca\/product\/pebble-pokket-1000mah-micro-taille-keyring-banque-dalimentation-noir\/"},"modified":"2025-01-28T06:27:58","modified_gmt":"2025-01-28T11:27:58","slug":"pebble-pokket-1000mah-micro-taille-keyring-banque-dalimentation-noir","status":"publish","type":"product","link":"https:\/\/veho-lifestyle.ca\/fr\/product\/pebble-pokket-1000mah-micro-taille-keyring-banque-dalimentation-noir\/","title":{"rendered":"Batterie externe Pebble Pokket 1000mAh de taille micro porte-cl\u00e9s &#8211; Noir"},"content":{"rendered":"<div class=\"wp-content wp-content--product\"><p>Le Pebble Pokket est une batterie externe d\u2019urgence de taille micro-dimensionn\u00e9e et ultra-mince assez petite pour tenir dans votre poche inaper\u00e7ue. Ou bien, attachez le Pebble Pokket \u00e0 votre porte-cl\u00e9s. La batterie externe Pebble Pokket donnera \u00e0 votre appareil jusqu\u2019\u00e0 25% d\u2019autonomie (bas\u00e9e sur un smartphone moyen) et est parfaite pour toute occasion o\u00f9 transporter un grand sac n\u2019est pas pratique. Con\u00e7u au Royaume-Uni.   <\/p>\n<\/div>","protected":false},"excerpt":{"rendered":"<ul>\n<li>Batterie de 1000mAh pour donner \u00e0 votre appareil jusqu\u2019\u00e0 25% d\u2019autonomie en plus<\/li>\n<li>Petit\/mince assez pour tenir dans une poche inaper\u00e7ue ou un keyfob<\/li>\n<li>Connexion USB-C int\u00e9gr\u00e9e compatible avec la plupart des smartphones Android<\/li>\n<\/ul>\n","protected":false},"featured_media":3451,"comment_status":"closed","ping_status":"closed","template":"","meta":{"inline_featured_image":false},"product_brand":[],"product_cat":[138],"product_tag":[],"class_list":{"0":"post-4097","1":"product","2":"type-product","3":"status-publish","4":"has-post-thumbnail","6":"product_cat-emergency-power-banks-fr","8":"first","9":"instock","10":"shipping-taxable","11":"purchasable","12":"product-type-simple"},"acf":[],"yoast_head":"<!-- This site is optimized with the Yoast SEO plugin v27.5 - https:\/\/yoast.com\/product\/yoast-seo-wordpress\/ -->\n<title>Batterie externe Pebble Pokket 1000mAh de taille micro porte-cl\u00e9s - Noir<\/title>\n<meta name=\"description\" content=\"Le Pebble Pokket est une batterie externe d\u2019urgence de taille micro-dimensionn\u00e9e et ultra-mince assez petite pour tenir dans votre poche inaper\u00e7ue.\" \/>\n<meta name=\"robots\" content=\"index, follow, max-snippet:-1, max-image-preview:large, max-video-preview:-1\" \/>\n<link rel=\"canonical\" href=\"https:\/\/veho-lifestyle.ca\/fr\/product\/pebble-pokket-1000mah-micro-taille-keyring-banque-dalimentation-noir\/\" \/>\n<meta property=\"og:locale\" content=\"fr_FR\" \/>\n<meta property=\"og:type\" content=\"article\" \/>\n<meta property=\"og:title\" content=\"Batterie externe Pebble Pokket 1000mAh de taille micro porte-cl\u00e9s - Noir\" \/>\n<meta property=\"og:description\" content=\"Le Pebble Pokket est une batterie externe d\u2019urgence de taille micro-dimensionn\u00e9e et ultra-mince assez petite pour tenir dans votre poche inaper\u00e7ue.\" \/>\n<meta property=\"og:url\" content=\"https:\/\/veho-lifestyle.ca\/fr\/product\/pebble-pokket-1000mah-micro-taille-keyring-banque-dalimentation-noir\/\" \/>\n<meta property=\"og:site_name\" content=\"Boutique Veho Lifestyle Canada\" \/>\n<meta property=\"article:modified_time\" content=\"2025-01-28T11:27:58+00:00\" \/>\n<meta property=\"og:image\" content=\"https:\/\/veho-lifestyle.ca\/wp-content\/uploads\/2022\/04\/VPP-014-PK-B_1.png\" \/>\n\t<meta property=\"og:image:width\" content=\"620\" \/>\n\t<meta property=\"og:image:height\" content=\"620\" \/>\n\t<meta property=\"og:image:type\" content=\"image\/png\" \/>\n<meta name=\"twitter:card\" content=\"summary_large_image\" \/>\n<script type=\"application\/ld+json\" class=\"yoast-schema-graph\">{\"@context\":\"https:\\\/\\\/schema.org\",\"@graph\":[{\"@type\":\"WebPage\",\"@id\":\"https:\\\/\\\/veho-lifestyle.ca\\\/fr\\\/product\\\/pebble-pokket-1000mah-micro-taille-keyring-banque-dalimentation-noir\\\/\",\"url\":\"https:\\\/\\\/veho-lifestyle.ca\\\/fr\\\/product\\\/pebble-pokket-1000mah-micro-taille-keyring-banque-dalimentation-noir\\\/\",\"name\":\"Batterie externe Pebble Pokket 1000mAh de taille micro porte-cl\u00e9s - Noir\",\"isPartOf\":{\"@id\":\"https:\\\/\\\/veho-lifestyle.ca\\\/fr\\\/#website\"},\"primaryImageOfPage\":{\"@id\":\"https:\\\/\\\/veho-lifestyle.ca\\\/fr\\\/product\\\/pebble-pokket-1000mah-micro-taille-keyring-banque-dalimentation-noir\\\/#primaryimage\"},\"image\":{\"@id\":\"https:\\\/\\\/veho-lifestyle.ca\\\/fr\\\/product\\\/pebble-pokket-1000mah-micro-taille-keyring-banque-dalimentation-noir\\\/#primaryimage\"},\"thumbnailUrl\":\"https:\\\/\\\/veho-lifestyle.ca\\\/wp-content\\\/uploads\\\/2022\\\/04\\\/VPP-014-PK-B_1.png\",\"datePublished\":\"2022-04-28T20:05:01+00:00\",\"dateModified\":\"2025-01-28T11:27:58+00:00\",\"description\":\"Le Pebble Pokket est une batterie externe d\u2019urgence de taille micro-dimensionn\u00e9e et ultra-mince assez petite pour tenir dans votre poche inaper\u00e7ue.\",\"breadcrumb\":{\"@id\":\"https:\\\/\\\/veho-lifestyle.ca\\\/fr\\\/product\\\/pebble-pokket-1000mah-micro-taille-keyring-banque-dalimentation-noir\\\/#breadcrumb\"},\"inLanguage\":\"fr-FR\",\"potentialAction\":[{\"@type\":\"ReadAction\",\"target\":[\"https:\\\/\\\/veho-lifestyle.ca\\\/fr\\\/product\\\/pebble-pokket-1000mah-micro-taille-keyring-banque-dalimentation-noir\\\/\"]}]},{\"@type\":\"ImageObject\",\"inLanguage\":\"fr-FR\",\"@id\":\"https:\\\/\\\/veho-lifestyle.ca\\\/fr\\\/product\\\/pebble-pokket-1000mah-micro-taille-keyring-banque-dalimentation-noir\\\/#primaryimage\",\"url\":\"https:\\\/\\\/veho-lifestyle.ca\\\/wp-content\\\/uploads\\\/2022\\\/04\\\/VPP-014-PK-B_1.png\",\"contentUrl\":\"https:\\\/\\\/veho-lifestyle.ca\\\/wp-content\\\/uploads\\\/2022\\\/04\\\/VPP-014-PK-B_1.png\",\"width\":620,\"height\":620},{\"@type\":\"BreadcrumbList\",\"@id\":\"https:\\\/\\\/veho-lifestyle.ca\\\/fr\\\/product\\\/pebble-pokket-1000mah-micro-taille-keyring-banque-dalimentation-noir\\\/#breadcrumb\",\"itemListElement\":[{\"@type\":\"ListItem\",\"position\":1,\"name\":\"Home\",\"item\":\"https:\\\/\\\/veho-lifestyle.ca\\\/fr\\\/\"},{\"@type\":\"ListItem\",\"position\":2,\"name\":\"Magasinez\",\"item\":\"https:\\\/\\\/veho-lifestyle.ca\\\/fr\\\/boutique\\\/\"},{\"@type\":\"ListItem\",\"position\":3,\"name\":\"Batterie externe Pebble Pokket 1000mAh de taille micro porte-cl\u00e9s &#8211; Noir\"}]},{\"@type\":\"WebSite\",\"@id\":\"https:\\\/\\\/veho-lifestyle.ca\\\/fr\\\/#website\",\"url\":\"https:\\\/\\\/veho-lifestyle.ca\\\/fr\\\/\",\"name\":\"Boutique Veho Lifestyle Canada\",\"description\":\"\u00c9lectronique grand public con\u00e7ue au Royaume-Uni\",\"potentialAction\":[{\"@type\":\"SearchAction\",\"target\":{\"@type\":\"EntryPoint\",\"urlTemplate\":\"https:\\\/\\\/veho-lifestyle.ca\\\/fr\\\/?s={search_term_string}\"},\"query-input\":{\"@type\":\"PropertyValueSpecification\",\"valueRequired\":true,\"valueName\":\"search_term_string\"}}],\"inLanguage\":\"fr-FR\"}]}<\/script>\n<!-- \/ Yoast SEO plugin. -->","yoast_head_json":{"title":"Batterie externe Pebble Pokket 1000mAh de taille micro porte-cl\u00e9s - Noir","description":"Le Pebble Pokket est une batterie externe d\u2019urgence de taille micro-dimensionn\u00e9e et ultra-mince assez petite pour tenir dans votre poche inaper\u00e7ue.","robots":{"index":"index","follow":"follow","max-snippet":"max-snippet:-1","max-image-preview":"max-image-preview:large","max-video-preview":"max-video-preview:-1"},"canonical":"https:\/\/veho-lifestyle.ca\/fr\/product\/pebble-pokket-1000mah-micro-taille-keyring-banque-dalimentation-noir\/","og_locale":"fr_FR","og_type":"article","og_title":"Batterie externe Pebble Pokket 1000mAh de taille micro porte-cl\u00e9s - Noir","og_description":"Le Pebble Pokket est une batterie externe d\u2019urgence de taille micro-dimensionn\u00e9e et ultra-mince assez petite pour tenir dans votre poche inaper\u00e7ue.","og_url":"https:\/\/veho-lifestyle.ca\/fr\/product\/pebble-pokket-1000mah-micro-taille-keyring-banque-dalimentation-noir\/","og_site_name":"Boutique Veho Lifestyle Canada","article_modified_time":"2025-01-28T11:27:58+00:00","og_image":[{"width":620,"height":620,"url":"https:\/\/veho-lifestyle.ca\/wp-content\/uploads\/2022\/04\/VPP-014-PK-B_1.png","type":"image\/png"}],"twitter_card":"summary_large_image","schema":{"@context":"https:\/\/schema.org","@graph":[{"@type":"WebPage","@id":"https:\/\/veho-lifestyle.ca\/fr\/product\/pebble-pokket-1000mah-micro-taille-keyring-banque-dalimentation-noir\/","url":"https:\/\/veho-lifestyle.ca\/fr\/product\/pebble-pokket-1000mah-micro-taille-keyring-banque-dalimentation-noir\/","name":"Batterie externe Pebble Pokket 1000mAh de taille micro porte-cl\u00e9s - Noir","isPartOf":{"@id":"https:\/\/veho-lifestyle.ca\/fr\/#website"},"primaryImageOfPage":{"@id":"https:\/\/veho-lifestyle.ca\/fr\/product\/pebble-pokket-1000mah-micro-taille-keyring-banque-dalimentation-noir\/#primaryimage"},"image":{"@id":"https:\/\/veho-lifestyle.ca\/fr\/product\/pebble-pokket-1000mah-micro-taille-keyring-banque-dalimentation-noir\/#primaryimage"},"thumbnailUrl":"https:\/\/veho-lifestyle.ca\/wp-content\/uploads\/2022\/04\/VPP-014-PK-B_1.png","datePublished":"2022-04-28T20:05:01+00:00","dateModified":"2025-01-28T11:27:58+00:00","description":"Le Pebble Pokket est une batterie externe d\u2019urgence de taille micro-dimensionn\u00e9e et ultra-mince assez petite pour tenir dans votre poche inaper\u00e7ue.","breadcrumb":{"@id":"https:\/\/veho-lifestyle.ca\/fr\/product\/pebble-pokket-1000mah-micro-taille-keyring-banque-dalimentation-noir\/#breadcrumb"},"inLanguage":"fr-FR","potentialAction":[{"@type":"ReadAction","target":["https:\/\/veho-lifestyle.ca\/fr\/product\/pebble-pokket-1000mah-micro-taille-keyring-banque-dalimentation-noir\/"]}]},{"@type":"ImageObject","inLanguage":"fr-FR","@id":"https:\/\/veho-lifestyle.ca\/fr\/product\/pebble-pokket-1000mah-micro-taille-keyring-banque-dalimentation-noir\/#primaryimage","url":"https:\/\/veho-lifestyle.ca\/wp-content\/uploads\/2022\/04\/VPP-014-PK-B_1.png","contentUrl":"https:\/\/veho-lifestyle.ca\/wp-content\/uploads\/2022\/04\/VPP-014-PK-B_1.png","width":620,"height":620},{"@type":"BreadcrumbList","@id":"https:\/\/veho-lifestyle.ca\/fr\/product\/pebble-pokket-1000mah-micro-taille-keyring-banque-dalimentation-noir\/#breadcrumb","itemListElement":[{"@type":"ListItem","position":1,"name":"Home","item":"https:\/\/veho-lifestyle.ca\/fr\/"},{"@type":"ListItem","position":2,"name":"Magasinez","item":"https:\/\/veho-lifestyle.ca\/fr\/boutique\/"},{"@type":"ListItem","position":3,"name":"Batterie externe Pebble Pokket 1000mAh de taille micro porte-cl\u00e9s &#8211; Noir"}]},{"@type":"WebSite","@id":"https:\/\/veho-lifestyle.ca\/fr\/#website","url":"https:\/\/veho-lifestyle.ca\/fr\/","name":"Boutique Veho Lifestyle Canada","description":"\u00c9lectronique grand public con\u00e7ue au Royaume-Uni","potentialAction":[{"@type":"SearchAction","target":{"@type":"EntryPoint","urlTemplate":"https:\/\/veho-lifestyle.ca\/fr\/?s={search_term_string}"},"query-input":{"@type":"PropertyValueSpecification","valueRequired":true,"valueName":"search_term_string"}}],"inLanguage":"fr-FR"}]}},"jetpack_sharing_enabled":true,"_links":{"self":[{"href":"https:\/\/veho-lifestyle.ca\/fr\/wp-json\/wp\/v2\/product\/4097","targetHints":{"allow":["GET"]}}],"collection":[{"href":"https:\/\/veho-lifestyle.ca\/fr\/wp-json\/wp\/v2\/product"}],"about":[{"href":"https:\/\/veho-lifestyle.ca\/fr\/wp-json\/wp\/v2\/types\/product"}],"replies":[{"embeddable":true,"href":"https:\/\/veho-lifestyle.ca\/fr\/wp-json\/wp\/v2\/comments?post=4097"}],"wp:featuredmedia":[{"embeddable":true,"href":"https:\/\/veho-lifestyle.ca\/fr\/wp-json\/wp\/v2\/media\/3451"}],"wp:attachment":[{"href":"https:\/\/veho-lifestyle.ca\/fr\/wp-json\/wp\/v2\/media?parent=4097"}],"wp:term":[{"taxonomy":"product_brand","embeddable":true,"href":"https:\/\/veho-lifestyle.ca\/fr\/wp-json\/wp\/v2\/product_brand?post=4097"},{"taxonomy":"product_cat","embeddable":true,"href":"https:\/\/veho-lifestyle.ca\/fr\/wp-json\/wp\/v2\/product_cat?post=4097"},{"taxonomy":"product_tag","embeddable":true,"href":"https:\/\/veho-lifestyle.ca\/fr\/wp-json\/wp\/v2\/product_tag?post=4097"}],"curies":[{"name":"wp","href":"https:\/\/api.w.org\/{rel}","templated":true}]}}