{"id":4096,"date":"2023-06-12T11:29:52","date_gmt":"2023-06-12T15:29:52","guid":{"rendered":"https:\/\/veho-lifestyle.ca\/product\/kuzo-sports-smart-watch-f1s-blanc\/"},"modified":"2025-01-28T07:14:50","modified_gmt":"2025-01-28T12:14:50","slug":"kuzo-sports-smart-watch-f1s-blanc","status":"publish","type":"product","link":"https:\/\/veho-lifestyle.ca\/fr\/product\/kuzo-sports-smart-watch-f1s-blanc\/","title":{"rendered":"Kuzo Sports Smart Watch \u2013 F1S Blanc"},"content":{"rendered":"<div class=\"wp-content wp-content--product\"><p>La Veho Kuzo F1-S est une montre intelligente robuste et durable con\u00e7ue pour l\u2019aventure, le sport et l\u2019ext\u00e9rieur, avec un \u00e9cran tactile AMOLED et un GPS int\u00e9gr\u00e9. La montre intelligente Kuzo F1-S est une montre \u00e9l\u00e9gante et \u00e9l\u00e9gante dot\u00e9e de fonctionnalit\u00e9s impressionnantes.  Son \u00e9cran AMOLED de 1,3 pouce offre des couleurs vives, tandis que son design robuste et l\u00e9ger assure une usure confortable dans n\u2019importe quel environnement. Avec des capacit\u00e9s compl\u00e8tes de suivi de la sant\u00e9, y compris la surveillance de la fr\u00e9quence cardiaque, les niveaux d\u2019oxyg\u00e8ne dans le sang et l\u2019analyse du sommeil, le F1-S vous aide \u00e0 faire des choix de vie \u00e9clair\u00e9s. Restez connect\u00e9 avec des notifications intelligentes pour les appels, les messages et les alertes sur les r\u00e9seaux sociaux.  L\u2019interface intuitive de la montre vous permet de contr\u00f4ler la lecture de musique et de g\u00e9rer les alertes. Avec une cote de r\u00e9sistance \u00e0 l\u2019eau et \u00e0 la poussi\u00e8re IP68, il est parfait pour les s\u00e9ances d\u2019entra\u00eenement et les aventures en plein air. Personnalisez votre style avec des cadrans personnalisables et un support de sangle universel. Le Kuzo F1-S est le m\u00e9lange ultime de mode et de fonctionnalit\u00e9&nbsp;; restez connect\u00e9, restez actif et restez \u00e9l\u00e9gant. <\/p>\n<\/div>","protected":false},"excerpt":{"rendered":"<ul>\n<li>Design robuste et durable pour l\u2019ext\u00e9rieur<\/li>\n<li>\u00c9cran tactile AMOLED couleur de 1,3 po<\/li>\n<li>Surveillance de la sant\u00e9 24\/7 et suivi de la condition physique<\/li>\n<li>GPS int\u00e9gr\u00e9<\/li>\n<\/ul>\n","protected":false},"featured_media":3812,"comment_status":"closed","ping_status":"closed","template":"","meta":{"inline_featured_image":false},"product_brand":[],"product_cat":[142],"product_tag":[],"class_list":{"0":"post-4096","1":"product","2":"type-product","3":"status-publish","4":"has-post-thumbnail","6":"product_cat-kuzo-sport-smartwatch-fr","8":"first","9":"instock","10":"shipping-taxable","11":"purchasable","12":"product-type-simple"},"acf":[],"yoast_head":"<!-- This site is optimized with the Yoast SEO plugin v27.5 - https:\/\/yoast.com\/product\/yoast-seo-wordpress\/ -->\n<title>Kuzo Sports Smart Watch \u2013 F1S Blanc - Boutique Veho Lifestyle Canada<\/title>\n<meta name=\"description\" content=\"La Veho Kuzo Sports Smart Watch est une montre intelligente robuste et durable con\u00e7ue pour le plein air, le sport et l\u2019aventure avec gps int\u00e9gr\u00e9 et \u00e9cran AMOLED.\" \/>\n<meta name=\"robots\" content=\"index, follow, max-snippet:-1, max-image-preview:large, max-video-preview:-1\" \/>\n<link rel=\"canonical\" href=\"https:\/\/veho-lifestyle.ca\/fr\/product\/kuzo-sports-smart-watch-f1s-blanc\/\" \/>\n<meta property=\"og:locale\" content=\"fr_FR\" \/>\n<meta property=\"og:type\" content=\"article\" \/>\n<meta property=\"og:title\" content=\"Kuzo Sports Smart Watch \u2013 F1S Blanc - Boutique Veho Lifestyle Canada\" \/>\n<meta property=\"og:description\" content=\"La Veho Kuzo Sports Smart Watch est une montre intelligente robuste et durable con\u00e7ue pour le plein air, le sport et l\u2019aventure avec gps int\u00e9gr\u00e9 et \u00e9cran AMOLED.\" \/>\n<meta property=\"og:url\" content=\"https:\/\/veho-lifestyle.ca\/fr\/product\/kuzo-sports-smart-watch-f1s-blanc\/\" \/>\n<meta property=\"og:site_name\" content=\"Boutique Veho Lifestyle Canada\" \/>\n<meta property=\"article:modified_time\" content=\"2025-01-28T12:14:50+00:00\" \/>\n<meta property=\"og:image\" content=\"https:\/\/veho-lifestyle.ca\/wp-content\/uploads\/2023\/06\/kuzo_white_hero.png\" \/>\n\t<meta property=\"og:image:width\" content=\"620\" \/>\n\t<meta property=\"og:image:height\" content=\"620\" \/>\n\t<meta property=\"og:image:type\" content=\"image\/png\" \/>\n<meta name=\"twitter:card\" content=\"summary_large_image\" \/>\n<meta name=\"twitter:label1\" content=\"Dur\u00e9e de lecture estim\u00e9e\" \/>\n\t<meta name=\"twitter:data1\" content=\"1 minute\" \/>\n<script type=\"application\/ld+json\" class=\"yoast-schema-graph\">{\"@context\":\"https:\\\/\\\/schema.org\",\"@graph\":[{\"@type\":\"WebPage\",\"@id\":\"https:\\\/\\\/veho-lifestyle.ca\\\/fr\\\/product\\\/kuzo-sports-smart-watch-f1s-blanc\\\/\",\"url\":\"https:\\\/\\\/veho-lifestyle.ca\\\/fr\\\/product\\\/kuzo-sports-smart-watch-f1s-blanc\\\/\",\"name\":\"Kuzo Sports Smart Watch \u2013 F1S Blanc - Boutique Veho Lifestyle Canada\",\"isPartOf\":{\"@id\":\"https:\\\/\\\/veho-lifestyle.ca\\\/fr\\\/#website\"},\"primaryImageOfPage\":{\"@id\":\"https:\\\/\\\/veho-lifestyle.ca\\\/fr\\\/product\\\/kuzo-sports-smart-watch-f1s-blanc\\\/#primaryimage\"},\"image\":{\"@id\":\"https:\\\/\\\/veho-lifestyle.ca\\\/fr\\\/product\\\/kuzo-sports-smart-watch-f1s-blanc\\\/#primaryimage\"},\"thumbnailUrl\":\"https:\\\/\\\/veho-lifestyle.ca\\\/wp-content\\\/uploads\\\/2023\\\/06\\\/kuzo_white_hero.png\",\"datePublished\":\"2023-06-12T15:29:52+00:00\",\"dateModified\":\"2025-01-28T12:14:50+00:00\",\"description\":\"La Veho Kuzo Sports Smart Watch est une montre intelligente robuste et durable con\u00e7ue pour le plein air, le sport et l\u2019aventure avec gps int\u00e9gr\u00e9 et \u00e9cran AMOLED.\",\"breadcrumb\":{\"@id\":\"https:\\\/\\\/veho-lifestyle.ca\\\/fr\\\/product\\\/kuzo-sports-smart-watch-f1s-blanc\\\/#breadcrumb\"},\"inLanguage\":\"fr-FR\",\"potentialAction\":[{\"@type\":\"ReadAction\",\"target\":[\"https:\\\/\\\/veho-lifestyle.ca\\\/fr\\\/product\\\/kuzo-sports-smart-watch-f1s-blanc\\\/\"]}]},{\"@type\":\"ImageObject\",\"inLanguage\":\"fr-FR\",\"@id\":\"https:\\\/\\\/veho-lifestyle.ca\\\/fr\\\/product\\\/kuzo-sports-smart-watch-f1s-blanc\\\/#primaryimage\",\"url\":\"https:\\\/\\\/veho-lifestyle.ca\\\/wp-content\\\/uploads\\\/2023\\\/06\\\/kuzo_white_hero.png\",\"contentUrl\":\"https:\\\/\\\/veho-lifestyle.ca\\\/wp-content\\\/uploads\\\/2023\\\/06\\\/kuzo_white_hero.png\",\"width\":620,\"height\":620},{\"@type\":\"BreadcrumbList\",\"@id\":\"https:\\\/\\\/veho-lifestyle.ca\\\/fr\\\/product\\\/kuzo-sports-smart-watch-f1s-blanc\\\/#breadcrumb\",\"itemListElement\":[{\"@type\":\"ListItem\",\"position\":1,\"name\":\"Home\",\"item\":\"https:\\\/\\\/veho-lifestyle.ca\\\/fr\\\/\"},{\"@type\":\"ListItem\",\"position\":2,\"name\":\"Magasinez\",\"item\":\"https:\\\/\\\/veho-lifestyle.ca\\\/fr\\\/boutique\\\/\"},{\"@type\":\"ListItem\",\"position\":3,\"name\":\"Kuzo Sports Smart Watch \u2013 F1S Blanc\"}]},{\"@type\":\"WebSite\",\"@id\":\"https:\\\/\\\/veho-lifestyle.ca\\\/fr\\\/#website\",\"url\":\"https:\\\/\\\/veho-lifestyle.ca\\\/fr\\\/\",\"name\":\"Boutique Veho Lifestyle Canada\",\"description\":\"\u00c9lectronique grand public con\u00e7ue au Royaume-Uni\",\"potentialAction\":[{\"@type\":\"SearchAction\",\"target\":{\"@type\":\"EntryPoint\",\"urlTemplate\":\"https:\\\/\\\/veho-lifestyle.ca\\\/fr\\\/?s={search_term_string}\"},\"query-input\":{\"@type\":\"PropertyValueSpecification\",\"valueRequired\":true,\"valueName\":\"search_term_string\"}}],\"inLanguage\":\"fr-FR\"}]}<\/script>\n<!-- \/ Yoast SEO plugin. -->","yoast_head_json":{"title":"Kuzo Sports Smart Watch \u2013 F1S Blanc - Boutique Veho Lifestyle Canada","description":"La Veho Kuzo Sports Smart Watch est une montre intelligente robuste et durable con\u00e7ue pour le plein air, le sport et l\u2019aventure avec gps int\u00e9gr\u00e9 et \u00e9cran AMOLED.","robots":{"index":"index","follow":"follow","max-snippet":"max-snippet:-1","max-image-preview":"max-image-preview:large","max-video-preview":"max-video-preview:-1"},"canonical":"https:\/\/veho-lifestyle.ca\/fr\/product\/kuzo-sports-smart-watch-f1s-blanc\/","og_locale":"fr_FR","og_type":"article","og_title":"Kuzo Sports Smart Watch \u2013 F1S Blanc - Boutique Veho Lifestyle Canada","og_description":"La Veho Kuzo Sports Smart Watch est une montre intelligente robuste et durable con\u00e7ue pour le plein air, le sport et l\u2019aventure avec gps int\u00e9gr\u00e9 et \u00e9cran AMOLED.","og_url":"https:\/\/veho-lifestyle.ca\/fr\/product\/kuzo-sports-smart-watch-f1s-blanc\/","og_site_name":"Boutique Veho Lifestyle Canada","article_modified_time":"2025-01-28T12:14:50+00:00","og_image":[{"width":620,"height":620,"url":"https:\/\/veho-lifestyle.ca\/wp-content\/uploads\/2023\/06\/kuzo_white_hero.png","type":"image\/png"}],"twitter_card":"summary_large_image","twitter_misc":{"Dur\u00e9e de lecture estim\u00e9e":"1 minute"},"schema":{"@context":"https:\/\/schema.org","@graph":[{"@type":"WebPage","@id":"https:\/\/veho-lifestyle.ca\/fr\/product\/kuzo-sports-smart-watch-f1s-blanc\/","url":"https:\/\/veho-lifestyle.ca\/fr\/product\/kuzo-sports-smart-watch-f1s-blanc\/","name":"Kuzo Sports Smart Watch \u2013 F1S Blanc - Boutique Veho Lifestyle Canada","isPartOf":{"@id":"https:\/\/veho-lifestyle.ca\/fr\/#website"},"primaryImageOfPage":{"@id":"https:\/\/veho-lifestyle.ca\/fr\/product\/kuzo-sports-smart-watch-f1s-blanc\/#primaryimage"},"image":{"@id":"https:\/\/veho-lifestyle.ca\/fr\/product\/kuzo-sports-smart-watch-f1s-blanc\/#primaryimage"},"thumbnailUrl":"https:\/\/veho-lifestyle.ca\/wp-content\/uploads\/2023\/06\/kuzo_white_hero.png","datePublished":"2023-06-12T15:29:52+00:00","dateModified":"2025-01-28T12:14:50+00:00","description":"La Veho Kuzo Sports Smart Watch est une montre intelligente robuste et durable con\u00e7ue pour le plein air, le sport et l\u2019aventure avec gps int\u00e9gr\u00e9 et \u00e9cran AMOLED.","breadcrumb":{"@id":"https:\/\/veho-lifestyle.ca\/fr\/product\/kuzo-sports-smart-watch-f1s-blanc\/#breadcrumb"},"inLanguage":"fr-FR","potentialAction":[{"@type":"ReadAction","target":["https:\/\/veho-lifestyle.ca\/fr\/product\/kuzo-sports-smart-watch-f1s-blanc\/"]}]},{"@type":"ImageObject","inLanguage":"fr-FR","@id":"https:\/\/veho-lifestyle.ca\/fr\/product\/kuzo-sports-smart-watch-f1s-blanc\/#primaryimage","url":"https:\/\/veho-lifestyle.ca\/wp-content\/uploads\/2023\/06\/kuzo_white_hero.png","contentUrl":"https:\/\/veho-lifestyle.ca\/wp-content\/uploads\/2023\/06\/kuzo_white_hero.png","width":620,"height":620},{"@type":"BreadcrumbList","@id":"https:\/\/veho-lifestyle.ca\/fr\/product\/kuzo-sports-smart-watch-f1s-blanc\/#breadcrumb","itemListElement":[{"@type":"ListItem","position":1,"name":"Home","item":"https:\/\/veho-lifestyle.ca\/fr\/"},{"@type":"ListItem","position":2,"name":"Magasinez","item":"https:\/\/veho-lifestyle.ca\/fr\/boutique\/"},{"@type":"ListItem","position":3,"name":"Kuzo Sports Smart Watch \u2013 F1S Blanc"}]},{"@type":"WebSite","@id":"https:\/\/veho-lifestyle.ca\/fr\/#website","url":"https:\/\/veho-lifestyle.ca\/fr\/","name":"Boutique Veho Lifestyle Canada","description":"\u00c9lectronique grand public con\u00e7ue au Royaume-Uni","potentialAction":[{"@type":"SearchAction","target":{"@type":"EntryPoint","urlTemplate":"https:\/\/veho-lifestyle.ca\/fr\/?s={search_term_string}"},"query-input":{"@type":"PropertyValueSpecification","valueRequired":true,"valueName":"search_term_string"}}],"inLanguage":"fr-FR"}]}},"jetpack_sharing_enabled":true,"_links":{"self":[{"href":"https:\/\/veho-lifestyle.ca\/fr\/wp-json\/wp\/v2\/product\/4096","targetHints":{"allow":["GET"]}}],"collection":[{"href":"https:\/\/veho-lifestyle.ca\/fr\/wp-json\/wp\/v2\/product"}],"about":[{"href":"https:\/\/veho-lifestyle.ca\/fr\/wp-json\/wp\/v2\/types\/product"}],"replies":[{"embeddable":true,"href":"https:\/\/veho-lifestyle.ca\/fr\/wp-json\/wp\/v2\/comments?post=4096"}],"wp:featuredmedia":[{"embeddable":true,"href":"https:\/\/veho-lifestyle.ca\/fr\/wp-json\/wp\/v2\/media\/3812"}],"wp:attachment":[{"href":"https:\/\/veho-lifestyle.ca\/fr\/wp-json\/wp\/v2\/media?parent=4096"}],"wp:term":[{"taxonomy":"product_brand","embeddable":true,"href":"https:\/\/veho-lifestyle.ca\/fr\/wp-json\/wp\/v2\/product_brand?post=4096"},{"taxonomy":"product_cat","embeddable":true,"href":"https:\/\/veho-lifestyle.ca\/fr\/wp-json\/wp\/v2\/product_cat?post=4096"},{"taxonomy":"product_tag","embeddable":true,"href":"https:\/\/veho-lifestyle.ca\/fr\/wp-json\/wp\/v2\/product_tag?post=4096"}],"curies":[{"name":"wp","href":"https:\/\/api.w.org\/{rel}","templated":true}]}}