{"id":4084,"date":"2024-05-30T14:27:42","date_gmt":"2024-05-30T18:27:42","guid":{"rendered":"https:\/\/veho-lifestyle.ca\/product\/prise-de-charge-rapide-usb-20w-3-broches-au-royaume-uni\/"},"modified":"2025-01-24T05:26:28","modified_gmt":"2025-01-24T10:26:28","slug":"prise-de-charge-rapide-usb-20w-3-broches-au-royaume-uni","status":"publish","type":"product","link":"https:\/\/veho-lifestyle.ca\/fr\/product\/prise-de-charge-rapide-usb-20w-3-broches-au-royaume-uni\/","title":{"rendered":"Prise de charge rapide USB 20W 3 broches au Royaume-Uni"},"content":{"rendered":"<div class=\"wp-content wp-content--product\"><p>Le chargeur mural USB \u00e0 deux ports de 20 W est ultra-compact, l\u00e9ger et pr\u00eat \u00e0 charger rapidement vos appareils \u00e0 la maison ou en d\u00e9placement. Les ports doubles offrent jusqu\u2019\u00e0 20W, en utilisant le port USB-C PD, ou jusqu\u2019\u00e0 18W via le port USB 3.0. Chipset intelligent pour prot\u00e9ger contre la surfacturation, la surchauffe et la protection contre les courts-circuits. <\/p>\n<\/div>","protected":false},"excerpt":{"rendered":"<ul>\n<li>Prise de charge rapide \u00e0 deux ports deux en un<\/li>\n<li>USB-C jusqu\u2019\u00e0 20W \/ USB 3.0 jusqu\u2019\u00e0 18W<\/li>\n<li>Charge \u00e0 la fois les smartphones et les tablettes<\/li>\n<\/ul>\n","protected":false},"featured_media":3932,"comment_status":"open","ping_status":"closed","template":"","meta":{"inline_featured_image":false},"product_brand":[],"product_cat":[139],"product_tag":[],"class_list":{"0":"post-4084","1":"product","2":"type-product","3":"status-publish","4":"has-post-thumbnail","6":"product_cat-portable-power-accessories-fr","8":"first","9":"instock","10":"shipping-taxable","11":"purchasable","12":"product-type-simple"},"acf":[],"yoast_head":"<!-- This site is optimized with the Yoast SEO plugin v27.5 - https:\/\/yoast.com\/product\/yoast-seo-wordpress\/ -->\n<title>Prise de charge rapide USB 20W 3 broches au Royaume-Uni - Boutique Veho Lifestyle Canada<\/title>\n<meta name=\"description\" content=\"Le chargeur mural USB \u00e0 deux ports de 20 W est ultra-compact, l\u00e9ger et pr\u00eat \u00e0 charger rapidement vos appareils \u00e0 la maison ou en d\u00e9placement.\" \/>\n<meta name=\"robots\" content=\"index, follow, max-snippet:-1, max-image-preview:large, max-video-preview:-1\" \/>\n<link rel=\"canonical\" href=\"https:\/\/veho-lifestyle.ca\/fr\/product\/prise-de-charge-rapide-usb-20w-3-broches-au-royaume-uni\/\" \/>\n<meta property=\"og:locale\" content=\"fr_FR\" \/>\n<meta property=\"og:type\" content=\"article\" \/>\n<meta property=\"og:title\" content=\"Prise de charge rapide USB 20W 3 broches au Royaume-Uni - Boutique Veho Lifestyle Canada\" \/>\n<meta property=\"og:description\" content=\"Le chargeur mural USB \u00e0 deux ports de 20 W est ultra-compact, l\u00e9ger et pr\u00eat \u00e0 charger rapidement vos appareils \u00e0 la maison ou en d\u00e9placement.\" \/>\n<meta property=\"og:url\" content=\"https:\/\/veho-lifestyle.ca\/fr\/product\/prise-de-charge-rapide-usb-20w-3-broches-au-royaume-uni\/\" \/>\n<meta property=\"og:site_name\" content=\"Boutique Veho Lifestyle Canada\" \/>\n<meta property=\"article:modified_time\" content=\"2025-01-24T10:26:28+00:00\" \/>\n<meta property=\"og:image\" content=\"https:\/\/veho-lifestyle.ca\/wp-content\/uploads\/2024\/05\/usb_plug1.png\" \/>\n\t<meta property=\"og:image:width\" content=\"620\" \/>\n\t<meta property=\"og:image:height\" content=\"620\" \/>\n\t<meta property=\"og:image:type\" content=\"image\/png\" \/>\n<meta name=\"twitter:card\" content=\"summary_large_image\" \/>\n<script type=\"application\/ld+json\" class=\"yoast-schema-graph\">{\"@context\":\"https:\\\/\\\/schema.org\",\"@graph\":[{\"@type\":\"WebPage\",\"@id\":\"https:\\\/\\\/veho-lifestyle.ca\\\/fr\\\/product\\\/prise-de-charge-rapide-usb-20w-3-broches-au-royaume-uni\\\/\",\"url\":\"https:\\\/\\\/veho-lifestyle.ca\\\/fr\\\/product\\\/prise-de-charge-rapide-usb-20w-3-broches-au-royaume-uni\\\/\",\"name\":\"Prise de charge rapide USB 20W 3 broches au Royaume-Uni - Boutique Veho Lifestyle Canada\",\"isPartOf\":{\"@id\":\"https:\\\/\\\/veho-lifestyle.ca\\\/fr\\\/#website\"},\"primaryImageOfPage\":{\"@id\":\"https:\\\/\\\/veho-lifestyle.ca\\\/fr\\\/product\\\/prise-de-charge-rapide-usb-20w-3-broches-au-royaume-uni\\\/#primaryimage\"},\"image\":{\"@id\":\"https:\\\/\\\/veho-lifestyle.ca\\\/fr\\\/product\\\/prise-de-charge-rapide-usb-20w-3-broches-au-royaume-uni\\\/#primaryimage\"},\"thumbnailUrl\":\"https:\\\/\\\/veho-lifestyle.ca\\\/wp-content\\\/uploads\\\/2024\\\/05\\\/usb_plug1.png\",\"datePublished\":\"2024-05-30T18:27:42+00:00\",\"dateModified\":\"2025-01-24T10:26:28+00:00\",\"description\":\"Le chargeur mural USB \u00e0 deux ports de 20 W est ultra-compact, l\u00e9ger et pr\u00eat \u00e0 charger rapidement vos appareils \u00e0 la maison ou en d\u00e9placement.\",\"breadcrumb\":{\"@id\":\"https:\\\/\\\/veho-lifestyle.ca\\\/fr\\\/product\\\/prise-de-charge-rapide-usb-20w-3-broches-au-royaume-uni\\\/#breadcrumb\"},\"inLanguage\":\"fr-FR\",\"potentialAction\":[{\"@type\":\"ReadAction\",\"target\":[\"https:\\\/\\\/veho-lifestyle.ca\\\/fr\\\/product\\\/prise-de-charge-rapide-usb-20w-3-broches-au-royaume-uni\\\/\"]}]},{\"@type\":\"ImageObject\",\"inLanguage\":\"fr-FR\",\"@id\":\"https:\\\/\\\/veho-lifestyle.ca\\\/fr\\\/product\\\/prise-de-charge-rapide-usb-20w-3-broches-au-royaume-uni\\\/#primaryimage\",\"url\":\"https:\\\/\\\/veho-lifestyle.ca\\\/wp-content\\\/uploads\\\/2024\\\/05\\\/usb_plug1.png\",\"contentUrl\":\"https:\\\/\\\/veho-lifestyle.ca\\\/wp-content\\\/uploads\\\/2024\\\/05\\\/usb_plug1.png\",\"width\":620,\"height\":620},{\"@type\":\"BreadcrumbList\",\"@id\":\"https:\\\/\\\/veho-lifestyle.ca\\\/fr\\\/product\\\/prise-de-charge-rapide-usb-20w-3-broches-au-royaume-uni\\\/#breadcrumb\",\"itemListElement\":[{\"@type\":\"ListItem\",\"position\":1,\"name\":\"Home\",\"item\":\"https:\\\/\\\/veho-lifestyle.ca\\\/fr\\\/\"},{\"@type\":\"ListItem\",\"position\":2,\"name\":\"Magasinez\",\"item\":\"https:\\\/\\\/veho-lifestyle.ca\\\/fr\\\/boutique\\\/\"},{\"@type\":\"ListItem\",\"position\":3,\"name\":\"Prise de charge rapide USB 20W 3 broches au Royaume-Uni\"}]},{\"@type\":\"WebSite\",\"@id\":\"https:\\\/\\\/veho-lifestyle.ca\\\/fr\\\/#website\",\"url\":\"https:\\\/\\\/veho-lifestyle.ca\\\/fr\\\/\",\"name\":\"Boutique Veho Lifestyle Canada\",\"description\":\"\u00c9lectronique grand public con\u00e7ue au Royaume-Uni\",\"potentialAction\":[{\"@type\":\"SearchAction\",\"target\":{\"@type\":\"EntryPoint\",\"urlTemplate\":\"https:\\\/\\\/veho-lifestyle.ca\\\/fr\\\/?s={search_term_string}\"},\"query-input\":{\"@type\":\"PropertyValueSpecification\",\"valueRequired\":true,\"valueName\":\"search_term_string\"}}],\"inLanguage\":\"fr-FR\"}]}<\/script>\n<!-- \/ Yoast SEO plugin. -->","yoast_head_json":{"title":"Prise de charge rapide USB 20W 3 broches au Royaume-Uni - Boutique Veho Lifestyle Canada","description":"Le chargeur mural USB \u00e0 deux ports de 20 W est ultra-compact, l\u00e9ger et pr\u00eat \u00e0 charger rapidement vos appareils \u00e0 la maison ou en d\u00e9placement.","robots":{"index":"index","follow":"follow","max-snippet":"max-snippet:-1","max-image-preview":"max-image-preview:large","max-video-preview":"max-video-preview:-1"},"canonical":"https:\/\/veho-lifestyle.ca\/fr\/product\/prise-de-charge-rapide-usb-20w-3-broches-au-royaume-uni\/","og_locale":"fr_FR","og_type":"article","og_title":"Prise de charge rapide USB 20W 3 broches au Royaume-Uni - Boutique Veho Lifestyle Canada","og_description":"Le chargeur mural USB \u00e0 deux ports de 20 W est ultra-compact, l\u00e9ger et pr\u00eat \u00e0 charger rapidement vos appareils \u00e0 la maison ou en d\u00e9placement.","og_url":"https:\/\/veho-lifestyle.ca\/fr\/product\/prise-de-charge-rapide-usb-20w-3-broches-au-royaume-uni\/","og_site_name":"Boutique Veho Lifestyle Canada","article_modified_time":"2025-01-24T10:26:28+00:00","og_image":[{"width":620,"height":620,"url":"https:\/\/veho-lifestyle.ca\/wp-content\/uploads\/2024\/05\/usb_plug1.png","type":"image\/png"}],"twitter_card":"summary_large_image","schema":{"@context":"https:\/\/schema.org","@graph":[{"@type":"WebPage","@id":"https:\/\/veho-lifestyle.ca\/fr\/product\/prise-de-charge-rapide-usb-20w-3-broches-au-royaume-uni\/","url":"https:\/\/veho-lifestyle.ca\/fr\/product\/prise-de-charge-rapide-usb-20w-3-broches-au-royaume-uni\/","name":"Prise de charge rapide USB 20W 3 broches au Royaume-Uni - Boutique Veho Lifestyle Canada","isPartOf":{"@id":"https:\/\/veho-lifestyle.ca\/fr\/#website"},"primaryImageOfPage":{"@id":"https:\/\/veho-lifestyle.ca\/fr\/product\/prise-de-charge-rapide-usb-20w-3-broches-au-royaume-uni\/#primaryimage"},"image":{"@id":"https:\/\/veho-lifestyle.ca\/fr\/product\/prise-de-charge-rapide-usb-20w-3-broches-au-royaume-uni\/#primaryimage"},"thumbnailUrl":"https:\/\/veho-lifestyle.ca\/wp-content\/uploads\/2024\/05\/usb_plug1.png","datePublished":"2024-05-30T18:27:42+00:00","dateModified":"2025-01-24T10:26:28+00:00","description":"Le chargeur mural USB \u00e0 deux ports de 20 W est ultra-compact, l\u00e9ger et pr\u00eat \u00e0 charger rapidement vos appareils \u00e0 la maison ou en d\u00e9placement.","breadcrumb":{"@id":"https:\/\/veho-lifestyle.ca\/fr\/product\/prise-de-charge-rapide-usb-20w-3-broches-au-royaume-uni\/#breadcrumb"},"inLanguage":"fr-FR","potentialAction":[{"@type":"ReadAction","target":["https:\/\/veho-lifestyle.ca\/fr\/product\/prise-de-charge-rapide-usb-20w-3-broches-au-royaume-uni\/"]}]},{"@type":"ImageObject","inLanguage":"fr-FR","@id":"https:\/\/veho-lifestyle.ca\/fr\/product\/prise-de-charge-rapide-usb-20w-3-broches-au-royaume-uni\/#primaryimage","url":"https:\/\/veho-lifestyle.ca\/wp-content\/uploads\/2024\/05\/usb_plug1.png","contentUrl":"https:\/\/veho-lifestyle.ca\/wp-content\/uploads\/2024\/05\/usb_plug1.png","width":620,"height":620},{"@type":"BreadcrumbList","@id":"https:\/\/veho-lifestyle.ca\/fr\/product\/prise-de-charge-rapide-usb-20w-3-broches-au-royaume-uni\/#breadcrumb","itemListElement":[{"@type":"ListItem","position":1,"name":"Home","item":"https:\/\/veho-lifestyle.ca\/fr\/"},{"@type":"ListItem","position":2,"name":"Magasinez","item":"https:\/\/veho-lifestyle.ca\/fr\/boutique\/"},{"@type":"ListItem","position":3,"name":"Prise de charge rapide USB 20W 3 broches au Royaume-Uni"}]},{"@type":"WebSite","@id":"https:\/\/veho-lifestyle.ca\/fr\/#website","url":"https:\/\/veho-lifestyle.ca\/fr\/","name":"Boutique Veho Lifestyle Canada","description":"\u00c9lectronique grand public con\u00e7ue au Royaume-Uni","potentialAction":[{"@type":"SearchAction","target":{"@type":"EntryPoint","urlTemplate":"https:\/\/veho-lifestyle.ca\/fr\/?s={search_term_string}"},"query-input":{"@type":"PropertyValueSpecification","valueRequired":true,"valueName":"search_term_string"}}],"inLanguage":"fr-FR"}]}},"jetpack_sharing_enabled":true,"_links":{"self":[{"href":"https:\/\/veho-lifestyle.ca\/fr\/wp-json\/wp\/v2\/product\/4084","targetHints":{"allow":["GET"]}}],"collection":[{"href":"https:\/\/veho-lifestyle.ca\/fr\/wp-json\/wp\/v2\/product"}],"about":[{"href":"https:\/\/veho-lifestyle.ca\/fr\/wp-json\/wp\/v2\/types\/product"}],"replies":[{"embeddable":true,"href":"https:\/\/veho-lifestyle.ca\/fr\/wp-json\/wp\/v2\/comments?post=4084"}],"wp:featuredmedia":[{"embeddable":true,"href":"https:\/\/veho-lifestyle.ca\/fr\/wp-json\/wp\/v2\/media\/3932"}],"wp:attachment":[{"href":"https:\/\/veho-lifestyle.ca\/fr\/wp-json\/wp\/v2\/media?parent=4084"}],"wp:term":[{"taxonomy":"product_brand","embeddable":true,"href":"https:\/\/veho-lifestyle.ca\/fr\/wp-json\/wp\/v2\/product_brand?post=4084"},{"taxonomy":"product_cat","embeddable":true,"href":"https:\/\/veho-lifestyle.ca\/fr\/wp-json\/wp\/v2\/product_cat?post=4084"},{"taxonomy":"product_tag","embeddable":true,"href":"https:\/\/veho-lifestyle.ca\/fr\/wp-json\/wp\/v2\/product_tag?post=4084"}],"curies":[{"name":"wp","href":"https:\/\/api.w.org\/{rel}","templated":true}]}}