{"id":4083,"date":"2024-05-30T14:16:44","date_gmt":"2024-05-30T13:16:44","guid":{"rendered":"https:\/\/veho-lifestyle.ca\/product\/ta-45-adaptateur-de-prise-de-chargeur-usb-universel-multi-regions\/"},"modified":"2026-02-17T04:37:19","modified_gmt":"2026-02-17T09:37:19","slug":"ta-45-adaptateur-de-prise-de-chargeur-usb-universel-multi-regions","status":"publish","type":"product","link":"https:\/\/veho-lifestyle.ca\/fr\/product\/ta-45-adaptateur-de-prise-de-chargeur-usb-universel-multi-regions\/","title":{"rendered":"TA-45 Adaptateur de prise de chargeur USB universel multi-r\u00e9gions"},"content":{"rendered":"<div class=\"wp-content wp-content--product\"><p>Le Veho TA-45 est un chargeur d\u2019alimentation USB-A et USB-C universel \u00e0 4 ports multi-r\u00e9gions (environ 150 pays) pour tous les p\u00e9riph\u00e9riques USB, y compris les smartphones (y compris les iPhones), les ordinateurs portables, les appareils photo, la navigation assise, etc. Avec une puissance de sortie allant jusqu\u2019\u00e0 45W et une pochette de transport de voyage. Compatible dans 150 pays dont les \u00c9tats-Unis, le Canada, le Mexique, le Br\u00e9sil, l\u2019Europe, l\u2019Australie, la Nouvelle-Z\u00e9lande, le Japon, la Chine, Hong Kong, Singapour, l\u2019Am\u00e9rique centrale, le Royaume-Uni et l\u2019Irlande, Chypre, Malte et bien d\u2019autres.  <\/p>\n<\/div>","protected":false},"excerpt":{"rendered":"<ul>\n<li>Frais ordinateurs portables \/ tablettes \/ smartphones<\/li>\n<li>PD45W Puissance maximale \/ QC3.0<\/li>\n<li>Compatibilit\u00e9 globale<\/li>\n<\/ul>\n","protected":false},"featured_media":3931,"comment_status":"open","ping_status":"closed","template":"","meta":{"inline_featured_image":false},"product_brand":[],"product_cat":[139],"product_tag":[],"class_list":{"0":"post-4083","1":"product","2":"type-product","3":"status-publish","4":"has-post-thumbnail","6":"product_cat-portable-power-accessories-fr","8":"first","9":"instock","10":"shipping-taxable","11":"purchasable","12":"product-type-simple"},"acf":[],"yoast_head":"<!-- This site is optimized with the Yoast SEO plugin v27.5 - https:\/\/yoast.com\/product\/yoast-seo-wordpress\/ -->\n<title>TA-45 Adaptateur de prise de chargeur USB universel multi-r\u00e9gions - Boutique Veho Lifestyle Canada<\/title>\n<meta name=\"description\" content=\"Le Veho TA-45 est un chargeur d\u2019alimentation USB-A et USB-C universel \u00e0 4 ports (150 pays environ) pour tous les p\u00e9riph\u00e9riques USB.\" \/>\n<meta name=\"robots\" content=\"index, follow, max-snippet:-1, max-image-preview:large, max-video-preview:-1\" \/>\n<link rel=\"canonical\" href=\"https:\/\/veho-lifestyle.ca\/fr\/product\/ta-45-adaptateur-de-prise-de-chargeur-usb-universel-multi-regions\/\" \/>\n<meta property=\"og:locale\" content=\"fr_FR\" \/>\n<meta property=\"og:type\" content=\"article\" \/>\n<meta property=\"og:title\" content=\"TA-45 Adaptateur de prise de chargeur USB universel multi-r\u00e9gions - Boutique Veho Lifestyle Canada\" \/>\n<meta property=\"og:description\" content=\"Le Veho TA-45 est un chargeur d\u2019alimentation USB-A et USB-C universel \u00e0 4 ports (150 pays environ) pour tous les p\u00e9riph\u00e9riques USB.\" \/>\n<meta property=\"og:url\" content=\"https:\/\/veho-lifestyle.ca\/fr\/product\/ta-45-adaptateur-de-prise-de-chargeur-usb-universel-multi-regions\/\" \/>\n<meta property=\"og:site_name\" content=\"Boutique Veho Lifestyle Canada\" \/>\n<meta property=\"article:modified_time\" content=\"2026-02-17T09:37:19+00:00\" \/>\n<meta property=\"og:image\" content=\"https:\/\/veho-lifestyle.ca\/wp-content\/uploads\/2024\/05\/ta45_hero.png\" \/>\n\t<meta property=\"og:image:width\" content=\"620\" \/>\n\t<meta property=\"og:image:height\" content=\"620\" \/>\n\t<meta property=\"og:image:type\" content=\"image\/png\" \/>\n<meta name=\"twitter:card\" content=\"summary_large_image\" \/>\n<script type=\"application\/ld+json\" class=\"yoast-schema-graph\">{\"@context\":\"https:\\\/\\\/schema.org\",\"@graph\":[{\"@type\":\"WebPage\",\"@id\":\"https:\\\/\\\/veho-lifestyle.ca\\\/fr\\\/product\\\/ta-45-adaptateur-de-prise-de-chargeur-usb-universel-multi-regions\\\/\",\"url\":\"https:\\\/\\\/veho-lifestyle.ca\\\/fr\\\/product\\\/ta-45-adaptateur-de-prise-de-chargeur-usb-universel-multi-regions\\\/\",\"name\":\"TA-45 Adaptateur de prise de chargeur USB universel multi-r\u00e9gions - Boutique Veho Lifestyle Canada\",\"isPartOf\":{\"@id\":\"https:\\\/\\\/veho-lifestyle.ca\\\/fr\\\/#website\"},\"primaryImageOfPage\":{\"@id\":\"https:\\\/\\\/veho-lifestyle.ca\\\/fr\\\/product\\\/ta-45-adaptateur-de-prise-de-chargeur-usb-universel-multi-regions\\\/#primaryimage\"},\"image\":{\"@id\":\"https:\\\/\\\/veho-lifestyle.ca\\\/fr\\\/product\\\/ta-45-adaptateur-de-prise-de-chargeur-usb-universel-multi-regions\\\/#primaryimage\"},\"thumbnailUrl\":\"https:\\\/\\\/veho-lifestyle.ca\\\/wp-content\\\/uploads\\\/2024\\\/05\\\/ta45_hero.png\",\"datePublished\":\"2024-05-30T13:16:44+00:00\",\"dateModified\":\"2026-02-17T09:37:19+00:00\",\"description\":\"Le Veho TA-45 est un chargeur d\u2019alimentation USB-A et USB-C universel \u00e0 4 ports (150 pays environ) pour tous les p\u00e9riph\u00e9riques USB.\",\"breadcrumb\":{\"@id\":\"https:\\\/\\\/veho-lifestyle.ca\\\/fr\\\/product\\\/ta-45-adaptateur-de-prise-de-chargeur-usb-universel-multi-regions\\\/#breadcrumb\"},\"inLanguage\":\"fr-FR\",\"potentialAction\":[{\"@type\":\"ReadAction\",\"target\":[\"https:\\\/\\\/veho-lifestyle.ca\\\/fr\\\/product\\\/ta-45-adaptateur-de-prise-de-chargeur-usb-universel-multi-regions\\\/\"]}]},{\"@type\":\"ImageObject\",\"inLanguage\":\"fr-FR\",\"@id\":\"https:\\\/\\\/veho-lifestyle.ca\\\/fr\\\/product\\\/ta-45-adaptateur-de-prise-de-chargeur-usb-universel-multi-regions\\\/#primaryimage\",\"url\":\"https:\\\/\\\/veho-lifestyle.ca\\\/wp-content\\\/uploads\\\/2024\\\/05\\\/ta45_hero.png\",\"contentUrl\":\"https:\\\/\\\/veho-lifestyle.ca\\\/wp-content\\\/uploads\\\/2024\\\/05\\\/ta45_hero.png\",\"width\":620,\"height\":620},{\"@type\":\"BreadcrumbList\",\"@id\":\"https:\\\/\\\/veho-lifestyle.ca\\\/fr\\\/product\\\/ta-45-adaptateur-de-prise-de-chargeur-usb-universel-multi-regions\\\/#breadcrumb\",\"itemListElement\":[{\"@type\":\"ListItem\",\"position\":1,\"name\":\"Home\",\"item\":\"https:\\\/\\\/veho-lifestyle.ca\\\/fr\\\/\"},{\"@type\":\"ListItem\",\"position\":2,\"name\":\"Magasinez\",\"item\":\"https:\\\/\\\/veho-lifestyle.ca\\\/fr\\\/boutique\\\/\"},{\"@type\":\"ListItem\",\"position\":3,\"name\":\"TA-45 Adaptateur de prise de chargeur USB universel multi-r\u00e9gions\"}]},{\"@type\":\"WebSite\",\"@id\":\"https:\\\/\\\/veho-lifestyle.ca\\\/fr\\\/#website\",\"url\":\"https:\\\/\\\/veho-lifestyle.ca\\\/fr\\\/\",\"name\":\"Boutique Veho Lifestyle Canada\",\"description\":\"\u00c9lectronique grand public con\u00e7ue au Royaume-Uni\",\"potentialAction\":[{\"@type\":\"SearchAction\",\"target\":{\"@type\":\"EntryPoint\",\"urlTemplate\":\"https:\\\/\\\/veho-lifestyle.ca\\\/fr\\\/?s={search_term_string}\"},\"query-input\":{\"@type\":\"PropertyValueSpecification\",\"valueRequired\":true,\"valueName\":\"search_term_string\"}}],\"inLanguage\":\"fr-FR\"}]}<\/script>\n<!-- \/ Yoast SEO plugin. -->","yoast_head_json":{"title":"TA-45 Adaptateur de prise de chargeur USB universel multi-r\u00e9gions - Boutique Veho Lifestyle Canada","description":"Le Veho TA-45 est un chargeur d\u2019alimentation USB-A et USB-C universel \u00e0 4 ports (150 pays environ) pour tous les p\u00e9riph\u00e9riques USB.","robots":{"index":"index","follow":"follow","max-snippet":"max-snippet:-1","max-image-preview":"max-image-preview:large","max-video-preview":"max-video-preview:-1"},"canonical":"https:\/\/veho-lifestyle.ca\/fr\/product\/ta-45-adaptateur-de-prise-de-chargeur-usb-universel-multi-regions\/","og_locale":"fr_FR","og_type":"article","og_title":"TA-45 Adaptateur de prise de chargeur USB universel multi-r\u00e9gions - Boutique Veho Lifestyle Canada","og_description":"Le Veho TA-45 est un chargeur d\u2019alimentation USB-A et USB-C universel \u00e0 4 ports (150 pays environ) pour tous les p\u00e9riph\u00e9riques USB.","og_url":"https:\/\/veho-lifestyle.ca\/fr\/product\/ta-45-adaptateur-de-prise-de-chargeur-usb-universel-multi-regions\/","og_site_name":"Boutique Veho Lifestyle Canada","article_modified_time":"2026-02-17T09:37:19+00:00","og_image":[{"width":620,"height":620,"url":"https:\/\/veho-lifestyle.ca\/wp-content\/uploads\/2024\/05\/ta45_hero.png","type":"image\/png"}],"twitter_card":"summary_large_image","schema":{"@context":"https:\/\/schema.org","@graph":[{"@type":"WebPage","@id":"https:\/\/veho-lifestyle.ca\/fr\/product\/ta-45-adaptateur-de-prise-de-chargeur-usb-universel-multi-regions\/","url":"https:\/\/veho-lifestyle.ca\/fr\/product\/ta-45-adaptateur-de-prise-de-chargeur-usb-universel-multi-regions\/","name":"TA-45 Adaptateur de prise de chargeur USB universel multi-r\u00e9gions - Boutique Veho Lifestyle Canada","isPartOf":{"@id":"https:\/\/veho-lifestyle.ca\/fr\/#website"},"primaryImageOfPage":{"@id":"https:\/\/veho-lifestyle.ca\/fr\/product\/ta-45-adaptateur-de-prise-de-chargeur-usb-universel-multi-regions\/#primaryimage"},"image":{"@id":"https:\/\/veho-lifestyle.ca\/fr\/product\/ta-45-adaptateur-de-prise-de-chargeur-usb-universel-multi-regions\/#primaryimage"},"thumbnailUrl":"https:\/\/veho-lifestyle.ca\/wp-content\/uploads\/2024\/05\/ta45_hero.png","datePublished":"2024-05-30T13:16:44+00:00","dateModified":"2026-02-17T09:37:19+00:00","description":"Le Veho TA-45 est un chargeur d\u2019alimentation USB-A et USB-C universel \u00e0 4 ports (150 pays environ) pour tous les p\u00e9riph\u00e9riques USB.","breadcrumb":{"@id":"https:\/\/veho-lifestyle.ca\/fr\/product\/ta-45-adaptateur-de-prise-de-chargeur-usb-universel-multi-regions\/#breadcrumb"},"inLanguage":"fr-FR","potentialAction":[{"@type":"ReadAction","target":["https:\/\/veho-lifestyle.ca\/fr\/product\/ta-45-adaptateur-de-prise-de-chargeur-usb-universel-multi-regions\/"]}]},{"@type":"ImageObject","inLanguage":"fr-FR","@id":"https:\/\/veho-lifestyle.ca\/fr\/product\/ta-45-adaptateur-de-prise-de-chargeur-usb-universel-multi-regions\/#primaryimage","url":"https:\/\/veho-lifestyle.ca\/wp-content\/uploads\/2024\/05\/ta45_hero.png","contentUrl":"https:\/\/veho-lifestyle.ca\/wp-content\/uploads\/2024\/05\/ta45_hero.png","width":620,"height":620},{"@type":"BreadcrumbList","@id":"https:\/\/veho-lifestyle.ca\/fr\/product\/ta-45-adaptateur-de-prise-de-chargeur-usb-universel-multi-regions\/#breadcrumb","itemListElement":[{"@type":"ListItem","position":1,"name":"Home","item":"https:\/\/veho-lifestyle.ca\/fr\/"},{"@type":"ListItem","position":2,"name":"Magasinez","item":"https:\/\/veho-lifestyle.ca\/fr\/boutique\/"},{"@type":"ListItem","position":3,"name":"TA-45 Adaptateur de prise de chargeur USB universel multi-r\u00e9gions"}]},{"@type":"WebSite","@id":"https:\/\/veho-lifestyle.ca\/fr\/#website","url":"https:\/\/veho-lifestyle.ca\/fr\/","name":"Boutique Veho Lifestyle Canada","description":"\u00c9lectronique grand public con\u00e7ue au Royaume-Uni","potentialAction":[{"@type":"SearchAction","target":{"@type":"EntryPoint","urlTemplate":"https:\/\/veho-lifestyle.ca\/fr\/?s={search_term_string}"},"query-input":{"@type":"PropertyValueSpecification","valueRequired":true,"valueName":"search_term_string"}}],"inLanguage":"fr-FR"}]}},"jetpack_sharing_enabled":true,"_links":{"self":[{"href":"https:\/\/veho-lifestyle.ca\/fr\/wp-json\/wp\/v2\/product\/4083","targetHints":{"allow":["GET"]}}],"collection":[{"href":"https:\/\/veho-lifestyle.ca\/fr\/wp-json\/wp\/v2\/product"}],"about":[{"href":"https:\/\/veho-lifestyle.ca\/fr\/wp-json\/wp\/v2\/types\/product"}],"replies":[{"embeddable":true,"href":"https:\/\/veho-lifestyle.ca\/fr\/wp-json\/wp\/v2\/comments?post=4083"}],"wp:featuredmedia":[{"embeddable":true,"href":"https:\/\/veho-lifestyle.ca\/fr\/wp-json\/wp\/v2\/media\/3931"}],"wp:attachment":[{"href":"https:\/\/veho-lifestyle.ca\/fr\/wp-json\/wp\/v2\/media?parent=4083"}],"wp:term":[{"taxonomy":"product_brand","embeddable":true,"href":"https:\/\/veho-lifestyle.ca\/fr\/wp-json\/wp\/v2\/product_brand?post=4083"},{"taxonomy":"product_cat","embeddable":true,"href":"https:\/\/veho-lifestyle.ca\/fr\/wp-json\/wp\/v2\/product_cat?post=4083"},{"taxonomy":"product_tag","embeddable":true,"href":"https:\/\/veho-lifestyle.ca\/fr\/wp-json\/wp\/v2\/product_tag?post=4083"}],"curies":[{"name":"wp","href":"https:\/\/api.w.org\/{rel}","templated":true}]}}