{"id":4076,"date":"2022-03-29T09:56:35","date_gmt":"2022-03-29T13:56:35","guid":{"rendered":"https:\/\/veho-lifestyle.ca\/a-propos-de-veho\/"},"modified":"2025-01-15T11:13:05","modified_gmt":"2025-01-15T16:13:05","slug":"a-propos-de-veho","status":"publish","type":"page","link":"https:\/\/veho-lifestyle.ca\/fr\/a-propos-de-veho\/","title":{"rendered":"\u00c0 propos de Veho"},"content":{"rendered":"<div class=\"wp-content wp-content--page\"><h2>\u00c0 propos de Veho<\/h2>\n<p>Fond\u00e9e en 2005, Veho est un fabricant britannique d\u2019\u00e9lectronique grand public de style de vie, vendant dans le monde entier dans plus de 100 pays. La conception et le d\u00e9veloppement de produits sont effectu\u00e9s \u00e0 notre si\u00e8ge social \u00e0 Southampton, en Angleterre, avec plus de 100 marques et brevets enregistr\u00e9s. Veho a des bureaux de vente au Royaume-Uni, aux \u00c9tats-Unis, au Danemark et \u00e0 Hong Kong et 5 entrep\u00f4ts dans le monde entier. Nous avons re\u00e7u de nombreux prix de produits et d\u2019entreprises pour l\u2019innovation.<\/p>\n<p>La gamme de produits est divis\u00e9e en sept cat\u00e9gories principales, y compris les cam\u00e9ras mains libres Muvi\u2122, les banques d\u2019alimentation Pebble\u2122, les \u00e9couteurs de la s\u00e9rie Z, les haut-parleurs de la s\u00e9rie M, les accessoires mobiles SAEM\u2122 et le nouveau syst\u00e8me de s\u00e9curit\u00e9 \/ s\u00fbret\u00e9 de la maison intelligente Cave\u2122. D\u00e9but 2019, nous d\u00e9veloppons un syst\u00e8me PC performant appel\u00e9 HUT8\u2122.<\/p>\n<p>En 2014-16, Veho \u00e9tait le principal sponsor de chemise pour Southampton FC qui joue dans la Premier League anglaise et a des partenariats de fabrication \/ technologie avec Apple (MFI) et Google pour n\u2019en nommer que quelques-uns.<\/p>\n<p>Avec des milliers de points de vente au d\u00e9tail \u00e0 travers le monde stockant nos produits et plus d\u2019un demi-million d\u2019abonn\u00e9s Facebook dans le monde entier, Veho est l\u2019une des marques de CE \u00e0 la croissance la plus rapide au monde.<\/p>\n<\/div>","protected":false},"excerpt":{"rendered":"<p>\u00c0 propos de Veho Fond\u00e9e en 2005, Veho est un fabricant britannique d\u2019\u00e9lectronique grand public de style de vie, vendant dans le monde entier dans plus de 100 pays. La conception et le d\u00e9veloppement de produits sont effectu\u00e9s \u00e0 notre si\u00e8ge social \u00e0 Southampton, en Angleterre, avec plus de 100 marques et brevets enregistr\u00e9s. Veho [&hellip;]<\/p>\n","protected":false},"author":1,"featured_media":0,"parent":0,"menu_order":0,"comment_status":"closed","ping_status":"closed","template":"","meta":{"inline_featured_image":false,"footnotes":""},"class_list":["post-4076","page","type-page","status-publish","hentry"],"acf":[],"yoast_head":"<!-- This site is optimized with the Yoast SEO plugin v27.5 - https:\/\/yoast.com\/product\/yoast-seo-wordpress\/ -->\n<title>\u00c0 propos de Veho - Boutique Veho Lifestyle Canada<\/title>\n<meta name=\"robots\" content=\"index, follow, max-snippet:-1, max-image-preview:large, max-video-preview:-1\" \/>\n<link rel=\"canonical\" href=\"https:\/\/veho-lifestyle.ca\/fr\/a-propos-de-veho\/\" \/>\n<meta property=\"og:locale\" content=\"fr_FR\" \/>\n<meta property=\"og:type\" content=\"article\" \/>\n<meta property=\"og:title\" content=\"\u00c0 propos de Veho - Boutique Veho Lifestyle Canada\" \/>\n<meta property=\"og:description\" content=\"\u00c0 propos de Veho Fond\u00e9e en 2005, Veho est un fabricant britannique d\u2019\u00e9lectronique grand public de style de vie, vendant dans le monde entier dans plus de 100 pays. La conception et le d\u00e9veloppement de produits sont effectu\u00e9s \u00e0 notre si\u00e8ge social \u00e0 Southampton, en Angleterre, avec plus de 100 marques et brevets enregistr\u00e9s. Veho [&hellip;]\" \/>\n<meta property=\"og:url\" content=\"https:\/\/veho-lifestyle.ca\/fr\/a-propos-de-veho\/\" \/>\n<meta property=\"og:site_name\" content=\"Boutique Veho Lifestyle Canada\" \/>\n<meta property=\"article:modified_time\" content=\"2025-01-15T16:13:05+00:00\" \/>\n<meta name=\"twitter:card\" content=\"summary_large_image\" \/>\n<meta name=\"twitter:label1\" content=\"Dur\u00e9e de lecture estim\u00e9e\" \/>\n\t<meta name=\"twitter:data1\" content=\"1 minute\" \/>\n<script type=\"application\/ld+json\" class=\"yoast-schema-graph\">{\"@context\":\"https:\\\/\\\/schema.org\",\"@graph\":[{\"@type\":\"WebPage\",\"@id\":\"https:\\\/\\\/veho-lifestyle.ca\\\/fr\\\/a-propos-de-veho\\\/\",\"url\":\"https:\\\/\\\/veho-lifestyle.ca\\\/fr\\\/a-propos-de-veho\\\/\",\"name\":\"\u00c0 propos de Veho - Boutique Veho Lifestyle Canada\",\"isPartOf\":{\"@id\":\"https:\\\/\\\/veho-lifestyle.ca\\\/fr\\\/#website\"},\"datePublished\":\"2022-03-29T13:56:35+00:00\",\"dateModified\":\"2025-01-15T16:13:05+00:00\",\"breadcrumb\":{\"@id\":\"https:\\\/\\\/veho-lifestyle.ca\\\/fr\\\/a-propos-de-veho\\\/#breadcrumb\"},\"inLanguage\":\"fr-FR\",\"potentialAction\":[{\"@type\":\"ReadAction\",\"target\":[\"https:\\\/\\\/veho-lifestyle.ca\\\/fr\\\/a-propos-de-veho\\\/\"]}]},{\"@type\":\"BreadcrumbList\",\"@id\":\"https:\\\/\\\/veho-lifestyle.ca\\\/fr\\\/a-propos-de-veho\\\/#breadcrumb\",\"itemListElement\":[{\"@type\":\"ListItem\",\"position\":1,\"name\":\"Home\",\"item\":\"https:\\\/\\\/veho-lifestyle.ca\\\/fr\\\/\"},{\"@type\":\"ListItem\",\"position\":2,\"name\":\"\u00c0 propos de Veho\"}]},{\"@type\":\"WebSite\",\"@id\":\"https:\\\/\\\/veho-lifestyle.ca\\\/fr\\\/#website\",\"url\":\"https:\\\/\\\/veho-lifestyle.ca\\\/fr\\\/\",\"name\":\"Boutique Veho Lifestyle Canada\",\"description\":\"\u00c9lectronique grand public con\u00e7ue au Royaume-Uni\",\"potentialAction\":[{\"@type\":\"SearchAction\",\"target\":{\"@type\":\"EntryPoint\",\"urlTemplate\":\"https:\\\/\\\/veho-lifestyle.ca\\\/fr\\\/?s={search_term_string}\"},\"query-input\":{\"@type\":\"PropertyValueSpecification\",\"valueRequired\":true,\"valueName\":\"search_term_string\"}}],\"inLanguage\":\"fr-FR\"}]}<\/script>\n<!-- \/ Yoast SEO plugin. -->","yoast_head_json":{"title":"\u00c0 propos de Veho - Boutique Veho Lifestyle Canada","robots":{"index":"index","follow":"follow","max-snippet":"max-snippet:-1","max-image-preview":"max-image-preview:large","max-video-preview":"max-video-preview:-1"},"canonical":"https:\/\/veho-lifestyle.ca\/fr\/a-propos-de-veho\/","og_locale":"fr_FR","og_type":"article","og_title":"\u00c0 propos de Veho - Boutique Veho Lifestyle Canada","og_description":"\u00c0 propos de Veho Fond\u00e9e en 2005, Veho est un fabricant britannique d\u2019\u00e9lectronique grand public de style de vie, vendant dans le monde entier dans plus de 100 pays. La conception et le d\u00e9veloppement de produits sont effectu\u00e9s \u00e0 notre si\u00e8ge social \u00e0 Southampton, en Angleterre, avec plus de 100 marques et brevets enregistr\u00e9s. Veho [&hellip;]","og_url":"https:\/\/veho-lifestyle.ca\/fr\/a-propos-de-veho\/","og_site_name":"Boutique Veho Lifestyle Canada","article_modified_time":"2025-01-15T16:13:05+00:00","twitter_card":"summary_large_image","twitter_misc":{"Dur\u00e9e de lecture estim\u00e9e":"1 minute"},"schema":{"@context":"https:\/\/schema.org","@graph":[{"@type":"WebPage","@id":"https:\/\/veho-lifestyle.ca\/fr\/a-propos-de-veho\/","url":"https:\/\/veho-lifestyle.ca\/fr\/a-propos-de-veho\/","name":"\u00c0 propos de Veho - Boutique Veho Lifestyle Canada","isPartOf":{"@id":"https:\/\/veho-lifestyle.ca\/fr\/#website"},"datePublished":"2022-03-29T13:56:35+00:00","dateModified":"2025-01-15T16:13:05+00:00","breadcrumb":{"@id":"https:\/\/veho-lifestyle.ca\/fr\/a-propos-de-veho\/#breadcrumb"},"inLanguage":"fr-FR","potentialAction":[{"@type":"ReadAction","target":["https:\/\/veho-lifestyle.ca\/fr\/a-propos-de-veho\/"]}]},{"@type":"BreadcrumbList","@id":"https:\/\/veho-lifestyle.ca\/fr\/a-propos-de-veho\/#breadcrumb","itemListElement":[{"@type":"ListItem","position":1,"name":"Home","item":"https:\/\/veho-lifestyle.ca\/fr\/"},{"@type":"ListItem","position":2,"name":"\u00c0 propos de Veho"}]},{"@type":"WebSite","@id":"https:\/\/veho-lifestyle.ca\/fr\/#website","url":"https:\/\/veho-lifestyle.ca\/fr\/","name":"Boutique Veho Lifestyle Canada","description":"\u00c9lectronique grand public con\u00e7ue au Royaume-Uni","potentialAction":[{"@type":"SearchAction","target":{"@type":"EntryPoint","urlTemplate":"https:\/\/veho-lifestyle.ca\/fr\/?s={search_term_string}"},"query-input":{"@type":"PropertyValueSpecification","valueRequired":true,"valueName":"search_term_string"}}],"inLanguage":"fr-FR"}]}},"jetpack_sharing_enabled":true,"_links":{"self":[{"href":"https:\/\/veho-lifestyle.ca\/fr\/wp-json\/wp\/v2\/pages\/4076","targetHints":{"allow":["GET"]}}],"collection":[{"href":"https:\/\/veho-lifestyle.ca\/fr\/wp-json\/wp\/v2\/pages"}],"about":[{"href":"https:\/\/veho-lifestyle.ca\/fr\/wp-json\/wp\/v2\/types\/page"}],"author":[{"embeddable":true,"href":"https:\/\/veho-lifestyle.ca\/fr\/wp-json\/wp\/v2\/users\/1"}],"replies":[{"embeddable":true,"href":"https:\/\/veho-lifestyle.ca\/fr\/wp-json\/wp\/v2\/comments?post=4076"}],"version-history":[{"count":1,"href":"https:\/\/veho-lifestyle.ca\/fr\/wp-json\/wp\/v2\/pages\/4076\/revisions"}],"predecessor-version":[{"id":4078,"href":"https:\/\/veho-lifestyle.ca\/fr\/wp-json\/wp\/v2\/pages\/4076\/revisions\/4078"}],"wp:attachment":[{"href":"https:\/\/veho-lifestyle.ca\/fr\/wp-json\/wp\/v2\/media?parent=4076"}],"curies":[{"name":"wp","href":"https:\/\/api.w.org\/{rel}","templated":true}]}}